{"id":20291,"date":"2025-09-30T15:40:24","date_gmt":"2025-09-30T15:40:24","guid":{"rendered":"https:\/\/trotrx.com\/?post_type=product&#038;p=20291"},"modified":"2026-03-16T15:10:40","modified_gmt":"2026-03-16T15:10:40","slug":"trotrx-e-scoot-fs-24-2x750w-copie-copie","status":"publish","type":"product","link":"https:\/\/trotrx.com\/pt-pt\/product\/trotrx-e-scoot-fs-24-2x750w-copie-copie\/","title":{"rendered":"TROTRX E-SCOOT 24&#8243; 2&#215;2 500 EVO"},"content":{"rendered":"<p><strong><u>DADOS T\u00c9CNICOS<\/u><\/strong><\/p>\n<ul>\n<li><strong>Estrutura <\/strong>em alum\u00ednio refor\u00e7ado, soldada manualmente por TIG, acabamento anodizado azul.<\/li>\n<\/ul>\n<p style=\"padding-left: 40px;\">Utilizamos um processo espec\u00edfico de anodiza\u00e7\u00e3o sem pintura para garantir uma resist\u00eancia \u00f3ptima aos choques e \u00e0 luz solar e uma maior durabilidade ao longo do tempo.<\/p>\n<ul>\n<li><strong>Bateria <\/strong>incorporada amov\u00edvel de 48V 25Ah &#8211; 1200Wh com c\u00e9lulas Samsung 21700-50-S, equipada com fus\u00edveis de seguran\u00e7a<b>.<\/b><\/li>\n<\/ul>\n<p style=\"padding-left: 40px;\">* Possibilidade de utilizar uma bateria de mochila adicional (48V 23.4Ah) para aumentar a autonomia.<\/p>\n<ul>\n<li><strong>Rodas de 24\u2033 &#8211; <\/strong>Pneus FAT 24\u00d74.00<\/li>\n<\/ul>\n<p style=\"padding-left: 40px;\">As rodas Fat de 24&#8243; oferecem-te o m\u00e1ximo conforto e estabilidade. A vers\u00e3o mais eficaz para sec\u00e7\u00f5es muito t\u00e9cnicas e rochosas. <\/p>\n<ul>\n<li><strong>Motor: <\/strong>48V 2x500W Reduzido* (2 x 500W)<\/li>\n<\/ul>\n<p style=\"padding-left: 40px;\"><em>*Reduzido: Existem 2 tipos de motores no mercado:  <\/em><\/p>\n<p style=\"padding-left: 40px;\"><strong><em>Motor reduzido :  <\/em><\/strong><em>Equipado com uma caixa de redu\u00e7\u00e3o, quando a roda d\u00e1 uma volta, o motor d\u00e1 uma volta e meia, aumentando consideravelmente o bin\u00e1rio. Ideal para arranques em subidas e\/ou   <\/em><em>em utiliza\u00e7\u00e3o fora de estrada, poupando a bateria. Este motor \u00e9 <strong>cerca de 3 kg<\/strong> mais leve do que um motor de transmiss\u00e3o direta com a mesma pot\u00eancia (ver abaixo). <\/em><\/p>\n<p style=\"padding-left: 40px;\"><strong><em>Motor<\/em><\/strong><strong><em> transmiss\u00e3o direta:<\/em><\/strong><em> Ao contr\u00e1rio do motor reduzido, para aumentar a falta de efici\u00eancia quando a m\u00e1quina \u00e9 lan\u00e7ada, \u00e9 necess\u00e1rio um controlador mais potente, o que resulta num maior consumo de bateria para compensar a falta de capacidade de resposta.<\/em><\/p>\n<p><a class=\"en-savoir-plus-btn\" href=\"#reducted\">Descobre mais sobre motores de tamanho reduzido<\/a><\/p>\n<p>Tal como acontece com as bicicletas, as trotinetes requerem alturas de guiador diferentes, dependendo da altura do utilizador. Existem 3 alturas de guiador \u00e0 escolha: <\/p>\n<ul>\n<li>80 mm<\/li>\n<li>130 mm<\/li>\n<li>180 mm<\/li>\n<\/ul>\n<p>&nbsp;<\/p>\n<ul>\n<li><strong>Trav\u00f5es<\/strong><\/li>\n<\/ul>\n<p style=\"padding-left: 40px;\">Trav\u00f5es de disco hidr\u00e1ulicos Bengal de 180 mm \u00e0 frente e atr\u00e1s para uma travagem \u00f3ptima em todas as condi\u00e7\u00f5es.<\/p>\n<ul>\n<li><strong>Sapato de passeio multiusos<\/strong><\/li>\n<\/ul>\n<p style=\"padding-left: 40px;\">Mais ergon\u00f3mico e mais largo na traseira, para que possas ajustar a tua posi\u00e7\u00e3o entre sec\u00e7\u00f5es planas e sec\u00e7\u00f5es t\u00e9cnicas.<\/p>\n<ul>\n<li><strong>Especifica\u00e7\u00e3o da roda traseira :<\/strong><\/li>\n<\/ul>\n<p style=\"padding-left: 40px;\">Desenvolvido por n\u00f3s ao longo de v\u00e1rios anos, o dropout traseiro amov\u00edvel permite que a roda seja montada e centrada automaticamente, e pode ser removida r\u00e1pida e facilmente usando uma \u00fanica chave Allen de 6 mm.<\/p>\n<ul>\n<li><strong>Tens \u00e0 disposi\u00e7\u00e3o v\u00e1rios acess\u00f3rios adicionais<\/strong>\n<ul>\n<li>Guarda-lamas dianteiro e traseiro<\/li>\n<li>Porta-bagagens<\/li>\n<li>Sacos laterais<\/li>\n<li>Sacos para guiador<\/li>\n<\/ul>\n<\/li>\n<li><strong><em>Todos os componentes s\u00e3o selecionados pela sua qualidade e durabilidade. Foram concebidos para resistir a v\u00e1rios anos de utiliza\u00e7\u00e3o intensiva. <\/em><\/strong><em>  (excluindo pe\u00e7as de desgaste, pneus, cal\u00e7os de trav\u00f5es, etc.)<\/em><\/li>\n<\/ul>\n<p>&nbsp;<\/p>\n<hr>\n<p>&nbsp;<\/p>\n<p><strong><u>NO TERRENO<\/u><\/strong><\/p>\n<p>Esta vers\u00e3o com tra\u00e7\u00e3o \u00e0s duas rodas \u00e9 muito fi\u00e1vel, r\u00e1pida e f\u00e1cil de manusear, e muito vers\u00e1til, oferecendo at\u00e9 aos condutores mais pesados uma m\u00e1quina robusta e fi\u00e1vel em todos os aspectos. A adi\u00e7\u00e3o de um motor facilita a transposi\u00e7\u00e3o de terrenos dif\u00edceis e declives acentuados. <\/p>\n<p>Podes utiliz\u00e1-lo para as tuas actividades de lazer, passeios para descobrir coisas novas e excurs\u00f5es desportivas, mas tamb\u00e9m como ve\u00edculo utilit\u00e1rio ou m\u00e1quina de trabalho, instalando o nosso porta-bagagens refor\u00e7ado. Assim, poder\u00e1s colocar uma caixa de carga, uma caixa de transporte ou mesmo um alforge. <\/p>\n<p>A bateria integrada no quadro d\u00e1-te mais liberdade. O quadro ligeiramente mais comprido d\u00e1-te mais seguran\u00e7a nas descidas e nos tro\u00e7os r\u00e1pidos. <\/p>\n<p>&nbsp;<\/p>\n<hr>\n<p>&nbsp;<\/p>\n<p><strong><u>ESPECIFICA\u00c7\u00d5ES<\/u><\/strong><\/p>\n<p><strong>Estrutura<\/strong>: Alum\u00ednio refor\u00e7ado soldado por TIG, acabamento anodizado azul<\/p>\n<p><strong>Forquilha<\/strong>: Forquilha hidr\u00e1ulica TROTRX de 140 mm com amortecimento ajust\u00e1vel de recupera\u00e7\u00e3o e compress\u00e3o<\/p>\n<p><strong>Amortecedor<\/strong>: DNM 200\u00d760<\/p>\n<p><strong>Trav\u00f5es<\/strong>: BENGAL hidr\u00e1ulico, disco de 180 mm<\/p>\n<p><strong>Guiador<\/strong>: Alum\u00ednio h.130mm X780 mm como padr\u00e3o ou 80mm ou 180 mm para condutores com 1,85 m ou mais<\/p>\n<p><strong>Haste<\/strong>: Alum\u00ednio 60mm<\/p>\n<p><strong>Caixa de dire\u00e7\u00e3o<\/strong>: Rolamento de esferas c\u00f3nico FSA<\/p>\n<p><strong>Jantes<\/strong>: TROTRX\u2122 de parede dupla refor\u00e7ada 36T<\/p>\n<p><strong>Pneus<\/strong>: INNOVA FAT 24\u00d74.00<\/p>\n<p><strong>Motoriza\u00e7\u00e3o<\/strong>: 2x500w Reduzida*.<\/p>\n<p><strong>Bateria integrada<\/strong>: i\u00f5es de l\u00edtio 48v 25Ah &#8211; 1200Wh &#8211; c\u00e9lulas Samsung 21700-50-S, equipada com 3 fus\u00edveis de seguran\u00e7a<\/p>\n<p><strong>Controlador<\/strong>: 2x25Ah \u00e0 prova de \u00e1gua<\/p>\n<p><strong>Carregador<\/strong>: 5Ah<\/p>\n<p><strong>Velocidade<\/strong>: limitada a 25 km\/h<\/p>\n<p><strong>Peso <\/strong>: 34,8 kg<\/p>\n<p><strong>Comprimento <\/strong>: 1m98<\/p>\n<p><strong>\u00cdndice de reparabilidade<\/strong>: 10 anos<\/p>\n<p><strong>Garantia legal<\/strong>: 2 anos<\/p>\n<p><strong>Garantia comercial <\/strong>: 5 anos para a estrutura<\/p>\n<p>&nbsp;<\/p>\n<hr>\n<p>&nbsp;<\/p>\n<p><strong><em>Os nossos modelos s\u00e3o inteiramente concebidos, desenvolvidos e montados nas nossas instala\u00e7\u00f5es em Venasque 84210 &#8211; Vaucluse, no sul de Fran\u00e7a.<\/em><\/strong><\/p>\n<p>A utiliza\u00e7\u00e3o de trotinetas \u00e9 regulamentada e difere em cada pa\u00eds e\/ou regi\u00e3o.<\/p>\n<p><a href=\"https:\/\/trotrx.com\/wp-content\/uploads\/2025\/01\/edpm-2024.pdf\">Clica aqui para saberes mais.<\/a><\/p>\n<p>N\u00e3o hesites em contactar-nos para mais informa\u00e7\u00f5es.<\/p>\n<p>&nbsp;<\/p>\n","protected":false},"excerpt":{"rendered":"<p>A CT Concept apresenta a \u00faltima vers\u00e3o da sua scooter el\u00e9ctrica todo-o-terreno: a E-SCOOT 500 2&#215;2 EVO.<\/p>\n<ul>\n<li>Duas rodas motrizes, 500w cada<\/li>\n<li>Nova forquilha hidr\u00e1ulica ajust\u00e1vel de 140 mm TROTRX<\/li>\n<li>Nova capa \u00e0 prova de \u00e1gua para os comandos<\/li>\n<\/ul>\n<p>A E-SCOOT 500 2&#215;2 EVO \u00e9 a vers\u00e3o mais potente da gama.<br \/>\nVai fazer as del\u00edcias de quem gosta de emo\u00e7\u00f5es fortes!<\/p>\n","protected":false},"featured_media":20599,"template":"","meta":[],"product_brand":[],"product_cat":[116],"product_tag":[220],"class_list":{"0":"post-20291","1":"product","2":"type-product","3":"status-publish","4":"has-post-thumbnail","6":"product_cat-scooters-pt-pt","7":"product_tag-dezembro-negro","8":"product_shipping_class-scooters","10":"first","11":"instock","12":"taxable","13":"shipping-taxable","14":"purchasable","15":"product-type-simple"},"yoast_head":"<!-- This site is optimized with the Yoast SEO plugin v27.4 - https:\/\/yoast.com\/product\/yoast-seo-wordpress\/ -->\n<title>TROTRX E-SCOOT 24&quot; 2x2 500 EVO - TROTRX - Trottinettes &eacute;lectriques tout-terrain \u26a1\ufe0f\ud83d\udef4<\/title>\n<meta name=\"description\" content=\"A CT Concept apresenta a vers\u00e3o de maior desempenho da sua scooter el\u00e9ctrica todo-o-terreno: a E-SCOOT 24 2x2 500 EVO com dois motores de 500W, uma nova forquilha hidr\u00e1ulica ajust\u00e1vel TROTRX com 140 mm de curso e uma nova caixa de controlo \u00e0 prova de \u00e1gua.\" \/>\n<meta name=\"robots\" content=\"index, follow, max-snippet:-1, max-image-preview:large, max-video-preview:-1\" \/>\n<link rel=\"canonical\" href=\"https:\/\/trotrx.com\/pt-pt\/product\/trotrx-e-scoot-fs-24-2x750w-copie-copie\/\" \/>\n<meta property=\"og:locale\" content=\"pt_PT\" \/>\n<meta property=\"og:type\" content=\"article\" \/>\n<meta property=\"og:title\" content=\"TROTRX E-SCOOT 24&quot; 2x2 500 EVO - TROTRX - Trottinettes &eacute;lectriques tout-terrain \u26a1\ufe0f\ud83d\udef4\" \/>\n<meta property=\"og:description\" content=\"A CT Concept apresenta a vers\u00e3o de maior desempenho da sua scooter el\u00e9ctrica todo-o-terreno: a E-SCOOT 24 2x2 500 EVO com dois motores de 500W, uma nova forquilha hidr\u00e1ulica ajust\u00e1vel TROTRX com 140 mm de curso e uma nova caixa de controlo \u00e0 prova de \u00e1gua.\" \/>\n<meta property=\"og:url\" content=\"https:\/\/trotrx.com\/pt-pt\/product\/trotrx-e-scoot-fs-24-2x750w-copie-copie\/\" \/>\n<meta property=\"og:site_name\" content=\"TROTRX - Trottinettes &eacute;lectriques tout-terrain \u26a1\ufe0f\ud83d\udef4\" \/>\n<meta property=\"article:modified_time\" content=\"2026-03-16T15:10:40+00:00\" \/>\n<meta property=\"og:image\" content=\"https:\/\/trotrx.com\/wp-content\/uploads\/2025\/10\/ESCOOT_500_2X2_EVO_1_1080.png\" \/>\n\t<meta property=\"og:image:width\" content=\"1080\" \/>\n\t<meta property=\"og:image:height\" content=\"1080\" \/>\n\t<meta property=\"og:image:type\" content=\"image\/png\" \/>\n<meta name=\"twitter:card\" content=\"summary_large_image\" \/>\n<meta name=\"twitter:label1\" content=\"Tempo estimado de leitura\" \/>\n\t<meta name=\"twitter:data1\" content=\"4 minutos\" \/>\n<script type=\"application\/ld+json\" class=\"yoast-schema-graph\">{\"@context\":\"https:\\\/\\\/schema.org\",\"@graph\":[{\"@type\":\"WebPage\",\"@id\":\"https:\\\/\\\/trotrx.com\\\/pt-pt\\\/product\\\/trotrx-e-scoot-fs-24-2x750w-copie-copie\\\/\",\"url\":\"https:\\\/\\\/trotrx.com\\\/pt-pt\\\/product\\\/trotrx-e-scoot-fs-24-2x750w-copie-copie\\\/\",\"name\":\"TROTRX E-SCOOT 24\\\" 2x2 500 EVO - TROTRX - Trottinettes &eacute;lectriques tout-terrain \u26a1\ufe0f\ud83d\udef4\",\"isPartOf\":{\"@id\":\"https:\\\/\\\/trotrx.com\\\/pt-pt\\\/#website\"},\"primaryImageOfPage\":{\"@id\":\"https:\\\/\\\/trotrx.com\\\/pt-pt\\\/product\\\/trotrx-e-scoot-fs-24-2x750w-copie-copie\\\/#primaryimage\"},\"image\":{\"@id\":\"https:\\\/\\\/trotrx.com\\\/pt-pt\\\/product\\\/trotrx-e-scoot-fs-24-2x750w-copie-copie\\\/#primaryimage\"},\"thumbnailUrl\":\"https:\\\/\\\/trotrx.com\\\/wp-content\\\/uploads\\\/2025\\\/10\\\/ESCOOT_500_2X2_EVO_1_1080.png\",\"datePublished\":\"2025-09-30T15:40:24+00:00\",\"dateModified\":\"2026-03-16T15:10:40+00:00\",\"description\":\"A CT Concept apresenta a vers\u00e3o de maior desempenho da sua scooter el\u00e9ctrica todo-o-terreno: a E-SCOOT 24 2x2 500 EVO com dois motores de 500W, uma nova forquilha hidr\u00e1ulica ajust\u00e1vel TROTRX com 140 mm de curso e uma nova caixa de controlo \u00e0 prova de \u00e1gua.\",\"breadcrumb\":{\"@id\":\"https:\\\/\\\/trotrx.com\\\/pt-pt\\\/product\\\/trotrx-e-scoot-fs-24-2x750w-copie-copie\\\/#breadcrumb\"},\"inLanguage\":\"pt-PT\",\"potentialAction\":[{\"@type\":\"ReadAction\",\"target\":[\"https:\\\/\\\/trotrx.com\\\/pt-pt\\\/product\\\/trotrx-e-scoot-fs-24-2x750w-copie-copie\\\/\"]}]},{\"@type\":\"ImageObject\",\"inLanguage\":\"pt-PT\",\"@id\":\"https:\\\/\\\/trotrx.com\\\/pt-pt\\\/product\\\/trotrx-e-scoot-fs-24-2x750w-copie-copie\\\/#primaryimage\",\"url\":\"https:\\\/\\\/trotrx.com\\\/wp-content\\\/uploads\\\/2025\\\/10\\\/ESCOOT_500_2X2_EVO_1_1080.png\",\"contentUrl\":\"https:\\\/\\\/trotrx.com\\\/wp-content\\\/uploads\\\/2025\\\/10\\\/ESCOOT_500_2X2_EVO_1_1080.png\",\"width\":1080,\"height\":1080,\"caption\":\"ESCOOT_500_2X2_EVO_1_1080\"},{\"@type\":\"BreadcrumbList\",\"@id\":\"https:\\\/\\\/trotrx.com\\\/pt-pt\\\/product\\\/trotrx-e-scoot-fs-24-2x750w-copie-copie\\\/#breadcrumb\",\"itemListElement\":[{\"@type\":\"ListItem\",\"position\":1,\"name\":\"Casa\",\"item\":\"https:\\\/\\\/trotrx.com\\\/pt-pt\\\/casa\\\/\"},{\"@type\":\"ListItem\",\"position\":2,\"name\":\"Shop\",\"item\":\"https:\\\/\\\/trotrx.com\\\/boutique\\\/\"},{\"@type\":\"ListItem\",\"position\":3,\"name\":\"TROTRX E-SCOOT 24&#8243; 2&#215;2 500 EVO\"}]},{\"@type\":\"WebSite\",\"@id\":\"https:\\\/\\\/trotrx.com\\\/pt-pt\\\/#website\",\"url\":\"https:\\\/\\\/trotrx.com\\\/pt-pt\\\/\",\"name\":\"TROTRX - Trottinettes \u00e9lectriques tout-terrain ! \u26a1\ufe0f\ud83d\udef4\",\"description\":\"TROTRX - La trottinette &eacute;lectrique tout-terrain depuis 2008\",\"publisher\":{\"@id\":\"https:\\\/\\\/trotrx.com\\\/pt-pt\\\/#organization\"},\"alternateName\":\"TROTRX \u26a1\ufe0f\ud83d\udef4\",\"potentialAction\":[{\"@type\":\"SearchAction\",\"target\":{\"@type\":\"EntryPoint\",\"urlTemplate\":\"https:\\\/\\\/trotrx.com\\\/pt-pt\\\/?s={search_term_string}\"},\"query-input\":{\"@type\":\"PropertyValueSpecification\",\"valueRequired\":true,\"valueName\":\"search_term_string\"}}],\"inLanguage\":\"pt-PT\"},{\"@type\":\"Organization\",\"@id\":\"https:\\\/\\\/trotrx.com\\\/pt-pt\\\/#organization\",\"name\":\"TROTRX - Trottinettes \u00e9lectriques tout-terrain ! \u26a1\ufe0f\ud83d\udef4\",\"url\":\"https:\\\/\\\/trotrx.com\\\/pt-pt\\\/\",\"logo\":{\"@type\":\"ImageObject\",\"inLanguage\":\"pt-PT\",\"@id\":\"https:\\\/\\\/trotrx.com\\\/pt-pt\\\/#\\\/schema\\\/logo\\\/image\\\/\",\"url\":\"https:\\\/\\\/trotrx.com\\\/wp-content\\\/uploads\\\/2024\\\/10\\\/Design-sans-titre-2025-02-24T111129.185-e1740391936319.png\",\"contentUrl\":\"https:\\\/\\\/trotrx.com\\\/wp-content\\\/uploads\\\/2024\\\/10\\\/Design-sans-titre-2025-02-24T111129.185-e1740391936319.png\",\"width\":1920,\"height\":370,\"caption\":\"TROTRX - Trottinettes \u00e9lectriques tout-terrain ! \u26a1\ufe0f\ud83d\udef4\"},\"image\":{\"@id\":\"https:\\\/\\\/trotrx.com\\\/pt-pt\\\/#\\\/schema\\\/logo\\\/image\\\/\"}}]}<\/script>\n<!-- \/ Yoast SEO plugin. -->","yoast_head_json":{"title":"TROTRX E-SCOOT 24\" 2x2 500 EVO - TROTRX - Trottinettes &eacute;lectriques tout-terrain \u26a1\ufe0f\ud83d\udef4","description":"A CT Concept apresenta a vers\u00e3o de maior desempenho da sua scooter el\u00e9ctrica todo-o-terreno: a E-SCOOT 24 2x2 500 EVO com dois motores de 500W, uma nova forquilha hidr\u00e1ulica ajust\u00e1vel TROTRX com 140 mm de curso e uma nova caixa de controlo \u00e0 prova de \u00e1gua.","robots":{"index":"index","follow":"follow","max-snippet":"max-snippet:-1","max-image-preview":"max-image-preview:large","max-video-preview":"max-video-preview:-1"},"canonical":"https:\/\/trotrx.com\/pt-pt\/product\/trotrx-e-scoot-fs-24-2x750w-copie-copie\/","og_locale":"pt_PT","og_type":"article","og_title":"TROTRX E-SCOOT 24\" 2x2 500 EVO - TROTRX - Trottinettes &eacute;lectriques tout-terrain \u26a1\ufe0f\ud83d\udef4","og_description":"A CT Concept apresenta a vers\u00e3o de maior desempenho da sua scooter el\u00e9ctrica todo-o-terreno: a E-SCOOT 24 2x2 500 EVO com dois motores de 500W, uma nova forquilha hidr\u00e1ulica ajust\u00e1vel TROTRX com 140 mm de curso e uma nova caixa de controlo \u00e0 prova de \u00e1gua.","og_url":"https:\/\/trotrx.com\/pt-pt\/product\/trotrx-e-scoot-fs-24-2x750w-copie-copie\/","og_site_name":"TROTRX - Trottinettes &eacute;lectriques tout-terrain \u26a1\ufe0f\ud83d\udef4","article_modified_time":"2026-03-16T15:10:40+00:00","og_image":[{"width":1080,"height":1080,"url":"https:\/\/trotrx.com\/wp-content\/uploads\/2025\/10\/ESCOOT_500_2X2_EVO_1_1080.png","type":"image\/png"}],"twitter_card":"summary_large_image","twitter_misc":{"Tempo estimado de leitura":"4 minutos"},"schema":{"@context":"https:\/\/schema.org","@graph":[{"@type":"WebPage","@id":"https:\/\/trotrx.com\/pt-pt\/product\/trotrx-e-scoot-fs-24-2x750w-copie-copie\/","url":"https:\/\/trotrx.com\/pt-pt\/product\/trotrx-e-scoot-fs-24-2x750w-copie-copie\/","name":"TROTRX E-SCOOT 24\" 2x2 500 EVO - TROTRX - Trottinettes &eacute;lectriques tout-terrain \u26a1\ufe0f\ud83d\udef4","isPartOf":{"@id":"https:\/\/trotrx.com\/pt-pt\/#website"},"primaryImageOfPage":{"@id":"https:\/\/trotrx.com\/pt-pt\/product\/trotrx-e-scoot-fs-24-2x750w-copie-copie\/#primaryimage"},"image":{"@id":"https:\/\/trotrx.com\/pt-pt\/product\/trotrx-e-scoot-fs-24-2x750w-copie-copie\/#primaryimage"},"thumbnailUrl":"https:\/\/trotrx.com\/wp-content\/uploads\/2025\/10\/ESCOOT_500_2X2_EVO_1_1080.png","datePublished":"2025-09-30T15:40:24+00:00","dateModified":"2026-03-16T15:10:40+00:00","description":"A CT Concept apresenta a vers\u00e3o de maior desempenho da sua scooter el\u00e9ctrica todo-o-terreno: a E-SCOOT 24 2x2 500 EVO com dois motores de 500W, uma nova forquilha hidr\u00e1ulica ajust\u00e1vel TROTRX com 140 mm de curso e uma nova caixa de controlo \u00e0 prova de \u00e1gua.","breadcrumb":{"@id":"https:\/\/trotrx.com\/pt-pt\/product\/trotrx-e-scoot-fs-24-2x750w-copie-copie\/#breadcrumb"},"inLanguage":"pt-PT","potentialAction":[{"@type":"ReadAction","target":["https:\/\/trotrx.com\/pt-pt\/product\/trotrx-e-scoot-fs-24-2x750w-copie-copie\/"]}]},{"@type":"ImageObject","inLanguage":"pt-PT","@id":"https:\/\/trotrx.com\/pt-pt\/product\/trotrx-e-scoot-fs-24-2x750w-copie-copie\/#primaryimage","url":"https:\/\/trotrx.com\/wp-content\/uploads\/2025\/10\/ESCOOT_500_2X2_EVO_1_1080.png","contentUrl":"https:\/\/trotrx.com\/wp-content\/uploads\/2025\/10\/ESCOOT_500_2X2_EVO_1_1080.png","width":1080,"height":1080,"caption":"ESCOOT_500_2X2_EVO_1_1080"},{"@type":"BreadcrumbList","@id":"https:\/\/trotrx.com\/pt-pt\/product\/trotrx-e-scoot-fs-24-2x750w-copie-copie\/#breadcrumb","itemListElement":[{"@type":"ListItem","position":1,"name":"Casa","item":"https:\/\/trotrx.com\/pt-pt\/casa\/"},{"@type":"ListItem","position":2,"name":"Shop","item":"https:\/\/trotrx.com\/boutique\/"},{"@type":"ListItem","position":3,"name":"TROTRX E-SCOOT 24&#8243; 2&#215;2 500 EVO"}]},{"@type":"WebSite","@id":"https:\/\/trotrx.com\/pt-pt\/#website","url":"https:\/\/trotrx.com\/pt-pt\/","name":"TROTRX - Trottinettes \u00e9lectriques tout-terrain ! \u26a1\ufe0f\ud83d\udef4","description":"TROTRX - La trottinette &eacute;lectrique tout-terrain depuis 2008","publisher":{"@id":"https:\/\/trotrx.com\/pt-pt\/#organization"},"alternateName":"TROTRX \u26a1\ufe0f\ud83d\udef4","potentialAction":[{"@type":"SearchAction","target":{"@type":"EntryPoint","urlTemplate":"https:\/\/trotrx.com\/pt-pt\/?s={search_term_string}"},"query-input":{"@type":"PropertyValueSpecification","valueRequired":true,"valueName":"search_term_string"}}],"inLanguage":"pt-PT"},{"@type":"Organization","@id":"https:\/\/trotrx.com\/pt-pt\/#organization","name":"TROTRX - Trottinettes \u00e9lectriques tout-terrain ! \u26a1\ufe0f\ud83d\udef4","url":"https:\/\/trotrx.com\/pt-pt\/","logo":{"@type":"ImageObject","inLanguage":"pt-PT","@id":"https:\/\/trotrx.com\/pt-pt\/#\/schema\/logo\/image\/","url":"https:\/\/trotrx.com\/wp-content\/uploads\/2024\/10\/Design-sans-titre-2025-02-24T111129.185-e1740391936319.png","contentUrl":"https:\/\/trotrx.com\/wp-content\/uploads\/2024\/10\/Design-sans-titre-2025-02-24T111129.185-e1740391936319.png","width":1920,"height":370,"caption":"TROTRX - Trottinettes \u00e9lectriques tout-terrain ! \u26a1\ufe0f\ud83d\udef4"},"image":{"@id":"https:\/\/trotrx.com\/pt-pt\/#\/schema\/logo\/image\/"}}]}},"_links":{"self":[{"href":"https:\/\/trotrx.com\/pt-pt\/wp-json\/wp\/v2\/product\/20291","targetHints":{"allow":["GET"]}}],"collection":[{"href":"https:\/\/trotrx.com\/pt-pt\/wp-json\/wp\/v2\/product"}],"about":[{"href":"https:\/\/trotrx.com\/pt-pt\/wp-json\/wp\/v2\/types\/product"}],"version-history":[{"count":4,"href":"https:\/\/trotrx.com\/pt-pt\/wp-json\/wp\/v2\/product\/20291\/revisions"}],"predecessor-version":[{"id":21241,"href":"https:\/\/trotrx.com\/pt-pt\/wp-json\/wp\/v2\/product\/20291\/revisions\/21241"}],"wp:featuredmedia":[{"embeddable":true,"href":"https:\/\/trotrx.com\/pt-pt\/wp-json\/wp\/v2\/media\/20599"}],"wp:attachment":[{"href":"https:\/\/trotrx.com\/pt-pt\/wp-json\/wp\/v2\/media?parent=20291"}],"wp:term":[{"taxonomy":"product_brand","embeddable":true,"href":"https:\/\/trotrx.com\/pt-pt\/wp-json\/wp\/v2\/product_brand?post=20291"},{"taxonomy":"product_cat","embeddable":true,"href":"https:\/\/trotrx.com\/pt-pt\/wp-json\/wp\/v2\/product_cat?post=20291"},{"taxonomy":"product_tag","embeddable":true,"href":"https:\/\/trotrx.com\/pt-pt\/wp-json\/wp\/v2\/product_tag?post=20291"}],"curies":[{"name":"wp","href":"https:\/\/api.w.org\/{rel}","templated":true}]}}