{"id":16990,"date":"2025-01-06T13:35:32","date_gmt":"2025-01-06T13:35:32","guid":{"rendered":"https:\/\/trotrx.com\/product\/trotrx-scoot-fs-24\/"},"modified":"2026-03-16T15:14:28","modified_gmt":"2026-03-16T15:14:28","slug":"trotrx-scoot-fs-24","status":"publish","type":"product","link":"https:\/\/trotrx.com\/pt-pt\/product\/trotrx-scoot-fs-24\/","title":{"rendered":"TROTRX SCOOT 24&#8243; DH"},"content":{"rendered":"<p>A CT CONCEPT apresenta-te a nova vers\u00e3o da Scoot 24&#8243; DH :<\/p>\n<p>Nova forqueta hidr\u00e1ulica invertida TROTRX com 140 mm de curso, QR15. Refor\u00e7o\/compress\u00e3o de ar ajust\u00e1vel. <\/p>\n<p>Guiador com 130 mm de altura.<\/p>\n<p>Trav\u00f5es de disco hidr\u00e1ulicos de 4 pist\u00f5es, discos de 200 mm.<\/p>\n<p>Jantes de alum\u00ednio refor\u00e7adas com parede dupla.<\/p>\n<p>A estrutura \u00e9 feita de alum\u00ednio anodizado (n\u00e3o pintado) montada em rolamentos de anel selados, com p\u00e9s e sapata amov\u00edveis.<\/p>\n<p>As suspens\u00f5es dianteira e traseira s\u00e3o ajust\u00e1veis em termos de ressalto e compress\u00e3o, para que possas ajustar a SCOOT 24&#8243; ao teu peso e tipo de utiliza\u00e7\u00e3o.<\/p>\n<hr>\n<p><strong>NO TERRENO<\/strong><\/p>\n<p>Com uma dist\u00e2ncia entre eixos ligeiramente maior do que a vers\u00e3o anterior, a Scoot 24&#8221; DH \u00e9 ainda mais est\u00e1vel e pode ser utilizada tanto por adolescentes como por adultos.<\/p>\n<p>Gra\u00e7as \u00e0 sua nova suspens\u00e3o dianteira, o conforto de condu\u00e7\u00e3o em terrenos irregulares nunca foi t\u00e3o bom.<\/p>\n<p>Os nossos componentes de alta qualidade n\u00e3o precisam de mudar de ano para ano, porque o nosso objetivo \u00e9 tornar cada produto t\u00e3o fi\u00e1vel quanto poss\u00edvel, para que possa resistir e durar muitos anos de utiliza\u00e7\u00e3o.<\/p>\n<hr>\n<p><strong>ESPECIFICA\u00c7\u00d5ES<\/strong><\/p>\n<p><strong>Sapata de prote\u00e7\u00e3o<\/strong> amov\u00edvel em alum\u00ednio com acabamento anodizado.<\/p>\n<p><strong>Rodas de alum\u00ednio refor\u00e7ado<\/strong> de parede dupla, 36T.<\/p>\n<p><strong>Trav\u00f5es de disco hidr\u00e1ulicos<\/strong> BENGAL de 200 mm com 4 pist\u00f5es \u00e0 frente e atr\u00e1s.<\/p>\n<p><strong>Pneus refor\u00e7ados<\/strong> 24 X 3.00.<\/p>\n<p><strong>avan\u00e7o de alum\u00ednio<\/strong> DH 50 mm.<\/p>\n<p><strong>Guiador em alum\u00ednio<\/strong> elevado com 780 mm de altura e 130 mm de altura.<\/p>\n<p><strong>Forquilhas<\/strong> upside-down hidr\u00e1ulicas TROTRX 140mm QR15 &#8211; ajuste pneum\u00e1tico de compensa\u00e7\u00e3o\/compress\u00e3o<\/p>\n<p><strong>Amortecedor<\/strong> DNM 210&#215;65<\/p>\n<p><strong>Peso<\/strong> 14,6 kg<\/p>\n<p><strong>Estrutura em alum\u00ednio refor\u00e7ado<\/strong>, acabamento anodizado.<\/p>\n<p><strong>Garantia legal<\/strong>: 2 anos<\/p>\n<p><strong>Garantia comercial <\/strong>: 5 anos para a estrutura<\/p>\n<p><em>Os nossos modelos s\u00e3o inteiramente concebidos, desenvolvidos e montados nas nossas instala\u00e7\u00f5es em Venasque 84210 &#8211; Vaucluse, no sul de Fran\u00e7a.<\/em><\/p>\n","protected":false},"excerpt":{"rendered":"<p>A CT Concept apresenta a nova vers\u00e3o da &#8220;SCOOT 24&#8243; DH&#8221; equipada com a nova forqueta hidr\u00e1ulica invertida TROTRX de 140mm (press\u00e3o de ar\/rebote ajust\u00e1vel) e os novos trav\u00f5es de disco hidr\u00e1ulicos de 4 pist\u00f5es (200mm).<\/p>\n","protected":false},"featured_media":20641,"template":"","meta":[],"product_brand":[],"product_cat":[158],"product_tag":[220],"class_list":{"0":"post-16990","1":"product","2":"type-product","3":"status-publish","4":"has-post-thumbnail","6":"product_cat-scooters-dh","7":"product_tag-dezembro-negro","8":"product_shipping_class-scooters","10":"first","11":"instock","12":"taxable","13":"shipping-taxable","14":"purchasable","15":"product-type-simple"},"yoast_head":"<!-- This site is optimized with the Yoast SEO plugin v27.4 - https:\/\/yoast.com\/product\/yoast-seo-wordpress\/ -->\n<title>TROTRX SCOOT 24&quot; DH - TROTRX - Trottinettes &eacute;lectriques tout-terrain \u26a1\ufe0f\ud83d\udef4<\/title>\n<meta name=\"description\" content=\"A CT Concept apresenta a vers\u00e3o de 24&quot; da Scoot FS TrotRX, que oferece maior estabilidade e maior altura. Compat\u00edvel tamb\u00e9m com rodas motorizadas, os caminhos mais \u00edngremes deixar\u00e3o de ser um obst\u00e1culo!\" \/>\n<meta name=\"robots\" content=\"index, follow, max-snippet:-1, max-image-preview:large, max-video-preview:-1\" \/>\n<link rel=\"canonical\" href=\"https:\/\/trotrx.com\/pt-pt\/product\/trotrx-scoot-fs-24\/\" \/>\n<meta property=\"og:locale\" content=\"pt_PT\" \/>\n<meta property=\"og:type\" content=\"article\" \/>\n<meta property=\"og:title\" content=\"TROTRX SCOOT 24&quot; DH - TROTRX - Trottinettes &eacute;lectriques tout-terrain \u26a1\ufe0f\ud83d\udef4\" \/>\n<meta property=\"og:description\" content=\"A CT Concept apresenta a vers\u00e3o de 24&quot; da Scoot FS TrotRX, que oferece maior estabilidade e maior altura. Compat\u00edvel tamb\u00e9m com rodas motorizadas, os caminhos mais \u00edngremes deixar\u00e3o de ser um obst\u00e1culo!\" \/>\n<meta property=\"og:url\" content=\"https:\/\/trotrx.com\/pt-pt\/product\/trotrx-scoot-fs-24\/\" \/>\n<meta property=\"og:site_name\" content=\"TROTRX - Trottinettes &eacute;lectriques tout-terrain \u26a1\ufe0f\ud83d\udef4\" \/>\n<meta property=\"article:modified_time\" content=\"2026-03-16T15:14:28+00:00\" \/>\n<meta property=\"og:image\" content=\"https:\/\/trotrx.com\/wp-content\/uploads\/2025\/10\/ESCOOT_DH24_1_1080.png\" \/>\n\t<meta property=\"og:image:width\" content=\"1080\" \/>\n\t<meta property=\"og:image:height\" content=\"1080\" \/>\n\t<meta property=\"og:image:type\" content=\"image\/png\" \/>\n<meta name=\"twitter:card\" content=\"summary_large_image\" \/>\n<meta name=\"twitter:label1\" content=\"Tempo estimado de leitura\" \/>\n\t<meta name=\"twitter:data1\" content=\"2 minutos\" \/>\n<script type=\"application\/ld+json\" class=\"yoast-schema-graph\">{\"@context\":\"https:\\\/\\\/schema.org\",\"@graph\":[{\"@type\":\"WebPage\",\"@id\":\"https:\\\/\\\/trotrx.com\\\/pt-pt\\\/product\\\/trotrx-scoot-fs-24\\\/\",\"url\":\"https:\\\/\\\/trotrx.com\\\/pt-pt\\\/product\\\/trotrx-scoot-fs-24\\\/\",\"name\":\"TROTRX SCOOT 24\\\" DH - TROTRX - Trottinettes &eacute;lectriques tout-terrain \u26a1\ufe0f\ud83d\udef4\",\"isPartOf\":{\"@id\":\"https:\\\/\\\/trotrx.com\\\/pt-pt\\\/#website\"},\"primaryImageOfPage\":{\"@id\":\"https:\\\/\\\/trotrx.com\\\/pt-pt\\\/product\\\/trotrx-scoot-fs-24\\\/#primaryimage\"},\"image\":{\"@id\":\"https:\\\/\\\/trotrx.com\\\/pt-pt\\\/product\\\/trotrx-scoot-fs-24\\\/#primaryimage\"},\"thumbnailUrl\":\"https:\\\/\\\/trotrx.com\\\/wp-content\\\/uploads\\\/2025\\\/10\\\/ESCOOT_DH24_1_1080.png\",\"datePublished\":\"2025-01-06T13:35:32+00:00\",\"dateModified\":\"2026-03-16T15:14:28+00:00\",\"description\":\"A CT Concept apresenta a vers\u00e3o de 24\\\" da Scoot FS TrotRX, que oferece maior estabilidade e maior altura. Compat\u00edvel tamb\u00e9m com rodas motorizadas, os caminhos mais \u00edngremes deixar\u00e3o de ser um obst\u00e1culo!\",\"breadcrumb\":{\"@id\":\"https:\\\/\\\/trotrx.com\\\/pt-pt\\\/product\\\/trotrx-scoot-fs-24\\\/#breadcrumb\"},\"inLanguage\":\"pt-PT\",\"potentialAction\":[{\"@type\":\"ReadAction\",\"target\":[\"https:\\\/\\\/trotrx.com\\\/pt-pt\\\/product\\\/trotrx-scoot-fs-24\\\/\"]}]},{\"@type\":\"ImageObject\",\"inLanguage\":\"pt-PT\",\"@id\":\"https:\\\/\\\/trotrx.com\\\/pt-pt\\\/product\\\/trotrx-scoot-fs-24\\\/#primaryimage\",\"url\":\"https:\\\/\\\/trotrx.com\\\/wp-content\\\/uploads\\\/2025\\\/10\\\/ESCOOT_DH24_1_1080.png\",\"contentUrl\":\"https:\\\/\\\/trotrx.com\\\/wp-content\\\/uploads\\\/2025\\\/10\\\/ESCOOT_DH24_1_1080.png\",\"width\":1080,\"height\":1080,\"caption\":\"ESCOOT_DH24_1_1080\"},{\"@type\":\"BreadcrumbList\",\"@id\":\"https:\\\/\\\/trotrx.com\\\/pt-pt\\\/product\\\/trotrx-scoot-fs-24\\\/#breadcrumb\",\"itemListElement\":[{\"@type\":\"ListItem\",\"position\":1,\"name\":\"Casa\",\"item\":\"https:\\\/\\\/trotrx.com\\\/pt-pt\\\/casa\\\/\"},{\"@type\":\"ListItem\",\"position\":2,\"name\":\"Shop\",\"item\":\"https:\\\/\\\/trotrx.com\\\/boutique\\\/\"},{\"@type\":\"ListItem\",\"position\":3,\"name\":\"TROTRX SCOOT 24&#8243; DH\"}]},{\"@type\":\"WebSite\",\"@id\":\"https:\\\/\\\/trotrx.com\\\/pt-pt\\\/#website\",\"url\":\"https:\\\/\\\/trotrx.com\\\/pt-pt\\\/\",\"name\":\"TROTRX - Trottinettes \u00e9lectriques tout-terrain ! \u26a1\ufe0f\ud83d\udef4\",\"description\":\"TROTRX - La trottinette &eacute;lectrique tout-terrain depuis 2008\",\"publisher\":{\"@id\":\"https:\\\/\\\/trotrx.com\\\/pt-pt\\\/#organization\"},\"alternateName\":\"TROTRX \u26a1\ufe0f\ud83d\udef4\",\"potentialAction\":[{\"@type\":\"SearchAction\",\"target\":{\"@type\":\"EntryPoint\",\"urlTemplate\":\"https:\\\/\\\/trotrx.com\\\/pt-pt\\\/?s={search_term_string}\"},\"query-input\":{\"@type\":\"PropertyValueSpecification\",\"valueRequired\":true,\"valueName\":\"search_term_string\"}}],\"inLanguage\":\"pt-PT\"},{\"@type\":\"Organization\",\"@id\":\"https:\\\/\\\/trotrx.com\\\/pt-pt\\\/#organization\",\"name\":\"TROTRX - Trottinettes \u00e9lectriques tout-terrain ! \u26a1\ufe0f\ud83d\udef4\",\"url\":\"https:\\\/\\\/trotrx.com\\\/pt-pt\\\/\",\"logo\":{\"@type\":\"ImageObject\",\"inLanguage\":\"pt-PT\",\"@id\":\"https:\\\/\\\/trotrx.com\\\/pt-pt\\\/#\\\/schema\\\/logo\\\/image\\\/\",\"url\":\"https:\\\/\\\/trotrx.com\\\/wp-content\\\/uploads\\\/2024\\\/10\\\/Design-sans-titre-2025-02-24T111129.185-e1740391936319.png\",\"contentUrl\":\"https:\\\/\\\/trotrx.com\\\/wp-content\\\/uploads\\\/2024\\\/10\\\/Design-sans-titre-2025-02-24T111129.185-e1740391936319.png\",\"width\":1920,\"height\":370,\"caption\":\"TROTRX - Trottinettes \u00e9lectriques tout-terrain ! \u26a1\ufe0f\ud83d\udef4\"},\"image\":{\"@id\":\"https:\\\/\\\/trotrx.com\\\/pt-pt\\\/#\\\/schema\\\/logo\\\/image\\\/\"}}]}<\/script>\n<!-- \/ Yoast SEO plugin. -->","yoast_head_json":{"title":"TROTRX SCOOT 24\" DH - TROTRX - Trottinettes &eacute;lectriques tout-terrain \u26a1\ufe0f\ud83d\udef4","description":"A CT Concept apresenta a vers\u00e3o de 24\" da Scoot FS TrotRX, que oferece maior estabilidade e maior altura. Compat\u00edvel tamb\u00e9m com rodas motorizadas, os caminhos mais \u00edngremes deixar\u00e3o de ser um obst\u00e1culo!","robots":{"index":"index","follow":"follow","max-snippet":"max-snippet:-1","max-image-preview":"max-image-preview:large","max-video-preview":"max-video-preview:-1"},"canonical":"https:\/\/trotrx.com\/pt-pt\/product\/trotrx-scoot-fs-24\/","og_locale":"pt_PT","og_type":"article","og_title":"TROTRX SCOOT 24\" DH - TROTRX - Trottinettes &eacute;lectriques tout-terrain \u26a1\ufe0f\ud83d\udef4","og_description":"A CT Concept apresenta a vers\u00e3o de 24\" da Scoot FS TrotRX, que oferece maior estabilidade e maior altura. Compat\u00edvel tamb\u00e9m com rodas motorizadas, os caminhos mais \u00edngremes deixar\u00e3o de ser um obst\u00e1culo!","og_url":"https:\/\/trotrx.com\/pt-pt\/product\/trotrx-scoot-fs-24\/","og_site_name":"TROTRX - Trottinettes &eacute;lectriques tout-terrain \u26a1\ufe0f\ud83d\udef4","article_modified_time":"2026-03-16T15:14:28+00:00","og_image":[{"width":1080,"height":1080,"url":"https:\/\/trotrx.com\/wp-content\/uploads\/2025\/10\/ESCOOT_DH24_1_1080.png","type":"image\/png"}],"twitter_card":"summary_large_image","twitter_misc":{"Tempo estimado de leitura":"2 minutos"},"schema":{"@context":"https:\/\/schema.org","@graph":[{"@type":"WebPage","@id":"https:\/\/trotrx.com\/pt-pt\/product\/trotrx-scoot-fs-24\/","url":"https:\/\/trotrx.com\/pt-pt\/product\/trotrx-scoot-fs-24\/","name":"TROTRX SCOOT 24\" DH - TROTRX - Trottinettes &eacute;lectriques tout-terrain \u26a1\ufe0f\ud83d\udef4","isPartOf":{"@id":"https:\/\/trotrx.com\/pt-pt\/#website"},"primaryImageOfPage":{"@id":"https:\/\/trotrx.com\/pt-pt\/product\/trotrx-scoot-fs-24\/#primaryimage"},"image":{"@id":"https:\/\/trotrx.com\/pt-pt\/product\/trotrx-scoot-fs-24\/#primaryimage"},"thumbnailUrl":"https:\/\/trotrx.com\/wp-content\/uploads\/2025\/10\/ESCOOT_DH24_1_1080.png","datePublished":"2025-01-06T13:35:32+00:00","dateModified":"2026-03-16T15:14:28+00:00","description":"A CT Concept apresenta a vers\u00e3o de 24\" da Scoot FS TrotRX, que oferece maior estabilidade e maior altura. Compat\u00edvel tamb\u00e9m com rodas motorizadas, os caminhos mais \u00edngremes deixar\u00e3o de ser um obst\u00e1culo!","breadcrumb":{"@id":"https:\/\/trotrx.com\/pt-pt\/product\/trotrx-scoot-fs-24\/#breadcrumb"},"inLanguage":"pt-PT","potentialAction":[{"@type":"ReadAction","target":["https:\/\/trotrx.com\/pt-pt\/product\/trotrx-scoot-fs-24\/"]}]},{"@type":"ImageObject","inLanguage":"pt-PT","@id":"https:\/\/trotrx.com\/pt-pt\/product\/trotrx-scoot-fs-24\/#primaryimage","url":"https:\/\/trotrx.com\/wp-content\/uploads\/2025\/10\/ESCOOT_DH24_1_1080.png","contentUrl":"https:\/\/trotrx.com\/wp-content\/uploads\/2025\/10\/ESCOOT_DH24_1_1080.png","width":1080,"height":1080,"caption":"ESCOOT_DH24_1_1080"},{"@type":"BreadcrumbList","@id":"https:\/\/trotrx.com\/pt-pt\/product\/trotrx-scoot-fs-24\/#breadcrumb","itemListElement":[{"@type":"ListItem","position":1,"name":"Casa","item":"https:\/\/trotrx.com\/pt-pt\/casa\/"},{"@type":"ListItem","position":2,"name":"Shop","item":"https:\/\/trotrx.com\/boutique\/"},{"@type":"ListItem","position":3,"name":"TROTRX SCOOT 24&#8243; DH"}]},{"@type":"WebSite","@id":"https:\/\/trotrx.com\/pt-pt\/#website","url":"https:\/\/trotrx.com\/pt-pt\/","name":"TROTRX - Trottinettes \u00e9lectriques tout-terrain ! \u26a1\ufe0f\ud83d\udef4","description":"TROTRX - La trottinette &eacute;lectrique tout-terrain depuis 2008","publisher":{"@id":"https:\/\/trotrx.com\/pt-pt\/#organization"},"alternateName":"TROTRX \u26a1\ufe0f\ud83d\udef4","potentialAction":[{"@type":"SearchAction","target":{"@type":"EntryPoint","urlTemplate":"https:\/\/trotrx.com\/pt-pt\/?s={search_term_string}"},"query-input":{"@type":"PropertyValueSpecification","valueRequired":true,"valueName":"search_term_string"}}],"inLanguage":"pt-PT"},{"@type":"Organization","@id":"https:\/\/trotrx.com\/pt-pt\/#organization","name":"TROTRX - Trottinettes \u00e9lectriques tout-terrain ! \u26a1\ufe0f\ud83d\udef4","url":"https:\/\/trotrx.com\/pt-pt\/","logo":{"@type":"ImageObject","inLanguage":"pt-PT","@id":"https:\/\/trotrx.com\/pt-pt\/#\/schema\/logo\/image\/","url":"https:\/\/trotrx.com\/wp-content\/uploads\/2024\/10\/Design-sans-titre-2025-02-24T111129.185-e1740391936319.png","contentUrl":"https:\/\/trotrx.com\/wp-content\/uploads\/2024\/10\/Design-sans-titre-2025-02-24T111129.185-e1740391936319.png","width":1920,"height":370,"caption":"TROTRX - Trottinettes \u00e9lectriques tout-terrain ! \u26a1\ufe0f\ud83d\udef4"},"image":{"@id":"https:\/\/trotrx.com\/pt-pt\/#\/schema\/logo\/image\/"}}]}},"_links":{"self":[{"href":"https:\/\/trotrx.com\/pt-pt\/wp-json\/wp\/v2\/product\/16990","targetHints":{"allow":["GET"]}}],"collection":[{"href":"https:\/\/trotrx.com\/pt-pt\/wp-json\/wp\/v2\/product"}],"about":[{"href":"https:\/\/trotrx.com\/pt-pt\/wp-json\/wp\/v2\/types\/product"}],"version-history":[{"count":7,"href":"https:\/\/trotrx.com\/pt-pt\/wp-json\/wp\/v2\/product\/16990\/revisions"}],"predecessor-version":[{"id":22070,"href":"https:\/\/trotrx.com\/pt-pt\/wp-json\/wp\/v2\/product\/16990\/revisions\/22070"}],"wp:featuredmedia":[{"embeddable":true,"href":"https:\/\/trotrx.com\/pt-pt\/wp-json\/wp\/v2\/media\/20641"}],"wp:attachment":[{"href":"https:\/\/trotrx.com\/pt-pt\/wp-json\/wp\/v2\/media?parent=16990"}],"wp:term":[{"taxonomy":"product_brand","embeddable":true,"href":"https:\/\/trotrx.com\/pt-pt\/wp-json\/wp\/v2\/product_brand?post=16990"},{"taxonomy":"product_cat","embeddable":true,"href":"https:\/\/trotrx.com\/pt-pt\/wp-json\/wp\/v2\/product_cat?post=16990"},{"taxonomy":"product_tag","embeddable":true,"href":"https:\/\/trotrx.com\/pt-pt\/wp-json\/wp\/v2\/product_tag?post=16990"}],"curies":[{"name":"wp","href":"https:\/\/api.w.org\/{rel}","templated":true}]}}