{"id":16703,"date":"2025-01-06T13:34:47","date_gmt":"2025-01-06T13:34:47","guid":{"rendered":"https:\/\/trotrx.com\/product\/mao-300x\/"},"modified":"2025-05-20T09:40:05","modified_gmt":"2025-05-20T09:40:05","slug":"mao-300x","status":"publish","type":"product","link":"https:\/\/trotrx.com\/pt-pt\/product\/mao-300x\/","title":{"rendered":"M\u00c3O 300X"},"content":{"rendered":"<p>Gatilho do acelerador acionado pelo polegar com uma ergonomia melhorada, menos tens\u00e3o no m\u00fasculo do polegar durante longos per\u00edodos.<br \/>\n\u00c0 prova de \u00e1gua.<\/p>\n<p>Adequado para os modelos:<br \/>\n&#8211; TROTRX E-SCOOT FS 20&#8243; (BATERIA 23.4Ah\/MONO MOTOR\/500W)<br \/>\n&#8211; TROTRX E-SCOOT FS 20&#8243; (BATERIA INTEGRADA 25Ah\/MONO MOTOR\/500W)<br \/>\n&#8211; TROTRX E-SCOOT FS 20&#8243; (BATERIA INTEGRADA 25Ah\/MONO MOTOR\/750W)<\/p>\n<p>&#8211; TROTRX E-SCOOT FS 24&#8243; (BATERIA 23.4Ah\/MONO MOTOR\/500W)<br \/>\n&#8211; TROTRX E-SCOOT FS 24&#8243; (BATERIA INTEGRADA 25Ah\/MONO MOTOR\/500W)<br \/>\n&#8211; TROTRX E-SCOOT FS 24&#8243; (BATERIA INTEGRADA 25Ah\/MONO MOTOR\/750W)<\/p>\n","protected":false},"excerpt":{"rendered":"<p>Gatilho do acelerador imperme\u00e1vel, mais ergon\u00f3mico e com conectores simples.<\/p>\n<p>Adequado para todos os modelos de scooters monomotoras e\/ou de mochila.<\/p>\n","protected":false},"featured_media":5248,"template":"","meta":[],"product_brand":[],"product_cat":[128],"product_tag":[],"class_list":{"0":"post-16703","1":"product","2":"type-product","3":"status-publish","4":"has-post-thumbnail","6":"product_cat-eletronica","8":"first","9":"outofstock","10":"taxable","11":"shipping-taxable","12":"purchasable","13":"product-type-simple"},"yoast_head":"<!-- This site is optimized with the Yoast SEO plugin v27.4 - https:\/\/yoast.com\/product\/yoast-seo-wordpress\/ -->\n<title>M\u00c3O 300X - TROTRX - Trottinettes &eacute;lectriques tout-terrain \u26a1\ufe0f\ud83d\udef4<\/title>\n<meta name=\"description\" content=\"Gatilho do acelerador imperme\u00e1vel, mais ergon\u00f3mico e com conectores simples. Adequado para todos os modelos de trotinetes monomotoras e\/ou de mochila.\" \/>\n<meta name=\"robots\" content=\"index, follow, max-snippet:-1, max-image-preview:large, max-video-preview:-1\" \/>\n<link rel=\"canonical\" href=\"https:\/\/trotrx.com\/pt-pt\/product\/mao-300x\/\" \/>\n<meta property=\"og:locale\" content=\"pt_PT\" \/>\n<meta property=\"og:type\" content=\"article\" \/>\n<meta property=\"og:title\" content=\"M\u00c3O 300X - TROTRX - Trottinettes &eacute;lectriques tout-terrain \u26a1\ufe0f\ud83d\udef4\" \/>\n<meta property=\"og:description\" content=\"Gatilho do acelerador imperme\u00e1vel, mais ergon\u00f3mico e com conectores simples. Adequado para todos os modelos de trotinetes monomotoras e\/ou de mochila.\" \/>\n<meta property=\"og:url\" content=\"https:\/\/trotrx.com\/pt-pt\/product\/mao-300x\/\" \/>\n<meta property=\"og:site_name\" content=\"TROTRX - Trottinettes &eacute;lectriques tout-terrain \u26a1\ufe0f\ud83d\udef4\" \/>\n<meta property=\"article:modified_time\" content=\"2025-05-20T09:40:05+00:00\" \/>\n<meta name=\"twitter:card\" content=\"summary_large_image\" \/>\n<script type=\"application\/ld+json\" class=\"yoast-schema-graph\">{\"@context\":\"https:\\\/\\\/schema.org\",\"@graph\":[{\"@type\":\"WebPage\",\"@id\":\"https:\\\/\\\/trotrx.com\\\/pt-pt\\\/product\\\/mao-300x\\\/\",\"url\":\"https:\\\/\\\/trotrx.com\\\/pt-pt\\\/product\\\/mao-300x\\\/\",\"name\":\"M\u00c3O 300X - TROTRX - Trottinettes &eacute;lectriques tout-terrain \u26a1\ufe0f\ud83d\udef4\",\"isPartOf\":{\"@id\":\"https:\\\/\\\/trotrx.com\\\/pt-pt\\\/#website\"},\"primaryImageOfPage\":{\"@id\":\"https:\\\/\\\/trotrx.com\\\/pt-pt\\\/product\\\/mao-300x\\\/#primaryimage\"},\"image\":{\"@id\":\"https:\\\/\\\/trotrx.com\\\/pt-pt\\\/product\\\/mao-300x\\\/#primaryimage\"},\"thumbnailUrl\":\"https:\\\/\\\/trotrx.com\\\/wp-content\\\/uploads\\\/2024\\\/10\\\/GACHETTE-300X.avif\",\"datePublished\":\"2025-01-06T13:34:47+00:00\",\"dateModified\":\"2025-05-20T09:40:05+00:00\",\"description\":\"Gatilho do acelerador imperme\u00e1vel, mais ergon\u00f3mico e com conectores simples. Adequado para todos os modelos de trotinetes monomotoras e\\\/ou de mochila.\",\"breadcrumb\":{\"@id\":\"https:\\\/\\\/trotrx.com\\\/pt-pt\\\/product\\\/mao-300x\\\/#breadcrumb\"},\"inLanguage\":\"pt-PT\",\"potentialAction\":[{\"@type\":\"ReadAction\",\"target\":[\"https:\\\/\\\/trotrx.com\\\/pt-pt\\\/product\\\/mao-300x\\\/\"]}]},{\"@type\":\"ImageObject\",\"inLanguage\":\"pt-PT\",\"@id\":\"https:\\\/\\\/trotrx.com\\\/pt-pt\\\/product\\\/mao-300x\\\/#primaryimage\",\"url\":\"https:\\\/\\\/trotrx.com\\\/wp-content\\\/uploads\\\/2024\\\/10\\\/GACHETTE-300X.avif\",\"contentUrl\":\"https:\\\/\\\/trotrx.com\\\/wp-content\\\/uploads\\\/2024\\\/10\\\/GACHETTE-300X.avif\",\"width\":1080,\"height\":1080,\"caption\":\"M\u00c3O 300X\"},{\"@type\":\"BreadcrumbList\",\"@id\":\"https:\\\/\\\/trotrx.com\\\/pt-pt\\\/product\\\/mao-300x\\\/#breadcrumb\",\"itemListElement\":[{\"@type\":\"ListItem\",\"position\":1,\"name\":\"Casa\",\"item\":\"https:\\\/\\\/trotrx.com\\\/pt-pt\\\/casa\\\/\"},{\"@type\":\"ListItem\",\"position\":2,\"name\":\"Shop\",\"item\":\"https:\\\/\\\/trotrx.com\\\/boutique\\\/\"},{\"@type\":\"ListItem\",\"position\":3,\"name\":\"M\u00c3O 300X\"}]},{\"@type\":\"WebSite\",\"@id\":\"https:\\\/\\\/trotrx.com\\\/pt-pt\\\/#website\",\"url\":\"https:\\\/\\\/trotrx.com\\\/pt-pt\\\/\",\"name\":\"TROTRX - Trottinettes \u00e9lectriques tout-terrain ! \u26a1\ufe0f\ud83d\udef4\",\"description\":\"TROTRX - La trottinette &eacute;lectrique tout-terrain depuis 2008\",\"publisher\":{\"@id\":\"https:\\\/\\\/trotrx.com\\\/pt-pt\\\/#organization\"},\"alternateName\":\"TROTRX \u26a1\ufe0f\ud83d\udef4\",\"potentialAction\":[{\"@type\":\"SearchAction\",\"target\":{\"@type\":\"EntryPoint\",\"urlTemplate\":\"https:\\\/\\\/trotrx.com\\\/pt-pt\\\/?s={search_term_string}\"},\"query-input\":{\"@type\":\"PropertyValueSpecification\",\"valueRequired\":true,\"valueName\":\"search_term_string\"}}],\"inLanguage\":\"pt-PT\"},{\"@type\":\"Organization\",\"@id\":\"https:\\\/\\\/trotrx.com\\\/pt-pt\\\/#organization\",\"name\":\"TROTRX - Trottinettes \u00e9lectriques tout-terrain ! \u26a1\ufe0f\ud83d\udef4\",\"url\":\"https:\\\/\\\/trotrx.com\\\/pt-pt\\\/\",\"logo\":{\"@type\":\"ImageObject\",\"inLanguage\":\"pt-PT\",\"@id\":\"https:\\\/\\\/trotrx.com\\\/pt-pt\\\/#\\\/schema\\\/logo\\\/image\\\/\",\"url\":\"https:\\\/\\\/trotrx.com\\\/wp-content\\\/uploads\\\/2024\\\/10\\\/Design-sans-titre-2025-02-24T111129.185-e1740391936319.png\",\"contentUrl\":\"https:\\\/\\\/trotrx.com\\\/wp-content\\\/uploads\\\/2024\\\/10\\\/Design-sans-titre-2025-02-24T111129.185-e1740391936319.png\",\"width\":1920,\"height\":370,\"caption\":\"TROTRX - Trottinettes \u00e9lectriques tout-terrain ! \u26a1\ufe0f\ud83d\udef4\"},\"image\":{\"@id\":\"https:\\\/\\\/trotrx.com\\\/pt-pt\\\/#\\\/schema\\\/logo\\\/image\\\/\"}}]}<\/script>\n<!-- \/ Yoast SEO plugin. -->","yoast_head_json":{"title":"M\u00c3O 300X - TROTRX - Trottinettes &eacute;lectriques tout-terrain \u26a1\ufe0f\ud83d\udef4","description":"Gatilho do acelerador imperme\u00e1vel, mais ergon\u00f3mico e com conectores simples. Adequado para todos os modelos de trotinetes monomotoras e\/ou de mochila.","robots":{"index":"index","follow":"follow","max-snippet":"max-snippet:-1","max-image-preview":"max-image-preview:large","max-video-preview":"max-video-preview:-1"},"canonical":"https:\/\/trotrx.com\/pt-pt\/product\/mao-300x\/","og_locale":"pt_PT","og_type":"article","og_title":"M\u00c3O 300X - TROTRX - Trottinettes &eacute;lectriques tout-terrain \u26a1\ufe0f\ud83d\udef4","og_description":"Gatilho do acelerador imperme\u00e1vel, mais ergon\u00f3mico e com conectores simples. Adequado para todos os modelos de trotinetes monomotoras e\/ou de mochila.","og_url":"https:\/\/trotrx.com\/pt-pt\/product\/mao-300x\/","og_site_name":"TROTRX - Trottinettes &eacute;lectriques tout-terrain \u26a1\ufe0f\ud83d\udef4","article_modified_time":"2025-05-20T09:40:05+00:00","twitter_card":"summary_large_image","schema":{"@context":"https:\/\/schema.org","@graph":[{"@type":"WebPage","@id":"https:\/\/trotrx.com\/pt-pt\/product\/mao-300x\/","url":"https:\/\/trotrx.com\/pt-pt\/product\/mao-300x\/","name":"M\u00c3O 300X - TROTRX - Trottinettes &eacute;lectriques tout-terrain \u26a1\ufe0f\ud83d\udef4","isPartOf":{"@id":"https:\/\/trotrx.com\/pt-pt\/#website"},"primaryImageOfPage":{"@id":"https:\/\/trotrx.com\/pt-pt\/product\/mao-300x\/#primaryimage"},"image":{"@id":"https:\/\/trotrx.com\/pt-pt\/product\/mao-300x\/#primaryimage"},"thumbnailUrl":"https:\/\/trotrx.com\/wp-content\/uploads\/2024\/10\/GACHETTE-300X.avif","datePublished":"2025-01-06T13:34:47+00:00","dateModified":"2025-05-20T09:40:05+00:00","description":"Gatilho do acelerador imperme\u00e1vel, mais ergon\u00f3mico e com conectores simples. Adequado para todos os modelos de trotinetes monomotoras e\/ou de mochila.","breadcrumb":{"@id":"https:\/\/trotrx.com\/pt-pt\/product\/mao-300x\/#breadcrumb"},"inLanguage":"pt-PT","potentialAction":[{"@type":"ReadAction","target":["https:\/\/trotrx.com\/pt-pt\/product\/mao-300x\/"]}]},{"@type":"ImageObject","inLanguage":"pt-PT","@id":"https:\/\/trotrx.com\/pt-pt\/product\/mao-300x\/#primaryimage","url":"https:\/\/trotrx.com\/wp-content\/uploads\/2024\/10\/GACHETTE-300X.avif","contentUrl":"https:\/\/trotrx.com\/wp-content\/uploads\/2024\/10\/GACHETTE-300X.avif","width":1080,"height":1080,"caption":"M\u00c3O 300X"},{"@type":"BreadcrumbList","@id":"https:\/\/trotrx.com\/pt-pt\/product\/mao-300x\/#breadcrumb","itemListElement":[{"@type":"ListItem","position":1,"name":"Casa","item":"https:\/\/trotrx.com\/pt-pt\/casa\/"},{"@type":"ListItem","position":2,"name":"Shop","item":"https:\/\/trotrx.com\/boutique\/"},{"@type":"ListItem","position":3,"name":"M\u00c3O 300X"}]},{"@type":"WebSite","@id":"https:\/\/trotrx.com\/pt-pt\/#website","url":"https:\/\/trotrx.com\/pt-pt\/","name":"TROTRX - Trottinettes \u00e9lectriques tout-terrain ! \u26a1\ufe0f\ud83d\udef4","description":"TROTRX - La trottinette &eacute;lectrique tout-terrain depuis 2008","publisher":{"@id":"https:\/\/trotrx.com\/pt-pt\/#organization"},"alternateName":"TROTRX \u26a1\ufe0f\ud83d\udef4","potentialAction":[{"@type":"SearchAction","target":{"@type":"EntryPoint","urlTemplate":"https:\/\/trotrx.com\/pt-pt\/?s={search_term_string}"},"query-input":{"@type":"PropertyValueSpecification","valueRequired":true,"valueName":"search_term_string"}}],"inLanguage":"pt-PT"},{"@type":"Organization","@id":"https:\/\/trotrx.com\/pt-pt\/#organization","name":"TROTRX - Trottinettes \u00e9lectriques tout-terrain ! \u26a1\ufe0f\ud83d\udef4","url":"https:\/\/trotrx.com\/pt-pt\/","logo":{"@type":"ImageObject","inLanguage":"pt-PT","@id":"https:\/\/trotrx.com\/pt-pt\/#\/schema\/logo\/image\/","url":"https:\/\/trotrx.com\/wp-content\/uploads\/2024\/10\/Design-sans-titre-2025-02-24T111129.185-e1740391936319.png","contentUrl":"https:\/\/trotrx.com\/wp-content\/uploads\/2024\/10\/Design-sans-titre-2025-02-24T111129.185-e1740391936319.png","width":1920,"height":370,"caption":"TROTRX - Trottinettes \u00e9lectriques tout-terrain ! \u26a1\ufe0f\ud83d\udef4"},"image":{"@id":"https:\/\/trotrx.com\/pt-pt\/#\/schema\/logo\/image\/"}}]}},"_links":{"self":[{"href":"https:\/\/trotrx.com\/pt-pt\/wp-json\/wp\/v2\/product\/16703","targetHints":{"allow":["GET"]}}],"collection":[{"href":"https:\/\/trotrx.com\/pt-pt\/wp-json\/wp\/v2\/product"}],"about":[{"href":"https:\/\/trotrx.com\/pt-pt\/wp-json\/wp\/v2\/types\/product"}],"version-history":[{"count":1,"href":"https:\/\/trotrx.com\/pt-pt\/wp-json\/wp\/v2\/product\/16703\/revisions"}],"predecessor-version":[{"id":17877,"href":"https:\/\/trotrx.com\/pt-pt\/wp-json\/wp\/v2\/product\/16703\/revisions\/17877"}],"wp:featuredmedia":[{"embeddable":true,"href":"https:\/\/trotrx.com\/pt-pt\/wp-json\/wp\/v2\/media\/5248"}],"wp:attachment":[{"href":"https:\/\/trotrx.com\/pt-pt\/wp-json\/wp\/v2\/media?parent=16703"}],"wp:term":[{"taxonomy":"product_brand","embeddable":true,"href":"https:\/\/trotrx.com\/pt-pt\/wp-json\/wp\/v2\/product_brand?post=16703"},{"taxonomy":"product_cat","embeddable":true,"href":"https:\/\/trotrx.com\/pt-pt\/wp-json\/wp\/v2\/product_cat?post=16703"},{"taxonomy":"product_tag","embeddable":true,"href":"https:\/\/trotrx.com\/pt-pt\/wp-json\/wp\/v2\/product_tag?post=16703"}],"curies":[{"name":"wp","href":"https:\/\/api.w.org\/{rel}","templated":true}]}}