{"id":16394,"date":"2025-01-06T13:34:28","date_gmt":"2025-01-06T13:34:28","guid":{"rendered":"https:\/\/trotrx.com\/product\/roda-de-24-motorizavel-500w-sem-motor\/"},"modified":"2025-05-20T09:41:05","modified_gmt":"2025-05-20T09:41:05","slug":"roda-de-24-motorizavel-500w-sem-motor","status":"publish","type":"product","link":"https:\/\/trotrx.com\/pt-pt\/product\/roda-de-24-motorizavel-500w-sem-motor\/","title":{"rendered":"RODA DE 24&#8243; &#8211; MOTORIZ\u00c1VEL 500W (SEM MOTOR)"},"content":{"rendered":"<p>Adequado para os modelos:<\/p>\n<p>&#8211; TROTRX E-SCOOT FS 24&#8243; (BATERIA 23.4Ah\/MONO MOTOR\/500W)<\/p>\n<p>&#8211; TROTRX E-SCOOT FS 24&#8243; (BATERIA 23.4Ah\/2 RODAS MOTOR\/500W)<\/p>\n<p>&#8211; TROTRX E-SCOOT FS 24&#8243; (BATERIA INTEGRADA 25Ah\/MONO MOTOR\/500W)<\/p>\n<p>&#8211; TROTRX E-SCOOT FS 24&#8243; (BATERIA INTEGRADA 25Ah\/2 RODAS MOTOR\/500W)<\/p>\n","protected":false},"excerpt":{"rendered":"<p>Roda de 24&#8243; n\u00e3o motorizada:<br \/>&#8211; Aro de alum\u00ednio de parede dupla<br \/>&#8211; Raios de a\u00e7o<br \/>&#8211; Pode ser equipada com um motor de 500W<\/p>\n<p>Vendido sem pneus.<\/p>\n","protected":false},"featured_media":14645,"template":"","meta":[],"product_brand":[],"product_cat":[137],"product_tag":[],"class_list":{"0":"post-16394","1":"product","2":"type-product","3":"status-publish","4":"has-post-thumbnail","6":"product_cat-rodas-e-jantes","8":"first","9":"instock","10":"taxable","11":"shipping-taxable","12":"purchasable","13":"product-type-simple"},"yoast_head":"<!-- This site is optimized with the Yoast SEO plugin v27.4 - https:\/\/yoast.com\/product\/yoast-seo-wordpress\/ -->\n<title>RODA DE 24&quot; - MOTORIZ\u00c1VEL 500W (SEM MOTOR) - TROTRX - Trottinettes &eacute;lectriques tout-terrain \u26a1\ufe0f\ud83d\udef4<\/title>\n<meta name=\"description\" content=\"Roda n\u00e3o motorizada de 24&quot;: - Aro de alum\u00ednio de parede dupla - Raios de a\u00e7o - Pode ser equipada com um motor de 500W. Vendido sem pneus.\" \/>\n<meta name=\"robots\" content=\"index, follow, max-snippet:-1, max-image-preview:large, max-video-preview:-1\" \/>\n<link rel=\"canonical\" href=\"https:\/\/trotrx.com\/pt-pt\/product\/roda-de-24-motorizavel-500w-sem-motor\/\" \/>\n<meta property=\"og:locale\" content=\"pt_PT\" \/>\n<meta property=\"og:type\" content=\"article\" \/>\n<meta property=\"og:title\" content=\"RODA DE 24&quot; - MOTORIZ\u00c1VEL 500W (SEM MOTOR) - TROTRX - Trottinettes &eacute;lectriques tout-terrain \u26a1\ufe0f\ud83d\udef4\" \/>\n<meta property=\"og:description\" content=\"Roda n\u00e3o motorizada de 24&quot;: - Aro de alum\u00ednio de parede dupla - Raios de a\u00e7o - Pode ser equipada com um motor de 500W. Vendido sem pneus.\" \/>\n<meta property=\"og:url\" content=\"https:\/\/trotrx.com\/pt-pt\/product\/roda-de-24-motorizavel-500w-sem-motor\/\" \/>\n<meta property=\"og:site_name\" content=\"TROTRX - Trottinettes &eacute;lectriques tout-terrain \u26a1\ufe0f\ud83d\udef4\" \/>\n<meta property=\"article:modified_time\" content=\"2025-05-20T09:41:05+00:00\" \/>\n<meta property=\"og:image\" content=\"https:\/\/trotrx.com\/wp-content\/uploads\/2025\/02\/Roue-24_-500W-avec-moteur.png\" \/>\n\t<meta property=\"og:image:width\" content=\"1080\" \/>\n\t<meta property=\"og:image:height\" content=\"1080\" \/>\n\t<meta property=\"og:image:type\" content=\"image\/png\" \/>\n<meta name=\"twitter:card\" content=\"summary_large_image\" \/>\n<script type=\"application\/ld+json\" class=\"yoast-schema-graph\">{\"@context\":\"https:\\\/\\\/schema.org\",\"@graph\":[{\"@type\":\"WebPage\",\"@id\":\"https:\\\/\\\/trotrx.com\\\/pt-pt\\\/product\\\/roda-de-24-motorizavel-500w-sem-motor\\\/\",\"url\":\"https:\\\/\\\/trotrx.com\\\/pt-pt\\\/product\\\/roda-de-24-motorizavel-500w-sem-motor\\\/\",\"name\":\"RODA DE 24\\\" - MOTORIZ\u00c1VEL 500W (SEM MOTOR) - TROTRX - Trottinettes &eacute;lectriques tout-terrain \u26a1\ufe0f\ud83d\udef4\",\"isPartOf\":{\"@id\":\"https:\\\/\\\/trotrx.com\\\/pt-pt\\\/#website\"},\"primaryImageOfPage\":{\"@id\":\"https:\\\/\\\/trotrx.com\\\/pt-pt\\\/product\\\/roda-de-24-motorizavel-500w-sem-motor\\\/#primaryimage\"},\"image\":{\"@id\":\"https:\\\/\\\/trotrx.com\\\/pt-pt\\\/product\\\/roda-de-24-motorizavel-500w-sem-motor\\\/#primaryimage\"},\"thumbnailUrl\":\"https:\\\/\\\/trotrx.com\\\/wp-content\\\/uploads\\\/2025\\\/02\\\/Roue-24_-500W-avec-moteur.png\",\"datePublished\":\"2025-01-06T13:34:28+00:00\",\"dateModified\":\"2025-05-20T09:41:05+00:00\",\"description\":\"Roda n\u00e3o motorizada de 24\\\": - Aro de alum\u00ednio de parede dupla - Raios de a\u00e7o - Pode ser equipada com um motor de 500W. Vendido sem pneus.\",\"breadcrumb\":{\"@id\":\"https:\\\/\\\/trotrx.com\\\/pt-pt\\\/product\\\/roda-de-24-motorizavel-500w-sem-motor\\\/#breadcrumb\"},\"inLanguage\":\"pt-PT\",\"potentialAction\":[{\"@type\":\"ReadAction\",\"target\":[\"https:\\\/\\\/trotrx.com\\\/pt-pt\\\/product\\\/roda-de-24-motorizavel-500w-sem-motor\\\/\"]}]},{\"@type\":\"ImageObject\",\"inLanguage\":\"pt-PT\",\"@id\":\"https:\\\/\\\/trotrx.com\\\/pt-pt\\\/product\\\/roda-de-24-motorizavel-500w-sem-motor\\\/#primaryimage\",\"url\":\"https:\\\/\\\/trotrx.com\\\/wp-content\\\/uploads\\\/2025\\\/02\\\/Roue-24_-500W-avec-moteur.png\",\"contentUrl\":\"https:\\\/\\\/trotrx.com\\\/wp-content\\\/uploads\\\/2025\\\/02\\\/Roue-24_-500W-avec-moteur.png\",\"width\":1080,\"height\":1080},{\"@type\":\"BreadcrumbList\",\"@id\":\"https:\\\/\\\/trotrx.com\\\/pt-pt\\\/product\\\/roda-de-24-motorizavel-500w-sem-motor\\\/#breadcrumb\",\"itemListElement\":[{\"@type\":\"ListItem\",\"position\":1,\"name\":\"Casa\",\"item\":\"https:\\\/\\\/trotrx.com\\\/pt-pt\\\/casa\\\/\"},{\"@type\":\"ListItem\",\"position\":2,\"name\":\"Shop\",\"item\":\"https:\\\/\\\/trotrx.com\\\/boutique\\\/\"},{\"@type\":\"ListItem\",\"position\":3,\"name\":\"RODA DE 24&#8243; &#8211; MOTORIZ\u00c1VEL 500W (SEM MOTOR)\"}]},{\"@type\":\"WebSite\",\"@id\":\"https:\\\/\\\/trotrx.com\\\/pt-pt\\\/#website\",\"url\":\"https:\\\/\\\/trotrx.com\\\/pt-pt\\\/\",\"name\":\"TROTRX - Trottinettes \u00e9lectriques tout-terrain ! \u26a1\ufe0f\ud83d\udef4\",\"description\":\"TROTRX - La trottinette &eacute;lectrique tout-terrain depuis 2008\",\"publisher\":{\"@id\":\"https:\\\/\\\/trotrx.com\\\/pt-pt\\\/#organization\"},\"alternateName\":\"TROTRX \u26a1\ufe0f\ud83d\udef4\",\"potentialAction\":[{\"@type\":\"SearchAction\",\"target\":{\"@type\":\"EntryPoint\",\"urlTemplate\":\"https:\\\/\\\/trotrx.com\\\/pt-pt\\\/?s={search_term_string}\"},\"query-input\":{\"@type\":\"PropertyValueSpecification\",\"valueRequired\":true,\"valueName\":\"search_term_string\"}}],\"inLanguage\":\"pt-PT\"},{\"@type\":\"Organization\",\"@id\":\"https:\\\/\\\/trotrx.com\\\/pt-pt\\\/#organization\",\"name\":\"TROTRX - Trottinettes \u00e9lectriques tout-terrain ! \u26a1\ufe0f\ud83d\udef4\",\"url\":\"https:\\\/\\\/trotrx.com\\\/pt-pt\\\/\",\"logo\":{\"@type\":\"ImageObject\",\"inLanguage\":\"pt-PT\",\"@id\":\"https:\\\/\\\/trotrx.com\\\/pt-pt\\\/#\\\/schema\\\/logo\\\/image\\\/\",\"url\":\"https:\\\/\\\/trotrx.com\\\/wp-content\\\/uploads\\\/2024\\\/10\\\/Design-sans-titre-2025-02-24T111129.185-e1740391936319.png\",\"contentUrl\":\"https:\\\/\\\/trotrx.com\\\/wp-content\\\/uploads\\\/2024\\\/10\\\/Design-sans-titre-2025-02-24T111129.185-e1740391936319.png\",\"width\":1920,\"height\":370,\"caption\":\"TROTRX - Trottinettes \u00e9lectriques tout-terrain ! \u26a1\ufe0f\ud83d\udef4\"},\"image\":{\"@id\":\"https:\\\/\\\/trotrx.com\\\/pt-pt\\\/#\\\/schema\\\/logo\\\/image\\\/\"}}]}<\/script>\n<!-- \/ Yoast SEO plugin. -->","yoast_head_json":{"title":"RODA DE 24\" - MOTORIZ\u00c1VEL 500W (SEM MOTOR) - TROTRX - Trottinettes &eacute;lectriques tout-terrain \u26a1\ufe0f\ud83d\udef4","description":"Roda n\u00e3o motorizada de 24\": - Aro de alum\u00ednio de parede dupla - Raios de a\u00e7o - Pode ser equipada com um motor de 500W. Vendido sem pneus.","robots":{"index":"index","follow":"follow","max-snippet":"max-snippet:-1","max-image-preview":"max-image-preview:large","max-video-preview":"max-video-preview:-1"},"canonical":"https:\/\/trotrx.com\/pt-pt\/product\/roda-de-24-motorizavel-500w-sem-motor\/","og_locale":"pt_PT","og_type":"article","og_title":"RODA DE 24\" - MOTORIZ\u00c1VEL 500W (SEM MOTOR) - TROTRX - Trottinettes &eacute;lectriques tout-terrain \u26a1\ufe0f\ud83d\udef4","og_description":"Roda n\u00e3o motorizada de 24\": - Aro de alum\u00ednio de parede dupla - Raios de a\u00e7o - Pode ser equipada com um motor de 500W. Vendido sem pneus.","og_url":"https:\/\/trotrx.com\/pt-pt\/product\/roda-de-24-motorizavel-500w-sem-motor\/","og_site_name":"TROTRX - Trottinettes &eacute;lectriques tout-terrain \u26a1\ufe0f\ud83d\udef4","article_modified_time":"2025-05-20T09:41:05+00:00","og_image":[{"width":1080,"height":1080,"url":"https:\/\/trotrx.com\/wp-content\/uploads\/2025\/02\/Roue-24_-500W-avec-moteur.png","type":"image\/png"}],"twitter_card":"summary_large_image","schema":{"@context":"https:\/\/schema.org","@graph":[{"@type":"WebPage","@id":"https:\/\/trotrx.com\/pt-pt\/product\/roda-de-24-motorizavel-500w-sem-motor\/","url":"https:\/\/trotrx.com\/pt-pt\/product\/roda-de-24-motorizavel-500w-sem-motor\/","name":"RODA DE 24\" - MOTORIZ\u00c1VEL 500W (SEM MOTOR) - TROTRX - Trottinettes &eacute;lectriques tout-terrain \u26a1\ufe0f\ud83d\udef4","isPartOf":{"@id":"https:\/\/trotrx.com\/pt-pt\/#website"},"primaryImageOfPage":{"@id":"https:\/\/trotrx.com\/pt-pt\/product\/roda-de-24-motorizavel-500w-sem-motor\/#primaryimage"},"image":{"@id":"https:\/\/trotrx.com\/pt-pt\/product\/roda-de-24-motorizavel-500w-sem-motor\/#primaryimage"},"thumbnailUrl":"https:\/\/trotrx.com\/wp-content\/uploads\/2025\/02\/Roue-24_-500W-avec-moteur.png","datePublished":"2025-01-06T13:34:28+00:00","dateModified":"2025-05-20T09:41:05+00:00","description":"Roda n\u00e3o motorizada de 24\": - Aro de alum\u00ednio de parede dupla - Raios de a\u00e7o - Pode ser equipada com um motor de 500W. Vendido sem pneus.","breadcrumb":{"@id":"https:\/\/trotrx.com\/pt-pt\/product\/roda-de-24-motorizavel-500w-sem-motor\/#breadcrumb"},"inLanguage":"pt-PT","potentialAction":[{"@type":"ReadAction","target":["https:\/\/trotrx.com\/pt-pt\/product\/roda-de-24-motorizavel-500w-sem-motor\/"]}]},{"@type":"ImageObject","inLanguage":"pt-PT","@id":"https:\/\/trotrx.com\/pt-pt\/product\/roda-de-24-motorizavel-500w-sem-motor\/#primaryimage","url":"https:\/\/trotrx.com\/wp-content\/uploads\/2025\/02\/Roue-24_-500W-avec-moteur.png","contentUrl":"https:\/\/trotrx.com\/wp-content\/uploads\/2025\/02\/Roue-24_-500W-avec-moteur.png","width":1080,"height":1080},{"@type":"BreadcrumbList","@id":"https:\/\/trotrx.com\/pt-pt\/product\/roda-de-24-motorizavel-500w-sem-motor\/#breadcrumb","itemListElement":[{"@type":"ListItem","position":1,"name":"Casa","item":"https:\/\/trotrx.com\/pt-pt\/casa\/"},{"@type":"ListItem","position":2,"name":"Shop","item":"https:\/\/trotrx.com\/boutique\/"},{"@type":"ListItem","position":3,"name":"RODA DE 24&#8243; &#8211; MOTORIZ\u00c1VEL 500W (SEM MOTOR)"}]},{"@type":"WebSite","@id":"https:\/\/trotrx.com\/pt-pt\/#website","url":"https:\/\/trotrx.com\/pt-pt\/","name":"TROTRX - Trottinettes \u00e9lectriques tout-terrain ! \u26a1\ufe0f\ud83d\udef4","description":"TROTRX - La trottinette &eacute;lectrique tout-terrain depuis 2008","publisher":{"@id":"https:\/\/trotrx.com\/pt-pt\/#organization"},"alternateName":"TROTRX \u26a1\ufe0f\ud83d\udef4","potentialAction":[{"@type":"SearchAction","target":{"@type":"EntryPoint","urlTemplate":"https:\/\/trotrx.com\/pt-pt\/?s={search_term_string}"},"query-input":{"@type":"PropertyValueSpecification","valueRequired":true,"valueName":"search_term_string"}}],"inLanguage":"pt-PT"},{"@type":"Organization","@id":"https:\/\/trotrx.com\/pt-pt\/#organization","name":"TROTRX - Trottinettes \u00e9lectriques tout-terrain ! \u26a1\ufe0f\ud83d\udef4","url":"https:\/\/trotrx.com\/pt-pt\/","logo":{"@type":"ImageObject","inLanguage":"pt-PT","@id":"https:\/\/trotrx.com\/pt-pt\/#\/schema\/logo\/image\/","url":"https:\/\/trotrx.com\/wp-content\/uploads\/2024\/10\/Design-sans-titre-2025-02-24T111129.185-e1740391936319.png","contentUrl":"https:\/\/trotrx.com\/wp-content\/uploads\/2024\/10\/Design-sans-titre-2025-02-24T111129.185-e1740391936319.png","width":1920,"height":370,"caption":"TROTRX - Trottinettes \u00e9lectriques tout-terrain ! \u26a1\ufe0f\ud83d\udef4"},"image":{"@id":"https:\/\/trotrx.com\/pt-pt\/#\/schema\/logo\/image\/"}}]}},"_links":{"self":[{"href":"https:\/\/trotrx.com\/pt-pt\/wp-json\/wp\/v2\/product\/16394","targetHints":{"allow":["GET"]}}],"collection":[{"href":"https:\/\/trotrx.com\/pt-pt\/wp-json\/wp\/v2\/product"}],"about":[{"href":"https:\/\/trotrx.com\/pt-pt\/wp-json\/wp\/v2\/types\/product"}],"version-history":[{"count":1,"href":"https:\/\/trotrx.com\/pt-pt\/wp-json\/wp\/v2\/product\/16394\/revisions"}],"predecessor-version":[{"id":17966,"href":"https:\/\/trotrx.com\/pt-pt\/wp-json\/wp\/v2\/product\/16394\/revisions\/17966"}],"wp:featuredmedia":[{"embeddable":true,"href":"https:\/\/trotrx.com\/pt-pt\/wp-json\/wp\/v2\/media\/14645"}],"wp:attachment":[{"href":"https:\/\/trotrx.com\/pt-pt\/wp-json\/wp\/v2\/media?parent=16394"}],"wp:term":[{"taxonomy":"product_brand","embeddable":true,"href":"https:\/\/trotrx.com\/pt-pt\/wp-json\/wp\/v2\/product_brand?post=16394"},{"taxonomy":"product_cat","embeddable":true,"href":"https:\/\/trotrx.com\/pt-pt\/wp-json\/wp\/v2\/product_cat?post=16394"},{"taxonomy":"product_tag","embeddable":true,"href":"https:\/\/trotrx.com\/pt-pt\/wp-json\/wp\/v2\/product_tag?post=16394"}],"curies":[{"name":"wp","href":"https:\/\/api.w.org\/{rel}","templated":true}]}}