{"id":15788,"date":"2025-01-06T13:34:27","date_gmt":"2025-01-06T13:34:27","guid":{"rendered":"https:\/\/trotrx.com\/product\/lcd5-ecra-de-guiador-em-aluminio\/"},"modified":"2026-01-22T10:22:51","modified_gmt":"2026-01-22T10:22:51","slug":"lcd5-ecra-de-guiador-em-aluminio","status":"publish","type":"product","link":"https:\/\/trotrx.com\/pt-pt\/product\/lcd5-ecra-de-guiador-em-aluminio\/","title":{"rendered":"LCD5 ECR\u00c3 DE GUIADOR EM ALUM\u00cdNIO"},"content":{"rendered":"<p>O visor de \u00faltima gera\u00e7\u00e3o com ecr\u00e3 LCD-5 pode ser montado no guiador de alum\u00ednio e oferece uma s\u00e9rie de op\u00e7\u00f5es:<\/p>\n<p>&#8211; Bot\u00e3o de arranque ON\/OFF<\/p>\n<p>&#8211; Controlo da carga<\/p>\n<p>&#8211; Velocidade<\/p>\n<p>&#8211; Dist\u00e2ncia<\/p>\n<p>&#8211; Defini\u00e7\u00f5es de velocidade m\u00e1xima<\/p>\n<p>Adequado para :<\/p>\n<p>&#8211; TROTRX E-SCOOT FS 20&#8243; (BATERIA INTEGRADA 25Ah\/MONO MOTOR\/500W)<\/p>\n<p>&#8211; TROTRX E-SCOOT FS 20&#8243; (BATERIA INTEGRADA 25Ah\/MONO MOTOR\/750W)<\/p>\n<p>&#8211; TROTRX E-SCOOT FS 20&#8243; (BATERIA INTEGRADA 25Ah\/2 RODAS MOTORIZADAS\/500W)<\/p>\n<p>&#8211; TROTRX E-SCOOT FS 20&#8243; (BATERIA INTEGRADA 25Ah\/2 RODAS DO MOTOR\/750W)<\/p>\n<p>&#8211; TROTRX E-SCOOT FS 24&#8243; (BATERIA INTEGRADA 25Ah\/MONO MOTOR\/500W)<\/p>\n<p>&#8211; TROTRX E-SCOOT FS 24&#8243; (BATERIA INTEGRADA 25Ah\/MONO MOTOR\/750W)<\/p>\n<p>&#8211; TROTRX E-SCOOT FS 24&#8243; (BATERIA INTEGRADA 25Ah\/2 RODAS MOTORIZADAS\/500W)<\/p>\n<p>&#8211; TROTRX E-SCOOT FS 24&#8243; (BATERIA INTEGRADA 25Ah\/2 RODAS DO MOTOR\/750W)<\/p>\n","protected":false},"excerpt":{"rendered":"<p>Visor multifun\u00e7\u00f5es com caixa de alum\u00ednio: controlo de carga, velocidade, dist\u00e2ncia, defini\u00e7\u00f5es de velocidade m\u00e1xima.<br \/>Para modelos com bateria integrada.<\/p>\n","protected":false},"featured_media":8949,"template":"","meta":[],"product_brand":[],"product_cat":[128],"product_tag":[],"class_list":{"0":"post-15788","1":"product","2":"type-product","3":"status-publish","4":"has-post-thumbnail","6":"product_cat-eletronica","8":"first","9":"instock","10":"taxable","11":"shipping-taxable","12":"purchasable","13":"product-type-simple"},"yoast_head":"<!-- This site is optimized with the Yoast SEO plugin v27.4 - https:\/\/yoast.com\/product\/yoast-seo-wordpress\/ -->\n<title>LCD5 ECR\u00c3 DE GUIADOR EM ALUM\u00cdNIO - TROTRX - Trottinettes &eacute;lectriques tout-terrain \u26a1\ufe0f\ud83d\udef4<\/title>\n<meta name=\"description\" content=\"Ecr\u00e3 multifun\u00e7\u00f5es com caixa de alum\u00ednio: controlo da carga, velocidade, dist\u00e2ncia, defini\u00e7\u00f5es de velocidade m\u00e1xima. Para os modelos com bateria integrada.\" \/>\n<meta name=\"robots\" content=\"index, follow, max-snippet:-1, max-image-preview:large, max-video-preview:-1\" \/>\n<link rel=\"canonical\" href=\"https:\/\/trotrx.com\/pt-pt\/product\/lcd5-ecra-de-guiador-em-aluminio\/\" \/>\n<meta property=\"og:locale\" content=\"pt_PT\" \/>\n<meta property=\"og:type\" content=\"article\" \/>\n<meta property=\"og:title\" content=\"LCD5 ECR\u00c3 DE GUIADOR EM ALUM\u00cdNIO - TROTRX - Trottinettes &eacute;lectriques tout-terrain \u26a1\ufe0f\ud83d\udef4\" \/>\n<meta property=\"og:description\" content=\"Ecr\u00e3 multifun\u00e7\u00f5es com caixa de alum\u00ednio: controlo da carga, velocidade, dist\u00e2ncia, defini\u00e7\u00f5es de velocidade m\u00e1xima. Para os modelos com bateria integrada.\" \/>\n<meta property=\"og:url\" content=\"https:\/\/trotrx.com\/pt-pt\/product\/lcd5-ecra-de-guiador-em-aluminio\/\" \/>\n<meta property=\"og:site_name\" content=\"TROTRX - Trottinettes &eacute;lectriques tout-terrain \u26a1\ufe0f\ud83d\udef4\" \/>\n<meta property=\"article:modified_time\" content=\"2026-01-22T10:22:51+00:00\" \/>\n<meta name=\"twitter:card\" content=\"summary_large_image\" \/>\n<meta name=\"twitter:label1\" content=\"Tempo estimado de leitura\" \/>\n\t<meta name=\"twitter:data1\" content=\"1 minuto\" \/>\n<script type=\"application\/ld+json\" class=\"yoast-schema-graph\">{\"@context\":\"https:\\\/\\\/schema.org\",\"@graph\":[{\"@type\":\"WebPage\",\"@id\":\"https:\\\/\\\/trotrx.com\\\/pt-pt\\\/product\\\/lcd5-ecra-de-guiador-em-aluminio\\\/\",\"url\":\"https:\\\/\\\/trotrx.com\\\/pt-pt\\\/product\\\/lcd5-ecra-de-guiador-em-aluminio\\\/\",\"name\":\"LCD5 ECR\u00c3 DE GUIADOR EM ALUM\u00cdNIO - TROTRX - Trottinettes &eacute;lectriques tout-terrain \u26a1\ufe0f\ud83d\udef4\",\"isPartOf\":{\"@id\":\"https:\\\/\\\/trotrx.com\\\/pt-pt\\\/#website\"},\"primaryImageOfPage\":{\"@id\":\"https:\\\/\\\/trotrx.com\\\/pt-pt\\\/product\\\/lcd5-ecra-de-guiador-em-aluminio\\\/#primaryimage\"},\"image\":{\"@id\":\"https:\\\/\\\/trotrx.com\\\/pt-pt\\\/product\\\/lcd5-ecra-de-guiador-em-aluminio\\\/#primaryimage\"},\"thumbnailUrl\":\"https:\\\/\\\/trotrx.com\\\/wp-content\\\/uploads\\\/2024\\\/10\\\/DISPLAY-LCD5-ALU-GUIDON-1.avif\",\"datePublished\":\"2025-01-06T13:34:27+00:00\",\"dateModified\":\"2026-01-22T10:22:51+00:00\",\"description\":\"Ecr\u00e3 multifun\u00e7\u00f5es com caixa de alum\u00ednio: controlo da carga, velocidade, dist\u00e2ncia, defini\u00e7\u00f5es de velocidade m\u00e1xima. Para os modelos com bateria integrada.\",\"breadcrumb\":{\"@id\":\"https:\\\/\\\/trotrx.com\\\/pt-pt\\\/product\\\/lcd5-ecra-de-guiador-em-aluminio\\\/#breadcrumb\"},\"inLanguage\":\"pt-PT\",\"potentialAction\":[{\"@type\":\"ReadAction\",\"target\":[\"https:\\\/\\\/trotrx.com\\\/pt-pt\\\/product\\\/lcd5-ecra-de-guiador-em-aluminio\\\/\"]}]},{\"@type\":\"ImageObject\",\"inLanguage\":\"pt-PT\",\"@id\":\"https:\\\/\\\/trotrx.com\\\/pt-pt\\\/product\\\/lcd5-ecra-de-guiador-em-aluminio\\\/#primaryimage\",\"url\":\"https:\\\/\\\/trotrx.com\\\/wp-content\\\/uploads\\\/2024\\\/10\\\/DISPLAY-LCD5-ALU-GUIDON-1.avif\",\"contentUrl\":\"https:\\\/\\\/trotrx.com\\\/wp-content\\\/uploads\\\/2024\\\/10\\\/DISPLAY-LCD5-ALU-GUIDON-1.avif\",\"width\":1080,\"height\":1080},{\"@type\":\"BreadcrumbList\",\"@id\":\"https:\\\/\\\/trotrx.com\\\/pt-pt\\\/product\\\/lcd5-ecra-de-guiador-em-aluminio\\\/#breadcrumb\",\"itemListElement\":[{\"@type\":\"ListItem\",\"position\":1,\"name\":\"Casa\",\"item\":\"https:\\\/\\\/trotrx.com\\\/pt-pt\\\/casa\\\/\"},{\"@type\":\"ListItem\",\"position\":2,\"name\":\"Shop\",\"item\":\"https:\\\/\\\/trotrx.com\\\/boutique\\\/\"},{\"@type\":\"ListItem\",\"position\":3,\"name\":\"LCD5 ECR\u00c3 DE GUIADOR EM ALUM\u00cdNIO\"}]},{\"@type\":\"WebSite\",\"@id\":\"https:\\\/\\\/trotrx.com\\\/pt-pt\\\/#website\",\"url\":\"https:\\\/\\\/trotrx.com\\\/pt-pt\\\/\",\"name\":\"TROTRX - Trottinettes \u00e9lectriques tout-terrain ! \u26a1\ufe0f\ud83d\udef4\",\"description\":\"TROTRX - La trottinette &eacute;lectrique tout-terrain depuis 2008\",\"publisher\":{\"@id\":\"https:\\\/\\\/trotrx.com\\\/pt-pt\\\/#organization\"},\"alternateName\":\"TROTRX \u26a1\ufe0f\ud83d\udef4\",\"potentialAction\":[{\"@type\":\"SearchAction\",\"target\":{\"@type\":\"EntryPoint\",\"urlTemplate\":\"https:\\\/\\\/trotrx.com\\\/pt-pt\\\/?s={search_term_string}\"},\"query-input\":{\"@type\":\"PropertyValueSpecification\",\"valueRequired\":true,\"valueName\":\"search_term_string\"}}],\"inLanguage\":\"pt-PT\"},{\"@type\":\"Organization\",\"@id\":\"https:\\\/\\\/trotrx.com\\\/pt-pt\\\/#organization\",\"name\":\"TROTRX - Trottinettes \u00e9lectriques tout-terrain ! \u26a1\ufe0f\ud83d\udef4\",\"url\":\"https:\\\/\\\/trotrx.com\\\/pt-pt\\\/\",\"logo\":{\"@type\":\"ImageObject\",\"inLanguage\":\"pt-PT\",\"@id\":\"https:\\\/\\\/trotrx.com\\\/pt-pt\\\/#\\\/schema\\\/logo\\\/image\\\/\",\"url\":\"https:\\\/\\\/trotrx.com\\\/wp-content\\\/uploads\\\/2024\\\/10\\\/Design-sans-titre-2025-02-24T111129.185-e1740391936319.png\",\"contentUrl\":\"https:\\\/\\\/trotrx.com\\\/wp-content\\\/uploads\\\/2024\\\/10\\\/Design-sans-titre-2025-02-24T111129.185-e1740391936319.png\",\"width\":1920,\"height\":370,\"caption\":\"TROTRX - Trottinettes \u00e9lectriques tout-terrain ! \u26a1\ufe0f\ud83d\udef4\"},\"image\":{\"@id\":\"https:\\\/\\\/trotrx.com\\\/pt-pt\\\/#\\\/schema\\\/logo\\\/image\\\/\"}}]}<\/script>\n<!-- \/ Yoast SEO plugin. -->","yoast_head_json":{"title":"LCD5 ECR\u00c3 DE GUIADOR EM ALUM\u00cdNIO - TROTRX - Trottinettes &eacute;lectriques tout-terrain \u26a1\ufe0f\ud83d\udef4","description":"Ecr\u00e3 multifun\u00e7\u00f5es com caixa de alum\u00ednio: controlo da carga, velocidade, dist\u00e2ncia, defini\u00e7\u00f5es de velocidade m\u00e1xima. Para os modelos com bateria integrada.","robots":{"index":"index","follow":"follow","max-snippet":"max-snippet:-1","max-image-preview":"max-image-preview:large","max-video-preview":"max-video-preview:-1"},"canonical":"https:\/\/trotrx.com\/pt-pt\/product\/lcd5-ecra-de-guiador-em-aluminio\/","og_locale":"pt_PT","og_type":"article","og_title":"LCD5 ECR\u00c3 DE GUIADOR EM ALUM\u00cdNIO - TROTRX - Trottinettes &eacute;lectriques tout-terrain \u26a1\ufe0f\ud83d\udef4","og_description":"Ecr\u00e3 multifun\u00e7\u00f5es com caixa de alum\u00ednio: controlo da carga, velocidade, dist\u00e2ncia, defini\u00e7\u00f5es de velocidade m\u00e1xima. Para os modelos com bateria integrada.","og_url":"https:\/\/trotrx.com\/pt-pt\/product\/lcd5-ecra-de-guiador-em-aluminio\/","og_site_name":"TROTRX - Trottinettes &eacute;lectriques tout-terrain \u26a1\ufe0f\ud83d\udef4","article_modified_time":"2026-01-22T10:22:51+00:00","twitter_card":"summary_large_image","twitter_misc":{"Tempo estimado de leitura":"1 minuto"},"schema":{"@context":"https:\/\/schema.org","@graph":[{"@type":"WebPage","@id":"https:\/\/trotrx.com\/pt-pt\/product\/lcd5-ecra-de-guiador-em-aluminio\/","url":"https:\/\/trotrx.com\/pt-pt\/product\/lcd5-ecra-de-guiador-em-aluminio\/","name":"LCD5 ECR\u00c3 DE GUIADOR EM ALUM\u00cdNIO - TROTRX - Trottinettes &eacute;lectriques tout-terrain \u26a1\ufe0f\ud83d\udef4","isPartOf":{"@id":"https:\/\/trotrx.com\/pt-pt\/#website"},"primaryImageOfPage":{"@id":"https:\/\/trotrx.com\/pt-pt\/product\/lcd5-ecra-de-guiador-em-aluminio\/#primaryimage"},"image":{"@id":"https:\/\/trotrx.com\/pt-pt\/product\/lcd5-ecra-de-guiador-em-aluminio\/#primaryimage"},"thumbnailUrl":"https:\/\/trotrx.com\/wp-content\/uploads\/2024\/10\/DISPLAY-LCD5-ALU-GUIDON-1.avif","datePublished":"2025-01-06T13:34:27+00:00","dateModified":"2026-01-22T10:22:51+00:00","description":"Ecr\u00e3 multifun\u00e7\u00f5es com caixa de alum\u00ednio: controlo da carga, velocidade, dist\u00e2ncia, defini\u00e7\u00f5es de velocidade m\u00e1xima. Para os modelos com bateria integrada.","breadcrumb":{"@id":"https:\/\/trotrx.com\/pt-pt\/product\/lcd5-ecra-de-guiador-em-aluminio\/#breadcrumb"},"inLanguage":"pt-PT","potentialAction":[{"@type":"ReadAction","target":["https:\/\/trotrx.com\/pt-pt\/product\/lcd5-ecra-de-guiador-em-aluminio\/"]}]},{"@type":"ImageObject","inLanguage":"pt-PT","@id":"https:\/\/trotrx.com\/pt-pt\/product\/lcd5-ecra-de-guiador-em-aluminio\/#primaryimage","url":"https:\/\/trotrx.com\/wp-content\/uploads\/2024\/10\/DISPLAY-LCD5-ALU-GUIDON-1.avif","contentUrl":"https:\/\/trotrx.com\/wp-content\/uploads\/2024\/10\/DISPLAY-LCD5-ALU-GUIDON-1.avif","width":1080,"height":1080},{"@type":"BreadcrumbList","@id":"https:\/\/trotrx.com\/pt-pt\/product\/lcd5-ecra-de-guiador-em-aluminio\/#breadcrumb","itemListElement":[{"@type":"ListItem","position":1,"name":"Casa","item":"https:\/\/trotrx.com\/pt-pt\/casa\/"},{"@type":"ListItem","position":2,"name":"Shop","item":"https:\/\/trotrx.com\/boutique\/"},{"@type":"ListItem","position":3,"name":"LCD5 ECR\u00c3 DE GUIADOR EM ALUM\u00cdNIO"}]},{"@type":"WebSite","@id":"https:\/\/trotrx.com\/pt-pt\/#website","url":"https:\/\/trotrx.com\/pt-pt\/","name":"TROTRX - Trottinettes \u00e9lectriques tout-terrain ! \u26a1\ufe0f\ud83d\udef4","description":"TROTRX - La trottinette &eacute;lectrique tout-terrain depuis 2008","publisher":{"@id":"https:\/\/trotrx.com\/pt-pt\/#organization"},"alternateName":"TROTRX \u26a1\ufe0f\ud83d\udef4","potentialAction":[{"@type":"SearchAction","target":{"@type":"EntryPoint","urlTemplate":"https:\/\/trotrx.com\/pt-pt\/?s={search_term_string}"},"query-input":{"@type":"PropertyValueSpecification","valueRequired":true,"valueName":"search_term_string"}}],"inLanguage":"pt-PT"},{"@type":"Organization","@id":"https:\/\/trotrx.com\/pt-pt\/#organization","name":"TROTRX - Trottinettes \u00e9lectriques tout-terrain ! \u26a1\ufe0f\ud83d\udef4","url":"https:\/\/trotrx.com\/pt-pt\/","logo":{"@type":"ImageObject","inLanguage":"pt-PT","@id":"https:\/\/trotrx.com\/pt-pt\/#\/schema\/logo\/image\/","url":"https:\/\/trotrx.com\/wp-content\/uploads\/2024\/10\/Design-sans-titre-2025-02-24T111129.185-e1740391936319.png","contentUrl":"https:\/\/trotrx.com\/wp-content\/uploads\/2024\/10\/Design-sans-titre-2025-02-24T111129.185-e1740391936319.png","width":1920,"height":370,"caption":"TROTRX - Trottinettes \u00e9lectriques tout-terrain ! \u26a1\ufe0f\ud83d\udef4"},"image":{"@id":"https:\/\/trotrx.com\/pt-pt\/#\/schema\/logo\/image\/"}}]}},"_links":{"self":[{"href":"https:\/\/trotrx.com\/pt-pt\/wp-json\/wp\/v2\/product\/15788","targetHints":{"allow":["GET"]}}],"collection":[{"href":"https:\/\/trotrx.com\/pt-pt\/wp-json\/wp\/v2\/product"}],"about":[{"href":"https:\/\/trotrx.com\/pt-pt\/wp-json\/wp\/v2\/types\/product"}],"version-history":[{"count":1,"href":"https:\/\/trotrx.com\/pt-pt\/wp-json\/wp\/v2\/product\/15788\/revisions"}],"predecessor-version":[{"id":17621,"href":"https:\/\/trotrx.com\/pt-pt\/wp-json\/wp\/v2\/product\/15788\/revisions\/17621"}],"wp:featuredmedia":[{"embeddable":true,"href":"https:\/\/trotrx.com\/pt-pt\/wp-json\/wp\/v2\/media\/8949"}],"wp:attachment":[{"href":"https:\/\/trotrx.com\/pt-pt\/wp-json\/wp\/v2\/media?parent=15788"}],"wp:term":[{"taxonomy":"product_brand","embeddable":true,"href":"https:\/\/trotrx.com\/pt-pt\/wp-json\/wp\/v2\/product_brand?post=15788"},{"taxonomy":"product_cat","embeddable":true,"href":"https:\/\/trotrx.com\/pt-pt\/wp-json\/wp\/v2\/product_cat?post=15788"},{"taxonomy":"product_tag","embeddable":true,"href":"https:\/\/trotrx.com\/pt-pt\/wp-json\/wp\/v2\/product_tag?post=15788"}],"curies":[{"name":"wp","href":"https:\/\/api.w.org\/{rel}","templated":true}]}}