{"id":15739,"date":"2025-01-06T13:34:23","date_gmt":"2025-01-06T13:34:23","guid":{"rendered":"https:\/\/trotrx.com\/product\/kit-de-guarda-lamas-dianteiro\/"},"modified":"2026-01-28T12:06:07","modified_gmt":"2026-01-28T12:06:07","slug":"kit-de-guarda-lamas-dianteiro","status":"publish","type":"product","link":"https:\/\/trotrx.com\/pt-pt\/product\/kit-de-guarda-lamas-dianteiro\/","title":{"rendered":"KIT DE GUARDA-LAMAS DIANTEIRO"},"content":{"rendered":"<p>Guarda-lamas deflector em pl\u00e1stico macio.<\/p>\n<p>Fixa-se na parte da frente do quadro.<\/p>\n<p>Adequado para todos os nossos modelos de trotinetes el\u00e9ctricas.<\/p>\n","protected":false},"excerpt":{"rendered":"<p>Kit de guarda-lamas dianteiro composto por:<br \/>Guarda-lamas dianteiro x1<br \/>Anilhas M5 x4<\/p>\n","protected":false},"featured_media":5296,"template":"","meta":[],"product_brand":[],"product_cat":[124],"product_tag":[],"class_list":{"0":"post-15739","1":"product","2":"type-product","3":"status-publish","4":"has-post-thumbnail","6":"product_cat-componentes","8":"first","9":"instock","10":"taxable","11":"shipping-taxable","12":"purchasable","13":"product-type-simple"},"yoast_head":"<!-- This site is optimized with the Yoast SEO plugin v27.4 - https:\/\/yoast.com\/product\/yoast-seo-wordpress\/ -->\n<title>KIT DE GUARDA-LAMAS DIANTEIRO - TROTRX - Trottinettes &eacute;lectriques tout-terrain \u26a1\ufe0f\ud83d\udef4<\/title>\n<meta name=\"description\" content=\"Guarda-lamas de pl\u00e1stico flex\u00edvel. Fixa na parte da frente do quadro. Adequado para todos os nossos modelos de trotinetes el\u00e9ctricas.\" \/>\n<meta name=\"robots\" content=\"index, follow, max-snippet:-1, max-image-preview:large, max-video-preview:-1\" \/>\n<link rel=\"canonical\" href=\"https:\/\/trotrx.com\/pt-pt\/product\/kit-de-guarda-lamas-dianteiro\/\" \/>\n<meta property=\"og:locale\" content=\"pt_PT\" \/>\n<meta property=\"og:type\" content=\"article\" \/>\n<meta property=\"og:title\" content=\"KIT DE GUARDA-LAMAS DIANTEIRO - TROTRX - Trottinettes &eacute;lectriques tout-terrain \u26a1\ufe0f\ud83d\udef4\" \/>\n<meta property=\"og:description\" content=\"Guarda-lamas de pl\u00e1stico flex\u00edvel. Fixa na parte da frente do quadro. Adequado para todos os nossos modelos de trotinetes el\u00e9ctricas.\" \/>\n<meta property=\"og:url\" content=\"https:\/\/trotrx.com\/pt-pt\/product\/kit-de-guarda-lamas-dianteiro\/\" \/>\n<meta property=\"og:site_name\" content=\"TROTRX - Trottinettes &eacute;lectriques tout-terrain \u26a1\ufe0f\ud83d\udef4\" \/>\n<meta property=\"article:modified_time\" content=\"2026-01-28T12:06:07+00:00\" \/>\n<meta name=\"twitter:card\" content=\"summary_large_image\" \/>\n<script type=\"application\/ld+json\" class=\"yoast-schema-graph\">{\"@context\":\"https:\\\/\\\/schema.org\",\"@graph\":[{\"@type\":\"WebPage\",\"@id\":\"https:\\\/\\\/trotrx.com\\\/pt-pt\\\/product\\\/kit-de-guarda-lamas-dianteiro\\\/\",\"url\":\"https:\\\/\\\/trotrx.com\\\/pt-pt\\\/product\\\/kit-de-guarda-lamas-dianteiro\\\/\",\"name\":\"KIT DE GUARDA-LAMAS DIANTEIRO - TROTRX - Trottinettes &eacute;lectriques tout-terrain \u26a1\ufe0f\ud83d\udef4\",\"isPartOf\":{\"@id\":\"https:\\\/\\\/trotrx.com\\\/pt-pt\\\/#website\"},\"primaryImageOfPage\":{\"@id\":\"https:\\\/\\\/trotrx.com\\\/pt-pt\\\/product\\\/kit-de-guarda-lamas-dianteiro\\\/#primaryimage\"},\"image\":{\"@id\":\"https:\\\/\\\/trotrx.com\\\/pt-pt\\\/product\\\/kit-de-guarda-lamas-dianteiro\\\/#primaryimage\"},\"thumbnailUrl\":\"https:\\\/\\\/trotrx.com\\\/wp-content\\\/uploads\\\/2024\\\/10\\\/GARDE-BOUE-AVANT.avif\",\"datePublished\":\"2025-01-06T13:34:23+00:00\",\"dateModified\":\"2026-01-28T12:06:07+00:00\",\"description\":\"Guarda-lamas de pl\u00e1stico flex\u00edvel. Fixa na parte da frente do quadro. Adequado para todos os nossos modelos de trotinetes el\u00e9ctricas.\",\"breadcrumb\":{\"@id\":\"https:\\\/\\\/trotrx.com\\\/pt-pt\\\/product\\\/kit-de-guarda-lamas-dianteiro\\\/#breadcrumb\"},\"inLanguage\":\"pt-PT\",\"potentialAction\":[{\"@type\":\"ReadAction\",\"target\":[\"https:\\\/\\\/trotrx.com\\\/pt-pt\\\/product\\\/kit-de-guarda-lamas-dianteiro\\\/\"]}]},{\"@type\":\"ImageObject\",\"inLanguage\":\"pt-PT\",\"@id\":\"https:\\\/\\\/trotrx.com\\\/pt-pt\\\/product\\\/kit-de-guarda-lamas-dianteiro\\\/#primaryimage\",\"url\":\"https:\\\/\\\/trotrx.com\\\/wp-content\\\/uploads\\\/2024\\\/10\\\/GARDE-BOUE-AVANT.avif\",\"contentUrl\":\"https:\\\/\\\/trotrx.com\\\/wp-content\\\/uploads\\\/2024\\\/10\\\/GARDE-BOUE-AVANT.avif\",\"width\":1080,\"height\":1080,\"caption\":\"GUARDA-LAMAS (FRENTE)\"},{\"@type\":\"BreadcrumbList\",\"@id\":\"https:\\\/\\\/trotrx.com\\\/pt-pt\\\/product\\\/kit-de-guarda-lamas-dianteiro\\\/#breadcrumb\",\"itemListElement\":[{\"@type\":\"ListItem\",\"position\":1,\"name\":\"Casa\",\"item\":\"https:\\\/\\\/trotrx.com\\\/pt-pt\\\/casa\\\/\"},{\"@type\":\"ListItem\",\"position\":2,\"name\":\"Shop\",\"item\":\"https:\\\/\\\/trotrx.com\\\/boutique\\\/\"},{\"@type\":\"ListItem\",\"position\":3,\"name\":\"KIT DE GUARDA-LAMAS DIANTEIRO\"}]},{\"@type\":\"WebSite\",\"@id\":\"https:\\\/\\\/trotrx.com\\\/pt-pt\\\/#website\",\"url\":\"https:\\\/\\\/trotrx.com\\\/pt-pt\\\/\",\"name\":\"TROTRX - Trottinettes \u00e9lectriques tout-terrain ! \u26a1\ufe0f\ud83d\udef4\",\"description\":\"TROTRX - La trottinette &eacute;lectrique tout-terrain depuis 2008\",\"publisher\":{\"@id\":\"https:\\\/\\\/trotrx.com\\\/pt-pt\\\/#organization\"},\"alternateName\":\"TROTRX \u26a1\ufe0f\ud83d\udef4\",\"potentialAction\":[{\"@type\":\"SearchAction\",\"target\":{\"@type\":\"EntryPoint\",\"urlTemplate\":\"https:\\\/\\\/trotrx.com\\\/pt-pt\\\/?s={search_term_string}\"},\"query-input\":{\"@type\":\"PropertyValueSpecification\",\"valueRequired\":true,\"valueName\":\"search_term_string\"}}],\"inLanguage\":\"pt-PT\"},{\"@type\":\"Organization\",\"@id\":\"https:\\\/\\\/trotrx.com\\\/pt-pt\\\/#organization\",\"name\":\"TROTRX - Trottinettes \u00e9lectriques tout-terrain ! \u26a1\ufe0f\ud83d\udef4\",\"url\":\"https:\\\/\\\/trotrx.com\\\/pt-pt\\\/\",\"logo\":{\"@type\":\"ImageObject\",\"inLanguage\":\"pt-PT\",\"@id\":\"https:\\\/\\\/trotrx.com\\\/pt-pt\\\/#\\\/schema\\\/logo\\\/image\\\/\",\"url\":\"https:\\\/\\\/trotrx.com\\\/wp-content\\\/uploads\\\/2024\\\/10\\\/Design-sans-titre-2025-02-24T111129.185-e1740391936319.png\",\"contentUrl\":\"https:\\\/\\\/trotrx.com\\\/wp-content\\\/uploads\\\/2024\\\/10\\\/Design-sans-titre-2025-02-24T111129.185-e1740391936319.png\",\"width\":1920,\"height\":370,\"caption\":\"TROTRX - Trottinettes \u00e9lectriques tout-terrain ! \u26a1\ufe0f\ud83d\udef4\"},\"image\":{\"@id\":\"https:\\\/\\\/trotrx.com\\\/pt-pt\\\/#\\\/schema\\\/logo\\\/image\\\/\"}}]}<\/script>\n<!-- \/ Yoast SEO plugin. -->","yoast_head_json":{"title":"KIT DE GUARDA-LAMAS DIANTEIRO - TROTRX - Trottinettes &eacute;lectriques tout-terrain \u26a1\ufe0f\ud83d\udef4","description":"Guarda-lamas de pl\u00e1stico flex\u00edvel. Fixa na parte da frente do quadro. Adequado para todos os nossos modelos de trotinetes el\u00e9ctricas.","robots":{"index":"index","follow":"follow","max-snippet":"max-snippet:-1","max-image-preview":"max-image-preview:large","max-video-preview":"max-video-preview:-1"},"canonical":"https:\/\/trotrx.com\/pt-pt\/product\/kit-de-guarda-lamas-dianteiro\/","og_locale":"pt_PT","og_type":"article","og_title":"KIT DE GUARDA-LAMAS DIANTEIRO - TROTRX - Trottinettes &eacute;lectriques tout-terrain \u26a1\ufe0f\ud83d\udef4","og_description":"Guarda-lamas de pl\u00e1stico flex\u00edvel. Fixa na parte da frente do quadro. Adequado para todos os nossos modelos de trotinetes el\u00e9ctricas.","og_url":"https:\/\/trotrx.com\/pt-pt\/product\/kit-de-guarda-lamas-dianteiro\/","og_site_name":"TROTRX - Trottinettes &eacute;lectriques tout-terrain \u26a1\ufe0f\ud83d\udef4","article_modified_time":"2026-01-28T12:06:07+00:00","twitter_card":"summary_large_image","schema":{"@context":"https:\/\/schema.org","@graph":[{"@type":"WebPage","@id":"https:\/\/trotrx.com\/pt-pt\/product\/kit-de-guarda-lamas-dianteiro\/","url":"https:\/\/trotrx.com\/pt-pt\/product\/kit-de-guarda-lamas-dianteiro\/","name":"KIT DE GUARDA-LAMAS DIANTEIRO - TROTRX - Trottinettes &eacute;lectriques tout-terrain \u26a1\ufe0f\ud83d\udef4","isPartOf":{"@id":"https:\/\/trotrx.com\/pt-pt\/#website"},"primaryImageOfPage":{"@id":"https:\/\/trotrx.com\/pt-pt\/product\/kit-de-guarda-lamas-dianteiro\/#primaryimage"},"image":{"@id":"https:\/\/trotrx.com\/pt-pt\/product\/kit-de-guarda-lamas-dianteiro\/#primaryimage"},"thumbnailUrl":"https:\/\/trotrx.com\/wp-content\/uploads\/2024\/10\/GARDE-BOUE-AVANT.avif","datePublished":"2025-01-06T13:34:23+00:00","dateModified":"2026-01-28T12:06:07+00:00","description":"Guarda-lamas de pl\u00e1stico flex\u00edvel. Fixa na parte da frente do quadro. Adequado para todos os nossos modelos de trotinetes el\u00e9ctricas.","breadcrumb":{"@id":"https:\/\/trotrx.com\/pt-pt\/product\/kit-de-guarda-lamas-dianteiro\/#breadcrumb"},"inLanguage":"pt-PT","potentialAction":[{"@type":"ReadAction","target":["https:\/\/trotrx.com\/pt-pt\/product\/kit-de-guarda-lamas-dianteiro\/"]}]},{"@type":"ImageObject","inLanguage":"pt-PT","@id":"https:\/\/trotrx.com\/pt-pt\/product\/kit-de-guarda-lamas-dianteiro\/#primaryimage","url":"https:\/\/trotrx.com\/wp-content\/uploads\/2024\/10\/GARDE-BOUE-AVANT.avif","contentUrl":"https:\/\/trotrx.com\/wp-content\/uploads\/2024\/10\/GARDE-BOUE-AVANT.avif","width":1080,"height":1080,"caption":"GUARDA-LAMAS (FRENTE)"},{"@type":"BreadcrumbList","@id":"https:\/\/trotrx.com\/pt-pt\/product\/kit-de-guarda-lamas-dianteiro\/#breadcrumb","itemListElement":[{"@type":"ListItem","position":1,"name":"Casa","item":"https:\/\/trotrx.com\/pt-pt\/casa\/"},{"@type":"ListItem","position":2,"name":"Shop","item":"https:\/\/trotrx.com\/boutique\/"},{"@type":"ListItem","position":3,"name":"KIT DE GUARDA-LAMAS DIANTEIRO"}]},{"@type":"WebSite","@id":"https:\/\/trotrx.com\/pt-pt\/#website","url":"https:\/\/trotrx.com\/pt-pt\/","name":"TROTRX - Trottinettes \u00e9lectriques tout-terrain ! \u26a1\ufe0f\ud83d\udef4","description":"TROTRX - La trottinette &eacute;lectrique tout-terrain depuis 2008","publisher":{"@id":"https:\/\/trotrx.com\/pt-pt\/#organization"},"alternateName":"TROTRX \u26a1\ufe0f\ud83d\udef4","potentialAction":[{"@type":"SearchAction","target":{"@type":"EntryPoint","urlTemplate":"https:\/\/trotrx.com\/pt-pt\/?s={search_term_string}"},"query-input":{"@type":"PropertyValueSpecification","valueRequired":true,"valueName":"search_term_string"}}],"inLanguage":"pt-PT"},{"@type":"Organization","@id":"https:\/\/trotrx.com\/pt-pt\/#organization","name":"TROTRX - Trottinettes \u00e9lectriques tout-terrain ! \u26a1\ufe0f\ud83d\udef4","url":"https:\/\/trotrx.com\/pt-pt\/","logo":{"@type":"ImageObject","inLanguage":"pt-PT","@id":"https:\/\/trotrx.com\/pt-pt\/#\/schema\/logo\/image\/","url":"https:\/\/trotrx.com\/wp-content\/uploads\/2024\/10\/Design-sans-titre-2025-02-24T111129.185-e1740391936319.png","contentUrl":"https:\/\/trotrx.com\/wp-content\/uploads\/2024\/10\/Design-sans-titre-2025-02-24T111129.185-e1740391936319.png","width":1920,"height":370,"caption":"TROTRX - Trottinettes \u00e9lectriques tout-terrain ! \u26a1\ufe0f\ud83d\udef4"},"image":{"@id":"https:\/\/trotrx.com\/pt-pt\/#\/schema\/logo\/image\/"}}]}},"_links":{"self":[{"href":"https:\/\/trotrx.com\/pt-pt\/wp-json\/wp\/v2\/product\/15739","targetHints":{"allow":["GET"]}}],"collection":[{"href":"https:\/\/trotrx.com\/pt-pt\/wp-json\/wp\/v2\/product"}],"about":[{"href":"https:\/\/trotrx.com\/pt-pt\/wp-json\/wp\/v2\/types\/product"}],"version-history":[{"count":1,"href":"https:\/\/trotrx.com\/pt-pt\/wp-json\/wp\/v2\/product\/15739\/revisions"}],"predecessor-version":[{"id":18161,"href":"https:\/\/trotrx.com\/pt-pt\/wp-json\/wp\/v2\/product\/15739\/revisions\/18161"}],"wp:featuredmedia":[{"embeddable":true,"href":"https:\/\/trotrx.com\/pt-pt\/wp-json\/wp\/v2\/media\/5296"}],"wp:attachment":[{"href":"https:\/\/trotrx.com\/pt-pt\/wp-json\/wp\/v2\/media?parent=15739"}],"wp:term":[{"taxonomy":"product_brand","embeddable":true,"href":"https:\/\/trotrx.com\/pt-pt\/wp-json\/wp\/v2\/product_brand?post=15739"},{"taxonomy":"product_cat","embeddable":true,"href":"https:\/\/trotrx.com\/pt-pt\/wp-json\/wp\/v2\/product_cat?post=15739"},{"taxonomy":"product_tag","embeddable":true,"href":"https:\/\/trotrx.com\/pt-pt\/wp-json\/wp\/v2\/product_tag?post=15739"}],"curies":[{"name":"wp","href":"https:\/\/api.w.org\/{rel}","templated":true}]}}