{"id":15731,"date":"2025-01-06T13:35:08","date_gmt":"2025-01-06T13:35:08","guid":{"rendered":"https:\/\/trotrx.com\/product\/trotrx-e-scoot-fs-24-2x500w\/"},"modified":"2026-03-16T15:13:07","modified_gmt":"2026-03-16T15:13:07","slug":"trotrx-e-scoot-fs-24-2x500w","status":"publish","type":"product","link":"https:\/\/trotrx.com\/pt-pt\/product\/trotrx-e-scoot-fs-24-2x500w\/","title":{"rendered":"TROTRX E-SCOOT FS 24&#8243; 2x500W"},"content":{"rendered":"<p><strong><u>DADOS T\u00c9CNICOS<\/u><\/strong><\/p>\n<ul>\n<li><strong>Estrutura <\/strong>em alum\u00ednio refor\u00e7ado, soldada por TIG, com acabamento anodizado azul<\/li>\n<\/ul>\n<p style=\"padding-left: 40px;\">Utilizamos um processo espec\u00edfico de anodiza\u00e7\u00e3o sem pintura para garantir uma resist\u00eancia \u00f3ptima aos choques e \u00e0 luz solar e uma maior durabilidade ao longo do tempo.<\/p>\n<ul>\n<li><strong>Bateria incorporada<\/strong>: i\u00f5es de l\u00edtio 48v 25Ah &#8211; 1200Wh &#8211; c\u00e9lulas Samsung 21700-50-S, equipada com 3 fus\u00edveis de seguran\u00e7a.<\/li>\n<\/ul>\n<p style=\"padding-left: 40px;\">*Possibilidade de utilizar uma bateria de mochila adicional (48V 23.4Ah) para aumentar a autonomia.<\/p>\n<ul>\n<li><strong>Rodas de 24\u2033 <\/strong>&#8211; Pneus DURO 24\u00d73.00<\/li>\n<\/ul>\n<p style=\"padding-left: 40px;\">As rodas de 24&#8243; tornam esta trotinete confort\u00e1vel e est\u00e1vel. Sente-se \u00e0 vontade nos cruzamentos e nos tro\u00e7os t\u00e9cnicos. Uma boa rela\u00e7\u00e3o qualidade\/pre\u00e7o, f\u00e1cil de manusear.  <\/p>\n<ul>\n<li><strong>Motor: <\/strong>48V 2X500W reduzido*.<\/li>\n<\/ul>\n<p style=\"padding-left: 40px;\"><em>*Reduzido: Existem 2 tipos de motores no mercado:  <\/em><\/p>\n<p style=\"padding-left: 40px;\"><strong><em>Motor reduzido :  <\/em><\/strong><em>Equipado com uma caixa de redu\u00e7\u00e3o, quando a roda d\u00e1 uma volta, o motor d\u00e1 uma volta e meia, aumentando consideravelmente o bin\u00e1rio. Ideal para arranques em subidas e\/ou   <\/em><em>em utiliza\u00e7\u00e3o fora de estrada, poupando a bateria. Este motor \u00e9 <strong>cerca de 3 kg<\/strong> mais leve do que um motor de transmiss\u00e3o direta com a mesma pot\u00eancia (ver abaixo). <\/em><\/p>\n<p style=\"padding-left: 40px;\"><strong><em>Motor<\/em><\/strong><strong><em> transmiss\u00e3o direta: <\/em><\/strong><em>Ao contr\u00e1rio do motor reduzido, para aumentar a falta de efici\u00eancia quando a m\u00e1quina \u00e9 lan\u00e7ada, \u00e9 necess\u00e1rio um controlador mais potente, o que resulta num maior consumo de bateria para compensar a falta de capacidade de resposta.<\/em><\/p>\n<p><a class=\"en-savoir-plus-btn\" href=\"#reducted\">Descobre mais sobre motores de tamanho reduzido<\/a><\/p>\n<p>Tal como acontece com as bicicletas, as trotinetes requerem alturas de guiador diferentes, dependendo da altura do utilizador. Existem 3 alturas de guiador \u00e0 escolha: <\/p>\n<ul>\n<li>80 mm<\/li>\n<li>130 mm<\/li>\n<li>180 mm<\/li>\n<\/ul>\n<p>&nbsp;<\/p>\n<ul>\n<li><strong>Trav\u00f5es<\/strong><\/li>\n<\/ul>\n<p style=\"padding-left: 40px;\">Trav\u00f5es de disco hidr\u00e1ulicos Bengal de 180 mm \u00e0 frente e atr\u00e1s para uma travagem \u00f3ptima em todas as condi\u00e7\u00f5es.<\/p>\n<ul>\n<li><strong>Sapato de passeio multiusos<\/strong><\/li>\n<\/ul>\n<p style=\"padding-left: 40px;\">Mais ergon\u00f3mico e mais largo na traseira, para que possas ajustar a tua posi\u00e7\u00e3o entre sec\u00e7\u00f5es planas e sec\u00e7\u00f5es t\u00e9cnicas.<\/p>\n<ul>\n<li><strong>Especifica\u00e7\u00e3o da roda traseira :<\/strong><\/li>\n<\/ul>\n<p style=\"padding-left: 40px;\">Desenvolvido por n\u00f3s ao longo de v\u00e1rios anos, o dropout traseiro amov\u00edvel permite que a roda seja montada e centrada automaticamente, e pode ser removida r\u00e1pida e facilmente usando uma \u00fanica chave Allen de 6 mm.<\/p>\n<ul>\n<li><strong>Tens \u00e0 disposi\u00e7\u00e3o v\u00e1rios acess\u00f3rios adicionais<\/strong>\n<ul>\n<li>  Guarda-lamas dianteiro e traseiro<\/li>\n<li>Porta-bagagens<\/li>\n<li>Sacos laterais<\/li>\n<li>Sacos para guiador<\/li>\n<\/ul>\n<\/li>\n<\/ul>\n<ul>\n<li><strong><em>Todos os componentes s\u00e3o selecionados pela sua qualidade e durabilidade. Foram concebidos para resistir a v\u00e1rios anos de utiliza\u00e7\u00e3o intensiva. <\/em><\/strong><em>  (Excluindo pe\u00e7as de desgaste, pneus, cal\u00e7os de trav\u00f5es, etc.) &#8230;.<\/em><\/li>\n<\/ul>\n<p>&nbsp;<\/p>\n<hr>\n<p>&nbsp;<\/p>\n<p><strong><u>NO TERRENO<\/u><\/strong><\/p>\n<p>Esta vers\u00e3o com tra\u00e7\u00e3o \u00e0s duas rodas \u00e9 extremamente fi\u00e1vel, r\u00e1pida e f\u00e1cil de manusear e muito vers\u00e1til, proporcionando-te uma m\u00e1quina robusta e fi\u00e1vel em todos os sentidos. A tra\u00e7\u00e3o \u00e0s duas rodas facilita as desloca\u00e7\u00f5es fora de estrada e n\u00e3o \u00e9 nada negligente quando se trata de percorrer quil\u00f3metros. <\/p>\n<p>Podes utiliz\u00e1-la para as tuas actividades de lazer, passeios para descobrir coisas novas, excurs\u00f5es desportivas, mas tamb\u00e9m como ve\u00edculo utilit\u00e1rio ou m\u00e1quina de trabalho, instalando o nosso porta-bagagens refor\u00e7ado* para a circula\u00e7\u00e3o de scooters. Isto permite-te colocar uma caixa de carga, um caixote ou mesmo cestos. <\/p>\n<p>A bateria integrada no quadro d\u00e1-te mais liberdade. O quadro ligeiramente mais comprido d\u00e1-te mais seguran\u00e7a nas descidas e nos tro\u00e7os r\u00e1pidos. <\/p>\n<p>&nbsp;<\/p>\n<hr>\n<p>&nbsp;<\/p>\n<p><strong><u>ESPECIFICA\u00c7\u00d5ES<\/u><\/strong><\/p>\n<p><strong>Estrutura<\/strong>: Alum\u00ednio refor\u00e7ado soldado por TIG, acabamento anodizado azul.<\/p>\n<p><strong>Forquilha<\/strong>: Forquilha RST de 120 mm.<\/p>\n<p><strong>Amortecedor<\/strong>: DNM 200\u00d760<\/p>\n<p><strong>Trav\u00f5es<\/strong>: BENGAL hidr\u00e1ulico, disco de 180 mm<\/p>\n<p><strong>Guiador<\/strong>: Alum\u00ednio h.130mm X780 mm como padr\u00e3o, ou 80mm ou 180mm para ciclistas com 1,85 m ou mais.<\/p>\n<p><strong>Haste<\/strong>: Alum\u00ednio 60mm<\/p>\n<p><strong>Caixa de dire\u00e7\u00e3o<\/strong>: Rolamento de esferas c\u00f3nico FSA<\/p>\n<p><strong>Jantes<\/strong>: TROTRX\u2122 de parede dupla refor\u00e7ada 36T<\/p>\n<p><strong>Pneus<\/strong>: DURO 24\u00d73.00<\/p>\n<p><strong>Motoriza\u00e7\u00e3o<\/strong>: 2x500w Reduzida*.<\/p>\n<p><strong>Bateria integrada<\/strong>: i\u00f5es de l\u00edtio 48v 25Ah &#8211; 1200Wh &#8211; c\u00e9lulas Samsung 21700-50-S, equipada com 3 fus\u00edveis de seguran\u00e7a<\/p>\n<p><strong>Controlador<\/strong>: 2x25Ah<\/p>\n<p><strong>Carregador<\/strong>: 5Ah<\/p>\n<p><strong>Velocidade<\/strong>: limitada a 25 km\/h.<\/p>\n<p><strong>Peso <\/strong>: 34,8 kg<\/p>\n<p><strong>Comprimento <\/strong>: 1m95<\/p>\n<p><strong>\u00cdndice de reparabilidade<\/strong>: 10 anos<\/p>\n<p><strong>Garantia legal<\/strong>: 2 anos<\/p>\n<p><strong>Garantia comercial <\/strong>: 5 anos para a estrutura<\/p>\n<p>&nbsp;<\/p>\n<hr>\n<p>&nbsp;<\/p>\n<p><strong><em>Os nossos modelos s\u00e3o inteiramente concebidos, desenvolvidos e montados nas nossas instala\u00e7\u00f5es em Venasque 84210 &#8211; Vaucluse, no sul de Fran\u00e7a.<\/em><\/strong><\/p>\n<p>A utiliza\u00e7\u00e3o de trotinetas \u00e9 regulamentada e difere em cada pa\u00eds e\/ou regi\u00e3o.<\/p>\n<p><a href=\"https:\/\/trotrx.com\/wp-content\/uploads\/2025\/01\/edpm-2024.pdf\">Clica aqui para saberes mais.<\/a><\/p>\n<p>N\u00e3o hesites em contactar-nos para mais informa\u00e7\u00f5es.<\/p>\n","protected":false},"excerpt":{"rendered":"<p>A CT Concept apresenta uma vers\u00e3o da E-Scoot FS 24&#8243; com um motor duplo de 500W. Gra\u00e7as \u00e0 sua tra\u00e7\u00e3o \u00e0s duas rodas e \u00e0 bateria de 25Ah, esta scooter el\u00e9ctrica todo-o-terreno apresenta uma maior capacidade de resposta e autonomia. Descobre o prazer de conduzir uma scooter el\u00e9ctrica todo-o-terreno e parte \u00e0 conquista dos trilhos mais dif\u00edceis!  <\/p>\n","protected":false},"featured_media":6588,"template":"","meta":[],"product_brand":[],"product_cat":[116],"product_tag":[],"class_list":{"0":"post-15731","1":"product","2":"type-product","3":"status-publish","4":"has-post-thumbnail","6":"product_cat-scooters-pt-pt","7":"product_shipping_class-scooters","9":"first","10":"instock","11":"taxable","12":"shipping-taxable","13":"purchasable","14":"product-type-simple"},"yoast_head":"<!-- This site is optimized with the Yoast SEO plugin v27.4 - https:\/\/yoast.com\/product\/yoast-seo-wordpress\/ -->\n<title>TROTRX E-SCOOT FS 24&quot; 2x500W - TROTRX - Trottinettes &eacute;lectriques tout-terrain \u26a1\ufe0f\ud83d\udef4<\/title>\n<meta name=\"description\" content=\"A CT Concept apresenta uma vers\u00e3o da E-Scoot FS 24&quot; com um motor duplo de 500W. Gra\u00e7as \u00e0 sua tra\u00e7\u00e3o \u00e0s duas rodas e \u00e0 bateria de 25Ah, esta scooter el\u00e9ctrica todo-o-terreno apresenta uma maior capacidade de resposta e autonomia. Descobre o prazer de conduzir uma scooter el\u00e9ctrica todo-o-terreno e parte \u00e0 conquista dos trilhos mais dif\u00edceis!\" \/>\n<meta name=\"robots\" content=\"index, follow, max-snippet:-1, max-image-preview:large, max-video-preview:-1\" \/>\n<link rel=\"canonical\" href=\"https:\/\/trotrx.com\/pt-pt\/product\/trotrx-e-scoot-fs-24-2x500w\/\" \/>\n<meta property=\"og:locale\" content=\"pt_PT\" \/>\n<meta property=\"og:type\" content=\"article\" \/>\n<meta property=\"og:title\" content=\"TROTRX E-SCOOT FS 24&quot; 2x500W - TROTRX - Trottinettes &eacute;lectriques tout-terrain \u26a1\ufe0f\ud83d\udef4\" \/>\n<meta property=\"og:description\" content=\"A CT Concept apresenta uma vers\u00e3o da E-Scoot FS 24&quot; com um motor duplo de 500W. Gra\u00e7as \u00e0 sua tra\u00e7\u00e3o \u00e0s duas rodas e \u00e0 bateria de 25Ah, esta scooter el\u00e9ctrica todo-o-terreno apresenta uma maior capacidade de resposta e autonomia. Descobre o prazer de conduzir uma scooter el\u00e9ctrica todo-o-terreno e parte \u00e0 conquista dos trilhos mais dif\u00edceis!\" \/>\n<meta property=\"og:url\" content=\"https:\/\/trotrx.com\/pt-pt\/product\/trotrx-e-scoot-fs-24-2x500w\/\" \/>\n<meta property=\"og:site_name\" content=\"TROTRX - Trottinettes &eacute;lectriques tout-terrain \u26a1\ufe0f\ud83d\udef4\" \/>\n<meta property=\"article:modified_time\" content=\"2026-03-16T15:13:07+00:00\" \/>\n<meta name=\"twitter:card\" content=\"summary_large_image\" \/>\n<meta name=\"twitter:label1\" content=\"Tempo estimado de leitura\" \/>\n\t<meta name=\"twitter:data1\" content=\"4 minutos\" \/>\n<script type=\"application\/ld+json\" class=\"yoast-schema-graph\">{\"@context\":\"https:\\\/\\\/schema.org\",\"@graph\":[{\"@type\":\"WebPage\",\"@id\":\"https:\\\/\\\/trotrx.com\\\/pt-pt\\\/product\\\/trotrx-e-scoot-fs-24-2x500w\\\/\",\"url\":\"https:\\\/\\\/trotrx.com\\\/pt-pt\\\/product\\\/trotrx-e-scoot-fs-24-2x500w\\\/\",\"name\":\"TROTRX E-SCOOT FS 24\\\" 2x500W - TROTRX - Trottinettes &eacute;lectriques tout-terrain \u26a1\ufe0f\ud83d\udef4\",\"isPartOf\":{\"@id\":\"https:\\\/\\\/trotrx.com\\\/pt-pt\\\/#website\"},\"primaryImageOfPage\":{\"@id\":\"https:\\\/\\\/trotrx.com\\\/pt-pt\\\/product\\\/trotrx-e-scoot-fs-24-2x500w\\\/#primaryimage\"},\"image\":{\"@id\":\"https:\\\/\\\/trotrx.com\\\/pt-pt\\\/product\\\/trotrx-e-scoot-fs-24-2x500w\\\/#primaryimage\"},\"thumbnailUrl\":\"https:\\\/\\\/trotrx.com\\\/wp-content\\\/uploads\\\/2024\\\/10\\\/TROTRX-E-SCOOT-FS-24_-BATTERIE-INTEGREE-25Ah_2-ROUES-MOTRICES_750W.avif\",\"datePublished\":\"2025-01-06T13:35:08+00:00\",\"dateModified\":\"2026-03-16T15:13:07+00:00\",\"description\":\"A CT Concept apresenta uma vers\u00e3o da E-Scoot FS 24\\\" com um motor duplo de 500W. Gra\u00e7as \u00e0 sua tra\u00e7\u00e3o \u00e0s duas rodas e \u00e0 bateria de 25Ah, esta scooter el\u00e9ctrica todo-o-terreno apresenta uma maior capacidade de resposta e autonomia. Descobre o prazer de conduzir uma scooter el\u00e9ctrica todo-o-terreno e parte \u00e0 conquista dos trilhos mais dif\u00edceis!\",\"breadcrumb\":{\"@id\":\"https:\\\/\\\/trotrx.com\\\/pt-pt\\\/product\\\/trotrx-e-scoot-fs-24-2x500w\\\/#breadcrumb\"},\"inLanguage\":\"pt-PT\",\"potentialAction\":[{\"@type\":\"ReadAction\",\"target\":[\"https:\\\/\\\/trotrx.com\\\/pt-pt\\\/product\\\/trotrx-e-scoot-fs-24-2x500w\\\/\"]}]},{\"@type\":\"ImageObject\",\"inLanguage\":\"pt-PT\",\"@id\":\"https:\\\/\\\/trotrx.com\\\/pt-pt\\\/product\\\/trotrx-e-scoot-fs-24-2x500w\\\/#primaryimage\",\"url\":\"https:\\\/\\\/trotrx.com\\\/wp-content\\\/uploads\\\/2024\\\/10\\\/TROTRX-E-SCOOT-FS-24_-BATTERIE-INTEGREE-25Ah_2-ROUES-MOTRICES_750W.avif\",\"contentUrl\":\"https:\\\/\\\/trotrx.com\\\/wp-content\\\/uploads\\\/2024\\\/10\\\/TROTRX-E-SCOOT-FS-24_-BATTERIE-INTEGREE-25Ah_2-ROUES-MOTRICES_750W.avif\",\"width\":1080,\"height\":1080,\"caption\":\"TROTRX E-SCOOT FS 24_ (BATERIA INTEGRADA 25Ah_2 RODAS DO MOTOR_750W)\"},{\"@type\":\"BreadcrumbList\",\"@id\":\"https:\\\/\\\/trotrx.com\\\/pt-pt\\\/product\\\/trotrx-e-scoot-fs-24-2x500w\\\/#breadcrumb\",\"itemListElement\":[{\"@type\":\"ListItem\",\"position\":1,\"name\":\"Casa\",\"item\":\"https:\\\/\\\/trotrx.com\\\/pt-pt\\\/casa\\\/\"},{\"@type\":\"ListItem\",\"position\":2,\"name\":\"Shop\",\"item\":\"https:\\\/\\\/trotrx.com\\\/boutique\\\/\"},{\"@type\":\"ListItem\",\"position\":3,\"name\":\"TROTRX E-SCOOT FS 24&#8243; 2x500W\"}]},{\"@type\":\"WebSite\",\"@id\":\"https:\\\/\\\/trotrx.com\\\/pt-pt\\\/#website\",\"url\":\"https:\\\/\\\/trotrx.com\\\/pt-pt\\\/\",\"name\":\"TROTRX - Trottinettes \u00e9lectriques tout-terrain ! \u26a1\ufe0f\ud83d\udef4\",\"description\":\"TROTRX - La trottinette &eacute;lectrique tout-terrain depuis 2008\",\"publisher\":{\"@id\":\"https:\\\/\\\/trotrx.com\\\/pt-pt\\\/#organization\"},\"alternateName\":\"TROTRX \u26a1\ufe0f\ud83d\udef4\",\"potentialAction\":[{\"@type\":\"SearchAction\",\"target\":{\"@type\":\"EntryPoint\",\"urlTemplate\":\"https:\\\/\\\/trotrx.com\\\/pt-pt\\\/?s={search_term_string}\"},\"query-input\":{\"@type\":\"PropertyValueSpecification\",\"valueRequired\":true,\"valueName\":\"search_term_string\"}}],\"inLanguage\":\"pt-PT\"},{\"@type\":\"Organization\",\"@id\":\"https:\\\/\\\/trotrx.com\\\/pt-pt\\\/#organization\",\"name\":\"TROTRX - Trottinettes \u00e9lectriques tout-terrain ! \u26a1\ufe0f\ud83d\udef4\",\"url\":\"https:\\\/\\\/trotrx.com\\\/pt-pt\\\/\",\"logo\":{\"@type\":\"ImageObject\",\"inLanguage\":\"pt-PT\",\"@id\":\"https:\\\/\\\/trotrx.com\\\/pt-pt\\\/#\\\/schema\\\/logo\\\/image\\\/\",\"url\":\"https:\\\/\\\/trotrx.com\\\/wp-content\\\/uploads\\\/2024\\\/10\\\/Design-sans-titre-2025-02-24T111129.185-e1740391936319.png\",\"contentUrl\":\"https:\\\/\\\/trotrx.com\\\/wp-content\\\/uploads\\\/2024\\\/10\\\/Design-sans-titre-2025-02-24T111129.185-e1740391936319.png\",\"width\":1920,\"height\":370,\"caption\":\"TROTRX - Trottinettes \u00e9lectriques tout-terrain ! \u26a1\ufe0f\ud83d\udef4\"},\"image\":{\"@id\":\"https:\\\/\\\/trotrx.com\\\/pt-pt\\\/#\\\/schema\\\/logo\\\/image\\\/\"}}]}<\/script>\n<!-- \/ Yoast SEO plugin. -->","yoast_head_json":{"title":"TROTRX E-SCOOT FS 24\" 2x500W - TROTRX - Trottinettes &eacute;lectriques tout-terrain \u26a1\ufe0f\ud83d\udef4","description":"A CT Concept apresenta uma vers\u00e3o da E-Scoot FS 24\" com um motor duplo de 500W. Gra\u00e7as \u00e0 sua tra\u00e7\u00e3o \u00e0s duas rodas e \u00e0 bateria de 25Ah, esta scooter el\u00e9ctrica todo-o-terreno apresenta uma maior capacidade de resposta e autonomia. Descobre o prazer de conduzir uma scooter el\u00e9ctrica todo-o-terreno e parte \u00e0 conquista dos trilhos mais dif\u00edceis!","robots":{"index":"index","follow":"follow","max-snippet":"max-snippet:-1","max-image-preview":"max-image-preview:large","max-video-preview":"max-video-preview:-1"},"canonical":"https:\/\/trotrx.com\/pt-pt\/product\/trotrx-e-scoot-fs-24-2x500w\/","og_locale":"pt_PT","og_type":"article","og_title":"TROTRX E-SCOOT FS 24\" 2x500W - TROTRX - Trottinettes &eacute;lectriques tout-terrain \u26a1\ufe0f\ud83d\udef4","og_description":"A CT Concept apresenta uma vers\u00e3o da E-Scoot FS 24\" com um motor duplo de 500W. Gra\u00e7as \u00e0 sua tra\u00e7\u00e3o \u00e0s duas rodas e \u00e0 bateria de 25Ah, esta scooter el\u00e9ctrica todo-o-terreno apresenta uma maior capacidade de resposta e autonomia. Descobre o prazer de conduzir uma scooter el\u00e9ctrica todo-o-terreno e parte \u00e0 conquista dos trilhos mais dif\u00edceis!","og_url":"https:\/\/trotrx.com\/pt-pt\/product\/trotrx-e-scoot-fs-24-2x500w\/","og_site_name":"TROTRX - Trottinettes &eacute;lectriques tout-terrain \u26a1\ufe0f\ud83d\udef4","article_modified_time":"2026-03-16T15:13:07+00:00","twitter_card":"summary_large_image","twitter_misc":{"Tempo estimado de leitura":"4 minutos"},"schema":{"@context":"https:\/\/schema.org","@graph":[{"@type":"WebPage","@id":"https:\/\/trotrx.com\/pt-pt\/product\/trotrx-e-scoot-fs-24-2x500w\/","url":"https:\/\/trotrx.com\/pt-pt\/product\/trotrx-e-scoot-fs-24-2x500w\/","name":"TROTRX E-SCOOT FS 24\" 2x500W - TROTRX - Trottinettes &eacute;lectriques tout-terrain \u26a1\ufe0f\ud83d\udef4","isPartOf":{"@id":"https:\/\/trotrx.com\/pt-pt\/#website"},"primaryImageOfPage":{"@id":"https:\/\/trotrx.com\/pt-pt\/product\/trotrx-e-scoot-fs-24-2x500w\/#primaryimage"},"image":{"@id":"https:\/\/trotrx.com\/pt-pt\/product\/trotrx-e-scoot-fs-24-2x500w\/#primaryimage"},"thumbnailUrl":"https:\/\/trotrx.com\/wp-content\/uploads\/2024\/10\/TROTRX-E-SCOOT-FS-24_-BATTERIE-INTEGREE-25Ah_2-ROUES-MOTRICES_750W.avif","datePublished":"2025-01-06T13:35:08+00:00","dateModified":"2026-03-16T15:13:07+00:00","description":"A CT Concept apresenta uma vers\u00e3o da E-Scoot FS 24\" com um motor duplo de 500W. Gra\u00e7as \u00e0 sua tra\u00e7\u00e3o \u00e0s duas rodas e \u00e0 bateria de 25Ah, esta scooter el\u00e9ctrica todo-o-terreno apresenta uma maior capacidade de resposta e autonomia. Descobre o prazer de conduzir uma scooter el\u00e9ctrica todo-o-terreno e parte \u00e0 conquista dos trilhos mais dif\u00edceis!","breadcrumb":{"@id":"https:\/\/trotrx.com\/pt-pt\/product\/trotrx-e-scoot-fs-24-2x500w\/#breadcrumb"},"inLanguage":"pt-PT","potentialAction":[{"@type":"ReadAction","target":["https:\/\/trotrx.com\/pt-pt\/product\/trotrx-e-scoot-fs-24-2x500w\/"]}]},{"@type":"ImageObject","inLanguage":"pt-PT","@id":"https:\/\/trotrx.com\/pt-pt\/product\/trotrx-e-scoot-fs-24-2x500w\/#primaryimage","url":"https:\/\/trotrx.com\/wp-content\/uploads\/2024\/10\/TROTRX-E-SCOOT-FS-24_-BATTERIE-INTEGREE-25Ah_2-ROUES-MOTRICES_750W.avif","contentUrl":"https:\/\/trotrx.com\/wp-content\/uploads\/2024\/10\/TROTRX-E-SCOOT-FS-24_-BATTERIE-INTEGREE-25Ah_2-ROUES-MOTRICES_750W.avif","width":1080,"height":1080,"caption":"TROTRX E-SCOOT FS 24_ (BATERIA INTEGRADA 25Ah_2 RODAS DO MOTOR_750W)"},{"@type":"BreadcrumbList","@id":"https:\/\/trotrx.com\/pt-pt\/product\/trotrx-e-scoot-fs-24-2x500w\/#breadcrumb","itemListElement":[{"@type":"ListItem","position":1,"name":"Casa","item":"https:\/\/trotrx.com\/pt-pt\/casa\/"},{"@type":"ListItem","position":2,"name":"Shop","item":"https:\/\/trotrx.com\/boutique\/"},{"@type":"ListItem","position":3,"name":"TROTRX E-SCOOT FS 24&#8243; 2x500W"}]},{"@type":"WebSite","@id":"https:\/\/trotrx.com\/pt-pt\/#website","url":"https:\/\/trotrx.com\/pt-pt\/","name":"TROTRX - Trottinettes \u00e9lectriques tout-terrain ! \u26a1\ufe0f\ud83d\udef4","description":"TROTRX - La trottinette &eacute;lectrique tout-terrain depuis 2008","publisher":{"@id":"https:\/\/trotrx.com\/pt-pt\/#organization"},"alternateName":"TROTRX \u26a1\ufe0f\ud83d\udef4","potentialAction":[{"@type":"SearchAction","target":{"@type":"EntryPoint","urlTemplate":"https:\/\/trotrx.com\/pt-pt\/?s={search_term_string}"},"query-input":{"@type":"PropertyValueSpecification","valueRequired":true,"valueName":"search_term_string"}}],"inLanguage":"pt-PT"},{"@type":"Organization","@id":"https:\/\/trotrx.com\/pt-pt\/#organization","name":"TROTRX - Trottinettes \u00e9lectriques tout-terrain ! \u26a1\ufe0f\ud83d\udef4","url":"https:\/\/trotrx.com\/pt-pt\/","logo":{"@type":"ImageObject","inLanguage":"pt-PT","@id":"https:\/\/trotrx.com\/pt-pt\/#\/schema\/logo\/image\/","url":"https:\/\/trotrx.com\/wp-content\/uploads\/2024\/10\/Design-sans-titre-2025-02-24T111129.185-e1740391936319.png","contentUrl":"https:\/\/trotrx.com\/wp-content\/uploads\/2024\/10\/Design-sans-titre-2025-02-24T111129.185-e1740391936319.png","width":1920,"height":370,"caption":"TROTRX - Trottinettes \u00e9lectriques tout-terrain ! \u26a1\ufe0f\ud83d\udef4"},"image":{"@id":"https:\/\/trotrx.com\/pt-pt\/#\/schema\/logo\/image\/"}}]}},"_links":{"self":[{"href":"https:\/\/trotrx.com\/pt-pt\/wp-json\/wp\/v2\/product\/15731","targetHints":{"allow":["GET"]}}],"collection":[{"href":"https:\/\/trotrx.com\/pt-pt\/wp-json\/wp\/v2\/product"}],"about":[{"href":"https:\/\/trotrx.com\/pt-pt\/wp-json\/wp\/v2\/types\/product"}],"version-history":[{"count":3,"href":"https:\/\/trotrx.com\/pt-pt\/wp-json\/wp\/v2\/product\/15731\/revisions"}],"predecessor-version":[{"id":23439,"href":"https:\/\/trotrx.com\/pt-pt\/wp-json\/wp\/v2\/product\/15731\/revisions\/23439"}],"wp:featuredmedia":[{"embeddable":true,"href":"https:\/\/trotrx.com\/pt-pt\/wp-json\/wp\/v2\/media\/6588"}],"wp:attachment":[{"href":"https:\/\/trotrx.com\/pt-pt\/wp-json\/wp\/v2\/media?parent=15731"}],"wp:term":[{"taxonomy":"product_brand","embeddable":true,"href":"https:\/\/trotrx.com\/pt-pt\/wp-json\/wp\/v2\/product_brand?post=15731"},{"taxonomy":"product_cat","embeddable":true,"href":"https:\/\/trotrx.com\/pt-pt\/wp-json\/wp\/v2\/product_cat?post=15731"},{"taxonomy":"product_tag","embeddable":true,"href":"https:\/\/trotrx.com\/pt-pt\/wp-json\/wp\/v2\/product_tag?post=15731"}],"curies":[{"name":"wp","href":"https:\/\/api.w.org\/{rel}","templated":true}]}}