{"id":15941,"date":"2024-10-10T08:30:35","date_gmt":"2024-10-10T08:30:35","guid":{"rendered":"https:\/\/trotrx.com\/servico-pos-venda\/"},"modified":"2025-11-03T19:57:25","modified_gmt":"2025-11-03T19:57:25","slug":"servico-pos-venda","status":"publish","type":"page","link":"https:\/\/trotrx.com\/pt-pt\/servico-pos-venda\/","title":{"rendered":"Servi\u00e7o p\u00f3s-venda"},"content":{"rendered":"\t\t<div data-elementor-type=\"wp-page\" data-elementor-id=\"15941\" class=\"elementor elementor-15941 elementor-1035\" data-elementor-post-type=\"page\">\n\t\t\t\t<div data-marvy_enable_gradient_animation=\"false\" data-marvy_enable_snow_animation=\"false\" class=\"elementor-element elementor-element-a68cad5 e-flex e-con-boxed e-con e-parent\" data-id=\"a68cad5\" data-element_type=\"container\" data-e-type=\"container\" data-settings=\"{&quot;background_background&quot;:&quot;classic&quot;}\">\n\t\t\t\t\t<div class=\"e-con-inner\">\n\t\t<div data-marvy_enable_gradient_animation=\"false\" data-marvy_enable_snow_animation=\"false\" class=\"elementor-element elementor-element-87b709d e-con-full e-flex e-con e-child\" data-id=\"87b709d\" data-element_type=\"container\" data-e-type=\"container\">\n\t\t\t\t<div class=\"elementor-element elementor-element-98afe57 elementor-hidden-desktop elementor-hidden-tablet elementor-widget elementor-widget-spacer\" data-id=\"98afe57\" data-element_type=\"widget\" data-e-type=\"widget\" data-widget_type=\"spacer.default\">\n\t\t\t\t<div class=\"elementor-widget-container\">\n\t\t\t\t\t\t\t<div class=\"elementor-spacer\">\n\t\t\t<div class=\"elementor-spacer-inner\"><\/div>\n\t\t<\/div>\n\t\t\t\t\t\t<\/div>\n\t\t\t\t<\/div>\n\t\t\t\t<div class=\"elementor-element elementor-element-9a9ee90 elementor-widget elementor-widget-heading\" data-id=\"9a9ee90\" data-element_type=\"widget\" data-e-type=\"widget\" data-widget_type=\"heading.default\">\n\t\t\t\t<div class=\"elementor-widget-container\">\n\t\t\t\t\t<p class=\"elementor-heading-title elementor-size-default\">Reparaste num defeito de fabrico?<\/p>\t\t\t\t<\/div>\n\t\t\t\t<\/div>\n\t\t\t\t<div class=\"elementor-element elementor-element-52a31aa elementor-widget elementor-widget-heading\" data-id=\"52a31aa\" data-element_type=\"widget\" data-e-type=\"widget\" data-widget_type=\"heading.default\">\n\t\t\t\t<div class=\"elementor-widget-container\">\n\t\t\t\t\t<p class=\"elementor-heading-title elementor-size-default\">Entra em contacto!<\/p>\t\t\t\t<\/div>\n\t\t\t\t<\/div>\n\t\t\t\t<div class=\"elementor-element elementor-element-4eb0010 elementor-widget elementor-widget-spacer\" data-id=\"4eb0010\" data-element_type=\"widget\" data-e-type=\"widget\" data-widget_type=\"spacer.default\">\n\t\t\t\t<div class=\"elementor-widget-container\">\n\t\t\t\t\t\t\t<div class=\"elementor-spacer\">\n\t\t\t<div class=\"elementor-spacer-inner\"><\/div>\n\t\t<\/div>\n\t\t\t\t\t\t<\/div>\n\t\t\t\t<\/div>\n\t\t\t\t<div class=\"elementor-element elementor-element-b1cdb95 elementor-widget elementor-widget-heading\" data-id=\"b1cdb95\" data-element_type=\"widget\" data-e-type=\"widget\" data-widget_type=\"heading.default\">\n\t\t\t\t<div class=\"elementor-widget-container\">\n\t\t\t\t\t<p class=\"elementor-heading-title elementor-size-default\">Servi\u00e7o p\u00f3s-venda<\/p>\t\t\t\t<\/div>\n\t\t\t\t<\/div>\n\t\t\t\t<\/div>\n\t\t<div data-marvy_enable_gradient_animation=\"false\" data-marvy_enable_snow_animation=\"false\" class=\"elementor-element elementor-element-f5dfcf5 e-con-full e-flex e-con e-child\" data-id=\"f5dfcf5\" data-element_type=\"container\" data-e-type=\"container\">\n\t\t<div data-marvy_enable_gradient_animation=\"false\" data-marvy_enable_snow_animation=\"false\" class=\"elementor-element elementor-element-60b0926 e-con-full e-flex e-con e-child\" data-id=\"60b0926\" data-element_type=\"container\" data-e-type=\"container\">\n\t\t\t\t<div class=\"elementor-element elementor-element-70d469d elementor-widget elementor-widget-text-editor\" data-id=\"70d469d\" data-element_type=\"widget\" data-e-type=\"widget\" data-widget_type=\"text-editor.default\">\n\t\t\t\t<div class=\"elementor-widget-container\">\n\t\t\t\t\t\t\t\t\t<p>Para que possamos tratar dos teus produtos, preenche o formul\u00e1rio abaixo com os detalhes dos problemas encontrados.<\/p>\t\t\t\t\t\t\t\t<\/div>\n\t\t\t\t<\/div>\n\t\t\t\t<div class=\"elementor-element elementor-element-c2d8857 elementor-button-align-stretch elementor-widget elementor-widget-form\" data-id=\"c2d8857\" data-element_type=\"widget\" data-e-type=\"widget\" data-settings=\"{&quot;step_next_label&quot;:&quot;Seguinte&quot;,&quot;step_previous_label&quot;:&quot;Anterior&quot;,&quot;button_width&quot;:&quot;100&quot;,&quot;step_type&quot;:&quot;number_text&quot;,&quot;step_icon_shape&quot;:&quot;circle&quot;}\" data-widget_type=\"form.default\">\n\t\t\t\t<div class=\"elementor-widget-container\">\n\t\t\t\t\t\t\t<form class=\"elementor-form\" method=\"post\" name=\"Novo formul\u00e1rio\" aria-label=\"Novo formul\u00e1rio\">\n\t\t\t<input type=\"hidden\" name=\"post_id\" value=\"15941\"\/>\n\t\t\t<input type=\"hidden\" name=\"form_id\" value=\"c2d8857\"\/>\n\t\t\t<input type=\"hidden\" name=\"referer_title\" value=\"Servi\u00e7o p\u00f3s-venda - TROTRX - Trottinettes &eacute;lectriques tout-terrain \u26a1\ufe0f\ud83d\udef4\" \/>\n\n\t\t\t\t\t\t\t<input type=\"hidden\" name=\"queried_id\" value=\"15941\"\/>\n\t\t\t\n\t\t\t<div class=\"elementor-form-fields-wrapper elementor-labels-above\">\n\t\t\t\t\t\t\t\t<div class=\"elementor-field-type-text elementor-field-group elementor-column elementor-field-group-name elementor-col-50 elementor-field-required\">\n\t\t\t\t\t\t\t\t\t\t\t\t\t<input size=\"1\" type=\"text\" name=\"form_fields[name]\" id=\"form-field-name\" class=\"elementor-field elementor-size-sm  elementor-field-textual\" placeholder=\"Nome\" required=\"required\">\n\t\t\t\t\t\t\t\t\t\t\t<\/div>\n\t\t\t\t\t\t\t\t<div class=\"elementor-field-type-text elementor-field-group elementor-column elementor-field-group-field_5704c81 elementor-col-50\">\n\t\t\t\t\t\t\t\t\t\t\t\t\t<input size=\"1\" type=\"text\" name=\"form_fields[field_5704c81]\" id=\"form-field-field_5704c81\" class=\"elementor-field elementor-size-sm  elementor-field-textual\" placeholder=\"Nome pr\u00f3prio\">\n\t\t\t\t\t\t\t\t\t\t\t<\/div>\n\t\t\t\t\t\t\t\t<div class=\"elementor-field-type-email elementor-field-group elementor-column elementor-field-group-email elementor-col-100 elementor-field-required\">\n\t\t\t\t\t\t\t\t\t\t\t\t\t<input size=\"1\" type=\"email\" name=\"form_fields[email]\" id=\"form-field-email\" class=\"elementor-field elementor-size-sm  elementor-field-textual\" placeholder=\"Correio eletr\u00f3nico\" required=\"required\">\n\t\t\t\t\t\t\t\t\t\t\t<\/div>\n\t\t\t\t\t\t\t\t<div class=\"elementor-field-type-textarea elementor-field-group elementor-column elementor-field-group-message elementor-col-100 elementor-field-required\">\n\t\t\t\t\t<textarea class=\"elementor-field-textual elementor-field  elementor-size-sm\" name=\"form_fields[message]\" id=\"form-field-message\" rows=\"4\" placeholder=\"Mensagem\" required=\"required\"><\/textarea>\t\t\t\t<\/div>\n\t\t\t\t\t\t\t\t<div class=\"elementor-field-type-acceptance elementor-field-group elementor-column elementor-field-group-field_acd0a29 elementor-col-100\">\n\t\t\t\t\t\t\t<div class=\"elementor-field-subgroup\">\n\t\t\t<span class=\"elementor-field-option\">\n\t\t\t\t<input type=\"checkbox\" name=\"form_fields[field_acd0a29]\" id=\"form-field-field_acd0a29\" class=\"elementor-field elementor-size-sm  elementor-acceptance-field\" checked=\"checked\">\n\t\t\t\t<label for=\"form-field-field_acd0a29\">Li e aceito a <a href=\"https:\/\/trotrx.com\/pt-pt\/politica-de-cookies-ue\/\" target=\"_blank\">pol\u00edtica de privacidade<\/a> do TROTRX\u00ae.<\/label>\t\t\t<\/span>\n\t\t<\/div>\n\t\t\t\t\t\t<\/div>\n\t\t\t\t\t\t\t\t<div class=\"elementor-field-type-recaptcha_v3 elementor-field-group elementor-column elementor-field-group-field_1f9ecd6 elementor-col-100 recaptcha_v3-bottomright\">\n\t\t\t\t\t<div class=\"elementor-field\" id=\"form-field-field_1f9ecd6\"><div class=\"elementor-g-recaptcha\" data-sitekey=\"6LfFps8qAAAAAD8unvJ0ubVQuzy7Wcn27ubohCTI\" data-type=\"v3\" data-action=\"Form\" data-badge=\"bottomright\" data-size=\"invisible\"><\/div><\/div>\t\t\t\t<\/div>\n\t\t\t\t\t\t\t\t<div class=\"elementor-field-group elementor-column elementor-field-type-submit elementor-col-100 e-form__buttons\">\n\t\t\t\t\t<button class=\"elementor-button elementor-size-sm\" type=\"submit\">\n\t\t\t\t\t\t<span class=\"elementor-button-content-wrapper\">\n\t\t\t\t\t\t\t\t\t\t\t\t\t\t\t\t\t\t\t\t\t\t<span class=\"elementor-button-text\">Envia<\/span>\n\t\t\t\t\t\t\t\t\t\t\t\t\t<\/span>\n\t\t\t\t\t<\/button>\n\t\t\t\t<\/div>\n\t\t\t<\/div>\n\t\t<\/form>\n\t\t\t\t\t\t<\/div>\n\t\t\t\t<\/div>\n\t\t\t\t<div class=\"elementor-element elementor-element-841e3f5 elementor-view-default elementor-widget elementor-widget-icon\" data-id=\"841e3f5\" data-element_type=\"widget\" data-e-type=\"widget\" data-widget_type=\"icon.default\">\n\t\t\t\t<div class=\"elementor-widget-container\">\n\t\t\t\t\t\t\t<div class=\"elementor-icon-wrapper\">\n\t\t\t<div class=\"elementor-icon\">\n\t\t\t<svg aria-hidden=\"true\" class=\"e-font-icon-svg e-fas-plus\" viewBox=\"0 0 448 512\" xmlns=\"http:\/\/www.w3.org\/2000\/svg\"><path d=\"M416 208H272V64c0-17.67-14.33-32-32-32h-32c-17.67 0-32 14.33-32 32v144H32c-17.67 0-32 14.33-32 32v32c0 17.67 14.33 32 32 32h144v144c0 17.67 14.33 32 32 32h32c17.67 0 32-14.33 32-32V304h144c17.67 0 32-14.33 32-32v-32c0-17.67-14.33-32-32-32z\"><\/path><\/svg>\t\t\t<\/div>\n\t\t<\/div>\n\t\t\t\t\t\t<\/div>\n\t\t\t\t<\/div>\n\t\t\t\t<div class=\"elementor-element elementor-element-9703103 elementor-widget elementor-widget-text-editor\" data-id=\"9703103\" data-element_type=\"widget\" data-e-type=\"widget\" data-widget_type=\"text-editor.default\">\n\t\t\t\t<div class=\"elementor-widget-container\">\n\t\t\t\t\t\t\t\t\t<p>Transfere tamb\u00e9m o formul\u00e1rio de devolu\u00e7\u00e3o abaixo e devolve-o com a tua encomenda.<\/p>\t\t\t\t\t\t\t\t<\/div>\n\t\t\t\t<\/div>\n\t\t\t\t<div class=\"elementor-element elementor-element-827ecd9 elementor-align-justify elementor-widget elementor-widget-button\" data-id=\"827ecd9\" data-element_type=\"widget\" data-e-type=\"widget\" data-widget_type=\"button.default\">\n\t\t\t\t<div class=\"elementor-widget-container\">\n\t\t\t\t\t\t\t\t\t<div class=\"elementor-button-wrapper\">\n\t\t\t\t\t<a class=\"elementor-button elementor-button-link elementor-size-sm\" href=\"https:\/\/trotrx.com\/wp-content\/uploads\/2025\/02\/bon-de-retour-sav-2023.docx\" target=\"_blank\">\n\t\t\t\t\t\t<span class=\"elementor-button-content-wrapper\">\n\t\t\t\t\t\t<span class=\"elementor-button-icon\">\n\t\t\t\t<svg aria-hidden=\"true\" class=\"e-font-icon-svg e-fas-clipboard-list\" viewBox=\"0 0 384 512\" xmlns=\"http:\/\/www.w3.org\/2000\/svg\"><path d=\"M336 64h-80c0-35.3-28.7-64-64-64s-64 28.7-64 64H48C21.5 64 0 85.5 0 112v352c0 26.5 21.5 48 48 48h288c26.5 0 48-21.5 48-48V112c0-26.5-21.5-48-48-48zM96 424c-13.3 0-24-10.7-24-24s10.7-24 24-24 24 10.7 24 24-10.7 24-24 24zm0-96c-13.3 0-24-10.7-24-24s10.7-24 24-24 24 10.7 24 24-10.7 24-24 24zm0-96c-13.3 0-24-10.7-24-24s10.7-24 24-24 24 10.7 24 24-10.7 24-24 24zm96-192c13.3 0 24 10.7 24 24s-10.7 24-24 24-24-10.7-24-24 10.7-24 24-24zm128 368c0 4.4-3.6 8-8 8H168c-4.4 0-8-3.6-8-8v-16c0-4.4 3.6-8 8-8h144c4.4 0 8 3.6 8 8v16zm0-96c0 4.4-3.6 8-8 8H168c-4.4 0-8-3.6-8-8v-16c0-4.4 3.6-8 8-8h144c4.4 0 8 3.6 8 8v16zm0-96c0 4.4-3.6 8-8 8H168c-4.4 0-8-3.6-8-8v-16c0-4.4 3.6-8 8-8h144c4.4 0 8 3.6 8 8v16z\"><\/path><\/svg>\t\t\t<\/span>\n\t\t\t\t\t\t\t\t\t<span class=\"elementor-button-text\">Cup\u00e3o de devolu\u00e7\u00e3o<\/span>\n\t\t\t\t\t<\/span>\n\t\t\t\t\t<\/a>\n\t\t\t\t<\/div>\n\t\t\t\t\t\t\t\t<\/div>\n\t\t\t\t<\/div>\n\t\t\t\t<div class=\"elementor-element elementor-element-788939a elementor-widget elementor-widget-spacer\" data-id=\"788939a\" data-element_type=\"widget\" data-e-type=\"widget\" data-widget_type=\"spacer.default\">\n\t\t\t\t<div class=\"elementor-widget-container\">\n\t\t\t\t\t\t\t<div class=\"elementor-spacer\">\n\t\t\t<div class=\"elementor-spacer-inner\"><\/div>\n\t\t<\/div>\n\t\t\t\t\t\t<\/div>\n\t\t\t\t<\/div>\n\t\t<div data-marvy_enable_gradient_animation=\"false\" data-marvy_enable_snow_animation=\"false\" class=\"elementor-element elementor-element-42d2672 e-con-full e-flex e-con e-child\" data-id=\"42d2672\" data-element_type=\"container\" data-e-type=\"container\">\n\t\t<div data-marvy_enable_gradient_animation=\"false\" data-marvy_enable_snow_animation=\"false\" class=\"elementor-element elementor-element-7f36309 e-con-full e-flex e-con e-child\" data-id=\"7f36309\" data-element_type=\"container\" data-e-type=\"container\">\n\t\t\t\t<div class=\"elementor-element elementor-element-69bcfd3 elementor-widget elementor-widget-text-editor\" data-id=\"69bcfd3\" data-element_type=\"widget\" data-e-type=\"widget\" data-widget_type=\"text-editor.default\">\n\t\t\t\t<div class=\"elementor-widget-container\">\n\t\t\t\t\t\t\t\t\t<p>Se tiveres alguma d\u00favida sobre a nossa pol\u00edtica de devolu\u00e7\u00f5es e garantias, clica aqui:  <\/p>\t\t\t\t\t\t\t\t<\/div>\n\t\t\t\t<\/div>\n\t\t\t\t<\/div>\n\t\t<div data-marvy_enable_gradient_animation=\"false\" data-marvy_enable_snow_animation=\"false\" class=\"elementor-element elementor-element-70aa969 e-con-full e-flex e-con e-child\" data-id=\"70aa969\" data-element_type=\"container\" data-e-type=\"container\">\n\t\t\t\t<div class=\"elementor-element elementor-element-9e9c6d7 elementor-align-left elementor-widget elementor-widget-button\" data-id=\"9e9c6d7\" data-element_type=\"widget\" data-e-type=\"widget\" data-widget_type=\"button.default\">\n\t\t\t\t<div class=\"elementor-widget-container\">\n\t\t\t\t\t\t\t\t\t<div class=\"elementor-button-wrapper\">\n\t\t\t\t\t<a class=\"elementor-button elementor-button-link elementor-size-sm\" href=\"https:\/\/trotrx.com\/pt-pt\/devolucoes-e-garantias\/\" target=\"_blank\">\n\t\t\t\t\t\t<span class=\"elementor-button-content-wrapper\">\n\t\t\t\t\t\t\t\t\t<span class=\"elementor-button-text\">Devolu\u00e7\u00f5es e garantias<\/span>\n\t\t\t\t\t<\/span>\n\t\t\t\t\t<\/a>\n\t\t\t\t<\/div>\n\t\t\t\t\t\t\t\t<\/div>\n\t\t\t\t<\/div>\n\t\t\t\t<\/div>\n\t\t\t\t<\/div>\n\t\t\t\t<\/div>\n\t\t\t\t<\/div>\n\t\t\t\t\t<\/div>\n\t\t\t\t<\/div>\n\t\t\t\t<\/div>\n\t\t","protected":false},"excerpt":{"rendered":"<p>Reparaste num defeito de fabrico? Entra em contacto! Servi\u00e7o p\u00f3s-venda Para que possamos tratar dos teus produtos, preenche o formul\u00e1rio abaixo com os detalhes dos problemas encontrados. Transfere tamb\u00e9m o formul\u00e1rio de devolu\u00e7\u00e3o abaixo e devolve-o com a tua encomenda. Cup\u00e3o de devolu\u00e7\u00e3o Se tiveres alguma d\u00favida sobre a nossa pol\u00edtica de devolu\u00e7\u00f5es e garantias, [&hellip;]<\/p>\n","protected":false},"author":1124,"featured_media":13605,"parent":0,"menu_order":0,"comment_status":"closed","ping_status":"closed","template":"elementor_header_footer","meta":{"footnotes":""},"class_list":["post-15941","page","type-page","status-publish","has-post-thumbnail","hentry"],"yoast_head":"<!-- This site is optimized with the Yoast SEO plugin v27.4 - https:\/\/yoast.com\/product\/yoast-seo-wordpress\/ -->\n<title>Servi\u00e7o p\u00f3s-venda - TROTRX - Trottinettes &eacute;lectriques tout-terrain \u26a1\ufe0f\ud83d\udef4<\/title>\n<meta name=\"description\" content=\"Porque pensamos em ti muito depois de teres comprado a tua scooter, o nosso servi\u00e7o p\u00f3s-venda est\u00e1 dispon\u00edvel para ajudar em qualquer repara\u00e7\u00e3o.\" \/>\n<meta name=\"robots\" content=\"index, follow, max-snippet:-1, max-image-preview:large, max-video-preview:-1\" \/>\n<link rel=\"canonical\" href=\"https:\/\/trotrx.com\/pt-pt\/servico-pos-venda\/\" \/>\n<meta property=\"og:locale\" content=\"pt_PT\" \/>\n<meta property=\"og:type\" content=\"article\" \/>\n<meta property=\"og:title\" content=\"Servi\u00e7o p\u00f3s-venda - TROTRX - Trottinettes &eacute;lectriques tout-terrain \u26a1\ufe0f\ud83d\udef4\" \/>\n<meta property=\"og:description\" content=\"Porque pensamos em ti muito depois de teres comprado a tua scooter, o nosso servi\u00e7o p\u00f3s-venda est\u00e1 dispon\u00edvel para ajudar em qualquer repara\u00e7\u00e3o.\" \/>\n<meta property=\"og:url\" content=\"https:\/\/trotrx.com\/pt-pt\/servico-pos-venda\/\" \/>\n<meta property=\"og:site_name\" content=\"TROTRX - Trottinettes &eacute;lectriques tout-terrain \u26a1\ufe0f\ud83d\udef4\" \/>\n<meta property=\"article:modified_time\" content=\"2025-11-03T19:57:25+00:00\" \/>\n<meta name=\"twitter:card\" content=\"summary_large_image\" \/>\n<script type=\"application\/ld+json\" class=\"yoast-schema-graph\">{\"@context\":\"https:\\\/\\\/schema.org\",\"@graph\":[{\"@type\":\"WebPage\",\"@id\":\"https:\\\/\\\/trotrx.com\\\/pt-pt\\\/servico-pos-venda\\\/\",\"url\":\"https:\\\/\\\/trotrx.com\\\/pt-pt\\\/servico-pos-venda\\\/\",\"name\":\"Servi\u00e7o p\u00f3s-venda - TROTRX - Trottinettes &eacute;lectriques tout-terrain \u26a1\ufe0f\ud83d\udef4\",\"isPartOf\":{\"@id\":\"https:\\\/\\\/trotrx.com\\\/pt-pt\\\/#website\"},\"primaryImageOfPage\":{\"@id\":\"https:\\\/\\\/trotrx.com\\\/pt-pt\\\/servico-pos-venda\\\/#primaryimage\"},\"image\":{\"@id\":\"https:\\\/\\\/trotrx.com\\\/pt-pt\\\/servico-pos-venda\\\/#primaryimage\"},\"thumbnailUrl\":\"https:\\\/\\\/trotrx.com\\\/wp-content\\\/uploads\\\/2024\\\/11\\\/IMAGES-MISE-EN-AVANT-WORDPRESS-26.avif\",\"datePublished\":\"2024-10-10T08:30:35+00:00\",\"dateModified\":\"2025-11-03T19:57:25+00:00\",\"description\":\"Porque pensamos em ti muito depois de teres comprado a tua scooter, o nosso servi\u00e7o p\u00f3s-venda est\u00e1 dispon\u00edvel para ajudar em qualquer repara\u00e7\u00e3o.\",\"breadcrumb\":{\"@id\":\"https:\\\/\\\/trotrx.com\\\/pt-pt\\\/servico-pos-venda\\\/#breadcrumb\"},\"inLanguage\":\"pt-PT\",\"potentialAction\":[{\"@type\":\"ReadAction\",\"target\":[\"https:\\\/\\\/trotrx.com\\\/pt-pt\\\/servico-pos-venda\\\/\"]}]},{\"@type\":\"ImageObject\",\"inLanguage\":\"pt-PT\",\"@id\":\"https:\\\/\\\/trotrx.com\\\/pt-pt\\\/servico-pos-venda\\\/#primaryimage\",\"url\":\"https:\\\/\\\/trotrx.com\\\/wp-content\\\/uploads\\\/2024\\\/11\\\/IMAGES-MISE-EN-AVANT-WORDPRESS-26.avif\",\"contentUrl\":\"https:\\\/\\\/trotrx.com\\\/wp-content\\\/uploads\\\/2024\\\/11\\\/IMAGES-MISE-EN-AVANT-WORDPRESS-26.avif\",\"width\":1080,\"height\":1080},{\"@type\":\"BreadcrumbList\",\"@id\":\"https:\\\/\\\/trotrx.com\\\/pt-pt\\\/servico-pos-venda\\\/#breadcrumb\",\"itemListElement\":[{\"@type\":\"ListItem\",\"position\":1,\"name\":\"Casa\",\"item\":\"https:\\\/\\\/trotrx.com\\\/pt-pt\\\/casa\\\/\"},{\"@type\":\"ListItem\",\"position\":2,\"name\":\"Servi\u00e7o p\u00f3s-venda\"}]},{\"@type\":\"WebSite\",\"@id\":\"https:\\\/\\\/trotrx.com\\\/pt-pt\\\/#website\",\"url\":\"https:\\\/\\\/trotrx.com\\\/pt-pt\\\/\",\"name\":\"TROTRX - Trottinettes \u00e9lectriques tout-terrain ! \u26a1\ufe0f\ud83d\udef4\",\"description\":\"TROTRX - La trottinette &eacute;lectrique tout-terrain depuis 2008\",\"publisher\":{\"@id\":\"https:\\\/\\\/trotrx.com\\\/pt-pt\\\/#organization\"},\"alternateName\":\"TROTRX \u26a1\ufe0f\ud83d\udef4\",\"potentialAction\":[{\"@type\":\"SearchAction\",\"target\":{\"@type\":\"EntryPoint\",\"urlTemplate\":\"https:\\\/\\\/trotrx.com\\\/pt-pt\\\/?s={search_term_string}\"},\"query-input\":{\"@type\":\"PropertyValueSpecification\",\"valueRequired\":true,\"valueName\":\"search_term_string\"}}],\"inLanguage\":\"pt-PT\"},{\"@type\":\"Organization\",\"@id\":\"https:\\\/\\\/trotrx.com\\\/pt-pt\\\/#organization\",\"name\":\"TROTRX - Trottinettes \u00e9lectriques tout-terrain ! \u26a1\ufe0f\ud83d\udef4\",\"url\":\"https:\\\/\\\/trotrx.com\\\/pt-pt\\\/\",\"logo\":{\"@type\":\"ImageObject\",\"inLanguage\":\"pt-PT\",\"@id\":\"https:\\\/\\\/trotrx.com\\\/pt-pt\\\/#\\\/schema\\\/logo\\\/image\\\/\",\"url\":\"https:\\\/\\\/trotrx.com\\\/wp-content\\\/uploads\\\/2024\\\/10\\\/Design-sans-titre-2025-02-24T111129.185-e1740391936319.png\",\"contentUrl\":\"https:\\\/\\\/trotrx.com\\\/wp-content\\\/uploads\\\/2024\\\/10\\\/Design-sans-titre-2025-02-24T111129.185-e1740391936319.png\",\"width\":1920,\"height\":370,\"caption\":\"TROTRX - Trottinettes \u00e9lectriques tout-terrain ! \u26a1\ufe0f\ud83d\udef4\"},\"image\":{\"@id\":\"https:\\\/\\\/trotrx.com\\\/pt-pt\\\/#\\\/schema\\\/logo\\\/image\\\/\"}}]}<\/script>\n<!-- \/ Yoast SEO plugin. -->","yoast_head_json":{"title":"Servi\u00e7o p\u00f3s-venda - TROTRX - Trottinettes &eacute;lectriques tout-terrain \u26a1\ufe0f\ud83d\udef4","description":"Porque pensamos em ti muito depois de teres comprado a tua scooter, o nosso servi\u00e7o p\u00f3s-venda est\u00e1 dispon\u00edvel para ajudar em qualquer repara\u00e7\u00e3o.","robots":{"index":"index","follow":"follow","max-snippet":"max-snippet:-1","max-image-preview":"max-image-preview:large","max-video-preview":"max-video-preview:-1"},"canonical":"https:\/\/trotrx.com\/pt-pt\/servico-pos-venda\/","og_locale":"pt_PT","og_type":"article","og_title":"Servi\u00e7o p\u00f3s-venda - TROTRX - Trottinettes &eacute;lectriques tout-terrain \u26a1\ufe0f\ud83d\udef4","og_description":"Porque pensamos em ti muito depois de teres comprado a tua scooter, o nosso servi\u00e7o p\u00f3s-venda est\u00e1 dispon\u00edvel para ajudar em qualquer repara\u00e7\u00e3o.","og_url":"https:\/\/trotrx.com\/pt-pt\/servico-pos-venda\/","og_site_name":"TROTRX - Trottinettes &eacute;lectriques tout-terrain \u26a1\ufe0f\ud83d\udef4","article_modified_time":"2025-11-03T19:57:25+00:00","twitter_card":"summary_large_image","schema":{"@context":"https:\/\/schema.org","@graph":[{"@type":"WebPage","@id":"https:\/\/trotrx.com\/pt-pt\/servico-pos-venda\/","url":"https:\/\/trotrx.com\/pt-pt\/servico-pos-venda\/","name":"Servi\u00e7o p\u00f3s-venda - TROTRX - Trottinettes &eacute;lectriques tout-terrain \u26a1\ufe0f\ud83d\udef4","isPartOf":{"@id":"https:\/\/trotrx.com\/pt-pt\/#website"},"primaryImageOfPage":{"@id":"https:\/\/trotrx.com\/pt-pt\/servico-pos-venda\/#primaryimage"},"image":{"@id":"https:\/\/trotrx.com\/pt-pt\/servico-pos-venda\/#primaryimage"},"thumbnailUrl":"https:\/\/trotrx.com\/wp-content\/uploads\/2024\/11\/IMAGES-MISE-EN-AVANT-WORDPRESS-26.avif","datePublished":"2024-10-10T08:30:35+00:00","dateModified":"2025-11-03T19:57:25+00:00","description":"Porque pensamos em ti muito depois de teres comprado a tua scooter, o nosso servi\u00e7o p\u00f3s-venda est\u00e1 dispon\u00edvel para ajudar em qualquer repara\u00e7\u00e3o.","breadcrumb":{"@id":"https:\/\/trotrx.com\/pt-pt\/servico-pos-venda\/#breadcrumb"},"inLanguage":"pt-PT","potentialAction":[{"@type":"ReadAction","target":["https:\/\/trotrx.com\/pt-pt\/servico-pos-venda\/"]}]},{"@type":"ImageObject","inLanguage":"pt-PT","@id":"https:\/\/trotrx.com\/pt-pt\/servico-pos-venda\/#primaryimage","url":"https:\/\/trotrx.com\/wp-content\/uploads\/2024\/11\/IMAGES-MISE-EN-AVANT-WORDPRESS-26.avif","contentUrl":"https:\/\/trotrx.com\/wp-content\/uploads\/2024\/11\/IMAGES-MISE-EN-AVANT-WORDPRESS-26.avif","width":1080,"height":1080},{"@type":"BreadcrumbList","@id":"https:\/\/trotrx.com\/pt-pt\/servico-pos-venda\/#breadcrumb","itemListElement":[{"@type":"ListItem","position":1,"name":"Casa","item":"https:\/\/trotrx.com\/pt-pt\/casa\/"},{"@type":"ListItem","position":2,"name":"Servi\u00e7o p\u00f3s-venda"}]},{"@type":"WebSite","@id":"https:\/\/trotrx.com\/pt-pt\/#website","url":"https:\/\/trotrx.com\/pt-pt\/","name":"TROTRX - Trottinettes \u00e9lectriques tout-terrain ! \u26a1\ufe0f\ud83d\udef4","description":"TROTRX - La trottinette &eacute;lectrique tout-terrain depuis 2008","publisher":{"@id":"https:\/\/trotrx.com\/pt-pt\/#organization"},"alternateName":"TROTRX \u26a1\ufe0f\ud83d\udef4","potentialAction":[{"@type":"SearchAction","target":{"@type":"EntryPoint","urlTemplate":"https:\/\/trotrx.com\/pt-pt\/?s={search_term_string}"},"query-input":{"@type":"PropertyValueSpecification","valueRequired":true,"valueName":"search_term_string"}}],"inLanguage":"pt-PT"},{"@type":"Organization","@id":"https:\/\/trotrx.com\/pt-pt\/#organization","name":"TROTRX - Trottinettes \u00e9lectriques tout-terrain ! \u26a1\ufe0f\ud83d\udef4","url":"https:\/\/trotrx.com\/pt-pt\/","logo":{"@type":"ImageObject","inLanguage":"pt-PT","@id":"https:\/\/trotrx.com\/pt-pt\/#\/schema\/logo\/image\/","url":"https:\/\/trotrx.com\/wp-content\/uploads\/2024\/10\/Design-sans-titre-2025-02-24T111129.185-e1740391936319.png","contentUrl":"https:\/\/trotrx.com\/wp-content\/uploads\/2024\/10\/Design-sans-titre-2025-02-24T111129.185-e1740391936319.png","width":1920,"height":370,"caption":"TROTRX - Trottinettes \u00e9lectriques tout-terrain ! \u26a1\ufe0f\ud83d\udef4"},"image":{"@id":"https:\/\/trotrx.com\/pt-pt\/#\/schema\/logo\/image\/"}}]}},"_links":{"self":[{"href":"https:\/\/trotrx.com\/pt-pt\/wp-json\/wp\/v2\/pages\/15941","targetHints":{"allow":["GET"]}}],"collection":[{"href":"https:\/\/trotrx.com\/pt-pt\/wp-json\/wp\/v2\/pages"}],"about":[{"href":"https:\/\/trotrx.com\/pt-pt\/wp-json\/wp\/v2\/types\/page"}],"author":[{"embeddable":true,"href":"https:\/\/trotrx.com\/pt-pt\/wp-json\/wp\/v2\/users\/1124"}],"replies":[{"embeddable":true,"href":"https:\/\/trotrx.com\/pt-pt\/wp-json\/wp\/v2\/comments?post=15941"}],"version-history":[{"count":3,"href":"https:\/\/trotrx.com\/pt-pt\/wp-json\/wp\/v2\/pages\/15941\/revisions"}],"predecessor-version":[{"id":20874,"href":"https:\/\/trotrx.com\/pt-pt\/wp-json\/wp\/v2\/pages\/15941\/revisions\/20874"}],"wp:featuredmedia":[{"embeddable":true,"href":"https:\/\/trotrx.com\/pt-pt\/wp-json\/wp\/v2\/media\/13605"}],"wp:attachment":[{"href":"https:\/\/trotrx.com\/pt-pt\/wp-json\/wp\/v2\/media?parent=15941"}],"curies":[{"name":"wp","href":"https:\/\/api.w.org\/{rel}","templated":true}]}}