{"id":18493,"date":"2025-02-20T09:30:37","date_gmt":"2025-02-20T09:30:37","guid":{"rendered":"https:\/\/trotrx.com\/product\/trotrx-e-scoot-24-fs-1x750w-usato\/"},"modified":"2025-02-20T09:30:37","modified_gmt":"2025-02-20T09:30:37","slug":"trotrx-e-scoot-24-fs-1x750w-usato","status":"publish","type":"product","link":"https:\/\/trotrx.com\/it\/product\/trotrx-e-scoot-24-fs-1x750w-usato\/","title":{"rendered":"TROTRX E-SCOOT 24&#8243; FS 1x750W (usato)"},"content":{"rendered":"<p><strong><u>DATI TECNICI<\/u><\/strong><\/p>\n<ul>\n<li><strong>Telaio <\/strong>in alluminio rinforzato e saldato a TIG con finitura anodizzata blu<\/li>\n<\/ul>\n<p style=\"padding-left: 40px;\">Utilizziamo uno specifico processo di anodizzazione senza verniciatura per garantire una resistenza ottimale agli urti e alla luce del sole e una maggiore durata nel tempo.<\/p>\n<ul>\n<li><strong>Batteria integrata<\/strong> rimovibile da 48V 25Ah &#8211; 1200Wh con celle Samsung 21700-50-S, dotata di 3 fusibili di sicurezza.<\/li>\n<\/ul>\n<p style=\"padding-left: 40px;\">* Possibilit\u00e0 di utilizzare una batteria aggiuntiva per lo zaino (48V 23.4Ah) per estendere l&#8217;autonomia.<\/p>\n<ul>\n<li><strong>Cerchi da 24\u2033 &#8211; Pneumatici FAT 24\u00d74.00<\/strong><\/li>\n<\/ul>\n<p style=\"padding-left: 40px;\">Le ruote da 24&#8221; offrono una versione molto stabile e rassicurante per i passaggi tecnici.<\/p>\n<ul>\n<li><strong>Motore: <\/strong>48V 750W ridotto*.<\/li>\n<\/ul>\n<p style=\"padding-left: 40px;\"><em>*Ridotto: Esistono due tipi di motori sul mercato:  <\/em><\/p>\n<p style=\"padding-left: 40px;\"><strong><em>Motore ridotto :  <\/em><\/strong><em>Grazie al riduttore, quando la ruota compie un giro, il motore compie un giro e mezzo, aumentando notevolmente la coppia. Ideale per le partenze in salita e\/o   <\/em><em>nell&#8217;uso fuoristrada, risparmiando l&#8217;energia della batteria. Questo motore \u00e8 pi\u00f9 leggero <strong>di circa 3 kg<\/strong> rispetto a un motore a trasmissione diretta della stessa potenza (vedi sotto). <\/em><\/p>\n<p style=\"padding-left: 40px;\"><strong><em>Motore<\/em><\/strong><strong><em> a trazione diretta: <\/em><\/strong><em>A differenza del motore ridotto, per aumentare la mancanza di efficienza quando la macchina viene lanciata, \u00e8 necessario un controller pi\u00f9 potente, che comporta un consumo maggiore della batteria per compensare la mancanza di reattivit\u00e0.<\/em><\/p>\n<p>&nbsp;<\/p>\n<p>Come per le biciclette, i monopattini richiedono diverse altezze del manubrio a seconda dell&#8217;altezza dell&#8217;utente. Puoi scegliere tra 3 altezze di manubrio, la pi\u00f9 comune delle quali, 130 mm, \u00e8 adatta a persone di altezza compresa tra 1,50 m e 1,80 m. <\/p>\n<ul>\n<li>80 mm<\/li>\n<li>130 mm<\/li>\n<li>180 mm<\/li>\n<\/ul>\n<p>&nbsp;<\/p>\n<ul>\n<li><strong>Freni<\/strong><\/li>\n<\/ul>\n<p style=\"padding-left: 40px;\">Freni a disco idraulici anteriori e posteriori da 180 mm per una frenata ottimale in tutte le condizioni.<\/p>\n<ul>\n<li><strong>Scarpa da passeggio multiuso<\/strong><\/li>\n<\/ul>\n<p style=\"padding-left: 40px;\">Pi\u00f9 ergonomica e pi\u00f9 larga nella parte posteriore, in modo da poter regolare la tua posizione tra i tratti pianeggianti e quelli tecnici.<\/p>\n<ul>\n<li><strong>Specifiche della ruota posteriore :<\/strong><\/li>\n<\/ul>\n<p style=\"padding-left: 40px;\">Sviluppato da noi nel corso degli anni, il forcellino posteriore rimovibile permette di montare e smontare la ruota posteriore con una sola chiave a brugola da 6 mm. La ruota si centrer\u00e0 automaticamente.<\/p>\n<ul>\n<li><strong>Sono disponibili diversi accessori aggiuntivi<\/strong>\n<ul>\n<li>  Parafanghi anteriori e posteriori<\/li>\n<li>Portabagagli<\/li>\n<li>Borse laterali<\/li>\n<li>Borse da manubrio<\/li>\n<\/ul>\n<\/li>\n<\/ul>\n<p>&nbsp;<\/p>\n<ul>\n<li><strong><em>Tutti i componenti sono stati selezionati per la loro qualit\u00e0 e durata. Sono progettati per resistere a diversi anni di uso intensivo. <\/em><\/strong><em>  (Ad eccezione delle parti soggette a usura, pneumatici, pastiglie dei freni, ecc.)<\/em><\/li>\n<\/ul>\n<p>&nbsp;<\/p>\n<hr>\n<p>&nbsp;<\/p>\n<p><strong><u>SULLA TERRA<\/u><\/strong><\/p>\n<p>Questa versione si \u00e8 dimostrata estremamente affidabile, con un&#8217;eccellente stabilit\u00e0 in discesa e sui tratti rocciosi. \u00c8 veloce e facile da usare, il che la rende estremamente versatile in tutte le condizioni. <\/p>\n<p>Puoi usarla per le tue attivit\u00e0 di svago, per le uscite alla scoperta di nuove cose e per le escursioni sportive, ma anche come veicolo utilitario o macchina da lavoro, montando il nostro portapacchi rinforzato. In questo modo potrai fissare un bauletto, un box o anche delle borse. <\/p>\n<p>La batteria integrata nel telaio ti offre maggiore libert\u00e0. Il telaio leggermente pi\u00f9 lungo \u00e8 pi\u00f9 rassicurante nelle discese e nei tratti veloci. <\/p>\n<p>&nbsp;<\/p>\n<hr>\n<p>&nbsp;<\/p>\n<p><strong><u>SPECIFICHE<\/u><\/strong><\/p>\n<p><strong>Telaio<\/strong>: alluminio rinforzato con saldatura TIG, finitura anodizzata blu.<\/p>\n<p><strong>Forcella<\/strong>: forcella idraulica rovesciata Trotrx 140.<\/p>\n<p><strong>Ammortizzatore<\/strong>: DNM 200\u00d760<\/p>\n<p><strong>Freni<\/strong>: BENGAL Idraulico, disco da 180 mm<\/p>\n<p><strong>Manubrio<\/strong>: Alluminio h.130mm X780 mm standard o 80mm o 180mm disponibili<\/p>\n<p><strong>Attacco manubrio<\/strong>: Alluminio 60 mm<\/p>\n<p><strong>Serie sterzo<\/strong>: FSA con cuscinetto a sfera conico<\/p>\n<p><strong>Cerchi<\/strong>: TROTRX\u2122 rinforzati a doppia parete 36T<\/p>\n<p><strong>Pneumatici<\/strong>: FAT INNOVA 24\u00d74.00<\/p>\n<p><strong>Unit\u00e0 motrice<\/strong>: 1x750w Motore ridotto*<\/p>\n<p><strong>Batteria integrata<\/strong>: ioni di litio 48v 25Ah &#8211; 1200Wh &#8211; celle Samsung 21700-50-S, dotata di 3 fusibili di sicurezza<\/p>\n<p><strong>Controllore<\/strong>: 1x25Ah<\/p>\n<p><strong>Caricabatterie<\/strong>: 5Ah<\/p>\n<p><strong>Velocit\u00e0<\/strong>: limitata a 25 km\/h.<\/p>\n<p><strong>Peso <\/strong>: 30,5 kg<\/p>\n<p><strong>Lunghezza <\/strong>: 1m98<\/p>\n<p><strong>Indice di riparabilit\u00e0<\/strong>: 10 anni<\/p>\n<p><strong>Garanzia legale<\/strong>: 2 anni<\/p>\n<p><strong>Garanzia commerciale <\/strong>: 5 anni per il telaio<\/p>\n<p>&nbsp;<\/p>\n<hr>\n<p>&nbsp;<\/p>\n<p><strong><em>I nostri modelli sono interamente progettati, sviluppati e assemblati nella nostra sede di Venasque 84210 &#8211; Vaucluse, nel sud della Francia.<\/em><\/strong><\/p>\n<p>L&#8217;uso degli scooter \u00e8 regolamentato e varia in ogni paese e\/o regione.<\/p>\n<p><a href=\"https:\/\/trotrx.com\/wp-content\/uploads\/2025\/01\/edpm-2024.pdf\">Clicca qui per saperne di pi\u00f9.<\/a><\/p>\n<p>Non esitare a contattarci per maggiori informazioni.<\/p>\n","protected":false},"excerpt":{"rendered":"<p>Lo scooter utilizzato dai piloti del Rally Dakar 2025!<\/p>\n<p>(Revisione completa effettuata prima dell&#8217;acquisto)<\/p>\n","protected":false},"featured_media":14931,"template":"","meta":[],"product_brand":[],"product_cat":[153],"product_tag":[],"class_list":{"0":"post-18493","1":"product","2":"type-product","3":"status-publish","4":"has-post-thumbnail","6":"product_cat-di-seconda-mano","8":"first","9":"instock","10":"taxable","11":"shipping-taxable","12":"purchasable","13":"product-type-simple"},"yoast_head":"<!-- This site is optimized with the Yoast SEO plugin v27.4 - https:\/\/yoast.com\/product\/yoast-seo-wordpress\/ -->\n<title>TROTRX E-SCOOT 24&quot; FS 1x750W (usato) - TROTRX - Trottinettes &eacute;lectriques tout-terrain \u26a1\ufe0f\ud83d\udef4<\/title>\n<meta name=\"robots\" content=\"index, follow, max-snippet:-1, max-image-preview:large, max-video-preview:-1\" \/>\n<link rel=\"canonical\" href=\"https:\/\/trotrx.com\/it\/product\/trotrx-e-scoot-24-fs-1x750w-usato\/\" \/>\n<meta property=\"og:locale\" content=\"it_IT\" \/>\n<meta property=\"og:type\" content=\"article\" \/>\n<meta property=\"og:title\" content=\"TROTRX E-SCOOT 24&quot; FS 1x750W (usato) - TROTRX - Trottinettes &eacute;lectriques tout-terrain \u26a1\ufe0f\ud83d\udef4\" \/>\n<meta property=\"og:description\" content=\"Lo scooter utilizzato dai piloti del Rally Dakar 2025! (Revisione completa effettuata prima dell&#039;acquisto)\" \/>\n<meta property=\"og:url\" content=\"https:\/\/trotrx.com\/it\/product\/trotrx-e-scoot-24-fs-1x750w-usato\/\" \/>\n<meta property=\"og:site_name\" content=\"TROTRX - Trottinettes &eacute;lectriques tout-terrain \u26a1\ufe0f\ud83d\udef4\" \/>\n<meta property=\"og:image\" content=\"https:\/\/trotrx.com\/wp-content\/uploads\/2025\/02\/1.webp\" \/>\n\t<meta property=\"og:image:width\" content=\"1080\" \/>\n\t<meta property=\"og:image:height\" content=\"1080\" \/>\n\t<meta property=\"og:image:type\" content=\"image\/webp\" \/>\n<meta name=\"twitter:card\" content=\"summary_large_image\" \/>\n<meta name=\"twitter:label1\" content=\"Tempo di lettura stimato\" \/>\n\t<meta name=\"twitter:data1\" content=\"3 minuto\" \/>\n<script type=\"application\/ld+json\" class=\"yoast-schema-graph\">{\"@context\":\"https:\\\/\\\/schema.org\",\"@graph\":[{\"@type\":\"WebPage\",\"@id\":\"https:\\\/\\\/trotrx.com\\\/it\\\/product\\\/trotrx-e-scoot-24-fs-1x750w-usato\\\/\",\"url\":\"https:\\\/\\\/trotrx.com\\\/it\\\/product\\\/trotrx-e-scoot-24-fs-1x750w-usato\\\/\",\"name\":\"TROTRX E-SCOOT 24\\\" FS 1x750W (usato) - TROTRX - Trottinettes &eacute;lectriques tout-terrain \u26a1\ufe0f\ud83d\udef4\",\"isPartOf\":{\"@id\":\"https:\\\/\\\/trotrx.com\\\/it\\\/#website\"},\"primaryImageOfPage\":{\"@id\":\"https:\\\/\\\/trotrx.com\\\/it\\\/product\\\/trotrx-e-scoot-24-fs-1x750w-usato\\\/#primaryimage\"},\"image\":{\"@id\":\"https:\\\/\\\/trotrx.com\\\/it\\\/product\\\/trotrx-e-scoot-24-fs-1x750w-usato\\\/#primaryimage\"},\"thumbnailUrl\":\"https:\\\/\\\/trotrx.com\\\/wp-content\\\/uploads\\\/2025\\\/02\\\/1.webp\",\"datePublished\":\"2025-02-20T09:30:37+00:00\",\"breadcrumb\":{\"@id\":\"https:\\\/\\\/trotrx.com\\\/it\\\/product\\\/trotrx-e-scoot-24-fs-1x750w-usato\\\/#breadcrumb\"},\"inLanguage\":\"it-IT\",\"potentialAction\":[{\"@type\":\"ReadAction\",\"target\":[\"https:\\\/\\\/trotrx.com\\\/it\\\/product\\\/trotrx-e-scoot-24-fs-1x750w-usato\\\/\"]}]},{\"@type\":\"ImageObject\",\"inLanguage\":\"it-IT\",\"@id\":\"https:\\\/\\\/trotrx.com\\\/it\\\/product\\\/trotrx-e-scoot-24-fs-1x750w-usato\\\/#primaryimage\",\"url\":\"https:\\\/\\\/trotrx.com\\\/wp-content\\\/uploads\\\/2025\\\/02\\\/1.webp\",\"contentUrl\":\"https:\\\/\\\/trotrx.com\\\/wp-content\\\/uploads\\\/2025\\\/02\\\/1.webp\",\"width\":1080,\"height\":1080},{\"@type\":\"BreadcrumbList\",\"@id\":\"https:\\\/\\\/trotrx.com\\\/it\\\/product\\\/trotrx-e-scoot-24-fs-1x750w-usato\\\/#breadcrumb\",\"itemListElement\":[{\"@type\":\"ListItem\",\"position\":1,\"name\":\"Casa\",\"item\":\"https:\\\/\\\/trotrx.com\\\/it\\\/casa\\\/\"},{\"@type\":\"ListItem\",\"position\":2,\"name\":\"Negozio\",\"item\":\"https:\\\/\\\/trotrx.com\\\/boutique\\\/\"},{\"@type\":\"ListItem\",\"position\":3,\"name\":\"TROTRX E-SCOOT 24&#8243; FS 1x750W (usato)\"}]},{\"@type\":\"WebSite\",\"@id\":\"https:\\\/\\\/trotrx.com\\\/it\\\/#website\",\"url\":\"https:\\\/\\\/trotrx.com\\\/it\\\/\",\"name\":\"TROTRX - Trottinettes \u00e9lectriques tout-terrain ! \u26a1\ufe0f\ud83d\udef4\",\"description\":\"TROTRX - La trottinette &eacute;lectrique tout-terrain depuis 2008\",\"publisher\":{\"@id\":\"https:\\\/\\\/trotrx.com\\\/it\\\/#organization\"},\"alternateName\":\"TROTRX \u26a1\ufe0f\ud83d\udef4\",\"potentialAction\":[{\"@type\":\"SearchAction\",\"target\":{\"@type\":\"EntryPoint\",\"urlTemplate\":\"https:\\\/\\\/trotrx.com\\\/it\\\/?s={search_term_string}\"},\"query-input\":{\"@type\":\"PropertyValueSpecification\",\"valueRequired\":true,\"valueName\":\"search_term_string\"}}],\"inLanguage\":\"it-IT\"},{\"@type\":\"Organization\",\"@id\":\"https:\\\/\\\/trotrx.com\\\/it\\\/#organization\",\"name\":\"TROTRX - Trottinettes \u00e9lectriques tout-terrain ! \u26a1\ufe0f\ud83d\udef4\",\"url\":\"https:\\\/\\\/trotrx.com\\\/it\\\/\",\"logo\":{\"@type\":\"ImageObject\",\"inLanguage\":\"it-IT\",\"@id\":\"https:\\\/\\\/trotrx.com\\\/it\\\/#\\\/schema\\\/logo\\\/image\\\/\",\"url\":\"https:\\\/\\\/trotrx.com\\\/wp-content\\\/uploads\\\/2024\\\/10\\\/Design-sans-titre-2025-02-24T111129.185-e1740391936319.png\",\"contentUrl\":\"https:\\\/\\\/trotrx.com\\\/wp-content\\\/uploads\\\/2024\\\/10\\\/Design-sans-titre-2025-02-24T111129.185-e1740391936319.png\",\"width\":1920,\"height\":370,\"caption\":\"TROTRX - Trottinettes \u00e9lectriques tout-terrain ! \u26a1\ufe0f\ud83d\udef4\"},\"image\":{\"@id\":\"https:\\\/\\\/trotrx.com\\\/it\\\/#\\\/schema\\\/logo\\\/image\\\/\"}}]}<\/script>\n<!-- \/ Yoast SEO plugin. -->","yoast_head_json":{"title":"TROTRX E-SCOOT 24\" FS 1x750W (usato) - TROTRX - Trottinettes &eacute;lectriques tout-terrain \u26a1\ufe0f\ud83d\udef4","robots":{"index":"index","follow":"follow","max-snippet":"max-snippet:-1","max-image-preview":"max-image-preview:large","max-video-preview":"max-video-preview:-1"},"canonical":"https:\/\/trotrx.com\/it\/product\/trotrx-e-scoot-24-fs-1x750w-usato\/","og_locale":"it_IT","og_type":"article","og_title":"TROTRX E-SCOOT 24\" FS 1x750W (usato) - TROTRX - Trottinettes &eacute;lectriques tout-terrain \u26a1\ufe0f\ud83d\udef4","og_description":"Lo scooter utilizzato dai piloti del Rally Dakar 2025! (Revisione completa effettuata prima dell'acquisto)","og_url":"https:\/\/trotrx.com\/it\/product\/trotrx-e-scoot-24-fs-1x750w-usato\/","og_site_name":"TROTRX - Trottinettes &eacute;lectriques tout-terrain \u26a1\ufe0f\ud83d\udef4","og_image":[{"width":1080,"height":1080,"url":"https:\/\/trotrx.com\/wp-content\/uploads\/2025\/02\/1.webp","type":"image\/webp"}],"twitter_card":"summary_large_image","twitter_misc":{"Tempo di lettura stimato":"3 minuto"},"schema":{"@context":"https:\/\/schema.org","@graph":[{"@type":"WebPage","@id":"https:\/\/trotrx.com\/it\/product\/trotrx-e-scoot-24-fs-1x750w-usato\/","url":"https:\/\/trotrx.com\/it\/product\/trotrx-e-scoot-24-fs-1x750w-usato\/","name":"TROTRX E-SCOOT 24\" FS 1x750W (usato) - TROTRX - Trottinettes &eacute;lectriques tout-terrain \u26a1\ufe0f\ud83d\udef4","isPartOf":{"@id":"https:\/\/trotrx.com\/it\/#website"},"primaryImageOfPage":{"@id":"https:\/\/trotrx.com\/it\/product\/trotrx-e-scoot-24-fs-1x750w-usato\/#primaryimage"},"image":{"@id":"https:\/\/trotrx.com\/it\/product\/trotrx-e-scoot-24-fs-1x750w-usato\/#primaryimage"},"thumbnailUrl":"https:\/\/trotrx.com\/wp-content\/uploads\/2025\/02\/1.webp","datePublished":"2025-02-20T09:30:37+00:00","breadcrumb":{"@id":"https:\/\/trotrx.com\/it\/product\/trotrx-e-scoot-24-fs-1x750w-usato\/#breadcrumb"},"inLanguage":"it-IT","potentialAction":[{"@type":"ReadAction","target":["https:\/\/trotrx.com\/it\/product\/trotrx-e-scoot-24-fs-1x750w-usato\/"]}]},{"@type":"ImageObject","inLanguage":"it-IT","@id":"https:\/\/trotrx.com\/it\/product\/trotrx-e-scoot-24-fs-1x750w-usato\/#primaryimage","url":"https:\/\/trotrx.com\/wp-content\/uploads\/2025\/02\/1.webp","contentUrl":"https:\/\/trotrx.com\/wp-content\/uploads\/2025\/02\/1.webp","width":1080,"height":1080},{"@type":"BreadcrumbList","@id":"https:\/\/trotrx.com\/it\/product\/trotrx-e-scoot-24-fs-1x750w-usato\/#breadcrumb","itemListElement":[{"@type":"ListItem","position":1,"name":"Casa","item":"https:\/\/trotrx.com\/it\/casa\/"},{"@type":"ListItem","position":2,"name":"Negozio","item":"https:\/\/trotrx.com\/boutique\/"},{"@type":"ListItem","position":3,"name":"TROTRX E-SCOOT 24&#8243; FS 1x750W (usato)"}]},{"@type":"WebSite","@id":"https:\/\/trotrx.com\/it\/#website","url":"https:\/\/trotrx.com\/it\/","name":"TROTRX - Trottinettes \u00e9lectriques tout-terrain ! \u26a1\ufe0f\ud83d\udef4","description":"TROTRX - La trottinette &eacute;lectrique tout-terrain depuis 2008","publisher":{"@id":"https:\/\/trotrx.com\/it\/#organization"},"alternateName":"TROTRX \u26a1\ufe0f\ud83d\udef4","potentialAction":[{"@type":"SearchAction","target":{"@type":"EntryPoint","urlTemplate":"https:\/\/trotrx.com\/it\/?s={search_term_string}"},"query-input":{"@type":"PropertyValueSpecification","valueRequired":true,"valueName":"search_term_string"}}],"inLanguage":"it-IT"},{"@type":"Organization","@id":"https:\/\/trotrx.com\/it\/#organization","name":"TROTRX - Trottinettes \u00e9lectriques tout-terrain ! \u26a1\ufe0f\ud83d\udef4","url":"https:\/\/trotrx.com\/it\/","logo":{"@type":"ImageObject","inLanguage":"it-IT","@id":"https:\/\/trotrx.com\/it\/#\/schema\/logo\/image\/","url":"https:\/\/trotrx.com\/wp-content\/uploads\/2024\/10\/Design-sans-titre-2025-02-24T111129.185-e1740391936319.png","contentUrl":"https:\/\/trotrx.com\/wp-content\/uploads\/2024\/10\/Design-sans-titre-2025-02-24T111129.185-e1740391936319.png","width":1920,"height":370,"caption":"TROTRX - Trottinettes \u00e9lectriques tout-terrain ! \u26a1\ufe0f\ud83d\udef4"},"image":{"@id":"https:\/\/trotrx.com\/it\/#\/schema\/logo\/image\/"}}]}},"_links":{"self":[{"href":"https:\/\/trotrx.com\/it\/wp-json\/wp\/v2\/product\/18493","targetHints":{"allow":["GET"]}}],"collection":[{"href":"https:\/\/trotrx.com\/it\/wp-json\/wp\/v2\/product"}],"about":[{"href":"https:\/\/trotrx.com\/it\/wp-json\/wp\/v2\/types\/product"}],"version-history":[{"count":0,"href":"https:\/\/trotrx.com\/it\/wp-json\/wp\/v2\/product\/18493\/revisions"}],"wp:featuredmedia":[{"embeddable":true,"href":"https:\/\/trotrx.com\/it\/wp-json\/wp\/v2\/media\/14931"}],"wp:attachment":[{"href":"https:\/\/trotrx.com\/it\/wp-json\/wp\/v2\/media?parent=18493"}],"wp:term":[{"taxonomy":"product_brand","embeddable":true,"href":"https:\/\/trotrx.com\/it\/wp-json\/wp\/v2\/product_brand?post=18493"},{"taxonomy":"product_cat","embeddable":true,"href":"https:\/\/trotrx.com\/it\/wp-json\/wp\/v2\/product_cat?post=18493"},{"taxonomy":"product_tag","embeddable":true,"href":"https:\/\/trotrx.com\/it\/wp-json\/wp\/v2\/product_tag?post=18493"}],"curies":[{"name":"wp","href":"https:\/\/api.w.org\/{rel}","templated":true}]}}