{"id":17194,"date":"2025-01-06T13:36:21","date_gmt":"2025-01-06T13:36:21","guid":{"rendered":"https:\/\/trotrx.com\/product\/trotrx-e-scoot-fs-20-1x750w\/"},"modified":"2026-03-16T15:12:42","modified_gmt":"2026-03-16T15:12:42","slug":"trotrx-e-scoot-fs-20-1x750w","status":"publish","type":"product","link":"https:\/\/trotrx.com\/it\/product\/trotrx-e-scoot-fs-20-1x750w\/","title":{"rendered":"TROTRX E-SCOOT FS 20&#8243; 1x750W"},"content":{"rendered":"<p><strong><u>DATI TECNICI<\/u><\/strong><\/p>\n<ul>\n<li><strong>Telaio in alluminio rinforzato e saldato a TIG con finitura anodizzata blu<\/strong><\/li>\n<\/ul>\n<p style=\"padding-left: 40px;\">Utilizziamo uno specifico processo di anodizzazione senza verniciatura per garantire una resistenza ottimale agli urti e alla luce del sole e una maggiore durata nel tempo.<\/p>\n<ul>\n<li><strong>Batteria integrata<\/strong>: ioni di litio 48v 25Ah &#8211; 1200Wh &#8211; celle Samsung 21700-50-S, dotata di 3 fusibili di sicurezza.<\/li>\n<\/ul>\n<p style=\"padding-left: 40px;\">*Possibilit\u00e0 di utilizzare una batteria aggiuntiva per lo zaino (48V 23.4Ah) per estendere l&#8217;autonomia.<\/p>\n<ul>\n<li><strong>Cerchi da 20\u2033 &#8211; pneumatici FAT 20\u00d74.00<\/strong><\/li>\n<\/ul>\n<p style=\"padding-left: 40px;\">Le ruote da 20&#8242; rendono la versione molto maneggevole e pi\u00f9 reattiva. Richiede maggiore attenzione nei tratti tecnici e nelle discese sassose. <\/p>\n<ul>\n<li><strong>Motore<\/strong>: 48v 750w <u>ridotto*.<\/u><\/li>\n<\/ul>\n<p style=\"padding-left: 40px;\"><em>*Ridotto: Esistono due tipi di motori sul mercato:  <\/em><\/p>\n<p style=\"padding-left: 40px;\"><strong><em>Motore ridotto :  <\/em><\/strong><em>Grazie al riduttore, quando la ruota compie un giro, il motore compie un giro e mezzo, aumentando notevolmente la coppia. Ideale per le partenze in salita e\/o   <\/em><em>nell&#8217;uso fuoristrada, risparmiando l&#8217;energia della batteria. Questo motore \u00e8 pi\u00f9 leggero <strong>di circa 3 kg<\/strong> rispetto a un motore a trasmissione diretta della stessa potenza (vedi sotto). <\/em><\/p>\n<p style=\"padding-left: 40px;\"><strong><em>Motore<\/em><\/strong><strong><em> a trazione diretta: <\/em><\/strong><em>A differenza del motore ridotto, per aumentare la mancanza di efficienza quando la macchina viene lanciata, \u00e8 necessario un controller pi\u00f9 potente, che comporta un consumo maggiore della batteria per compensare la mancanza di reattivit\u00e0.<\/em><\/p>\n<p>&nbsp;<\/p>\n<p>Come per le biciclette, i monopattini richiedono diverse altezze del manubrio a seconda dell&#8217;altezza dell&#8217;utente. Puoi scegliere tra 3 altezze di manubrio, la pi\u00f9 comune delle quali, 130 mm, \u00e8 adatta a persone di altezza compresa tra 1,50 m e 1,80 m. <\/p>\n<ul>\n<li>80 mm<\/li>\n<li>130 mm<\/li>\n<li>180 mm<\/li>\n<\/ul>\n<p>&nbsp;<\/p>\n<ul>\n<li><strong>Freni<\/strong><\/li>\n<\/ul>\n<p style=\"padding-left: 40px;\">Freni a disco idraulici anteriori e posteriori da 180 mm per una frenata ottimale in tutte le condizioni.<\/p>\n<ul>\n<li><strong>Scarpa da passeggio multiuso<\/strong><\/li>\n<\/ul>\n<p style=\"padding-left: 40px;\">Pi\u00f9 ergonomica e pi\u00f9 larga nella parte posteriore, in modo da poter regolare la tua posizione tra i tratti pianeggianti e quelli tecnici.<\/p>\n<ul>\n<li><strong>Specifiche della ruota posteriore :<\/strong><\/li>\n<\/ul>\n<p style=\"padding-left: 40px;\">Sviluppato da noi nel corso degli anni, il forcellino posteriore rimovibile permette di montare e smontare la ruota posteriore con una sola chiave a brugola da 6 mm. La ruota si centrer\u00e0 automaticamente.<\/p>\n<ul>\n<li><strong>Sono disponibili diversi accessori aggiuntivi<\/strong>\n<ul>\n<li>Parafanghi anteriori e posteriori<\/li>\n<li>Portabagagli<\/li>\n<li>Borse laterali<\/li>\n<li>Borse da manubrio<\/li>\n<\/ul>\n<\/li>\n<li><strong><em>Tutti i componenti sono stati selezionati per la loro qualit\u00e0 e durata. Sono progettati per resistere a diversi anni di uso intensivo. <\/em><\/strong><em>  (Ad eccezione delle parti soggette a usura, pneumatici, pastiglie dei freni, ecc.)<\/em><\/li>\n<\/ul>\n<p>&nbsp;<\/p>\n<hr>\n<p>&nbsp;<\/p>\n<p><strong><u>SULLA TERRA<\/u><\/strong><\/p>\n<p>Questa versione si \u00e8 dimostrata altamente affidabile, facile e veloce da utilizzare ed estremamente versatile.<\/p>\n<p>Puoi usarla per le tue attivit\u00e0 di svago, per le gite alla scoperta di nuove realt\u00e0 e per le escursioni sportive, ma anche come veicolo utilitario o macchina da lavoro, montando il nostro portapacchi rinforzato. Puoi usarla anche come veicolo utilitario o da lavoro, montando il nostro portapacchi rinforzato.<\/p>\n<p>La batteria integrata nel telaio ti offre maggiore libert\u00e0. Il telaio leggermente pi\u00f9 lungo \u00e8 pi\u00f9 rassicurante nelle discese e nei tratti veloci. <\/p>\n<p>&nbsp;<\/p>\n<hr>\n<p>&nbsp;<\/p>\n<p><strong><u>SPECIFICHE<\/u><\/strong><\/p>\n<p><strong>Telaio<\/strong>: alluminio rinforzato con saldatura TIG, finitura anodizzata blu.<\/p>\n<p><strong>Forcella<\/strong>: forcella idraulica rovesciata Trotrx 140.<\/p>\n<p><strong>Ammortizzatore<\/strong>: DNM 200\u00d760<\/p>\n<p><strong>Freni<\/strong>: BENGAL Idraulico, disco da 180 mm<\/p>\n<p><strong>Manubrio<\/strong>: Alluminio h.130mm X780 mm standard o 80mm o 180mm disponibili<\/p>\n<p><strong>Attacco manubrio<\/strong>: Alluminio 60 mm<\/p>\n<p><strong>Serie sterzo<\/strong>: FSA con cuscinetto a sfera conico<\/p>\n<p><strong>Cerchi<\/strong>: TROTRX\u2122 rinforzati a doppia parete 36T<\/p>\n<p><strong>Pneumatici<\/strong>: FAT INNOVA 20\u00d74.00<\/p>\n<p><strong>Unit\u00e0<\/strong>: 1x750w ridotta<\/p>\n<p><strong>Controllore<\/strong>: 1x25Ah<\/p>\n<p><strong>Batteria integrata<\/strong>: ioni di litio 48v 25Ah &#8211; 1200Wh &#8211; celle Samsung 21700-50-S, dotata di 3 fusibili di sicurezza<\/p>\n<p><strong>Caricabatterie<\/strong>: 5Ah<\/p>\n<p><strong>Velocit\u00e0<\/strong>: limitata a 25 km\/h.<\/p>\n<p><strong>Peso <\/strong>: 30,5 kg<\/p>\n<p><strong>Lunghezza <\/strong>: 1m84<\/p>\n<p><strong>Indice di riparabilit\u00e0<\/strong>: 10 anni<\/p>\n<p><strong>Garanzia legale<\/strong>: 2 anni<\/p>\n<p><strong>Garanzia commerciale <\/strong>: 5 anni per il telaio<\/p>\n<p>&nbsp;<\/p>\n<hr>\n<p>&nbsp;<\/p>\n<p><strong><em>I nostri modelli sono interamente progettati, sviluppati e assemblati nella nostra sede di Venasque 84210 &#8211; Vaucluse, nel sud della Francia.<\/em><\/strong><\/p>\n<p>L&#8217;uso degli scooter \u00e8 regolamentato e varia in ogni paese e\/o regione.<\/p>\n<p><a href=\"https:\/\/trotrx.com\/wp-content\/uploads\/2025\/01\/edpm-2024.pdf\">Clicca qui per saperne di pi\u00f9.<\/a><\/p>\n<p>Non esitare a contattarci per maggiori informazioni.<\/p>\n","protected":false},"excerpt":{"rendered":"<p>CT Concept presenta una versione pi\u00f9 potente dello scooter E-Scoot FS 20&#8243;, con un motore da 750W per una potenza ancora maggiore! Grazie alla batteria da 25Ah e all&#8217;esclusivo motore da 750W, l&#8217;E-Scoot FS 20&#8243; ti accompagner\u00e0 in lunghe uscite, anche sui terreni pi\u00f9 impegnativi. <strong>\u26a0\ufe0f <\/strong><u><strong>DISPONIBILE DA GIUGNO<\/strong><\/u><\/p>\n","protected":false},"featured_media":14883,"template":"","meta":[],"product_brand":[],"product_cat":[117],"product_tag":[],"class_list":{"0":"post-17194","1":"product","2":"type-product","3":"status-publish","4":"has-post-thumbnail","6":"product_cat-scooter","7":"product_shipping_class-scooter","9":"first","10":"outofstock","11":"taxable","12":"shipping-taxable","13":"purchasable","14":"product-type-simple"},"yoast_head":"<!-- This site is optimized with the Yoast SEO plugin v27.5 - https:\/\/yoast.com\/product\/yoast-seo-wordpress\/ -->\n<title>TROTRX E-SCOOT FS 20&quot; 1x750W - TROTRX - Trottinettes &eacute;lectriques tout-terrain \u26a1\ufe0f\ud83d\udef4<\/title>\n<meta name=\"description\" content=\"CT Concept presenta una versione pi\u00f9 potente dello scooter E-Scoot FS 20&quot;, con un motore da 750W per una potenza ancora maggiore! Con la sua batteria da 25Ah e l&#039;esclusivo motore da 750W, l&#039;E-Scoot FS 20&quot; ti accompagner\u00e0 in lunghe uscite, anche sui terreni pi\u00f9 impegnativi.\" \/>\n<meta name=\"robots\" content=\"index, follow, max-snippet:-1, max-image-preview:large, max-video-preview:-1\" \/>\n<link rel=\"canonical\" href=\"https:\/\/trotrx.com\/it\/product\/trotrx-e-scoot-fs-20-1x750w\/\" \/>\n<meta property=\"og:locale\" content=\"it_IT\" \/>\n<meta property=\"og:type\" content=\"article\" \/>\n<meta property=\"og:title\" content=\"TROTRX E-SCOOT FS 20&quot; 1x750W - TROTRX - Trottinettes &eacute;lectriques tout-terrain \u26a1\ufe0f\ud83d\udef4\" \/>\n<meta property=\"og:description\" content=\"CT Concept presenta una versione pi\u00f9 potente dello scooter E-Scoot FS 20&quot;, con un motore da 750W per una potenza ancora maggiore! Con la sua batteria da 25Ah e l&#039;esclusivo motore da 750W, l&#039;E-Scoot FS 20&quot; ti accompagner\u00e0 in lunghe uscite, anche sui terreni pi\u00f9 impegnativi.\" \/>\n<meta property=\"og:url\" content=\"https:\/\/trotrx.com\/it\/product\/trotrx-e-scoot-fs-20-1x750w\/\" \/>\n<meta property=\"og:site_name\" content=\"TROTRX - Trottinettes &eacute;lectriques tout-terrain \u26a1\ufe0f\ud83d\udef4\" \/>\n<meta property=\"article:modified_time\" content=\"2026-03-16T15:12:42+00:00\" \/>\n<meta property=\"og:image\" content=\"https:\/\/trotrx.com\/wp-content\/uploads\/2025\/01\/Design-sans-titre-2025-02-25T151834.709.png\" \/>\n\t<meta property=\"og:image:width\" content=\"1080\" \/>\n\t<meta property=\"og:image:height\" content=\"1080\" \/>\n\t<meta property=\"og:image:type\" content=\"image\/png\" \/>\n<meta name=\"twitter:card\" content=\"summary_large_image\" \/>\n<meta name=\"twitter:label1\" content=\"Tempo di lettura stimato\" \/>\n\t<meta name=\"twitter:data1\" content=\"3 minuto\" \/>\n<script type=\"application\/ld+json\" class=\"yoast-schema-graph\">{\"@context\":\"https:\\\/\\\/schema.org\",\"@graph\":[{\"@type\":\"WebPage\",\"@id\":\"https:\\\/\\\/trotrx.com\\\/it\\\/product\\\/trotrx-e-scoot-fs-20-1x750w\\\/\",\"url\":\"https:\\\/\\\/trotrx.com\\\/it\\\/product\\\/trotrx-e-scoot-fs-20-1x750w\\\/\",\"name\":\"TROTRX E-SCOOT FS 20\\\" 1x750W - TROTRX - Trottinettes &eacute;lectriques tout-terrain \u26a1\ufe0f\ud83d\udef4\",\"isPartOf\":{\"@id\":\"https:\\\/\\\/trotrx.com\\\/it\\\/#website\"},\"primaryImageOfPage\":{\"@id\":\"https:\\\/\\\/trotrx.com\\\/it\\\/product\\\/trotrx-e-scoot-fs-20-1x750w\\\/#primaryimage\"},\"image\":{\"@id\":\"https:\\\/\\\/trotrx.com\\\/it\\\/product\\\/trotrx-e-scoot-fs-20-1x750w\\\/#primaryimage\"},\"thumbnailUrl\":\"https:\\\/\\\/trotrx.com\\\/wp-content\\\/uploads\\\/2025\\\/01\\\/Design-sans-titre-2025-02-25T151834.709.png\",\"datePublished\":\"2025-01-06T13:36:21+00:00\",\"dateModified\":\"2026-03-16T15:12:42+00:00\",\"description\":\"CT Concept presenta una versione pi\u00f9 potente dello scooter E-Scoot FS 20\\\", con un motore da 750W per una potenza ancora maggiore! Con la sua batteria da 25Ah e l'esclusivo motore da 750W, l'E-Scoot FS 20\\\" ti accompagner\u00e0 in lunghe uscite, anche sui terreni pi\u00f9 impegnativi.\",\"breadcrumb\":{\"@id\":\"https:\\\/\\\/trotrx.com\\\/it\\\/product\\\/trotrx-e-scoot-fs-20-1x750w\\\/#breadcrumb\"},\"inLanguage\":\"it-IT\",\"potentialAction\":[{\"@type\":\"ReadAction\",\"target\":[\"https:\\\/\\\/trotrx.com\\\/it\\\/product\\\/trotrx-e-scoot-fs-20-1x750w\\\/\"]}]},{\"@type\":\"ImageObject\",\"inLanguage\":\"it-IT\",\"@id\":\"https:\\\/\\\/trotrx.com\\\/it\\\/product\\\/trotrx-e-scoot-fs-20-1x750w\\\/#primaryimage\",\"url\":\"https:\\\/\\\/trotrx.com\\\/wp-content\\\/uploads\\\/2025\\\/01\\\/Design-sans-titre-2025-02-25T151834.709.png\",\"contentUrl\":\"https:\\\/\\\/trotrx.com\\\/wp-content\\\/uploads\\\/2025\\\/01\\\/Design-sans-titre-2025-02-25T151834.709.png\",\"width\":1080,\"height\":1080},{\"@type\":\"BreadcrumbList\",\"@id\":\"https:\\\/\\\/trotrx.com\\\/it\\\/product\\\/trotrx-e-scoot-fs-20-1x750w\\\/#breadcrumb\",\"itemListElement\":[{\"@type\":\"ListItem\",\"position\":1,\"name\":\"Casa\",\"item\":\"https:\\\/\\\/trotrx.com\\\/it\\\/casa\\\/\"},{\"@type\":\"ListItem\",\"position\":2,\"name\":\"Negozio\",\"item\":\"https:\\\/\\\/trotrx.com\\\/boutique\\\/\"},{\"@type\":\"ListItem\",\"position\":3,\"name\":\"TROTRX E-SCOOT FS 20&#8243; 1x750W\"}]},{\"@type\":\"WebSite\",\"@id\":\"https:\\\/\\\/trotrx.com\\\/it\\\/#website\",\"url\":\"https:\\\/\\\/trotrx.com\\\/it\\\/\",\"name\":\"TROTRX - Trottinettes \u00e9lectriques tout-terrain ! \u26a1\ufe0f\ud83d\udef4\",\"description\":\"TROTRX - La trottinette &eacute;lectrique tout-terrain depuis 2008\",\"publisher\":{\"@id\":\"https:\\\/\\\/trotrx.com\\\/it\\\/#organization\"},\"alternateName\":\"TROTRX \u26a1\ufe0f\ud83d\udef4\",\"potentialAction\":[{\"@type\":\"SearchAction\",\"target\":{\"@type\":\"EntryPoint\",\"urlTemplate\":\"https:\\\/\\\/trotrx.com\\\/it\\\/?s={search_term_string}\"},\"query-input\":{\"@type\":\"PropertyValueSpecification\",\"valueRequired\":true,\"valueName\":\"search_term_string\"}}],\"inLanguage\":\"it-IT\"},{\"@type\":\"Organization\",\"@id\":\"https:\\\/\\\/trotrx.com\\\/it\\\/#organization\",\"name\":\"TROTRX - Trottinettes \u00e9lectriques tout-terrain ! \u26a1\ufe0f\ud83d\udef4\",\"url\":\"https:\\\/\\\/trotrx.com\\\/it\\\/\",\"logo\":{\"@type\":\"ImageObject\",\"inLanguage\":\"it-IT\",\"@id\":\"https:\\\/\\\/trotrx.com\\\/it\\\/#\\\/schema\\\/logo\\\/image\\\/\",\"url\":\"https:\\\/\\\/trotrx.com\\\/wp-content\\\/uploads\\\/2024\\\/10\\\/Design-sans-titre-2025-02-24T111129.185-e1740391936319.png\",\"contentUrl\":\"https:\\\/\\\/trotrx.com\\\/wp-content\\\/uploads\\\/2024\\\/10\\\/Design-sans-titre-2025-02-24T111129.185-e1740391936319.png\",\"width\":1920,\"height\":370,\"caption\":\"TROTRX - Trottinettes \u00e9lectriques tout-terrain ! \u26a1\ufe0f\ud83d\udef4\"},\"image\":{\"@id\":\"https:\\\/\\\/trotrx.com\\\/it\\\/#\\\/schema\\\/logo\\\/image\\\/\"}}]}<\/script>\n<!-- \/ Yoast SEO plugin. -->","yoast_head_json":{"title":"TROTRX E-SCOOT FS 20\" 1x750W - TROTRX - Trottinettes &eacute;lectriques tout-terrain \u26a1\ufe0f\ud83d\udef4","description":"CT Concept presenta una versione pi\u00f9 potente dello scooter E-Scoot FS 20\", con un motore da 750W per una potenza ancora maggiore! Con la sua batteria da 25Ah e l'esclusivo motore da 750W, l'E-Scoot FS 20\" ti accompagner\u00e0 in lunghe uscite, anche sui terreni pi\u00f9 impegnativi.","robots":{"index":"index","follow":"follow","max-snippet":"max-snippet:-1","max-image-preview":"max-image-preview:large","max-video-preview":"max-video-preview:-1"},"canonical":"https:\/\/trotrx.com\/it\/product\/trotrx-e-scoot-fs-20-1x750w\/","og_locale":"it_IT","og_type":"article","og_title":"TROTRX E-SCOOT FS 20\" 1x750W - TROTRX - Trottinettes &eacute;lectriques tout-terrain \u26a1\ufe0f\ud83d\udef4","og_description":"CT Concept presenta una versione pi\u00f9 potente dello scooter E-Scoot FS 20\", con un motore da 750W per una potenza ancora maggiore! Con la sua batteria da 25Ah e l'esclusivo motore da 750W, l'E-Scoot FS 20\" ti accompagner\u00e0 in lunghe uscite, anche sui terreni pi\u00f9 impegnativi.","og_url":"https:\/\/trotrx.com\/it\/product\/trotrx-e-scoot-fs-20-1x750w\/","og_site_name":"TROTRX - Trottinettes &eacute;lectriques tout-terrain \u26a1\ufe0f\ud83d\udef4","article_modified_time":"2026-03-16T15:12:42+00:00","og_image":[{"width":1080,"height":1080,"url":"https:\/\/trotrx.com\/wp-content\/uploads\/2025\/01\/Design-sans-titre-2025-02-25T151834.709.png","type":"image\/png"}],"twitter_card":"summary_large_image","twitter_misc":{"Tempo di lettura stimato":"3 minuto"},"schema":{"@context":"https:\/\/schema.org","@graph":[{"@type":"WebPage","@id":"https:\/\/trotrx.com\/it\/product\/trotrx-e-scoot-fs-20-1x750w\/","url":"https:\/\/trotrx.com\/it\/product\/trotrx-e-scoot-fs-20-1x750w\/","name":"TROTRX E-SCOOT FS 20\" 1x750W - TROTRX - Trottinettes &eacute;lectriques tout-terrain \u26a1\ufe0f\ud83d\udef4","isPartOf":{"@id":"https:\/\/trotrx.com\/it\/#website"},"primaryImageOfPage":{"@id":"https:\/\/trotrx.com\/it\/product\/trotrx-e-scoot-fs-20-1x750w\/#primaryimage"},"image":{"@id":"https:\/\/trotrx.com\/it\/product\/trotrx-e-scoot-fs-20-1x750w\/#primaryimage"},"thumbnailUrl":"https:\/\/trotrx.com\/wp-content\/uploads\/2025\/01\/Design-sans-titre-2025-02-25T151834.709.png","datePublished":"2025-01-06T13:36:21+00:00","dateModified":"2026-03-16T15:12:42+00:00","description":"CT Concept presenta una versione pi\u00f9 potente dello scooter E-Scoot FS 20\", con un motore da 750W per una potenza ancora maggiore! Con la sua batteria da 25Ah e l'esclusivo motore da 750W, l'E-Scoot FS 20\" ti accompagner\u00e0 in lunghe uscite, anche sui terreni pi\u00f9 impegnativi.","breadcrumb":{"@id":"https:\/\/trotrx.com\/it\/product\/trotrx-e-scoot-fs-20-1x750w\/#breadcrumb"},"inLanguage":"it-IT","potentialAction":[{"@type":"ReadAction","target":["https:\/\/trotrx.com\/it\/product\/trotrx-e-scoot-fs-20-1x750w\/"]}]},{"@type":"ImageObject","inLanguage":"it-IT","@id":"https:\/\/trotrx.com\/it\/product\/trotrx-e-scoot-fs-20-1x750w\/#primaryimage","url":"https:\/\/trotrx.com\/wp-content\/uploads\/2025\/01\/Design-sans-titre-2025-02-25T151834.709.png","contentUrl":"https:\/\/trotrx.com\/wp-content\/uploads\/2025\/01\/Design-sans-titre-2025-02-25T151834.709.png","width":1080,"height":1080},{"@type":"BreadcrumbList","@id":"https:\/\/trotrx.com\/it\/product\/trotrx-e-scoot-fs-20-1x750w\/#breadcrumb","itemListElement":[{"@type":"ListItem","position":1,"name":"Casa","item":"https:\/\/trotrx.com\/it\/casa\/"},{"@type":"ListItem","position":2,"name":"Negozio","item":"https:\/\/trotrx.com\/boutique\/"},{"@type":"ListItem","position":3,"name":"TROTRX E-SCOOT FS 20&#8243; 1x750W"}]},{"@type":"WebSite","@id":"https:\/\/trotrx.com\/it\/#website","url":"https:\/\/trotrx.com\/it\/","name":"TROTRX - Trottinettes \u00e9lectriques tout-terrain ! \u26a1\ufe0f\ud83d\udef4","description":"TROTRX - La trottinette &eacute;lectrique tout-terrain depuis 2008","publisher":{"@id":"https:\/\/trotrx.com\/it\/#organization"},"alternateName":"TROTRX \u26a1\ufe0f\ud83d\udef4","potentialAction":[{"@type":"SearchAction","target":{"@type":"EntryPoint","urlTemplate":"https:\/\/trotrx.com\/it\/?s={search_term_string}"},"query-input":{"@type":"PropertyValueSpecification","valueRequired":true,"valueName":"search_term_string"}}],"inLanguage":"it-IT"},{"@type":"Organization","@id":"https:\/\/trotrx.com\/it\/#organization","name":"TROTRX - Trottinettes \u00e9lectriques tout-terrain ! \u26a1\ufe0f\ud83d\udef4","url":"https:\/\/trotrx.com\/it\/","logo":{"@type":"ImageObject","inLanguage":"it-IT","@id":"https:\/\/trotrx.com\/it\/#\/schema\/logo\/image\/","url":"https:\/\/trotrx.com\/wp-content\/uploads\/2024\/10\/Design-sans-titre-2025-02-24T111129.185-e1740391936319.png","contentUrl":"https:\/\/trotrx.com\/wp-content\/uploads\/2024\/10\/Design-sans-titre-2025-02-24T111129.185-e1740391936319.png","width":1920,"height":370,"caption":"TROTRX - Trottinettes \u00e9lectriques tout-terrain ! \u26a1\ufe0f\ud83d\udef4"},"image":{"@id":"https:\/\/trotrx.com\/it\/#\/schema\/logo\/image\/"}}]}},"_links":{"self":[{"href":"https:\/\/trotrx.com\/it\/wp-json\/wp\/v2\/product\/17194","targetHints":{"allow":["GET"]}}],"collection":[{"href":"https:\/\/trotrx.com\/it\/wp-json\/wp\/v2\/product"}],"about":[{"href":"https:\/\/trotrx.com\/it\/wp-json\/wp\/v2\/types\/product"}],"version-history":[{"count":2,"href":"https:\/\/trotrx.com\/it\/wp-json\/wp\/v2\/product\/17194\/revisions"}],"predecessor-version":[{"id":23408,"href":"https:\/\/trotrx.com\/it\/wp-json\/wp\/v2\/product\/17194\/revisions\/23408"}],"wp:featuredmedia":[{"embeddable":true,"href":"https:\/\/trotrx.com\/it\/wp-json\/wp\/v2\/media\/14883"}],"wp:attachment":[{"href":"https:\/\/trotrx.com\/it\/wp-json\/wp\/v2\/media?parent=17194"}],"wp:term":[{"taxonomy":"product_brand","embeddable":true,"href":"https:\/\/trotrx.com\/it\/wp-json\/wp\/v2\/product_brand?post=17194"},{"taxonomy":"product_cat","embeddable":true,"href":"https:\/\/trotrx.com\/it\/wp-json\/wp\/v2\/product_cat?post=17194"},{"taxonomy":"product_tag","embeddable":true,"href":"https:\/\/trotrx.com\/it\/wp-json\/wp\/v2\/product_tag?post=17194"}],"curies":[{"name":"wp","href":"https:\/\/api.w.org\/{rel}","templated":true}]}}