{"id":16999,"date":"2025-01-06T13:35:32","date_gmt":"2025-01-06T13:35:32","guid":{"rendered":"https:\/\/trotrx.com\/product\/trotrx-scoot-fs-20\/"},"modified":"2026-03-16T15:15:08","modified_gmt":"2026-03-16T15:15:08","slug":"trotrx-scoot-fs-20","status":"publish","type":"product","link":"https:\/\/trotrx.com\/it\/product\/trotrx-scoot-fs-20\/","title":{"rendered":"TROTRX SCOOT 20&#8243; DH"},"content":{"rendered":"<p>CT CONCEPT presenta la nuova versione della Scoot 20&#8243; DH:<\/p>\n<p>Nuova forcella idraulica rovesciata TROTRX con escursione di 140 mm, QR15. Regolazione dell&#8217;estensione\/compressione dell&#8217;aria. <\/p>\n<p>Manubrio alto 130 mm.<\/p>\n<p>Freni a disco idraulici a 4 pistoncini, dischi da 200 mm.<\/p>\n<p>Il telaio pu\u00f2 essere aggiornato con ruote da 24&#8243; e\/o un motore elettrico.<\/p>\n<p>Ruote in alluminio a doppia parete rinforzate.<\/p>\n<p>Il telaio \u00e8 in alluminio anodizzato (non verniciato) montato su cuscinetti ad anello sigillati, con piedini e scarpa rimovibili.<\/p>\n<p>Le sospensioni anteriori e posteriori sono regolabili in estensione e compressione, quindi puoi regolare la SCOOT 20&#8243; in base al tuo peso e al tipo di utilizzo.<\/p>\n<p>&nbsp;<\/p>\n<hr>\n<p>&nbsp;<\/p>\n<p><span style=\"text-decoration: underline;\"><strong>SULLA TERRA<\/strong><\/span><\/p>\n<p>Con un passo leggermente pi\u00f9 lungo rispetto alla versione precedente, lo Scoot 24&#8221; DH \u00e8 ancora pi\u00f9 stabile e pu\u00f2 essere utilizzato sia da ragazzi che da adulti.<br \/>\nGrazie alle nuove sospensioni anteriori, il comfort di guida su terreni accidentati non \u00e8 mai stato cos\u00ec piacevole.<br \/>\nI nostri componenti di alta qualit\u00e0 non devono cambiare di anno in anno, perch\u00e9 il nostro obiettivo \u00e8 quello di rendere ogni prodotto il pi\u00f9 affidabile possibile in modo che possa resistere e durare per molti anni di utilizzo.<\/p>\n<p>&nbsp;<\/p>\n<hr>\n<p>&nbsp;<\/p>\n<p><span style=\"text-decoration: underline;\"><strong>SPECIFICHE<\/strong><\/span><\/p>\n<p><strong>Scarpa di protezione<\/strong> in alluminio anodizzato rimovibile.<\/p>\n<p><strong>Ruote in alluminio<\/strong> rinforzato a doppia parete, 36T.<\/p>\n<p><strong>Freni a disco idraulici<\/strong> anteriori e posteriori a 4 pistoncini BENGAL da 200 mm.<\/p>\n<p><strong>Pneumatici rinforzati<\/strong> 20 x 2,50.<\/p>\n<p><strong>Attacco<\/strong> DH da 50 mm <strong>in alluminio<\/strong>.<\/p>\n<p><strong>Manubrio in alluminio<\/strong> rialzato 780 mm rize 130 mm.<\/p>\n<p><strong>Forcelle<\/strong> idrauliche rovesciate TROTRX 140mm QR15 &#8211; regolazione aria in estensione\/compressione<\/p>\n<p><strong>Serranda<\/strong> DNM 220&#215;65<\/p>\n<p><strong>Peso<\/strong> 13,6 kg<\/p>\n<p><strong>Telaio in alluminio rinforzato<\/strong> con sospensione posteriore da 140 mm, finitura anodizzata.<\/p>\n<p><strong>Garanzia legale<\/strong>: 2 anni<\/p>\n<p><strong>Garanzia commerciale <\/strong>: 5 anni per il telaio<\/p>\n<p><em>I nostri modelli sono interamente progettati, sviluppati e assemblati nella nostra sede di Venasque 84210 &#8211; Vaucluse, nel sud della Francia.<\/em><\/p>\n","protected":false},"excerpt":{"rendered":"<p>CT Concept presenta la nuova versione della &#8220;SCOOT 20&#8243; DH&#8221; dotata della nuova forcella idraulica rovesciata TROTRX da 140 mm (pressione\/rilascio dell&#8217;aria regolabile) e dei nuovi freni a disco idraulici a 4 pistoncini (200 mm).<\/p>\n<p>Il telaio \u00e8 aggiornabile: se lo desideri, puoi aggiungere ruote da 24&#8243;.<\/p>\n","protected":false},"featured_media":6666,"template":"","meta":[],"product_brand":[],"product_cat":[161],"product_tag":[],"class_list":{"0":"post-16999","1":"product","2":"type-product","3":"status-publish","4":"has-post-thumbnail","6":"product_cat-scooter-dh","7":"product_shipping_class-scooter","9":"first","10":"instock","11":"taxable","12":"shipping-taxable","13":"purchasable","14":"product-type-simple"},"yoast_head":"<!-- This site is optimized with the Yoast SEO plugin v27.4 - https:\/\/yoast.com\/product\/yoast-seo-wordpress\/ -->\n<title>TROTRX SCOOT 20&quot; DH - TROTRX - Trottinettes &eacute;lectriques tout-terrain \u26a1\ufe0f\ud83d\udef4<\/title>\n<meta name=\"description\" content=\"CT Concept presenta il monopattino Scoot 20&quot; FS TrotRX. Con il suo robusto telaio in alluminio e gli pneumatici dentellati, sei pronto a domare i sentieri e i singletrack intorno a casa tua! Se lo desideri, il telaio pu\u00f2 essere aggiornato con ruote da 24&quot;.\" \/>\n<meta name=\"robots\" content=\"index, follow, max-snippet:-1, max-image-preview:large, max-video-preview:-1\" \/>\n<link rel=\"canonical\" href=\"https:\/\/trotrx.com\/it\/product\/trotrx-scoot-fs-20\/\" \/>\n<meta property=\"og:locale\" content=\"it_IT\" \/>\n<meta property=\"og:type\" content=\"article\" \/>\n<meta property=\"og:title\" content=\"TROTRX SCOOT 20&quot; DH - TROTRX - Trottinettes &eacute;lectriques tout-terrain \u26a1\ufe0f\ud83d\udef4\" \/>\n<meta property=\"og:description\" content=\"CT Concept presenta il monopattino Scoot 20&quot; FS TrotRX. Con il suo robusto telaio in alluminio e gli pneumatici dentellati, sei pronto a domare i sentieri e i singletrack intorno a casa tua! Se lo desideri, il telaio pu\u00f2 essere aggiornato con ruote da 24&quot;.\" \/>\n<meta property=\"og:url\" content=\"https:\/\/trotrx.com\/it\/product\/trotrx-scoot-fs-20\/\" \/>\n<meta property=\"og:site_name\" content=\"TROTRX - Trottinettes &eacute;lectriques tout-terrain \u26a1\ufe0f\ud83d\udef4\" \/>\n<meta property=\"article:modified_time\" content=\"2026-03-16T15:15:08+00:00\" \/>\n<meta name=\"twitter:card\" content=\"summary_large_image\" \/>\n<meta name=\"twitter:label1\" content=\"Tempo di lettura stimato\" \/>\n\t<meta name=\"twitter:data1\" content=\"1 minuto\" \/>\n<script type=\"application\/ld+json\" class=\"yoast-schema-graph\">{\"@context\":\"https:\\\/\\\/schema.org\",\"@graph\":[{\"@type\":\"WebPage\",\"@id\":\"https:\\\/\\\/trotrx.com\\\/it\\\/product\\\/trotrx-scoot-fs-20\\\/\",\"url\":\"https:\\\/\\\/trotrx.com\\\/it\\\/product\\\/trotrx-scoot-fs-20\\\/\",\"name\":\"TROTRX SCOOT 20\\\" DH - TROTRX - Trottinettes &eacute;lectriques tout-terrain \u26a1\ufe0f\ud83d\udef4\",\"isPartOf\":{\"@id\":\"https:\\\/\\\/trotrx.com\\\/it\\\/#website\"},\"primaryImageOfPage\":{\"@id\":\"https:\\\/\\\/trotrx.com\\\/it\\\/product\\\/trotrx-scoot-fs-20\\\/#primaryimage\"},\"image\":{\"@id\":\"https:\\\/\\\/trotrx.com\\\/it\\\/product\\\/trotrx-scoot-fs-20\\\/#primaryimage\"},\"thumbnailUrl\":\"https:\\\/\\\/trotrx.com\\\/wp-content\\\/uploads\\\/2024\\\/10\\\/TROTRX-SCOOT-FS-20.avif\",\"datePublished\":\"2025-01-06T13:35:32+00:00\",\"dateModified\":\"2026-03-16T15:15:08+00:00\",\"description\":\"CT Concept presenta il monopattino Scoot 20\\\" FS TrotRX. Con il suo robusto telaio in alluminio e gli pneumatici dentellati, sei pronto a domare i sentieri e i singletrack intorno a casa tua! Se lo desideri, il telaio pu\u00f2 essere aggiornato con ruote da 24\\\".\",\"breadcrumb\":{\"@id\":\"https:\\\/\\\/trotrx.com\\\/it\\\/product\\\/trotrx-scoot-fs-20\\\/#breadcrumb\"},\"inLanguage\":\"it-IT\",\"potentialAction\":[{\"@type\":\"ReadAction\",\"target\":[\"https:\\\/\\\/trotrx.com\\\/it\\\/product\\\/trotrx-scoot-fs-20\\\/\"]}]},{\"@type\":\"ImageObject\",\"inLanguage\":\"it-IT\",\"@id\":\"https:\\\/\\\/trotrx.com\\\/it\\\/product\\\/trotrx-scoot-fs-20\\\/#primaryimage\",\"url\":\"https:\\\/\\\/trotrx.com\\\/wp-content\\\/uploads\\\/2024\\\/10\\\/TROTRX-SCOOT-FS-20.avif\",\"contentUrl\":\"https:\\\/\\\/trotrx.com\\\/wp-content\\\/uploads\\\/2024\\\/10\\\/TROTRX-SCOOT-FS-20.avif\",\"width\":1080,\"height\":1080,\"caption\":\"TROTRX SCOOT FS 20\"},{\"@type\":\"BreadcrumbList\",\"@id\":\"https:\\\/\\\/trotrx.com\\\/it\\\/product\\\/trotrx-scoot-fs-20\\\/#breadcrumb\",\"itemListElement\":[{\"@type\":\"ListItem\",\"position\":1,\"name\":\"Casa\",\"item\":\"https:\\\/\\\/trotrx.com\\\/it\\\/casa\\\/\"},{\"@type\":\"ListItem\",\"position\":2,\"name\":\"Negozio\",\"item\":\"https:\\\/\\\/trotrx.com\\\/boutique\\\/\"},{\"@type\":\"ListItem\",\"position\":3,\"name\":\"TROTRX SCOOT 20&#8243; DH\"}]},{\"@type\":\"WebSite\",\"@id\":\"https:\\\/\\\/trotrx.com\\\/it\\\/#website\",\"url\":\"https:\\\/\\\/trotrx.com\\\/it\\\/\",\"name\":\"TROTRX - Trottinettes \u00e9lectriques tout-terrain ! \u26a1\ufe0f\ud83d\udef4\",\"description\":\"TROTRX - La trottinette &eacute;lectrique tout-terrain depuis 2008\",\"publisher\":{\"@id\":\"https:\\\/\\\/trotrx.com\\\/it\\\/#organization\"},\"alternateName\":\"TROTRX \u26a1\ufe0f\ud83d\udef4\",\"potentialAction\":[{\"@type\":\"SearchAction\",\"target\":{\"@type\":\"EntryPoint\",\"urlTemplate\":\"https:\\\/\\\/trotrx.com\\\/it\\\/?s={search_term_string}\"},\"query-input\":{\"@type\":\"PropertyValueSpecification\",\"valueRequired\":true,\"valueName\":\"search_term_string\"}}],\"inLanguage\":\"it-IT\"},{\"@type\":\"Organization\",\"@id\":\"https:\\\/\\\/trotrx.com\\\/it\\\/#organization\",\"name\":\"TROTRX - Trottinettes \u00e9lectriques tout-terrain ! \u26a1\ufe0f\ud83d\udef4\",\"url\":\"https:\\\/\\\/trotrx.com\\\/it\\\/\",\"logo\":{\"@type\":\"ImageObject\",\"inLanguage\":\"it-IT\",\"@id\":\"https:\\\/\\\/trotrx.com\\\/it\\\/#\\\/schema\\\/logo\\\/image\\\/\",\"url\":\"https:\\\/\\\/trotrx.com\\\/wp-content\\\/uploads\\\/2024\\\/10\\\/Design-sans-titre-2025-02-24T111129.185-e1740391936319.png\",\"contentUrl\":\"https:\\\/\\\/trotrx.com\\\/wp-content\\\/uploads\\\/2024\\\/10\\\/Design-sans-titre-2025-02-24T111129.185-e1740391936319.png\",\"width\":1920,\"height\":370,\"caption\":\"TROTRX - Trottinettes \u00e9lectriques tout-terrain ! \u26a1\ufe0f\ud83d\udef4\"},\"image\":{\"@id\":\"https:\\\/\\\/trotrx.com\\\/it\\\/#\\\/schema\\\/logo\\\/image\\\/\"}}]}<\/script>\n<!-- \/ Yoast SEO plugin. -->","yoast_head_json":{"title":"TROTRX SCOOT 20\" DH - TROTRX - Trottinettes &eacute;lectriques tout-terrain \u26a1\ufe0f\ud83d\udef4","description":"CT Concept presenta il monopattino Scoot 20\" FS TrotRX. Con il suo robusto telaio in alluminio e gli pneumatici dentellati, sei pronto a domare i sentieri e i singletrack intorno a casa tua! Se lo desideri, il telaio pu\u00f2 essere aggiornato con ruote da 24\".","robots":{"index":"index","follow":"follow","max-snippet":"max-snippet:-1","max-image-preview":"max-image-preview:large","max-video-preview":"max-video-preview:-1"},"canonical":"https:\/\/trotrx.com\/it\/product\/trotrx-scoot-fs-20\/","og_locale":"it_IT","og_type":"article","og_title":"TROTRX SCOOT 20\" DH - TROTRX - Trottinettes &eacute;lectriques tout-terrain \u26a1\ufe0f\ud83d\udef4","og_description":"CT Concept presenta il monopattino Scoot 20\" FS TrotRX. Con il suo robusto telaio in alluminio e gli pneumatici dentellati, sei pronto a domare i sentieri e i singletrack intorno a casa tua! Se lo desideri, il telaio pu\u00f2 essere aggiornato con ruote da 24\".","og_url":"https:\/\/trotrx.com\/it\/product\/trotrx-scoot-fs-20\/","og_site_name":"TROTRX - Trottinettes &eacute;lectriques tout-terrain \u26a1\ufe0f\ud83d\udef4","article_modified_time":"2026-03-16T15:15:08+00:00","twitter_card":"summary_large_image","twitter_misc":{"Tempo di lettura stimato":"1 minuto"},"schema":{"@context":"https:\/\/schema.org","@graph":[{"@type":"WebPage","@id":"https:\/\/trotrx.com\/it\/product\/trotrx-scoot-fs-20\/","url":"https:\/\/trotrx.com\/it\/product\/trotrx-scoot-fs-20\/","name":"TROTRX SCOOT 20\" DH - TROTRX - Trottinettes &eacute;lectriques tout-terrain \u26a1\ufe0f\ud83d\udef4","isPartOf":{"@id":"https:\/\/trotrx.com\/it\/#website"},"primaryImageOfPage":{"@id":"https:\/\/trotrx.com\/it\/product\/trotrx-scoot-fs-20\/#primaryimage"},"image":{"@id":"https:\/\/trotrx.com\/it\/product\/trotrx-scoot-fs-20\/#primaryimage"},"thumbnailUrl":"https:\/\/trotrx.com\/wp-content\/uploads\/2024\/10\/TROTRX-SCOOT-FS-20.avif","datePublished":"2025-01-06T13:35:32+00:00","dateModified":"2026-03-16T15:15:08+00:00","description":"CT Concept presenta il monopattino Scoot 20\" FS TrotRX. Con il suo robusto telaio in alluminio e gli pneumatici dentellati, sei pronto a domare i sentieri e i singletrack intorno a casa tua! Se lo desideri, il telaio pu\u00f2 essere aggiornato con ruote da 24\".","breadcrumb":{"@id":"https:\/\/trotrx.com\/it\/product\/trotrx-scoot-fs-20\/#breadcrumb"},"inLanguage":"it-IT","potentialAction":[{"@type":"ReadAction","target":["https:\/\/trotrx.com\/it\/product\/trotrx-scoot-fs-20\/"]}]},{"@type":"ImageObject","inLanguage":"it-IT","@id":"https:\/\/trotrx.com\/it\/product\/trotrx-scoot-fs-20\/#primaryimage","url":"https:\/\/trotrx.com\/wp-content\/uploads\/2024\/10\/TROTRX-SCOOT-FS-20.avif","contentUrl":"https:\/\/trotrx.com\/wp-content\/uploads\/2024\/10\/TROTRX-SCOOT-FS-20.avif","width":1080,"height":1080,"caption":"TROTRX SCOOT FS 20"},{"@type":"BreadcrumbList","@id":"https:\/\/trotrx.com\/it\/product\/trotrx-scoot-fs-20\/#breadcrumb","itemListElement":[{"@type":"ListItem","position":1,"name":"Casa","item":"https:\/\/trotrx.com\/it\/casa\/"},{"@type":"ListItem","position":2,"name":"Negozio","item":"https:\/\/trotrx.com\/boutique\/"},{"@type":"ListItem","position":3,"name":"TROTRX SCOOT 20&#8243; DH"}]},{"@type":"WebSite","@id":"https:\/\/trotrx.com\/it\/#website","url":"https:\/\/trotrx.com\/it\/","name":"TROTRX - Trottinettes \u00e9lectriques tout-terrain ! \u26a1\ufe0f\ud83d\udef4","description":"TROTRX - La trottinette &eacute;lectrique tout-terrain depuis 2008","publisher":{"@id":"https:\/\/trotrx.com\/it\/#organization"},"alternateName":"TROTRX \u26a1\ufe0f\ud83d\udef4","potentialAction":[{"@type":"SearchAction","target":{"@type":"EntryPoint","urlTemplate":"https:\/\/trotrx.com\/it\/?s={search_term_string}"},"query-input":{"@type":"PropertyValueSpecification","valueRequired":true,"valueName":"search_term_string"}}],"inLanguage":"it-IT"},{"@type":"Organization","@id":"https:\/\/trotrx.com\/it\/#organization","name":"TROTRX - Trottinettes \u00e9lectriques tout-terrain ! \u26a1\ufe0f\ud83d\udef4","url":"https:\/\/trotrx.com\/it\/","logo":{"@type":"ImageObject","inLanguage":"it-IT","@id":"https:\/\/trotrx.com\/it\/#\/schema\/logo\/image\/","url":"https:\/\/trotrx.com\/wp-content\/uploads\/2024\/10\/Design-sans-titre-2025-02-24T111129.185-e1740391936319.png","contentUrl":"https:\/\/trotrx.com\/wp-content\/uploads\/2024\/10\/Design-sans-titre-2025-02-24T111129.185-e1740391936319.png","width":1920,"height":370,"caption":"TROTRX - Trottinettes \u00e9lectriques tout-terrain ! \u26a1\ufe0f\ud83d\udef4"},"image":{"@id":"https:\/\/trotrx.com\/it\/#\/schema\/logo\/image\/"}}]}},"_links":{"self":[{"href":"https:\/\/trotrx.com\/it\/wp-json\/wp\/v2\/product\/16999","targetHints":{"allow":["GET"]}}],"collection":[{"href":"https:\/\/trotrx.com\/it\/wp-json\/wp\/v2\/product"}],"about":[{"href":"https:\/\/trotrx.com\/it\/wp-json\/wp\/v2\/types\/product"}],"version-history":[{"count":6,"href":"https:\/\/trotrx.com\/it\/wp-json\/wp\/v2\/product\/16999\/revisions"}],"predecessor-version":[{"id":23473,"href":"https:\/\/trotrx.com\/it\/wp-json\/wp\/v2\/product\/16999\/revisions\/23473"}],"wp:featuredmedia":[{"embeddable":true,"href":"https:\/\/trotrx.com\/it\/wp-json\/wp\/v2\/media\/6666"}],"wp:attachment":[{"href":"https:\/\/trotrx.com\/it\/wp-json\/wp\/v2\/media?parent=16999"}],"wp:term":[{"taxonomy":"product_brand","embeddable":true,"href":"https:\/\/trotrx.com\/it\/wp-json\/wp\/v2\/product_brand?post=16999"},{"taxonomy":"product_cat","embeddable":true,"href":"https:\/\/trotrx.com\/it\/wp-json\/wp\/v2\/product_cat?post=16999"},{"taxonomy":"product_tag","embeddable":true,"href":"https:\/\/trotrx.com\/it\/wp-json\/wp\/v2\/product_tag?post=16999"}],"curies":[{"name":"wp","href":"https:\/\/api.w.org\/{rel}","templated":true}]}}