{"id":16995,"date":"2025-01-06T13:35:32","date_gmt":"2025-01-06T13:35:32","guid":{"rendered":"https:\/\/trotrx.com\/product\/trotrx-scoot-fs-24\/"},"modified":"2026-03-16T15:14:28","modified_gmt":"2026-03-16T15:14:28","slug":"trotrx-scoot-fs-24","status":"publish","type":"product","link":"https:\/\/trotrx.com\/it\/product\/trotrx-scoot-fs-24\/","title":{"rendered":"TROTRX SCOOT 24&#8243; DH"},"content":{"rendered":"<p>CT CONCEPT presenta la nuova versione della Scoot 24&#8243; DH:<\/p>\n<p>Nuova forcella idraulica rovesciata TROTRX con escursione di 140 mm, QR15. Regolazione dell&#8217;estensione\/compressione dell&#8217;aria. <\/p>\n<p>Manubrio alto 130 mm.<\/p>\n<p>Freni a disco idraulici a 4 pistoncini, dischi da 200 mm.<\/p>\n<p>Ruote in alluminio a doppia parete rinforzate.<\/p>\n<p>Il telaio \u00e8 in alluminio anodizzato (non verniciato) montato su cuscinetti ad anello sigillati, con piedini e scarpa rimovibili.<\/p>\n<p>Le sospensioni anteriori e posteriori sono regolabili in estensione e compressione, quindi puoi regolare la SCOOT 24&#8243; in base al tuo peso e al tipo di utilizzo.<\/p>\n<hr>\n<p><strong>SULLA TERRA<\/strong><\/p>\n<p>Con un passo leggermente pi\u00f9 lungo rispetto alla versione precedente, lo Scoot 24&#8221; DH \u00e8 ancora pi\u00f9 stabile e pu\u00f2 essere utilizzato sia da ragazzi che da adulti.<\/p>\n<p>Grazie alla nuova sospensione anteriore, il comfort di guida sui terreni sconnessi non \u00e8 mai stato cos\u00ec buono.<\/p>\n<p>I nostri componenti di alta qualit\u00e0 non devono cambiare di anno in anno, perch\u00e9 il nostro obiettivo \u00e8 quello di rendere ogni prodotto il pi\u00f9 affidabile possibile, in modo che possa resistere e durare per molti anni di utilizzo.<\/p>\n<hr>\n<p><strong>SPECIFICHE<\/strong><\/p>\n<p><strong>Scarpa di protezione<\/strong> in alluminio anodizzato rimovibile.<\/p>\n<p><strong>Ruote in alluminio rinforzato<\/strong> a doppia parete, 36T.<\/p>\n<p><strong>Freni a disco idraulici<\/strong> anteriori e posteriori a 4 pistoncini BENGAL da 200 mm.<\/p>\n<p><strong>Pneumatici rinforzati<\/strong> 24 X 3.00.<\/p>\n<p><strong>Attacco<\/strong> DH da 50 mm <strong>in alluminio<\/strong>.<\/p>\n<p><strong>Manubrio in alluminio<\/strong> rialzato 780 mm rize 130 mm.<\/p>\n<p><strong>Forcelle<\/strong> idrauliche rovesciate TROTRX 140mm QR15 &#8211; regolazione aria in estensione\/compressione<\/p>\n<p><strong>Ammortizzatore<\/strong> DNM 210&#215;65<\/p>\n<p><strong>Peso<\/strong> 14,6 kg<\/p>\n<p><strong>Telaio in alluminio rinforzato<\/strong>, finitura anodizzata.<\/p>\n<p><strong>Garanzia legale<\/strong>: 2 anni<\/p>\n<p><strong>Garanzia commerciale <\/strong>: 5 anni per il telaio<\/p>\n<p><em>I nostri modelli sono interamente progettati, sviluppati e assemblati nella nostra sede di Venasque 84210 &#8211; Vaucluse, nel sud della Francia.<\/em><\/p>\n","protected":false},"excerpt":{"rendered":"<p>CT Concept presenta la nuova versione della &#8220;SCOOT 24&#8243; DH&#8221; dotata della nuova forcella idraulica rovesciata TROTRX da 140 mm (pressione dell&#8217;aria\/rimbalzo regolabili) e dei nuovi freni a disco idraulici a 4 pistoncini (200 mm).<\/p>\n","protected":false},"featured_media":20640,"template":"","meta":[],"product_brand":[],"product_cat":[161],"product_tag":[218],"class_list":{"0":"post-16995","1":"product","2":"type-product","3":"status-publish","4":"has-post-thumbnail","6":"product_cat-scooter-dh","7":"product_tag-dicembre-nero","8":"product_shipping_class-scooter","10":"first","11":"instock","12":"taxable","13":"shipping-taxable","14":"purchasable","15":"product-type-simple"},"yoast_head":"<!-- This site is optimized with the Yoast SEO plugin v27.4 - https:\/\/yoast.com\/product\/yoast-seo-wordpress\/ -->\n<title>TROTRX SCOOT 24&quot; DH - TROTRX - Trottinettes &eacute;lectriques tout-terrain \u26a1\ufe0f\ud83d\udef4<\/title>\n<meta name=\"description\" content=\"CT Concept presenta la versione da 24&quot; dello Scoot FS TrotRX, che offre maggiore stabilit\u00e0 e altezza. Compatibile anche con le ruote motorizzate, i percorsi pi\u00f9 ripidi non saranno pi\u00f9 un ostacolo!\" \/>\n<meta name=\"robots\" content=\"index, follow, max-snippet:-1, max-image-preview:large, max-video-preview:-1\" \/>\n<link rel=\"canonical\" href=\"https:\/\/trotrx.com\/it\/product\/trotrx-scoot-fs-24\/\" \/>\n<meta property=\"og:locale\" content=\"it_IT\" \/>\n<meta property=\"og:type\" content=\"article\" \/>\n<meta property=\"og:title\" content=\"TROTRX SCOOT 24&quot; DH - TROTRX - Trottinettes &eacute;lectriques tout-terrain \u26a1\ufe0f\ud83d\udef4\" \/>\n<meta property=\"og:description\" content=\"CT Concept presenta la versione da 24&quot; dello Scoot FS TrotRX, che offre maggiore stabilit\u00e0 e altezza. Compatibile anche con le ruote motorizzate, i percorsi pi\u00f9 ripidi non saranno pi\u00f9 un ostacolo!\" \/>\n<meta property=\"og:url\" content=\"https:\/\/trotrx.com\/it\/product\/trotrx-scoot-fs-24\/\" \/>\n<meta property=\"og:site_name\" content=\"TROTRX - Trottinettes &eacute;lectriques tout-terrain \u26a1\ufe0f\ud83d\udef4\" \/>\n<meta property=\"article:modified_time\" content=\"2026-03-16T15:14:28+00:00\" \/>\n<meta property=\"og:image\" content=\"https:\/\/trotrx.com\/wp-content\/uploads\/2025\/10\/ESCOOT_DH24_1_1080.png\" \/>\n\t<meta property=\"og:image:width\" content=\"1080\" \/>\n\t<meta property=\"og:image:height\" content=\"1080\" \/>\n\t<meta property=\"og:image:type\" content=\"image\/png\" \/>\n<meta name=\"twitter:card\" content=\"summary_large_image\" \/>\n<meta name=\"twitter:label1\" content=\"Tempo di lettura stimato\" \/>\n\t<meta name=\"twitter:data1\" content=\"1 minuto\" \/>\n<script type=\"application\/ld+json\" class=\"yoast-schema-graph\">{\"@context\":\"https:\\\/\\\/schema.org\",\"@graph\":[{\"@type\":\"WebPage\",\"@id\":\"https:\\\/\\\/trotrx.com\\\/it\\\/product\\\/trotrx-scoot-fs-24\\\/\",\"url\":\"https:\\\/\\\/trotrx.com\\\/it\\\/product\\\/trotrx-scoot-fs-24\\\/\",\"name\":\"TROTRX SCOOT 24\\\" DH - TROTRX - Trottinettes &eacute;lectriques tout-terrain \u26a1\ufe0f\ud83d\udef4\",\"isPartOf\":{\"@id\":\"https:\\\/\\\/trotrx.com\\\/it\\\/#website\"},\"primaryImageOfPage\":{\"@id\":\"https:\\\/\\\/trotrx.com\\\/it\\\/product\\\/trotrx-scoot-fs-24\\\/#primaryimage\"},\"image\":{\"@id\":\"https:\\\/\\\/trotrx.com\\\/it\\\/product\\\/trotrx-scoot-fs-24\\\/#primaryimage\"},\"thumbnailUrl\":\"https:\\\/\\\/trotrx.com\\\/wp-content\\\/uploads\\\/2025\\\/10\\\/ESCOOT_DH24_1_1080.png\",\"datePublished\":\"2025-01-06T13:35:32+00:00\",\"dateModified\":\"2026-03-16T15:14:28+00:00\",\"description\":\"CT Concept presenta la versione da 24\\\" dello Scoot FS TrotRX, che offre maggiore stabilit\u00e0 e altezza. Compatibile anche con le ruote motorizzate, i percorsi pi\u00f9 ripidi non saranno pi\u00f9 un ostacolo!\",\"breadcrumb\":{\"@id\":\"https:\\\/\\\/trotrx.com\\\/it\\\/product\\\/trotrx-scoot-fs-24\\\/#breadcrumb\"},\"inLanguage\":\"it-IT\",\"potentialAction\":[{\"@type\":\"ReadAction\",\"target\":[\"https:\\\/\\\/trotrx.com\\\/it\\\/product\\\/trotrx-scoot-fs-24\\\/\"]}]},{\"@type\":\"ImageObject\",\"inLanguage\":\"it-IT\",\"@id\":\"https:\\\/\\\/trotrx.com\\\/it\\\/product\\\/trotrx-scoot-fs-24\\\/#primaryimage\",\"url\":\"https:\\\/\\\/trotrx.com\\\/wp-content\\\/uploads\\\/2025\\\/10\\\/ESCOOT_DH24_1_1080.png\",\"contentUrl\":\"https:\\\/\\\/trotrx.com\\\/wp-content\\\/uploads\\\/2025\\\/10\\\/ESCOOT_DH24_1_1080.png\",\"width\":1080,\"height\":1080,\"caption\":\"ESCOOT_DH24_1_1080\"},{\"@type\":\"BreadcrumbList\",\"@id\":\"https:\\\/\\\/trotrx.com\\\/it\\\/product\\\/trotrx-scoot-fs-24\\\/#breadcrumb\",\"itemListElement\":[{\"@type\":\"ListItem\",\"position\":1,\"name\":\"Casa\",\"item\":\"https:\\\/\\\/trotrx.com\\\/it\\\/casa\\\/\"},{\"@type\":\"ListItem\",\"position\":2,\"name\":\"Negozio\",\"item\":\"https:\\\/\\\/trotrx.com\\\/boutique\\\/\"},{\"@type\":\"ListItem\",\"position\":3,\"name\":\"TROTRX SCOOT 24&#8243; DH\"}]},{\"@type\":\"WebSite\",\"@id\":\"https:\\\/\\\/trotrx.com\\\/it\\\/#website\",\"url\":\"https:\\\/\\\/trotrx.com\\\/it\\\/\",\"name\":\"TROTRX - Trottinettes \u00e9lectriques tout-terrain ! \u26a1\ufe0f\ud83d\udef4\",\"description\":\"TROTRX - La trottinette &eacute;lectrique tout-terrain depuis 2008\",\"publisher\":{\"@id\":\"https:\\\/\\\/trotrx.com\\\/it\\\/#organization\"},\"alternateName\":\"TROTRX \u26a1\ufe0f\ud83d\udef4\",\"potentialAction\":[{\"@type\":\"SearchAction\",\"target\":{\"@type\":\"EntryPoint\",\"urlTemplate\":\"https:\\\/\\\/trotrx.com\\\/it\\\/?s={search_term_string}\"},\"query-input\":{\"@type\":\"PropertyValueSpecification\",\"valueRequired\":true,\"valueName\":\"search_term_string\"}}],\"inLanguage\":\"it-IT\"},{\"@type\":\"Organization\",\"@id\":\"https:\\\/\\\/trotrx.com\\\/it\\\/#organization\",\"name\":\"TROTRX - Trottinettes \u00e9lectriques tout-terrain ! \u26a1\ufe0f\ud83d\udef4\",\"url\":\"https:\\\/\\\/trotrx.com\\\/it\\\/\",\"logo\":{\"@type\":\"ImageObject\",\"inLanguage\":\"it-IT\",\"@id\":\"https:\\\/\\\/trotrx.com\\\/it\\\/#\\\/schema\\\/logo\\\/image\\\/\",\"url\":\"https:\\\/\\\/trotrx.com\\\/wp-content\\\/uploads\\\/2024\\\/10\\\/Design-sans-titre-2025-02-24T111129.185-e1740391936319.png\",\"contentUrl\":\"https:\\\/\\\/trotrx.com\\\/wp-content\\\/uploads\\\/2024\\\/10\\\/Design-sans-titre-2025-02-24T111129.185-e1740391936319.png\",\"width\":1920,\"height\":370,\"caption\":\"TROTRX - Trottinettes \u00e9lectriques tout-terrain ! \u26a1\ufe0f\ud83d\udef4\"},\"image\":{\"@id\":\"https:\\\/\\\/trotrx.com\\\/it\\\/#\\\/schema\\\/logo\\\/image\\\/\"}}]}<\/script>\n<!-- \/ Yoast SEO plugin. -->","yoast_head_json":{"title":"TROTRX SCOOT 24\" DH - TROTRX - Trottinettes &eacute;lectriques tout-terrain \u26a1\ufe0f\ud83d\udef4","description":"CT Concept presenta la versione da 24\" dello Scoot FS TrotRX, che offre maggiore stabilit\u00e0 e altezza. Compatibile anche con le ruote motorizzate, i percorsi pi\u00f9 ripidi non saranno pi\u00f9 un ostacolo!","robots":{"index":"index","follow":"follow","max-snippet":"max-snippet:-1","max-image-preview":"max-image-preview:large","max-video-preview":"max-video-preview:-1"},"canonical":"https:\/\/trotrx.com\/it\/product\/trotrx-scoot-fs-24\/","og_locale":"it_IT","og_type":"article","og_title":"TROTRX SCOOT 24\" DH - TROTRX - Trottinettes &eacute;lectriques tout-terrain \u26a1\ufe0f\ud83d\udef4","og_description":"CT Concept presenta la versione da 24\" dello Scoot FS TrotRX, che offre maggiore stabilit\u00e0 e altezza. Compatibile anche con le ruote motorizzate, i percorsi pi\u00f9 ripidi non saranno pi\u00f9 un ostacolo!","og_url":"https:\/\/trotrx.com\/it\/product\/trotrx-scoot-fs-24\/","og_site_name":"TROTRX - Trottinettes &eacute;lectriques tout-terrain \u26a1\ufe0f\ud83d\udef4","article_modified_time":"2026-03-16T15:14:28+00:00","og_image":[{"width":1080,"height":1080,"url":"https:\/\/trotrx.com\/wp-content\/uploads\/2025\/10\/ESCOOT_DH24_1_1080.png","type":"image\/png"}],"twitter_card":"summary_large_image","twitter_misc":{"Tempo di lettura stimato":"1 minuto"},"schema":{"@context":"https:\/\/schema.org","@graph":[{"@type":"WebPage","@id":"https:\/\/trotrx.com\/it\/product\/trotrx-scoot-fs-24\/","url":"https:\/\/trotrx.com\/it\/product\/trotrx-scoot-fs-24\/","name":"TROTRX SCOOT 24\" DH - TROTRX - Trottinettes &eacute;lectriques tout-terrain \u26a1\ufe0f\ud83d\udef4","isPartOf":{"@id":"https:\/\/trotrx.com\/it\/#website"},"primaryImageOfPage":{"@id":"https:\/\/trotrx.com\/it\/product\/trotrx-scoot-fs-24\/#primaryimage"},"image":{"@id":"https:\/\/trotrx.com\/it\/product\/trotrx-scoot-fs-24\/#primaryimage"},"thumbnailUrl":"https:\/\/trotrx.com\/wp-content\/uploads\/2025\/10\/ESCOOT_DH24_1_1080.png","datePublished":"2025-01-06T13:35:32+00:00","dateModified":"2026-03-16T15:14:28+00:00","description":"CT Concept presenta la versione da 24\" dello Scoot FS TrotRX, che offre maggiore stabilit\u00e0 e altezza. Compatibile anche con le ruote motorizzate, i percorsi pi\u00f9 ripidi non saranno pi\u00f9 un ostacolo!","breadcrumb":{"@id":"https:\/\/trotrx.com\/it\/product\/trotrx-scoot-fs-24\/#breadcrumb"},"inLanguage":"it-IT","potentialAction":[{"@type":"ReadAction","target":["https:\/\/trotrx.com\/it\/product\/trotrx-scoot-fs-24\/"]}]},{"@type":"ImageObject","inLanguage":"it-IT","@id":"https:\/\/trotrx.com\/it\/product\/trotrx-scoot-fs-24\/#primaryimage","url":"https:\/\/trotrx.com\/wp-content\/uploads\/2025\/10\/ESCOOT_DH24_1_1080.png","contentUrl":"https:\/\/trotrx.com\/wp-content\/uploads\/2025\/10\/ESCOOT_DH24_1_1080.png","width":1080,"height":1080,"caption":"ESCOOT_DH24_1_1080"},{"@type":"BreadcrumbList","@id":"https:\/\/trotrx.com\/it\/product\/trotrx-scoot-fs-24\/#breadcrumb","itemListElement":[{"@type":"ListItem","position":1,"name":"Casa","item":"https:\/\/trotrx.com\/it\/casa\/"},{"@type":"ListItem","position":2,"name":"Negozio","item":"https:\/\/trotrx.com\/boutique\/"},{"@type":"ListItem","position":3,"name":"TROTRX SCOOT 24&#8243; DH"}]},{"@type":"WebSite","@id":"https:\/\/trotrx.com\/it\/#website","url":"https:\/\/trotrx.com\/it\/","name":"TROTRX - Trottinettes \u00e9lectriques tout-terrain ! \u26a1\ufe0f\ud83d\udef4","description":"TROTRX - La trottinette &eacute;lectrique tout-terrain depuis 2008","publisher":{"@id":"https:\/\/trotrx.com\/it\/#organization"},"alternateName":"TROTRX \u26a1\ufe0f\ud83d\udef4","potentialAction":[{"@type":"SearchAction","target":{"@type":"EntryPoint","urlTemplate":"https:\/\/trotrx.com\/it\/?s={search_term_string}"},"query-input":{"@type":"PropertyValueSpecification","valueRequired":true,"valueName":"search_term_string"}}],"inLanguage":"it-IT"},{"@type":"Organization","@id":"https:\/\/trotrx.com\/it\/#organization","name":"TROTRX - Trottinettes \u00e9lectriques tout-terrain ! \u26a1\ufe0f\ud83d\udef4","url":"https:\/\/trotrx.com\/it\/","logo":{"@type":"ImageObject","inLanguage":"it-IT","@id":"https:\/\/trotrx.com\/it\/#\/schema\/logo\/image\/","url":"https:\/\/trotrx.com\/wp-content\/uploads\/2024\/10\/Design-sans-titre-2025-02-24T111129.185-e1740391936319.png","contentUrl":"https:\/\/trotrx.com\/wp-content\/uploads\/2024\/10\/Design-sans-titre-2025-02-24T111129.185-e1740391936319.png","width":1920,"height":370,"caption":"TROTRX - Trottinettes \u00e9lectriques tout-terrain ! \u26a1\ufe0f\ud83d\udef4"},"image":{"@id":"https:\/\/trotrx.com\/it\/#\/schema\/logo\/image\/"}}]}},"_links":{"self":[{"href":"https:\/\/trotrx.com\/it\/wp-json\/wp\/v2\/product\/16995","targetHints":{"allow":["GET"]}}],"collection":[{"href":"https:\/\/trotrx.com\/it\/wp-json\/wp\/v2\/product"}],"about":[{"href":"https:\/\/trotrx.com\/it\/wp-json\/wp\/v2\/types\/product"}],"version-history":[{"count":6,"href":"https:\/\/trotrx.com\/it\/wp-json\/wp\/v2\/product\/16995\/revisions"}],"predecessor-version":[{"id":22069,"href":"https:\/\/trotrx.com\/it\/wp-json\/wp\/v2\/product\/16995\/revisions\/22069"}],"wp:featuredmedia":[{"embeddable":true,"href":"https:\/\/trotrx.com\/it\/wp-json\/wp\/v2\/media\/20640"}],"wp:attachment":[{"href":"https:\/\/trotrx.com\/it\/wp-json\/wp\/v2\/media?parent=16995"}],"wp:term":[{"taxonomy":"product_brand","embeddable":true,"href":"https:\/\/trotrx.com\/it\/wp-json\/wp\/v2\/product_brand?post=16995"},{"taxonomy":"product_cat","embeddable":true,"href":"https:\/\/trotrx.com\/it\/wp-json\/wp\/v2\/product_cat?post=16995"},{"taxonomy":"product_tag","embeddable":true,"href":"https:\/\/trotrx.com\/it\/wp-json\/wp\/v2\/product_tag?post=16995"}],"curies":[{"name":"wp","href":"https:\/\/api.w.org\/{rel}","templated":true}]}}