{"id":20288,"date":"2025-09-30T15:40:24","date_gmt":"2025-09-30T15:40:24","guid":{"rendered":"https:\/\/trotrx.com\/?post_type=product&#038;p=20288"},"modified":"2026-03-16T15:10:39","modified_gmt":"2026-03-16T15:10:39","slug":"trotrx-e-scoot-fs-24-2x750w-copie-copie","status":"publish","type":"product","link":"https:\/\/trotrx.com\/es\/product\/trotrx-e-scoot-fs-24-2x750w-copie-copie\/","title":{"rendered":"TROTRX E-SCOOT 24&#8243; 2&#215;2 500 EVO"},"content":{"rendered":"<p><strong><u>DATOS T\u00c9CNICOS<\/u><\/strong><\/p>\n<ul>\n<li><strong>Bastidor de <\/strong>aluminio reforzado, soldado manualmente con TIG, acabado anodizado azul.<\/li>\n<\/ul>\n<p style=\"padding-left: 40px;\">Utilizamos un proceso espec\u00edfico de anodizado sin pintura para garantizar una resistencia \u00f3ptima a los golpes y a la luz solar, y una mayor durabilidad en el tiempo.<\/p>\n<ul>\n<li><strong>Bater\u00eda <\/strong>integrada extra\u00edble de 48V 25Ah &#8211; 1200Wh con celdas Samsung 21700-50-S, equipada con fusibles de seguridad<b>.<\/b><\/li>\n<\/ul>\n<p style=\"padding-left: 40px;\">* Posibilidad de utilizar una bater\u00eda de mochila adicional (48V 23,4Ah) para ampliar la autonom\u00eda.<\/p>\n<ul>\n<li><strong>Ruedas de 24\u2033 &#8211; <\/strong>Neum\u00e1ticos FAT 24\u00d74.00<\/li>\n<\/ul>\n<p style=\"padding-left: 40px;\">Las ruedas Fat de 24&#8243; ofrecen la m\u00e1xima comodidad y estabilidad. La versi\u00f3n m\u00e1s eficaz para tramos muy t\u00e9cnicos y rocosos. <\/p>\n<ul>\n<li><strong>Motor: <\/strong>48V 2x500W Reducido* (2 x 500W)<\/li>\n<\/ul>\n<p style=\"padding-left: 40px;\"><em>*Reducido: Hay 2 tipos de motores en el mercado:  <\/em><\/p>\n<p style=\"padding-left: 40px;\"><strong><em>Motor reducido :  <\/em><\/strong><em>Equipado con una caja reductora, cuando la rueda da una vuelta, el motor da una vuelta y media, aumentando considerablemente el par motor. Ideal para arranques en cuesta y\/o   <\/em><em>en uso todoterreno, ahorrando energ\u00eda de la bater\u00eda. Este motor es <strong>unos 3 kg<\/strong> m\u00e1s ligero que un motor de tracci\u00f3n directa de la misma potencia (ver m\u00e1s abajo). <\/em><\/p>\n<p style=\"padding-left: 40px;\"><strong><em>Motor<\/em><\/strong><strong><em> accionamiento directo:<\/em><\/strong><em> A diferencia del motor reducido, para aumentar la falta de eficacia cuando la m\u00e1quina se pone en marcha, se necesita un controlador m\u00e1s potente, lo que supone un mayor consumo de bater\u00eda para compensar la falta de capacidad de respuesta.<\/em><\/p>\n<p><a class=\"en-savoir-plus-btn\" href=\"#reducted\">M\u00e1s informaci\u00f3n sobre los motores reducidos<\/a><\/p>\n<p>Al igual que las bicicletas, los patinetes requieren diferentes alturas de manillar en funci\u00f3n de la estatura del usuario. Hay 3 alturas de manillar para elegir: <\/p>\n<ul>\n<li>80 mm<\/li>\n<li>130 mm<\/li>\n<li>180 mm<\/li>\n<\/ul>\n<p>&nbsp;<\/p>\n<ul>\n<li><strong>Frenos<\/strong><\/li>\n<\/ul>\n<p style=\"padding-left: 40px;\">Frenos de disco hidr\u00e1ulicos delanteros y traseros Bengala de 180 mm para una frenada \u00f3ptima en todas las condiciones.<\/p>\n<ul>\n<li><strong>Calzado polivalente para caminar<\/strong><\/li>\n<\/ul>\n<p style=\"padding-left: 40px;\">M\u00e1s ergon\u00f3mico y m\u00e1s ancho en la parte trasera, para que puedas ajustar tu posici\u00f3n entre tramos llanos y tramos t\u00e9cnicos.<\/p>\n<ul>\n<li><strong>Especificaci\u00f3n de la rueda trasera :<\/strong><\/li>\n<\/ul>\n<p style=\"padding-left: 40px;\">Desarrollada por nosotros durante varios a\u00f1os, la puntera trasera desmontable permite montar y centrar la rueda autom\u00e1ticamente, y puede desmontarse r\u00e1pida y f\u00e1cilmente con una sola llave Allen de 6 mm.<\/p>\n<ul>\n<li><strong>Hay disponibles varios accesorios adicionales<\/strong>\n<ul>\n<li>Guardabarros delantero y trasero<\/li>\n<li>Portaequipajes<\/li>\n<li>Bolsas laterales<\/li>\n<li>Bolsas de manillar<\/li>\n<\/ul>\n<\/li>\n<li><strong><em>Todos los componentes se seleccionan por su calidad y durabilidad. Est\u00e1n dise\u00f1ados para soportar varios a\u00f1os de uso intensivo. <\/em><\/strong><em>  (excluyendo piezas de desgaste, neum\u00e1ticos, pastillas de freno, etc.)<\/em><\/li>\n<\/ul>\n<p>&nbsp;<\/p>\n<hr>\n<p>&nbsp;<\/p>\n<p><strong><u>SOBRE EL TERRENO<\/u><\/strong><\/p>\n<p>Esta versi\u00f3n con tracci\u00f3n a dos ruedas es muy fiable, r\u00e1pida y f\u00e1cil de manejar, y muy vers\u00e1til, proporcionando incluso a los conductores m\u00e1s pesados una m\u00e1quina robusta y fiable en todos los sentidos. La incorporaci\u00f3n de un motor facilita la superaci\u00f3n de terrenos dif\u00edciles y pendientes pronunciadas. <\/p>\n<p>Puedes utilizarla para tus actividades de ocio, salidas para descubrir cosas nuevas, excursiones deportivas, pero tambi\u00e9n como veh\u00edculo utilitario o m\u00e1quina de trabajo, instalando nuestro portaequipajes reforzado. Esto te permitir\u00e1 colocar un top box, una caja o incluso alforjas. <\/p>\n<p>La bater\u00eda integrada en el cuadro te da m\u00e1s libertad. El cuadro ligeramente m\u00e1s largo da m\u00e1s seguridad en los descensos y tramos r\u00e1pidos. <\/p>\n<p>&nbsp;<\/p>\n<hr>\n<p>&nbsp;<\/p>\n<p><strong><u>ESPECIFICACIONES<\/u><\/strong><\/p>\n<p><strong>Armaz\u00f3n<\/strong>: Aluminio reforzado soldado con TIG, acabado anodizado azul<\/p>\n<p><strong>Horquilla<\/strong>: Horquilla hidr\u00e1ulica TROTRX de 140 mm con amortiguaci\u00f3n ajustable de rebote y compresi\u00f3n<\/p>\n<p><strong>Amortiguador<\/strong>: DNM 200\u00d760<\/p>\n<p><strong>Frenos<\/strong>: hidr\u00e1ulicos BENGAL, disco de 180 mm<\/p>\n<p><strong>Manillar<\/strong>: Aluminio h.130mm X780 mm de serie o 80mm o 180 mm para pilotos de 1,85 m y m\u00e1s<\/p>\n<p><strong>Potencia<\/strong>: Aluminio 60mm<\/p>\n<p><strong>Juego de direcci\u00f3n<\/strong>: Rodamiento c\u00f3nico FSA<\/p>\n<p><strong>Llantas<\/strong>: TROTRX\u2122 reforzada de doble pared 36T<\/p>\n<p><strong>Neum\u00e1ticos<\/strong>: INNOVA FAT 24\u00d74.00<\/p>\n<p><strong>Motorizaci\u00f3n<\/strong>: 2x500w Reducida*.<\/p>\n<p><strong>Bater\u00eda integrada<\/strong>: Ion de litio 48v 25Ah &#8211; 1200Wh &#8211; celdas Samsung 21700-50-S, equipada con 3 fusibles de seguridad<\/p>\n<p><strong>Controlador<\/strong>: 2x25Ah estancos<\/p>\n<p><strong>Cargador<\/strong>: 5Ah<\/p>\n<p><strong>Velocidad<\/strong>: Limitada a 25 km\/h<\/p>\n<p><strong>Peso <\/strong>: 34,8 kg<\/p>\n<p><strong>Longitud <\/strong>: 1m98<\/p>\n<p><strong>\u00cdndice de reparabilidad<\/strong>: 10 a\u00f1os<\/p>\n<p><strong>Garant\u00eda legal<\/strong>: 2 a\u00f1os<\/p>\n<p><strong>Garant\u00eda comercial <\/strong>: 5 a\u00f1os para el armaz\u00f3n<\/p>\n<p>&nbsp;<\/p>\n<hr>\n<p>&nbsp;<\/p>\n<p><strong><em>Nuestros modelos se dise\u00f1an, desarrollan y montan \u00edntegramente en nuestras instalaciones de Venasque 84210 &#8211; Vaucluse, en el sur de Francia.<\/em><\/strong><\/p>\n<p>El uso de scooters est\u00e1 regulado y difiere en cada pa\u00eds y\/o regi\u00f3n.<\/p>\n<p><a href=\"https:\/\/trotrx.com\/wp-content\/uploads\/2025\/01\/edpm-2024.pdf\">Haz clic aqu\u00ed para saber m\u00e1s.<\/a><\/p>\n<p>No dudes en ponerte en contacto con nosotros para obtener m\u00e1s informaci\u00f3n.<\/p>\n<p>&nbsp;<\/p>\n","protected":false},"excerpt":{"rendered":"<p>CT Concept presenta la \u00faltima versi\u00f3n de su scooter el\u00e9ctrico todoterreno: el E-SCOOT 500 2&#215;2 EVO.<\/p>\n<ul>\n<li>Dos ruedas motrices, 500w cada una<\/li>\n<li>Nueva horquilla hidr\u00e1ulica ajustable TROTRX de 140 mm<\/li>\n<li>Nueva funda impermeable para mandos<\/li>\n<\/ul>\n<p>El E-SCOOT 500 2&#215;2 EVO es la versi\u00f3n m\u00e1s potente de la gama.<br \/>\n\u00a1Seguro que har\u00e1 las delicias de los amantes de las emociones fuertes!<\/p>\n","protected":false},"featured_media":20600,"template":"","meta":[],"product_brand":[],"product_cat":[118],"product_tag":[221],"class_list":{"0":"post-20288","1":"product","2":"type-product","3":"status-publish","4":"has-post-thumbnail","6":"product_cat-scooters-es","7":"product_tag-diciembre-negro","8":"product_shipping_class-scooters","10":"first","11":"instock","12":"taxable","13":"shipping-taxable","14":"purchasable","15":"product-type-simple"},"yoast_head":"<!-- This site is optimized with the Yoast SEO plugin v27.4 - https:\/\/yoast.com\/product\/yoast-seo-wordpress\/ -->\n<title>TROTRX E-SCOOT 24&quot; 2x2 500 EVO - TROTRX - Trottinettes &eacute;lectriques tout-terrain \u26a1\ufe0f\ud83d\udef4<\/title>\n<meta name=\"description\" content=\"CT Concept presenta la versi\u00f3n de mayores prestaciones de su scooter el\u00e9ctrico todoterreno: el E-SCOOT 24 2x2 500 EVO con motores dobles de 500 W, una nueva horquilla hidr\u00e1ulica ajustable TROTRX de 140 mm de recorrido y una nueva caja de mandos estanca.\" \/>\n<meta name=\"robots\" content=\"index, follow, max-snippet:-1, max-image-preview:large, max-video-preview:-1\" \/>\n<link rel=\"canonical\" href=\"https:\/\/trotrx.com\/es\/product\/trotrx-e-scoot-fs-24-2x750w-copie-copie\/\" \/>\n<meta property=\"og:locale\" content=\"es_ES\" \/>\n<meta property=\"og:type\" content=\"article\" \/>\n<meta property=\"og:title\" content=\"TROTRX E-SCOOT 24&quot; 2x2 500 EVO - TROTRX - Trottinettes &eacute;lectriques tout-terrain \u26a1\ufe0f\ud83d\udef4\" \/>\n<meta property=\"og:description\" content=\"CT Concept presenta la versi\u00f3n de mayores prestaciones de su scooter el\u00e9ctrico todoterreno: el E-SCOOT 24 2x2 500 EVO con motores dobles de 500 W, una nueva horquilla hidr\u00e1ulica ajustable TROTRX de 140 mm de recorrido y una nueva caja de mandos estanca.\" \/>\n<meta property=\"og:url\" content=\"https:\/\/trotrx.com\/es\/product\/trotrx-e-scoot-fs-24-2x750w-copie-copie\/\" \/>\n<meta property=\"og:site_name\" content=\"TROTRX - Trottinettes &eacute;lectriques tout-terrain \u26a1\ufe0f\ud83d\udef4\" \/>\n<meta property=\"article:modified_time\" content=\"2026-03-16T15:10:39+00:00\" \/>\n<meta property=\"og:image\" content=\"https:\/\/trotrx.com\/wp-content\/uploads\/2025\/10\/ESCOOT_500_2X2_EVO_1_1080.png\" \/>\n\t<meta property=\"og:image:width\" content=\"1080\" \/>\n\t<meta property=\"og:image:height\" content=\"1080\" \/>\n\t<meta property=\"og:image:type\" content=\"image\/png\" \/>\n<meta name=\"twitter:card\" content=\"summary_large_image\" \/>\n<meta name=\"twitter:label1\" content=\"Tiempo de lectura\" \/>\n\t<meta name=\"twitter:data1\" content=\"4 minuto\" \/>\n<script type=\"application\/ld+json\" class=\"yoast-schema-graph\">{\"@context\":\"https:\\\/\\\/schema.org\",\"@graph\":[{\"@type\":\"WebPage\",\"@id\":\"https:\\\/\\\/trotrx.com\\\/es\\\/product\\\/trotrx-e-scoot-fs-24-2x750w-copie-copie\\\/\",\"url\":\"https:\\\/\\\/trotrx.com\\\/es\\\/product\\\/trotrx-e-scoot-fs-24-2x750w-copie-copie\\\/\",\"name\":\"TROTRX E-SCOOT 24\\\" 2x2 500 EVO - TROTRX - Trottinettes &eacute;lectriques tout-terrain \u26a1\ufe0f\ud83d\udef4\",\"isPartOf\":{\"@id\":\"https:\\\/\\\/trotrx.com\\\/es\\\/#website\"},\"primaryImageOfPage\":{\"@id\":\"https:\\\/\\\/trotrx.com\\\/es\\\/product\\\/trotrx-e-scoot-fs-24-2x750w-copie-copie\\\/#primaryimage\"},\"image\":{\"@id\":\"https:\\\/\\\/trotrx.com\\\/es\\\/product\\\/trotrx-e-scoot-fs-24-2x750w-copie-copie\\\/#primaryimage\"},\"thumbnailUrl\":\"https:\\\/\\\/trotrx.com\\\/wp-content\\\/uploads\\\/2025\\\/10\\\/ESCOOT_500_2X2_EVO_1_1080.png\",\"datePublished\":\"2025-09-30T15:40:24+00:00\",\"dateModified\":\"2026-03-16T15:10:39+00:00\",\"description\":\"CT Concept presenta la versi\u00f3n de mayores prestaciones de su scooter el\u00e9ctrico todoterreno: el E-SCOOT 24 2x2 500 EVO con motores dobles de 500 W, una nueva horquilla hidr\u00e1ulica ajustable TROTRX de 140 mm de recorrido y una nueva caja de mandos estanca.\",\"breadcrumb\":{\"@id\":\"https:\\\/\\\/trotrx.com\\\/es\\\/product\\\/trotrx-e-scoot-fs-24-2x750w-copie-copie\\\/#breadcrumb\"},\"inLanguage\":\"es\",\"potentialAction\":[{\"@type\":\"ReadAction\",\"target\":[\"https:\\\/\\\/trotrx.com\\\/es\\\/product\\\/trotrx-e-scoot-fs-24-2x750w-copie-copie\\\/\"]}]},{\"@type\":\"ImageObject\",\"inLanguage\":\"es\",\"@id\":\"https:\\\/\\\/trotrx.com\\\/es\\\/product\\\/trotrx-e-scoot-fs-24-2x750w-copie-copie\\\/#primaryimage\",\"url\":\"https:\\\/\\\/trotrx.com\\\/wp-content\\\/uploads\\\/2025\\\/10\\\/ESCOOT_500_2X2_EVO_1_1080.png\",\"contentUrl\":\"https:\\\/\\\/trotrx.com\\\/wp-content\\\/uploads\\\/2025\\\/10\\\/ESCOOT_500_2X2_EVO_1_1080.png\",\"width\":1080,\"height\":1080,\"caption\":\"ESCOOT_500_2X2_EVO_1_1080\"},{\"@type\":\"BreadcrumbList\",\"@id\":\"https:\\\/\\\/trotrx.com\\\/es\\\/product\\\/trotrx-e-scoot-fs-24-2x750w-copie-copie\\\/#breadcrumb\",\"itemListElement\":[{\"@type\":\"ListItem\",\"position\":1,\"name\":\"Inicio\",\"item\":\"https:\\\/\\\/trotrx.com\\\/es\\\/inicio\\\/\"},{\"@type\":\"ListItem\",\"position\":2,\"name\":\"Tienda\",\"item\":\"https:\\\/\\\/trotrx.com\\\/es\\\/tienda\\\/\"},{\"@type\":\"ListItem\",\"position\":3,\"name\":\"TROTRX E-SCOOT 24&#8243; 2&#215;2 500 EVO\"}]},{\"@type\":\"WebSite\",\"@id\":\"https:\\\/\\\/trotrx.com\\\/es\\\/#website\",\"url\":\"https:\\\/\\\/trotrx.com\\\/es\\\/\",\"name\":\"TROTRX - Trottinettes \u00e9lectriques tout-terrain ! \u26a1\ufe0f\ud83d\udef4\",\"description\":\"TROTRX - La trottinette &eacute;lectrique tout-terrain depuis 2008\",\"publisher\":{\"@id\":\"https:\\\/\\\/trotrx.com\\\/es\\\/#organization\"},\"alternateName\":\"TROTRX \u26a1\ufe0f\ud83d\udef4\",\"potentialAction\":[{\"@type\":\"SearchAction\",\"target\":{\"@type\":\"EntryPoint\",\"urlTemplate\":\"https:\\\/\\\/trotrx.com\\\/es\\\/?s={search_term_string}\"},\"query-input\":{\"@type\":\"PropertyValueSpecification\",\"valueRequired\":true,\"valueName\":\"search_term_string\"}}],\"inLanguage\":\"es\"},{\"@type\":\"Organization\",\"@id\":\"https:\\\/\\\/trotrx.com\\\/es\\\/#organization\",\"name\":\"TROTRX - Trottinettes \u00e9lectriques tout-terrain ! \u26a1\ufe0f\ud83d\udef4\",\"url\":\"https:\\\/\\\/trotrx.com\\\/es\\\/\",\"logo\":{\"@type\":\"ImageObject\",\"inLanguage\":\"es\",\"@id\":\"https:\\\/\\\/trotrx.com\\\/es\\\/#\\\/schema\\\/logo\\\/image\\\/\",\"url\":\"https:\\\/\\\/trotrx.com\\\/wp-content\\\/uploads\\\/2024\\\/10\\\/Design-sans-titre-2025-02-24T111129.185-e1740391936319.png\",\"contentUrl\":\"https:\\\/\\\/trotrx.com\\\/wp-content\\\/uploads\\\/2024\\\/10\\\/Design-sans-titre-2025-02-24T111129.185-e1740391936319.png\",\"width\":1920,\"height\":370,\"caption\":\"TROTRX - Trottinettes \u00e9lectriques tout-terrain ! \u26a1\ufe0f\ud83d\udef4\"},\"image\":{\"@id\":\"https:\\\/\\\/trotrx.com\\\/es\\\/#\\\/schema\\\/logo\\\/image\\\/\"}}]}<\/script>\n<!-- \/ Yoast SEO plugin. -->","yoast_head_json":{"title":"TROTRX E-SCOOT 24\" 2x2 500 EVO - TROTRX - Trottinettes &eacute;lectriques tout-terrain \u26a1\ufe0f\ud83d\udef4","description":"CT Concept presenta la versi\u00f3n de mayores prestaciones de su scooter el\u00e9ctrico todoterreno: el E-SCOOT 24 2x2 500 EVO con motores dobles de 500 W, una nueva horquilla hidr\u00e1ulica ajustable TROTRX de 140 mm de recorrido y una nueva caja de mandos estanca.","robots":{"index":"index","follow":"follow","max-snippet":"max-snippet:-1","max-image-preview":"max-image-preview:large","max-video-preview":"max-video-preview:-1"},"canonical":"https:\/\/trotrx.com\/es\/product\/trotrx-e-scoot-fs-24-2x750w-copie-copie\/","og_locale":"es_ES","og_type":"article","og_title":"TROTRX E-SCOOT 24\" 2x2 500 EVO - TROTRX - Trottinettes &eacute;lectriques tout-terrain \u26a1\ufe0f\ud83d\udef4","og_description":"CT Concept presenta la versi\u00f3n de mayores prestaciones de su scooter el\u00e9ctrico todoterreno: el E-SCOOT 24 2x2 500 EVO con motores dobles de 500 W, una nueva horquilla hidr\u00e1ulica ajustable TROTRX de 140 mm de recorrido y una nueva caja de mandos estanca.","og_url":"https:\/\/trotrx.com\/es\/product\/trotrx-e-scoot-fs-24-2x750w-copie-copie\/","og_site_name":"TROTRX - Trottinettes &eacute;lectriques tout-terrain \u26a1\ufe0f\ud83d\udef4","article_modified_time":"2026-03-16T15:10:39+00:00","og_image":[{"width":1080,"height":1080,"url":"https:\/\/trotrx.com\/wp-content\/uploads\/2025\/10\/ESCOOT_500_2X2_EVO_1_1080.png","type":"image\/png"}],"twitter_card":"summary_large_image","twitter_misc":{"Tiempo de lectura":"4 minuto"},"schema":{"@context":"https:\/\/schema.org","@graph":[{"@type":"WebPage","@id":"https:\/\/trotrx.com\/es\/product\/trotrx-e-scoot-fs-24-2x750w-copie-copie\/","url":"https:\/\/trotrx.com\/es\/product\/trotrx-e-scoot-fs-24-2x750w-copie-copie\/","name":"TROTRX E-SCOOT 24\" 2x2 500 EVO - TROTRX - Trottinettes &eacute;lectriques tout-terrain \u26a1\ufe0f\ud83d\udef4","isPartOf":{"@id":"https:\/\/trotrx.com\/es\/#website"},"primaryImageOfPage":{"@id":"https:\/\/trotrx.com\/es\/product\/trotrx-e-scoot-fs-24-2x750w-copie-copie\/#primaryimage"},"image":{"@id":"https:\/\/trotrx.com\/es\/product\/trotrx-e-scoot-fs-24-2x750w-copie-copie\/#primaryimage"},"thumbnailUrl":"https:\/\/trotrx.com\/wp-content\/uploads\/2025\/10\/ESCOOT_500_2X2_EVO_1_1080.png","datePublished":"2025-09-30T15:40:24+00:00","dateModified":"2026-03-16T15:10:39+00:00","description":"CT Concept presenta la versi\u00f3n de mayores prestaciones de su scooter el\u00e9ctrico todoterreno: el E-SCOOT 24 2x2 500 EVO con motores dobles de 500 W, una nueva horquilla hidr\u00e1ulica ajustable TROTRX de 140 mm de recorrido y una nueva caja de mandos estanca.","breadcrumb":{"@id":"https:\/\/trotrx.com\/es\/product\/trotrx-e-scoot-fs-24-2x750w-copie-copie\/#breadcrumb"},"inLanguage":"es","potentialAction":[{"@type":"ReadAction","target":["https:\/\/trotrx.com\/es\/product\/trotrx-e-scoot-fs-24-2x750w-copie-copie\/"]}]},{"@type":"ImageObject","inLanguage":"es","@id":"https:\/\/trotrx.com\/es\/product\/trotrx-e-scoot-fs-24-2x750w-copie-copie\/#primaryimage","url":"https:\/\/trotrx.com\/wp-content\/uploads\/2025\/10\/ESCOOT_500_2X2_EVO_1_1080.png","contentUrl":"https:\/\/trotrx.com\/wp-content\/uploads\/2025\/10\/ESCOOT_500_2X2_EVO_1_1080.png","width":1080,"height":1080,"caption":"ESCOOT_500_2X2_EVO_1_1080"},{"@type":"BreadcrumbList","@id":"https:\/\/trotrx.com\/es\/product\/trotrx-e-scoot-fs-24-2x750w-copie-copie\/#breadcrumb","itemListElement":[{"@type":"ListItem","position":1,"name":"Inicio","item":"https:\/\/trotrx.com\/es\/inicio\/"},{"@type":"ListItem","position":2,"name":"Tienda","item":"https:\/\/trotrx.com\/es\/tienda\/"},{"@type":"ListItem","position":3,"name":"TROTRX E-SCOOT 24&#8243; 2&#215;2 500 EVO"}]},{"@type":"WebSite","@id":"https:\/\/trotrx.com\/es\/#website","url":"https:\/\/trotrx.com\/es\/","name":"TROTRX - Trottinettes \u00e9lectriques tout-terrain ! \u26a1\ufe0f\ud83d\udef4","description":"TROTRX - La trottinette &eacute;lectrique tout-terrain depuis 2008","publisher":{"@id":"https:\/\/trotrx.com\/es\/#organization"},"alternateName":"TROTRX \u26a1\ufe0f\ud83d\udef4","potentialAction":[{"@type":"SearchAction","target":{"@type":"EntryPoint","urlTemplate":"https:\/\/trotrx.com\/es\/?s={search_term_string}"},"query-input":{"@type":"PropertyValueSpecification","valueRequired":true,"valueName":"search_term_string"}}],"inLanguage":"es"},{"@type":"Organization","@id":"https:\/\/trotrx.com\/es\/#organization","name":"TROTRX - Trottinettes \u00e9lectriques tout-terrain ! \u26a1\ufe0f\ud83d\udef4","url":"https:\/\/trotrx.com\/es\/","logo":{"@type":"ImageObject","inLanguage":"es","@id":"https:\/\/trotrx.com\/es\/#\/schema\/logo\/image\/","url":"https:\/\/trotrx.com\/wp-content\/uploads\/2024\/10\/Design-sans-titre-2025-02-24T111129.185-e1740391936319.png","contentUrl":"https:\/\/trotrx.com\/wp-content\/uploads\/2024\/10\/Design-sans-titre-2025-02-24T111129.185-e1740391936319.png","width":1920,"height":370,"caption":"TROTRX - Trottinettes \u00e9lectriques tout-terrain ! \u26a1\ufe0f\ud83d\udef4"},"image":{"@id":"https:\/\/trotrx.com\/es\/#\/schema\/logo\/image\/"}}]}},"_links":{"self":[{"href":"https:\/\/trotrx.com\/es\/wp-json\/wp\/v2\/product\/20288","targetHints":{"allow":["GET"]}}],"collection":[{"href":"https:\/\/trotrx.com\/es\/wp-json\/wp\/v2\/product"}],"about":[{"href":"https:\/\/trotrx.com\/es\/wp-json\/wp\/v2\/types\/product"}],"version-history":[{"count":4,"href":"https:\/\/trotrx.com\/es\/wp-json\/wp\/v2\/product\/20288\/revisions"}],"predecessor-version":[{"id":21242,"href":"https:\/\/trotrx.com\/es\/wp-json\/wp\/v2\/product\/20288\/revisions\/21242"}],"wp:featuredmedia":[{"embeddable":true,"href":"https:\/\/trotrx.com\/es\/wp-json\/wp\/v2\/media\/20600"}],"wp:attachment":[{"href":"https:\/\/trotrx.com\/es\/wp-json\/wp\/v2\/media?parent=20288"}],"wp:term":[{"taxonomy":"product_brand","embeddable":true,"href":"https:\/\/trotrx.com\/es\/wp-json\/wp\/v2\/product_brand?post=20288"},{"taxonomy":"product_cat","embeddable":true,"href":"https:\/\/trotrx.com\/es\/wp-json\/wp\/v2\/product_cat?post=20288"},{"taxonomy":"product_tag","embeddable":true,"href":"https:\/\/trotrx.com\/es\/wp-json\/wp\/v2\/product_tag?post=20288"}],"curies":[{"name":"wp","href":"https:\/\/api.w.org\/{rel}","templated":true}]}}