{"id":18495,"date":"2025-02-20T09:30:37","date_gmt":"2025-02-20T09:30:37","guid":{"rendered":"https:\/\/trotrx.com\/product\/trotrx-e-scoot-24-fs-1x750w-usado\/"},"modified":"2025-02-20T09:30:37","modified_gmt":"2025-02-20T09:30:37","slug":"trotrx-e-scoot-24-fs-1x750w-usado","status":"publish","type":"product","link":"https:\/\/trotrx.com\/es\/product\/trotrx-e-scoot-24-fs-1x750w-usado\/","title":{"rendered":"TROTRX E-SCOOT 24&#8243; FS 1x750W (usado)"},"content":{"rendered":"<p><strong><u>DATOS T\u00c9CNICOS<\/u><\/strong><\/p>\n<ul>\n<li><strong>Armaz\u00f3n <\/strong>de aluminio reforzado, soldado mediante TIG, con acabado anodizado azul<\/li>\n<\/ul>\n<p style=\"padding-left: 40px;\">Utilizamos un proceso espec\u00edfico de anodizado sin pintura para garantizar una resistencia \u00f3ptima a los golpes y a la luz solar, y una mayor durabilidad en el tiempo.<\/p>\n<ul>\n<li><strong>Bater\u00eda integrada<\/strong> extra\u00edble de 48V 25Ah &#8211; 1200Wh con celdas Samsung 21700-50-S, equipada con 3 fusibles de seguridad.<\/li>\n<\/ul>\n<p style=\"padding-left: 40px;\">* Posibilidad de utilizar una bater\u00eda de mochila adicional (48V 23,4Ah) para ampliar la autonom\u00eda.<\/p>\n<ul>\n<li><strong>Ruedas de 24\u2033 &#8211; Neum\u00e1ticos FAT 24\u00d74.00<\/strong><\/li>\n<\/ul>\n<p style=\"padding-left: 40px;\">Las ruedas de 24\u00bb ofrecen una versi\u00f3n muy estable y tranquilizadora para los pasos t\u00e9cnicos.<\/p>\n<ul>\n<li><strong>Motor: <\/strong>48V 750W reducidos*.<\/li>\n<\/ul>\n<p style=\"padding-left: 40px;\"><em>*Reducido: Hay 2 tipos de motores en el mercado:  <\/em><\/p>\n<p style=\"padding-left: 40px;\"><strong><em>Motor reducido :  <\/em><\/strong><em>Equipado con una caja reductora, cuando la rueda da una vuelta, el motor da una vuelta y media, aumentando considerablemente el par motor. Ideal para arranques en cuesta y\/o   <\/em><em>en uso todoterreno, ahorrando energ\u00eda de la bater\u00eda. Este motor es <strong>unos 3 kg<\/strong> m\u00e1s ligero que un motor de tracci\u00f3n directa de la misma potencia (ver m\u00e1s abajo). <\/em><\/p>\n<p style=\"padding-left: 40px;\"><strong><em>Motor<\/em><\/strong><strong><em> accionamiento directo: <\/em><\/strong><em>A diferencia del motor reducido, para aumentar la falta de eficacia cuando la m\u00e1quina se pone en marcha, se necesita un controlador m\u00e1s potente, lo que supone un mayor consumo de bater\u00eda para compensar la falta de capacidad de respuesta.<\/em><\/p>\n<p>&nbsp;<\/p>\n<p>Al igual que las bicicletas, los scooters requieren diferentes alturas de manillar en funci\u00f3n de la estatura del usuario. Puedes elegir entre 3 alturas de manillar, la m\u00e1s com\u00fan de las cuales, 130 mm, es adecuada para personas de entre 1,50 m y 1,80 m de altura. <\/p>\n<ul>\n<li>80 mm<\/li>\n<li>130 mm<\/li>\n<li>180 mm<\/li>\n<\/ul>\n<p>&nbsp;<\/p>\n<ul>\n<li><strong>Frenos<\/strong><\/li>\n<\/ul>\n<p style=\"padding-left: 40px;\">Frenos de disco hidr\u00e1ulicos delanteros y traseros Bengala de 180 mm para una frenada \u00f3ptima en todas las condiciones.<\/p>\n<ul>\n<li><strong>Calzado polivalente para caminar<\/strong><\/li>\n<\/ul>\n<p style=\"padding-left: 40px;\">M\u00e1s ergon\u00f3mico y m\u00e1s ancho en la parte trasera, para que puedas ajustar tu posici\u00f3n entre tramos llanos y tramos t\u00e9cnicos.<\/p>\n<ul>\n<li><strong>Especificaci\u00f3n de la rueda trasera :<\/strong><\/li>\n<\/ul>\n<p style=\"padding-left: 40px;\">Desarrollada por nosotros durante varios a\u00f1os, la puntera trasera desmontable permite montar y desmontar la rueda trasera con una sola llave Allen de 6 mm. La rueda se centrar\u00e1 autom\u00e1ticamente.<\/p>\n<ul>\n<li><strong>Hay disponibles varios accesorios adicionales<\/strong>\n<ul>\n<li>  Guardabarros delantero y trasero<\/li>\n<li>Portaequipajes<\/li>\n<li>Bolsas laterales<\/li>\n<li>Bolsas de manillar<\/li>\n<\/ul>\n<\/li>\n<\/ul>\n<p>&nbsp;<\/p>\n<ul>\n<li><strong><em>Todos los componentes se seleccionan por su calidad y durabilidad. Est\u00e1n dise\u00f1ados para soportar varios a\u00f1os de uso intensivo. <\/em><\/strong><em>  (Excepto piezas de desgaste, neum\u00e1ticos, pastillas de freno, etc.)<\/em><\/li>\n<\/ul>\n<p>&nbsp;<\/p>\n<hr>\n<p>&nbsp;<\/p>\n<p><strong><u>SOBRE EL TERRENO<\/u><\/strong><\/p>\n<p>Esta versi\u00f3n ha demostrado ser extremadamente fiable, con una excelente estabilidad en descensos y tramos rocosos. Es r\u00e1pida y f\u00e1cil de manejar, lo que la hace extremadamente vers\u00e1til en todas las condiciones. <\/p>\n<p>Puedes utilizarla para tus actividades de ocio, salidas para descubrir cosas nuevas, excursiones deportivas, pero tambi\u00e9n como veh\u00edculo utilitario o m\u00e1quina de trabajo, instalando nuestro portaequipajes reforzado. Esto te permitir\u00e1 colocar un top box, una caja o incluso alforjas. <\/p>\n<p>La bater\u00eda integrada en el cuadro te da m\u00e1s libertad. El cuadro ligeramente m\u00e1s largo da m\u00e1s seguridad en los descensos y tramos r\u00e1pidos. <\/p>\n<p>&nbsp;<\/p>\n<hr>\n<p>&nbsp;<\/p>\n<p><strong><u>ESPECIFICACIONES<\/u><\/strong><\/p>\n<p><strong>Armaz\u00f3n<\/strong>: Aluminio reforzado soldado con TIG, acabado anodizado azul.<\/p>\n<p><strong>Horquilla<\/strong>: Horquilla hidr\u00e1ulica invertida Trotrx 140.<\/p>\n<p><strong>Amortiguador<\/strong>: DNM 200\u00d760<\/p>\n<p><strong>Frenos<\/strong>: Hidr\u00e1ulicos BENGAL, disco 180mm<\/p>\n<p><strong>Manillar<\/strong>: Aluminio h.130mm X780 mm est\u00e1ndar o 80mm o 180mm disponibles<\/p>\n<p><strong>Potencia<\/strong>: Aluminio 60mm<\/p>\n<p><strong>Juego de direcci\u00f3n<\/strong>: Rodamiento c\u00f3nico FSA<\/p>\n<p><strong>Llantas<\/strong>: TROTRX\u2122 reforzada de doble pared 36T<\/p>\n<p><strong>Neum\u00e1ticos<\/strong>: FAT INNOVA 24\u00d74.00<\/p>\n<p><strong>Unidad motriz<\/strong>: 1 motor Reduced* de 750 W<\/p>\n<p><strong>Bater\u00eda integrada<\/strong>: Ion de litio 48v 25Ah &#8211; 1200Wh &#8211; celdas Samsung 21700-50-S, equipada con 3 fusibles de seguridad<\/p>\n<p><strong>Controlador<\/strong>: 1x25Ah<\/p>\n<p><strong>Cargador<\/strong>: 5Ah<\/p>\n<p><strong>Velocidad<\/strong>: Limitada a 25 km\/h.<\/p>\n<p><strong>Peso <\/strong>: 30,5 kg<\/p>\n<p><strong>Longitud <\/strong>: 1m98<\/p>\n<p><strong>\u00cdndice de reparabilidad<\/strong>: 10 a\u00f1os<\/p>\n<p><strong>Garant\u00eda legal<\/strong>: 2 a\u00f1os<\/p>\n<p><strong>Garant\u00eda comercial <\/strong>: 5 a\u00f1os para el armaz\u00f3n<\/p>\n<p>&nbsp;<\/p>\n<hr>\n<p>&nbsp;<\/p>\n<p><strong><em>Nuestros modelos se dise\u00f1an, desarrollan y montan \u00edntegramente en nuestras instalaciones de Venasque 84210 &#8211; Vaucluse, en el sur de Francia.<\/em><\/strong><\/p>\n<p>El uso de scooters est\u00e1 regulado y difiere en cada pa\u00eds y\/o regi\u00f3n.<\/p>\n<p><a href=\"https:\/\/trotrx.com\/wp-content\/uploads\/2025\/01\/edpm-2024.pdf\">Haz clic aqu\u00ed para saber m\u00e1s.<\/a><\/p>\n<p>No dudes en ponerte en contacto con nosotros para obtener m\u00e1s informaci\u00f3n.<\/p>\n","protected":false},"excerpt":{"rendered":"<p>\u00a1El scooter utilizado por los pilotos del Rally Dakar 2025!<\/p>\n<p>(Revisi\u00f3n completa realizada antes de la compra)<\/p>\n","protected":false},"featured_media":14937,"template":"","meta":[],"product_brand":[],"product_cat":[154],"product_tag":[],"class_list":{"0":"post-18495","1":"product","2":"type-product","3":"status-publish","4":"has-post-thumbnail","6":"product_cat-segunda-mano","8":"first","9":"instock","10":"taxable","11":"shipping-taxable","12":"purchasable","13":"product-type-simple"},"yoast_head":"<!-- This site is optimized with the Yoast SEO plugin v27.4 - https:\/\/yoast.com\/product\/yoast-seo-wordpress\/ -->\n<title>TROTRX E-SCOOT 24&quot; FS 1x750W (usado) - TROTRX - Trottinettes &eacute;lectriques tout-terrain \u26a1\ufe0f\ud83d\udef4<\/title>\n<meta name=\"robots\" content=\"index, follow, max-snippet:-1, max-image-preview:large, max-video-preview:-1\" \/>\n<link rel=\"canonical\" href=\"https:\/\/trotrx.com\/es\/product\/trotrx-e-scoot-24-fs-1x750w-usado\/\" \/>\n<meta property=\"og:locale\" content=\"es_ES\" \/>\n<meta property=\"og:type\" content=\"article\" \/>\n<meta property=\"og:title\" content=\"TROTRX E-SCOOT 24&quot; FS 1x750W (usado) - TROTRX - Trottinettes &eacute;lectriques tout-terrain \u26a1\ufe0f\ud83d\udef4\" \/>\n<meta property=\"og:description\" content=\"\u00a1El scooter utilizado por los pilotos del Rally Dakar 2025! (Revisi\u00f3n completa realizada antes de la compra)\" \/>\n<meta property=\"og:url\" content=\"https:\/\/trotrx.com\/es\/product\/trotrx-e-scoot-24-fs-1x750w-usado\/\" \/>\n<meta property=\"og:site_name\" content=\"TROTRX - Trottinettes &eacute;lectriques tout-terrain \u26a1\ufe0f\ud83d\udef4\" \/>\n<meta property=\"og:image\" content=\"https:\/\/trotrx.com\/wp-content\/uploads\/2025\/02\/1.webp\" \/>\n\t<meta property=\"og:image:width\" content=\"1080\" \/>\n\t<meta property=\"og:image:height\" content=\"1080\" \/>\n\t<meta property=\"og:image:type\" content=\"image\/webp\" \/>\n<meta name=\"twitter:card\" content=\"summary_large_image\" \/>\n<meta name=\"twitter:label1\" content=\"Tiempo de lectura\" \/>\n\t<meta name=\"twitter:data1\" content=\"4 minuto\" \/>\n<script type=\"application\/ld+json\" class=\"yoast-schema-graph\">{\"@context\":\"https:\\\/\\\/schema.org\",\"@graph\":[{\"@type\":\"WebPage\",\"@id\":\"https:\\\/\\\/trotrx.com\\\/es\\\/product\\\/trotrx-e-scoot-24-fs-1x750w-usado\\\/\",\"url\":\"https:\\\/\\\/trotrx.com\\\/es\\\/product\\\/trotrx-e-scoot-24-fs-1x750w-usado\\\/\",\"name\":\"TROTRX E-SCOOT 24\\\" FS 1x750W (usado) - TROTRX - Trottinettes &eacute;lectriques tout-terrain \u26a1\ufe0f\ud83d\udef4\",\"isPartOf\":{\"@id\":\"https:\\\/\\\/trotrx.com\\\/es\\\/#website\"},\"primaryImageOfPage\":{\"@id\":\"https:\\\/\\\/trotrx.com\\\/es\\\/product\\\/trotrx-e-scoot-24-fs-1x750w-usado\\\/#primaryimage\"},\"image\":{\"@id\":\"https:\\\/\\\/trotrx.com\\\/es\\\/product\\\/trotrx-e-scoot-24-fs-1x750w-usado\\\/#primaryimage\"},\"thumbnailUrl\":\"https:\\\/\\\/trotrx.com\\\/wp-content\\\/uploads\\\/2025\\\/02\\\/1.webp\",\"datePublished\":\"2025-02-20T09:30:37+00:00\",\"breadcrumb\":{\"@id\":\"https:\\\/\\\/trotrx.com\\\/es\\\/product\\\/trotrx-e-scoot-24-fs-1x750w-usado\\\/#breadcrumb\"},\"inLanguage\":\"es\",\"potentialAction\":[{\"@type\":\"ReadAction\",\"target\":[\"https:\\\/\\\/trotrx.com\\\/es\\\/product\\\/trotrx-e-scoot-24-fs-1x750w-usado\\\/\"]}]},{\"@type\":\"ImageObject\",\"inLanguage\":\"es\",\"@id\":\"https:\\\/\\\/trotrx.com\\\/es\\\/product\\\/trotrx-e-scoot-24-fs-1x750w-usado\\\/#primaryimage\",\"url\":\"https:\\\/\\\/trotrx.com\\\/wp-content\\\/uploads\\\/2025\\\/02\\\/1.webp\",\"contentUrl\":\"https:\\\/\\\/trotrx.com\\\/wp-content\\\/uploads\\\/2025\\\/02\\\/1.webp\",\"width\":1080,\"height\":1080},{\"@type\":\"BreadcrumbList\",\"@id\":\"https:\\\/\\\/trotrx.com\\\/es\\\/product\\\/trotrx-e-scoot-24-fs-1x750w-usado\\\/#breadcrumb\",\"itemListElement\":[{\"@type\":\"ListItem\",\"position\":1,\"name\":\"Inicio\",\"item\":\"https:\\\/\\\/trotrx.com\\\/es\\\/inicio\\\/\"},{\"@type\":\"ListItem\",\"position\":2,\"name\":\"Tienda\",\"item\":\"https:\\\/\\\/trotrx.com\\\/es\\\/tienda\\\/\"},{\"@type\":\"ListItem\",\"position\":3,\"name\":\"TROTRX E-SCOOT 24&#8243; FS 1x750W (usado)\"}]},{\"@type\":\"WebSite\",\"@id\":\"https:\\\/\\\/trotrx.com\\\/es\\\/#website\",\"url\":\"https:\\\/\\\/trotrx.com\\\/es\\\/\",\"name\":\"TROTRX - Trottinettes \u00e9lectriques tout-terrain ! \u26a1\ufe0f\ud83d\udef4\",\"description\":\"TROTRX - La trottinette &eacute;lectrique tout-terrain depuis 2008\",\"publisher\":{\"@id\":\"https:\\\/\\\/trotrx.com\\\/es\\\/#organization\"},\"alternateName\":\"TROTRX \u26a1\ufe0f\ud83d\udef4\",\"potentialAction\":[{\"@type\":\"SearchAction\",\"target\":{\"@type\":\"EntryPoint\",\"urlTemplate\":\"https:\\\/\\\/trotrx.com\\\/es\\\/?s={search_term_string}\"},\"query-input\":{\"@type\":\"PropertyValueSpecification\",\"valueRequired\":true,\"valueName\":\"search_term_string\"}}],\"inLanguage\":\"es\"},{\"@type\":\"Organization\",\"@id\":\"https:\\\/\\\/trotrx.com\\\/es\\\/#organization\",\"name\":\"TROTRX - Trottinettes \u00e9lectriques tout-terrain ! \u26a1\ufe0f\ud83d\udef4\",\"url\":\"https:\\\/\\\/trotrx.com\\\/es\\\/\",\"logo\":{\"@type\":\"ImageObject\",\"inLanguage\":\"es\",\"@id\":\"https:\\\/\\\/trotrx.com\\\/es\\\/#\\\/schema\\\/logo\\\/image\\\/\",\"url\":\"https:\\\/\\\/trotrx.com\\\/wp-content\\\/uploads\\\/2024\\\/10\\\/Design-sans-titre-2025-02-24T111129.185-e1740391936319.png\",\"contentUrl\":\"https:\\\/\\\/trotrx.com\\\/wp-content\\\/uploads\\\/2024\\\/10\\\/Design-sans-titre-2025-02-24T111129.185-e1740391936319.png\",\"width\":1920,\"height\":370,\"caption\":\"TROTRX - Trottinettes \u00e9lectriques tout-terrain ! \u26a1\ufe0f\ud83d\udef4\"},\"image\":{\"@id\":\"https:\\\/\\\/trotrx.com\\\/es\\\/#\\\/schema\\\/logo\\\/image\\\/\"}}]}<\/script>\n<!-- \/ Yoast SEO plugin. -->","yoast_head_json":{"title":"TROTRX E-SCOOT 24\" FS 1x750W (usado) - TROTRX - Trottinettes &eacute;lectriques tout-terrain \u26a1\ufe0f\ud83d\udef4","robots":{"index":"index","follow":"follow","max-snippet":"max-snippet:-1","max-image-preview":"max-image-preview:large","max-video-preview":"max-video-preview:-1"},"canonical":"https:\/\/trotrx.com\/es\/product\/trotrx-e-scoot-24-fs-1x750w-usado\/","og_locale":"es_ES","og_type":"article","og_title":"TROTRX E-SCOOT 24\" FS 1x750W (usado) - TROTRX - Trottinettes &eacute;lectriques tout-terrain \u26a1\ufe0f\ud83d\udef4","og_description":"\u00a1El scooter utilizado por los pilotos del Rally Dakar 2025! (Revisi\u00f3n completa realizada antes de la compra)","og_url":"https:\/\/trotrx.com\/es\/product\/trotrx-e-scoot-24-fs-1x750w-usado\/","og_site_name":"TROTRX - Trottinettes &eacute;lectriques tout-terrain \u26a1\ufe0f\ud83d\udef4","og_image":[{"width":1080,"height":1080,"url":"https:\/\/trotrx.com\/wp-content\/uploads\/2025\/02\/1.webp","type":"image\/webp"}],"twitter_card":"summary_large_image","twitter_misc":{"Tiempo de lectura":"4 minuto"},"schema":{"@context":"https:\/\/schema.org","@graph":[{"@type":"WebPage","@id":"https:\/\/trotrx.com\/es\/product\/trotrx-e-scoot-24-fs-1x750w-usado\/","url":"https:\/\/trotrx.com\/es\/product\/trotrx-e-scoot-24-fs-1x750w-usado\/","name":"TROTRX E-SCOOT 24\" FS 1x750W (usado) - TROTRX - Trottinettes &eacute;lectriques tout-terrain \u26a1\ufe0f\ud83d\udef4","isPartOf":{"@id":"https:\/\/trotrx.com\/es\/#website"},"primaryImageOfPage":{"@id":"https:\/\/trotrx.com\/es\/product\/trotrx-e-scoot-24-fs-1x750w-usado\/#primaryimage"},"image":{"@id":"https:\/\/trotrx.com\/es\/product\/trotrx-e-scoot-24-fs-1x750w-usado\/#primaryimage"},"thumbnailUrl":"https:\/\/trotrx.com\/wp-content\/uploads\/2025\/02\/1.webp","datePublished":"2025-02-20T09:30:37+00:00","breadcrumb":{"@id":"https:\/\/trotrx.com\/es\/product\/trotrx-e-scoot-24-fs-1x750w-usado\/#breadcrumb"},"inLanguage":"es","potentialAction":[{"@type":"ReadAction","target":["https:\/\/trotrx.com\/es\/product\/trotrx-e-scoot-24-fs-1x750w-usado\/"]}]},{"@type":"ImageObject","inLanguage":"es","@id":"https:\/\/trotrx.com\/es\/product\/trotrx-e-scoot-24-fs-1x750w-usado\/#primaryimage","url":"https:\/\/trotrx.com\/wp-content\/uploads\/2025\/02\/1.webp","contentUrl":"https:\/\/trotrx.com\/wp-content\/uploads\/2025\/02\/1.webp","width":1080,"height":1080},{"@type":"BreadcrumbList","@id":"https:\/\/trotrx.com\/es\/product\/trotrx-e-scoot-24-fs-1x750w-usado\/#breadcrumb","itemListElement":[{"@type":"ListItem","position":1,"name":"Inicio","item":"https:\/\/trotrx.com\/es\/inicio\/"},{"@type":"ListItem","position":2,"name":"Tienda","item":"https:\/\/trotrx.com\/es\/tienda\/"},{"@type":"ListItem","position":3,"name":"TROTRX E-SCOOT 24&#8243; FS 1x750W (usado)"}]},{"@type":"WebSite","@id":"https:\/\/trotrx.com\/es\/#website","url":"https:\/\/trotrx.com\/es\/","name":"TROTRX - Trottinettes \u00e9lectriques tout-terrain ! \u26a1\ufe0f\ud83d\udef4","description":"TROTRX - La trottinette &eacute;lectrique tout-terrain depuis 2008","publisher":{"@id":"https:\/\/trotrx.com\/es\/#organization"},"alternateName":"TROTRX \u26a1\ufe0f\ud83d\udef4","potentialAction":[{"@type":"SearchAction","target":{"@type":"EntryPoint","urlTemplate":"https:\/\/trotrx.com\/es\/?s={search_term_string}"},"query-input":{"@type":"PropertyValueSpecification","valueRequired":true,"valueName":"search_term_string"}}],"inLanguage":"es"},{"@type":"Organization","@id":"https:\/\/trotrx.com\/es\/#organization","name":"TROTRX - Trottinettes \u00e9lectriques tout-terrain ! \u26a1\ufe0f\ud83d\udef4","url":"https:\/\/trotrx.com\/es\/","logo":{"@type":"ImageObject","inLanguage":"es","@id":"https:\/\/trotrx.com\/es\/#\/schema\/logo\/image\/","url":"https:\/\/trotrx.com\/wp-content\/uploads\/2024\/10\/Design-sans-titre-2025-02-24T111129.185-e1740391936319.png","contentUrl":"https:\/\/trotrx.com\/wp-content\/uploads\/2024\/10\/Design-sans-titre-2025-02-24T111129.185-e1740391936319.png","width":1920,"height":370,"caption":"TROTRX - Trottinettes \u00e9lectriques tout-terrain ! \u26a1\ufe0f\ud83d\udef4"},"image":{"@id":"https:\/\/trotrx.com\/es\/#\/schema\/logo\/image\/"}}]}},"_links":{"self":[{"href":"https:\/\/trotrx.com\/es\/wp-json\/wp\/v2\/product\/18495","targetHints":{"allow":["GET"]}}],"collection":[{"href":"https:\/\/trotrx.com\/es\/wp-json\/wp\/v2\/product"}],"about":[{"href":"https:\/\/trotrx.com\/es\/wp-json\/wp\/v2\/types\/product"}],"version-history":[{"count":0,"href":"https:\/\/trotrx.com\/es\/wp-json\/wp\/v2\/product\/18495\/revisions"}],"wp:featuredmedia":[{"embeddable":true,"href":"https:\/\/trotrx.com\/es\/wp-json\/wp\/v2\/media\/14937"}],"wp:attachment":[{"href":"https:\/\/trotrx.com\/es\/wp-json\/wp\/v2\/media?parent=18495"}],"wp:term":[{"taxonomy":"product_brand","embeddable":true,"href":"https:\/\/trotrx.com\/es\/wp-json\/wp\/v2\/product_brand?post=18495"},{"taxonomy":"product_cat","embeddable":true,"href":"https:\/\/trotrx.com\/es\/wp-json\/wp\/v2\/product_cat?post=18495"},{"taxonomy":"product_tag","embeddable":true,"href":"https:\/\/trotrx.com\/es\/wp-json\/wp\/v2\/product_tag?post=18495"}],"curies":[{"name":"wp","href":"https:\/\/api.w.org\/{rel}","templated":true}]}}