{"id":17000,"date":"2025-01-06T13:35:32","date_gmt":"2025-01-06T13:35:32","guid":{"rendered":"https:\/\/trotrx.com\/product\/trotrx-scoot-fs-20\/"},"modified":"2026-03-16T15:15:07","modified_gmt":"2026-03-16T15:15:07","slug":"trotrx-scoot-fs-20","status":"publish","type":"product","link":"https:\/\/trotrx.com\/es\/product\/trotrx-scoot-fs-20\/","title":{"rendered":"TROTRX SCOOT 20&#8243; DH"},"content":{"rendered":"<p>CT CONCEPT presenta la nueva versi\u00f3n de la Scoot 20&#8243; DH :<\/p>\n<p>Nueva horquilla hidr\u00e1ulica invertida TROTRX con 140 mm de recorrido, QR15. Rebote\/compresi\u00f3n de aire ajustables. <\/p>\n<p>Manillar de 130 mm de altura.<\/p>\n<p>Frenos de disco hidr\u00e1ulicos de 4 pistones, discos de 200 mm.<\/p>\n<p>El bastidor puede mejorarse con ruedas de 24&#8243; y\/o un motor el\u00e9ctrico.<\/p>\n<p>Ruedas de aluminio de doble pared reforzadas.<\/p>\n<p>El bastidor es de aluminio anodizado (sin pintar) montado sobre cojinetes anulares sellados, con pies y zapata desmontables.<\/p>\n<p>Las suspensiones delantera y trasera son ajustables en rebote y compresi\u00f3n, para que puedas ajustar el SCOOT 20&#8243; a tu peso y tipo de uso.<\/p>\n<p>&nbsp;<\/p>\n<hr>\n<p>&nbsp;<\/p>\n<p><span style=\"text-decoration: underline;\"><strong>SOBRE EL TERRENO<\/strong><\/span><\/p>\n<p>Con una distancia entre ejes ligeramente mayor que la versi\u00f3n anterior, la Scoot 24\u00bb DH es a\u00fan m\u00e1s estable y puede ser utilizada tanto por adolescentes como por adultos.<br \/>\nGracias a su nueva suspensi\u00f3n delantera, la comodidad de conducci\u00f3n en terrenos abruptos nunca ha sido tan agradable.<br \/>\nNuestros componentes de alta calidad no necesitan cambiar de un a\u00f1o para otro, porque nuestro objetivo es que cada producto sea lo m\u00e1s fiable posible para que resista y dure muchos a\u00f1os de uso.<\/p>\n<p>&nbsp;<\/p>\n<hr>\n<p>&nbsp;<\/p>\n<p><span style=\"text-decoration: underline;\"><strong>ESPECIFICACIONES<\/strong><\/span><\/p>\n<p><strong>Zapata de protecci\u00f3n de<\/strong> aluminio anodizado desmontable.<\/p>\n<p><strong>Ruedas de aluminio<\/strong> reforzado de doble pared, 36T.<\/p>\n<p><strong>Frenos de disco hidr\u00e1ulicos<\/strong> delanteros y traseros BENGAL de 200 mm y 4 pistones.<\/p>\n<p><strong>Neum\u00e1ticos reforzados<\/strong> 20 x 2,50.<\/p>\n<p><strong>Potencia de aluminio<\/strong> DH 50 mm.<\/p>\n<p><strong>Manillar de aluminio<\/strong> elevado 780 mm rize 130 mm.<\/p>\n<p><strong>Horquillas<\/strong> invertidas hidr\u00e1ulicas TROTRX 140mm QR15 &#8211; ajuste de rebote\/compresi\u00f3n por aire<\/p>\n<p><strong>Amortiguador<\/strong> DNM 220&#215;65<\/p>\n<p><strong>Peso<\/strong> 13,6 kg<\/p>\n<p><strong>Cuadro de aluminio reforzado<\/strong> con suspensi\u00f3n trasera de 140 mm, acabado anodizado.<\/p>\n<p><strong>Garant\u00eda legal<\/strong>: 2 a\u00f1os<\/p>\n<p><strong>Garant\u00eda comercial <\/strong>: 5 a\u00f1os para el armaz\u00f3n<\/p>\n<p><em>Nuestros modelos se dise\u00f1an, desarrollan y montan \u00edntegramente en nuestras instalaciones de Venasque 84210 &#8211; Vaucluse, en el sur de Francia.<\/em><\/p>\n","protected":false},"excerpt":{"rendered":"<p>CT Concept presenta la nueva versi\u00f3n del \u00abSCOOT 20&#8243; DH\u00bb equipado con la nueva horquilla hidr\u00e1ulica invertida TROTRX de 140 mm (presi\u00f3n\/liberaci\u00f3n de aire ajustables) y los nuevos frenos de disco hidr\u00e1ulicos de 4 pistones (200 mm).<\/p>\n<p>El cuadro es mejorable: puedes a\u00f1adir ruedas de 24&#8243; si lo deseas.<\/p>\n","protected":false},"featured_media":6672,"template":"","meta":[],"product_brand":[],"product_cat":[156],"product_tag":[],"class_list":{"0":"post-17000","1":"product","2":"type-product","3":"status-publish","4":"has-post-thumbnail","6":"product_cat-patinetes-dh","7":"product_shipping_class-scooters","9":"first","10":"instock","11":"taxable","12":"shipping-taxable","13":"purchasable","14":"product-type-simple"},"yoast_head":"<!-- This site is optimized with the Yoast SEO plugin v27.4 - https:\/\/yoast.com\/product\/yoast-seo-wordpress\/ -->\n<title>TROTRX SCOOT 20&quot; DH - TROTRX - Trottinettes &eacute;lectriques tout-terrain \u26a1\ufe0f\ud83d\udef4<\/title>\n<meta name=\"description\" content=\"CT Concept presenta el patinete Scoot 20&quot; FS TrotRX. Con su robusto cuadro de aluminio y sus neum\u00e1ticos dentados, \u00a1est\u00e1s listo para domar los senderos y singletracks de los alrededores de tu casa! Si lo deseas, el cuadro se puede actualizar a ruedas de 24&quot;.\" \/>\n<meta name=\"robots\" content=\"index, follow, max-snippet:-1, max-image-preview:large, max-video-preview:-1\" \/>\n<link rel=\"canonical\" href=\"https:\/\/trotrx.com\/es\/product\/trotrx-scoot-fs-20\/\" \/>\n<meta property=\"og:locale\" content=\"es_ES\" \/>\n<meta property=\"og:type\" content=\"article\" \/>\n<meta property=\"og:title\" content=\"TROTRX SCOOT 20&quot; DH - TROTRX - Trottinettes &eacute;lectriques tout-terrain \u26a1\ufe0f\ud83d\udef4\" \/>\n<meta property=\"og:description\" content=\"CT Concept presenta el patinete Scoot 20&quot; FS TrotRX. Con su robusto cuadro de aluminio y sus neum\u00e1ticos dentados, \u00a1est\u00e1s listo para domar los senderos y singletracks de los alrededores de tu casa! Si lo deseas, el cuadro se puede actualizar a ruedas de 24&quot;.\" \/>\n<meta property=\"og:url\" content=\"https:\/\/trotrx.com\/es\/product\/trotrx-scoot-fs-20\/\" \/>\n<meta property=\"og:site_name\" content=\"TROTRX - Trottinettes &eacute;lectriques tout-terrain \u26a1\ufe0f\ud83d\udef4\" \/>\n<meta property=\"article:modified_time\" content=\"2026-03-16T15:15:07+00:00\" \/>\n<meta name=\"twitter:card\" content=\"summary_large_image\" \/>\n<meta name=\"twitter:label1\" content=\"Tiempo de lectura\" \/>\n\t<meta name=\"twitter:data1\" content=\"2 minuto\" \/>\n<script type=\"application\/ld+json\" class=\"yoast-schema-graph\">{\"@context\":\"https:\\\/\\\/schema.org\",\"@graph\":[{\"@type\":\"WebPage\",\"@id\":\"https:\\\/\\\/trotrx.com\\\/es\\\/product\\\/trotrx-scoot-fs-20\\\/\",\"url\":\"https:\\\/\\\/trotrx.com\\\/es\\\/product\\\/trotrx-scoot-fs-20\\\/\",\"name\":\"TROTRX SCOOT 20\\\" DH - TROTRX - Trottinettes &eacute;lectriques tout-terrain \u26a1\ufe0f\ud83d\udef4\",\"isPartOf\":{\"@id\":\"https:\\\/\\\/trotrx.com\\\/es\\\/#website\"},\"primaryImageOfPage\":{\"@id\":\"https:\\\/\\\/trotrx.com\\\/es\\\/product\\\/trotrx-scoot-fs-20\\\/#primaryimage\"},\"image\":{\"@id\":\"https:\\\/\\\/trotrx.com\\\/es\\\/product\\\/trotrx-scoot-fs-20\\\/#primaryimage\"},\"thumbnailUrl\":\"https:\\\/\\\/trotrx.com\\\/wp-content\\\/uploads\\\/2024\\\/10\\\/TROTRX-SCOOT-FS-20.avif\",\"datePublished\":\"2025-01-06T13:35:32+00:00\",\"dateModified\":\"2026-03-16T15:15:07+00:00\",\"description\":\"CT Concept presenta el patinete Scoot 20\\\" FS TrotRX. Con su robusto cuadro de aluminio y sus neum\u00e1ticos dentados, \u00a1est\u00e1s listo para domar los senderos y singletracks de los alrededores de tu casa! Si lo deseas, el cuadro se puede actualizar a ruedas de 24\\\".\",\"breadcrumb\":{\"@id\":\"https:\\\/\\\/trotrx.com\\\/es\\\/product\\\/trotrx-scoot-fs-20\\\/#breadcrumb\"},\"inLanguage\":\"es\",\"potentialAction\":[{\"@type\":\"ReadAction\",\"target\":[\"https:\\\/\\\/trotrx.com\\\/es\\\/product\\\/trotrx-scoot-fs-20\\\/\"]}]},{\"@type\":\"ImageObject\",\"inLanguage\":\"es\",\"@id\":\"https:\\\/\\\/trotrx.com\\\/es\\\/product\\\/trotrx-scoot-fs-20\\\/#primaryimage\",\"url\":\"https:\\\/\\\/trotrx.com\\\/wp-content\\\/uploads\\\/2024\\\/10\\\/TROTRX-SCOOT-FS-20.avif\",\"contentUrl\":\"https:\\\/\\\/trotrx.com\\\/wp-content\\\/uploads\\\/2024\\\/10\\\/TROTRX-SCOOT-FS-20.avif\",\"width\":1080,\"height\":1080,\"caption\":\"TROTRX SCOOT FS 20\"},{\"@type\":\"BreadcrumbList\",\"@id\":\"https:\\\/\\\/trotrx.com\\\/es\\\/product\\\/trotrx-scoot-fs-20\\\/#breadcrumb\",\"itemListElement\":[{\"@type\":\"ListItem\",\"position\":1,\"name\":\"Inicio\",\"item\":\"https:\\\/\\\/trotrx.com\\\/es\\\/inicio\\\/\"},{\"@type\":\"ListItem\",\"position\":2,\"name\":\"Tienda\",\"item\":\"https:\\\/\\\/trotrx.com\\\/es\\\/tienda\\\/\"},{\"@type\":\"ListItem\",\"position\":3,\"name\":\"TROTRX SCOOT 20&#8243; DH\"}]},{\"@type\":\"WebSite\",\"@id\":\"https:\\\/\\\/trotrx.com\\\/es\\\/#website\",\"url\":\"https:\\\/\\\/trotrx.com\\\/es\\\/\",\"name\":\"TROTRX - Trottinettes \u00e9lectriques tout-terrain ! \u26a1\ufe0f\ud83d\udef4\",\"description\":\"TROTRX - La trottinette &eacute;lectrique tout-terrain depuis 2008\",\"publisher\":{\"@id\":\"https:\\\/\\\/trotrx.com\\\/es\\\/#organization\"},\"alternateName\":\"TROTRX \u26a1\ufe0f\ud83d\udef4\",\"potentialAction\":[{\"@type\":\"SearchAction\",\"target\":{\"@type\":\"EntryPoint\",\"urlTemplate\":\"https:\\\/\\\/trotrx.com\\\/es\\\/?s={search_term_string}\"},\"query-input\":{\"@type\":\"PropertyValueSpecification\",\"valueRequired\":true,\"valueName\":\"search_term_string\"}}],\"inLanguage\":\"es\"},{\"@type\":\"Organization\",\"@id\":\"https:\\\/\\\/trotrx.com\\\/es\\\/#organization\",\"name\":\"TROTRX - Trottinettes \u00e9lectriques tout-terrain ! \u26a1\ufe0f\ud83d\udef4\",\"url\":\"https:\\\/\\\/trotrx.com\\\/es\\\/\",\"logo\":{\"@type\":\"ImageObject\",\"inLanguage\":\"es\",\"@id\":\"https:\\\/\\\/trotrx.com\\\/es\\\/#\\\/schema\\\/logo\\\/image\\\/\",\"url\":\"https:\\\/\\\/trotrx.com\\\/wp-content\\\/uploads\\\/2024\\\/10\\\/Design-sans-titre-2025-02-24T111129.185-e1740391936319.png\",\"contentUrl\":\"https:\\\/\\\/trotrx.com\\\/wp-content\\\/uploads\\\/2024\\\/10\\\/Design-sans-titre-2025-02-24T111129.185-e1740391936319.png\",\"width\":1920,\"height\":370,\"caption\":\"TROTRX - Trottinettes \u00e9lectriques tout-terrain ! \u26a1\ufe0f\ud83d\udef4\"},\"image\":{\"@id\":\"https:\\\/\\\/trotrx.com\\\/es\\\/#\\\/schema\\\/logo\\\/image\\\/\"}}]}<\/script>\n<!-- \/ Yoast SEO plugin. -->","yoast_head_json":{"title":"TROTRX SCOOT 20\" DH - TROTRX - Trottinettes &eacute;lectriques tout-terrain \u26a1\ufe0f\ud83d\udef4","description":"CT Concept presenta el patinete Scoot 20\" FS TrotRX. Con su robusto cuadro de aluminio y sus neum\u00e1ticos dentados, \u00a1est\u00e1s listo para domar los senderos y singletracks de los alrededores de tu casa! Si lo deseas, el cuadro se puede actualizar a ruedas de 24\".","robots":{"index":"index","follow":"follow","max-snippet":"max-snippet:-1","max-image-preview":"max-image-preview:large","max-video-preview":"max-video-preview:-1"},"canonical":"https:\/\/trotrx.com\/es\/product\/trotrx-scoot-fs-20\/","og_locale":"es_ES","og_type":"article","og_title":"TROTRX SCOOT 20\" DH - TROTRX - Trottinettes &eacute;lectriques tout-terrain \u26a1\ufe0f\ud83d\udef4","og_description":"CT Concept presenta el patinete Scoot 20\" FS TrotRX. Con su robusto cuadro de aluminio y sus neum\u00e1ticos dentados, \u00a1est\u00e1s listo para domar los senderos y singletracks de los alrededores de tu casa! Si lo deseas, el cuadro se puede actualizar a ruedas de 24\".","og_url":"https:\/\/trotrx.com\/es\/product\/trotrx-scoot-fs-20\/","og_site_name":"TROTRX - Trottinettes &eacute;lectriques tout-terrain \u26a1\ufe0f\ud83d\udef4","article_modified_time":"2026-03-16T15:15:07+00:00","twitter_card":"summary_large_image","twitter_misc":{"Tiempo de lectura":"2 minuto"},"schema":{"@context":"https:\/\/schema.org","@graph":[{"@type":"WebPage","@id":"https:\/\/trotrx.com\/es\/product\/trotrx-scoot-fs-20\/","url":"https:\/\/trotrx.com\/es\/product\/trotrx-scoot-fs-20\/","name":"TROTRX SCOOT 20\" DH - TROTRX - Trottinettes &eacute;lectriques tout-terrain \u26a1\ufe0f\ud83d\udef4","isPartOf":{"@id":"https:\/\/trotrx.com\/es\/#website"},"primaryImageOfPage":{"@id":"https:\/\/trotrx.com\/es\/product\/trotrx-scoot-fs-20\/#primaryimage"},"image":{"@id":"https:\/\/trotrx.com\/es\/product\/trotrx-scoot-fs-20\/#primaryimage"},"thumbnailUrl":"https:\/\/trotrx.com\/wp-content\/uploads\/2024\/10\/TROTRX-SCOOT-FS-20.avif","datePublished":"2025-01-06T13:35:32+00:00","dateModified":"2026-03-16T15:15:07+00:00","description":"CT Concept presenta el patinete Scoot 20\" FS TrotRX. Con su robusto cuadro de aluminio y sus neum\u00e1ticos dentados, \u00a1est\u00e1s listo para domar los senderos y singletracks de los alrededores de tu casa! Si lo deseas, el cuadro se puede actualizar a ruedas de 24\".","breadcrumb":{"@id":"https:\/\/trotrx.com\/es\/product\/trotrx-scoot-fs-20\/#breadcrumb"},"inLanguage":"es","potentialAction":[{"@type":"ReadAction","target":["https:\/\/trotrx.com\/es\/product\/trotrx-scoot-fs-20\/"]}]},{"@type":"ImageObject","inLanguage":"es","@id":"https:\/\/trotrx.com\/es\/product\/trotrx-scoot-fs-20\/#primaryimage","url":"https:\/\/trotrx.com\/wp-content\/uploads\/2024\/10\/TROTRX-SCOOT-FS-20.avif","contentUrl":"https:\/\/trotrx.com\/wp-content\/uploads\/2024\/10\/TROTRX-SCOOT-FS-20.avif","width":1080,"height":1080,"caption":"TROTRX SCOOT FS 20"},{"@type":"BreadcrumbList","@id":"https:\/\/trotrx.com\/es\/product\/trotrx-scoot-fs-20\/#breadcrumb","itemListElement":[{"@type":"ListItem","position":1,"name":"Inicio","item":"https:\/\/trotrx.com\/es\/inicio\/"},{"@type":"ListItem","position":2,"name":"Tienda","item":"https:\/\/trotrx.com\/es\/tienda\/"},{"@type":"ListItem","position":3,"name":"TROTRX SCOOT 20&#8243; DH"}]},{"@type":"WebSite","@id":"https:\/\/trotrx.com\/es\/#website","url":"https:\/\/trotrx.com\/es\/","name":"TROTRX - Trottinettes \u00e9lectriques tout-terrain ! \u26a1\ufe0f\ud83d\udef4","description":"TROTRX - La trottinette &eacute;lectrique tout-terrain depuis 2008","publisher":{"@id":"https:\/\/trotrx.com\/es\/#organization"},"alternateName":"TROTRX \u26a1\ufe0f\ud83d\udef4","potentialAction":[{"@type":"SearchAction","target":{"@type":"EntryPoint","urlTemplate":"https:\/\/trotrx.com\/es\/?s={search_term_string}"},"query-input":{"@type":"PropertyValueSpecification","valueRequired":true,"valueName":"search_term_string"}}],"inLanguage":"es"},{"@type":"Organization","@id":"https:\/\/trotrx.com\/es\/#organization","name":"TROTRX - Trottinettes \u00e9lectriques tout-terrain ! \u26a1\ufe0f\ud83d\udef4","url":"https:\/\/trotrx.com\/es\/","logo":{"@type":"ImageObject","inLanguage":"es","@id":"https:\/\/trotrx.com\/es\/#\/schema\/logo\/image\/","url":"https:\/\/trotrx.com\/wp-content\/uploads\/2024\/10\/Design-sans-titre-2025-02-24T111129.185-e1740391936319.png","contentUrl":"https:\/\/trotrx.com\/wp-content\/uploads\/2024\/10\/Design-sans-titre-2025-02-24T111129.185-e1740391936319.png","width":1920,"height":370,"caption":"TROTRX - Trottinettes \u00e9lectriques tout-terrain ! \u26a1\ufe0f\ud83d\udef4"},"image":{"@id":"https:\/\/trotrx.com\/es\/#\/schema\/logo\/image\/"}}]}},"_links":{"self":[{"href":"https:\/\/trotrx.com\/es\/wp-json\/wp\/v2\/product\/17000","targetHints":{"allow":["GET"]}}],"collection":[{"href":"https:\/\/trotrx.com\/es\/wp-json\/wp\/v2\/product"}],"about":[{"href":"https:\/\/trotrx.com\/es\/wp-json\/wp\/v2\/types\/product"}],"version-history":[{"count":6,"href":"https:\/\/trotrx.com\/es\/wp-json\/wp\/v2\/product\/17000\/revisions"}],"predecessor-version":[{"id":23471,"href":"https:\/\/trotrx.com\/es\/wp-json\/wp\/v2\/product\/17000\/revisions\/23471"}],"wp:featuredmedia":[{"embeddable":true,"href":"https:\/\/trotrx.com\/es\/wp-json\/wp\/v2\/media\/6672"}],"wp:attachment":[{"href":"https:\/\/trotrx.com\/es\/wp-json\/wp\/v2\/media?parent=17000"}],"wp:term":[{"taxonomy":"product_brand","embeddable":true,"href":"https:\/\/trotrx.com\/es\/wp-json\/wp\/v2\/product_brand?post=17000"},{"taxonomy":"product_cat","embeddable":true,"href":"https:\/\/trotrx.com\/es\/wp-json\/wp\/v2\/product_cat?post=17000"},{"taxonomy":"product_tag","embeddable":true,"href":"https:\/\/trotrx.com\/es\/wp-json\/wp\/v2\/product_tag?post=17000"}],"curies":[{"name":"wp","href":"https:\/\/api.w.org\/{rel}","templated":true}]}}