{"id":16986,"date":"2025-01-06T13:35:32","date_gmt":"2025-01-06T13:35:32","guid":{"rendered":"https:\/\/trotrx.com\/product\/trotrx-scoot-fs-24\/"},"modified":"2026-03-16T15:14:27","modified_gmt":"2026-03-16T15:14:27","slug":"trotrx-scoot-fs-24","status":"publish","type":"product","link":"https:\/\/trotrx.com\/es\/product\/trotrx-scoot-fs-24\/","title":{"rendered":"TROTRX SCOOT 24&#8243; DH"},"content":{"rendered":"<p>CT CONCEPT presenta la nueva versi\u00f3n de la Scoot 24&#8243; DH :<\/p>\n<p>Nueva horquilla hidr\u00e1ulica invertida TROTRX con 140 mm de recorrido, QR15. Rebote\/compresi\u00f3n de aire ajustables. <\/p>\n<p>Manillar de 130 mm de altura.<\/p>\n<p>Frenos de disco hidr\u00e1ulicos de 4 pistones, discos de 200 mm.<\/p>\n<p>Ruedas de aluminio de doble pared reforzadas.<\/p>\n<p>El bastidor es de aluminio anodizado (sin pintar) montado sobre cojinetes anulares sellados, con pies y zapata desmontables.<\/p>\n<p>Las suspensiones delantera y trasera son ajustables en rebote y compresi\u00f3n, para que puedas ajustar el SCOOT 24&#8243; a tu peso y tipo de uso.<\/p>\n<hr>\n<p><strong>SOBRE EL TERRENO<\/strong><\/p>\n<p>Con una distancia entre ejes ligeramente mayor que la versi\u00f3n anterior, la Scoot 24\u00bb DH es a\u00fan m\u00e1s estable y la pueden utilizar tanto adolescentes como adultos.<\/p>\n<p>Gracias a su nueva suspensi\u00f3n delantera, la comodidad de conducci\u00f3n en terrenos irregulares nunca ha sido tan buena.<\/p>\n<p>Nuestros componentes de alta calidad no necesitan cambiar de a\u00f1o en a\u00f1o, porque nuestro objetivo es que cada producto sea lo m\u00e1s fiable posible para que resista y dure muchos a\u00f1os de uso.<\/p>\n<hr>\n<p><strong>ESPECIFICACIONES<\/strong><\/p>\n<p><strong>Zapata de protecci\u00f3n de<\/strong> aluminio anodizado desmontable.<\/p>\n<p><strong>Ruedas de aluminio reforzado<\/strong> de doble pared, 36T.<\/p>\n<p><strong>Frenos de disco hidr\u00e1ulicos<\/strong> delanteros y traseros BENGAL de 200 mm y 4 pistones.<\/p>\n<p><strong>Neum\u00e1ticos reforzados<\/strong> 24 X 3,00.<\/p>\n<p><strong>Potencia de aluminio<\/strong> DH 50 mm.<\/p>\n<p><strong>Manillar de aluminio<\/strong> elevado 780 mm rize 130 mm.<\/p>\n<p><strong>Horquillas<\/strong> invertidas hidr\u00e1ulicas TROTRX 140mm QR15 &#8211; ajuste de rebote\/compresi\u00f3n por aire<\/p>\n<p><strong>Amortiguador<\/strong> DNM 210&#215;65<\/p>\n<p><strong>Peso<\/strong> 14,6 kg<\/p>\n<p><strong>Armaz\u00f3n de aluminio reforzado<\/strong>, acabado anodizado.<\/p>\n<p><strong>Garant\u00eda legal<\/strong>: 2 a\u00f1os<\/p>\n<p><strong>Garant\u00eda comercial <\/strong>: 5 a\u00f1os para el armaz\u00f3n<\/p>\n<p><em>Nuestros modelos se dise\u00f1an, desarrollan y montan \u00edntegramente en nuestras instalaciones de Venasque 84210 &#8211; Vaucluse, en el sur de Francia.<\/em><\/p>\n","protected":false},"excerpt":{"rendered":"<p>CT Concept presenta la nueva versi\u00f3n de la \u00abSCOOT 24&#8243; DH\u00bb equipada con la nueva horquilla hidr\u00e1ulica invertida TROTRX de 140 mm (presi\u00f3n de aire\/rebote ajustables) y los nuevos frenos de disco hidr\u00e1ulicos de 4 pistones (200 mm).<\/p>\n","protected":false},"featured_media":20642,"template":"","meta":[],"product_brand":[],"product_cat":[156],"product_tag":[221],"class_list":{"0":"post-16986","1":"product","2":"type-product","3":"status-publish","4":"has-post-thumbnail","6":"product_cat-patinetes-dh","7":"product_tag-diciembre-negro","8":"product_shipping_class-scooters","10":"first","11":"instock","12":"taxable","13":"shipping-taxable","14":"purchasable","15":"product-type-simple"},"yoast_head":"<!-- This site is optimized with the Yoast SEO plugin v27.4 - https:\/\/yoast.com\/product\/yoast-seo-wordpress\/ -->\n<title>TROTRX SCOOT 24&quot; DH - TROTRX - Trottinettes &eacute;lectriques tout-terrain \u26a1\ufe0f\ud83d\udef4<\/title>\n<meta name=\"description\" content=\"CT Concept presenta la versi\u00f3n de 24&quot; del Scoot FS TrotRX, que ofrece mayor estabilidad y mayor altura. Compatible tambi\u00e9n con ruedas motorizadas, \u00a1los caminos m\u00e1s empinados ya no ser\u00e1n un obst\u00e1culo!\" \/>\n<meta name=\"robots\" content=\"index, follow, max-snippet:-1, max-image-preview:large, max-video-preview:-1\" \/>\n<link rel=\"canonical\" href=\"https:\/\/trotrx.com\/es\/product\/trotrx-scoot-fs-24\/\" \/>\n<meta property=\"og:locale\" content=\"es_ES\" \/>\n<meta property=\"og:type\" content=\"article\" \/>\n<meta property=\"og:title\" content=\"TROTRX SCOOT 24&quot; DH - TROTRX - Trottinettes &eacute;lectriques tout-terrain \u26a1\ufe0f\ud83d\udef4\" \/>\n<meta property=\"og:description\" content=\"CT Concept presenta la versi\u00f3n de 24&quot; del Scoot FS TrotRX, que ofrece mayor estabilidad y mayor altura. Compatible tambi\u00e9n con ruedas motorizadas, \u00a1los caminos m\u00e1s empinados ya no ser\u00e1n un obst\u00e1culo!\" \/>\n<meta property=\"og:url\" content=\"https:\/\/trotrx.com\/es\/product\/trotrx-scoot-fs-24\/\" \/>\n<meta property=\"og:site_name\" content=\"TROTRX - Trottinettes &eacute;lectriques tout-terrain \u26a1\ufe0f\ud83d\udef4\" \/>\n<meta property=\"article:modified_time\" content=\"2026-03-16T15:14:27+00:00\" \/>\n<meta property=\"og:image\" content=\"https:\/\/trotrx.com\/wp-content\/uploads\/2025\/10\/ESCOOT_DH24_1_1080.png\" \/>\n\t<meta property=\"og:image:width\" content=\"1080\" \/>\n\t<meta property=\"og:image:height\" content=\"1080\" \/>\n\t<meta property=\"og:image:type\" content=\"image\/png\" \/>\n<meta name=\"twitter:card\" content=\"summary_large_image\" \/>\n<meta name=\"twitter:label1\" content=\"Tiempo de lectura\" \/>\n\t<meta name=\"twitter:data1\" content=\"1 minuto\" \/>\n<script type=\"application\/ld+json\" class=\"yoast-schema-graph\">{\"@context\":\"https:\\\/\\\/schema.org\",\"@graph\":[{\"@type\":\"WebPage\",\"@id\":\"https:\\\/\\\/trotrx.com\\\/es\\\/product\\\/trotrx-scoot-fs-24\\\/\",\"url\":\"https:\\\/\\\/trotrx.com\\\/es\\\/product\\\/trotrx-scoot-fs-24\\\/\",\"name\":\"TROTRX SCOOT 24\\\" DH - TROTRX - Trottinettes &eacute;lectriques tout-terrain \u26a1\ufe0f\ud83d\udef4\",\"isPartOf\":{\"@id\":\"https:\\\/\\\/trotrx.com\\\/es\\\/#website\"},\"primaryImageOfPage\":{\"@id\":\"https:\\\/\\\/trotrx.com\\\/es\\\/product\\\/trotrx-scoot-fs-24\\\/#primaryimage\"},\"image\":{\"@id\":\"https:\\\/\\\/trotrx.com\\\/es\\\/product\\\/trotrx-scoot-fs-24\\\/#primaryimage\"},\"thumbnailUrl\":\"https:\\\/\\\/trotrx.com\\\/wp-content\\\/uploads\\\/2025\\\/10\\\/ESCOOT_DH24_1_1080.png\",\"datePublished\":\"2025-01-06T13:35:32+00:00\",\"dateModified\":\"2026-03-16T15:14:27+00:00\",\"description\":\"CT Concept presenta la versi\u00f3n de 24\\\" del Scoot FS TrotRX, que ofrece mayor estabilidad y mayor altura. Compatible tambi\u00e9n con ruedas motorizadas, \u00a1los caminos m\u00e1s empinados ya no ser\u00e1n un obst\u00e1culo!\",\"breadcrumb\":{\"@id\":\"https:\\\/\\\/trotrx.com\\\/es\\\/product\\\/trotrx-scoot-fs-24\\\/#breadcrumb\"},\"inLanguage\":\"es\",\"potentialAction\":[{\"@type\":\"ReadAction\",\"target\":[\"https:\\\/\\\/trotrx.com\\\/es\\\/product\\\/trotrx-scoot-fs-24\\\/\"]}]},{\"@type\":\"ImageObject\",\"inLanguage\":\"es\",\"@id\":\"https:\\\/\\\/trotrx.com\\\/es\\\/product\\\/trotrx-scoot-fs-24\\\/#primaryimage\",\"url\":\"https:\\\/\\\/trotrx.com\\\/wp-content\\\/uploads\\\/2025\\\/10\\\/ESCOOT_DH24_1_1080.png\",\"contentUrl\":\"https:\\\/\\\/trotrx.com\\\/wp-content\\\/uploads\\\/2025\\\/10\\\/ESCOOT_DH24_1_1080.png\",\"width\":1080,\"height\":1080,\"caption\":\"ESCOOT_DH24_1_1080\"},{\"@type\":\"BreadcrumbList\",\"@id\":\"https:\\\/\\\/trotrx.com\\\/es\\\/product\\\/trotrx-scoot-fs-24\\\/#breadcrumb\",\"itemListElement\":[{\"@type\":\"ListItem\",\"position\":1,\"name\":\"Inicio\",\"item\":\"https:\\\/\\\/trotrx.com\\\/es\\\/inicio\\\/\"},{\"@type\":\"ListItem\",\"position\":2,\"name\":\"Tienda\",\"item\":\"https:\\\/\\\/trotrx.com\\\/es\\\/tienda\\\/\"},{\"@type\":\"ListItem\",\"position\":3,\"name\":\"TROTRX SCOOT 24&#8243; DH\"}]},{\"@type\":\"WebSite\",\"@id\":\"https:\\\/\\\/trotrx.com\\\/es\\\/#website\",\"url\":\"https:\\\/\\\/trotrx.com\\\/es\\\/\",\"name\":\"TROTRX - Trottinettes \u00e9lectriques tout-terrain ! \u26a1\ufe0f\ud83d\udef4\",\"description\":\"TROTRX - La trottinette &eacute;lectrique tout-terrain depuis 2008\",\"publisher\":{\"@id\":\"https:\\\/\\\/trotrx.com\\\/es\\\/#organization\"},\"alternateName\":\"TROTRX \u26a1\ufe0f\ud83d\udef4\",\"potentialAction\":[{\"@type\":\"SearchAction\",\"target\":{\"@type\":\"EntryPoint\",\"urlTemplate\":\"https:\\\/\\\/trotrx.com\\\/es\\\/?s={search_term_string}\"},\"query-input\":{\"@type\":\"PropertyValueSpecification\",\"valueRequired\":true,\"valueName\":\"search_term_string\"}}],\"inLanguage\":\"es\"},{\"@type\":\"Organization\",\"@id\":\"https:\\\/\\\/trotrx.com\\\/es\\\/#organization\",\"name\":\"TROTRX - Trottinettes \u00e9lectriques tout-terrain ! \u26a1\ufe0f\ud83d\udef4\",\"url\":\"https:\\\/\\\/trotrx.com\\\/es\\\/\",\"logo\":{\"@type\":\"ImageObject\",\"inLanguage\":\"es\",\"@id\":\"https:\\\/\\\/trotrx.com\\\/es\\\/#\\\/schema\\\/logo\\\/image\\\/\",\"url\":\"https:\\\/\\\/trotrx.com\\\/wp-content\\\/uploads\\\/2024\\\/10\\\/Design-sans-titre-2025-02-24T111129.185-e1740391936319.png\",\"contentUrl\":\"https:\\\/\\\/trotrx.com\\\/wp-content\\\/uploads\\\/2024\\\/10\\\/Design-sans-titre-2025-02-24T111129.185-e1740391936319.png\",\"width\":1920,\"height\":370,\"caption\":\"TROTRX - Trottinettes \u00e9lectriques tout-terrain ! \u26a1\ufe0f\ud83d\udef4\"},\"image\":{\"@id\":\"https:\\\/\\\/trotrx.com\\\/es\\\/#\\\/schema\\\/logo\\\/image\\\/\"}}]}<\/script>\n<!-- \/ Yoast SEO plugin. -->","yoast_head_json":{"title":"TROTRX SCOOT 24\" DH - TROTRX - Trottinettes &eacute;lectriques tout-terrain \u26a1\ufe0f\ud83d\udef4","description":"CT Concept presenta la versi\u00f3n de 24\" del Scoot FS TrotRX, que ofrece mayor estabilidad y mayor altura. Compatible tambi\u00e9n con ruedas motorizadas, \u00a1los caminos m\u00e1s empinados ya no ser\u00e1n un obst\u00e1culo!","robots":{"index":"index","follow":"follow","max-snippet":"max-snippet:-1","max-image-preview":"max-image-preview:large","max-video-preview":"max-video-preview:-1"},"canonical":"https:\/\/trotrx.com\/es\/product\/trotrx-scoot-fs-24\/","og_locale":"es_ES","og_type":"article","og_title":"TROTRX SCOOT 24\" DH - TROTRX - Trottinettes &eacute;lectriques tout-terrain \u26a1\ufe0f\ud83d\udef4","og_description":"CT Concept presenta la versi\u00f3n de 24\" del Scoot FS TrotRX, que ofrece mayor estabilidad y mayor altura. Compatible tambi\u00e9n con ruedas motorizadas, \u00a1los caminos m\u00e1s empinados ya no ser\u00e1n un obst\u00e1culo!","og_url":"https:\/\/trotrx.com\/es\/product\/trotrx-scoot-fs-24\/","og_site_name":"TROTRX - Trottinettes &eacute;lectriques tout-terrain \u26a1\ufe0f\ud83d\udef4","article_modified_time":"2026-03-16T15:14:27+00:00","og_image":[{"width":1080,"height":1080,"url":"https:\/\/trotrx.com\/wp-content\/uploads\/2025\/10\/ESCOOT_DH24_1_1080.png","type":"image\/png"}],"twitter_card":"summary_large_image","twitter_misc":{"Tiempo de lectura":"1 minuto"},"schema":{"@context":"https:\/\/schema.org","@graph":[{"@type":"WebPage","@id":"https:\/\/trotrx.com\/es\/product\/trotrx-scoot-fs-24\/","url":"https:\/\/trotrx.com\/es\/product\/trotrx-scoot-fs-24\/","name":"TROTRX SCOOT 24\" DH - TROTRX - Trottinettes &eacute;lectriques tout-terrain \u26a1\ufe0f\ud83d\udef4","isPartOf":{"@id":"https:\/\/trotrx.com\/es\/#website"},"primaryImageOfPage":{"@id":"https:\/\/trotrx.com\/es\/product\/trotrx-scoot-fs-24\/#primaryimage"},"image":{"@id":"https:\/\/trotrx.com\/es\/product\/trotrx-scoot-fs-24\/#primaryimage"},"thumbnailUrl":"https:\/\/trotrx.com\/wp-content\/uploads\/2025\/10\/ESCOOT_DH24_1_1080.png","datePublished":"2025-01-06T13:35:32+00:00","dateModified":"2026-03-16T15:14:27+00:00","description":"CT Concept presenta la versi\u00f3n de 24\" del Scoot FS TrotRX, que ofrece mayor estabilidad y mayor altura. Compatible tambi\u00e9n con ruedas motorizadas, \u00a1los caminos m\u00e1s empinados ya no ser\u00e1n un obst\u00e1culo!","breadcrumb":{"@id":"https:\/\/trotrx.com\/es\/product\/trotrx-scoot-fs-24\/#breadcrumb"},"inLanguage":"es","potentialAction":[{"@type":"ReadAction","target":["https:\/\/trotrx.com\/es\/product\/trotrx-scoot-fs-24\/"]}]},{"@type":"ImageObject","inLanguage":"es","@id":"https:\/\/trotrx.com\/es\/product\/trotrx-scoot-fs-24\/#primaryimage","url":"https:\/\/trotrx.com\/wp-content\/uploads\/2025\/10\/ESCOOT_DH24_1_1080.png","contentUrl":"https:\/\/trotrx.com\/wp-content\/uploads\/2025\/10\/ESCOOT_DH24_1_1080.png","width":1080,"height":1080,"caption":"ESCOOT_DH24_1_1080"},{"@type":"BreadcrumbList","@id":"https:\/\/trotrx.com\/es\/product\/trotrx-scoot-fs-24\/#breadcrumb","itemListElement":[{"@type":"ListItem","position":1,"name":"Inicio","item":"https:\/\/trotrx.com\/es\/inicio\/"},{"@type":"ListItem","position":2,"name":"Tienda","item":"https:\/\/trotrx.com\/es\/tienda\/"},{"@type":"ListItem","position":3,"name":"TROTRX SCOOT 24&#8243; DH"}]},{"@type":"WebSite","@id":"https:\/\/trotrx.com\/es\/#website","url":"https:\/\/trotrx.com\/es\/","name":"TROTRX - Trottinettes \u00e9lectriques tout-terrain ! \u26a1\ufe0f\ud83d\udef4","description":"TROTRX - La trottinette &eacute;lectrique tout-terrain depuis 2008","publisher":{"@id":"https:\/\/trotrx.com\/es\/#organization"},"alternateName":"TROTRX \u26a1\ufe0f\ud83d\udef4","potentialAction":[{"@type":"SearchAction","target":{"@type":"EntryPoint","urlTemplate":"https:\/\/trotrx.com\/es\/?s={search_term_string}"},"query-input":{"@type":"PropertyValueSpecification","valueRequired":true,"valueName":"search_term_string"}}],"inLanguage":"es"},{"@type":"Organization","@id":"https:\/\/trotrx.com\/es\/#organization","name":"TROTRX - Trottinettes \u00e9lectriques tout-terrain ! \u26a1\ufe0f\ud83d\udef4","url":"https:\/\/trotrx.com\/es\/","logo":{"@type":"ImageObject","inLanguage":"es","@id":"https:\/\/trotrx.com\/es\/#\/schema\/logo\/image\/","url":"https:\/\/trotrx.com\/wp-content\/uploads\/2024\/10\/Design-sans-titre-2025-02-24T111129.185-e1740391936319.png","contentUrl":"https:\/\/trotrx.com\/wp-content\/uploads\/2024\/10\/Design-sans-titre-2025-02-24T111129.185-e1740391936319.png","width":1920,"height":370,"caption":"TROTRX - Trottinettes \u00e9lectriques tout-terrain ! \u26a1\ufe0f\ud83d\udef4"},"image":{"@id":"https:\/\/trotrx.com\/es\/#\/schema\/logo\/image\/"}}]}},"_links":{"self":[{"href":"https:\/\/trotrx.com\/es\/wp-json\/wp\/v2\/product\/16986","targetHints":{"allow":["GET"]}}],"collection":[{"href":"https:\/\/trotrx.com\/es\/wp-json\/wp\/v2\/product"}],"about":[{"href":"https:\/\/trotrx.com\/es\/wp-json\/wp\/v2\/types\/product"}],"version-history":[{"count":7,"href":"https:\/\/trotrx.com\/es\/wp-json\/wp\/v2\/product\/16986\/revisions"}],"predecessor-version":[{"id":22071,"href":"https:\/\/trotrx.com\/es\/wp-json\/wp\/v2\/product\/16986\/revisions\/22071"}],"wp:featuredmedia":[{"embeddable":true,"href":"https:\/\/trotrx.com\/es\/wp-json\/wp\/v2\/media\/20642"}],"wp:attachment":[{"href":"https:\/\/trotrx.com\/es\/wp-json\/wp\/v2\/media?parent=16986"}],"wp:term":[{"taxonomy":"product_brand","embeddable":true,"href":"https:\/\/trotrx.com\/es\/wp-json\/wp\/v2\/product_brand?post=16986"},{"taxonomy":"product_cat","embeddable":true,"href":"https:\/\/trotrx.com\/es\/wp-json\/wp\/v2\/product_cat?post=16986"},{"taxonomy":"product_tag","embeddable":true,"href":"https:\/\/trotrx.com\/es\/wp-json\/wp\/v2\/product_tag?post=16986"}],"curies":[{"name":"wp","href":"https:\/\/api.w.org\/{rel}","templated":true}]}}