{"id":15807,"date":"2025-01-06T13:35:10","date_gmt":"2025-01-06T13:35:10","guid":{"rendered":"https:\/\/trotrx.com\/product\/almohada-trasera-x2-modelos-2019\/"},"modified":"2026-01-06T07:37:26","modified_gmt":"2026-01-06T07:37:26","slug":"almohada-trasera-x2-modelos-2019","status":"publish","type":"product","link":"https:\/\/trotrx.com\/es\/product\/almohada-trasera-x2-modelos-2019\/","title":{"rendered":"ALMOHADA TRASERA x2 (MODELOS 2019+)"},"content":{"rendered":"<p>Soporte trasero del bastidor para modelos motorizados.<\/p>\n<p>De aluminio.<\/p>\n<p>Se venden en paquetes de 2.<\/p>\n<p>Adecuado para :<\/p>\n<p>&#8211; TROTRX E-SCOOT FS 20&#8243; (BATER\u00cdA 23,4Ah\/MONO MOTOR\/500W)<\/p>\n<p>&#8211; TROTRX E-SCOOT FS 20&#8243; (BATER\u00cdA 23,4Ah\/2 RUEDAS MOTORAS\/500W)<\/p>\n<p>&#8211; TROTRX E-SCOOT FS 20&#8243; (BATER\u00cdA INTEGRADA 25Ah\/MONO MOTOR\/500W)<\/p>\n<p>&#8211; TROTRX E-SCOOT FS 20&#8243; (BATER\u00cdA INTEGRADA 25Ah\/MONO MOTOR\/750W)<\/p>\n<p>&#8211; TROTRX E-SCOOT FS 20&#8243; (BATER\u00cdA INTEGRADA 25Ah\/2 RUEDAS MOTORAS\/500W)<\/p>\n<p>&#8211; TROTRX E-SCOOT FS 20&#8243; (BATER\u00cdA INTEGRADA 25Ah\/2 RUEDAS MOTORAS\/750W)<\/p>\n<p>&#8211; TROTRX E-SCOOT FS 24&#8243; (BATER\u00cdA 23,4Ah\/MONO MOTOR\/500W)<\/p>\n<p>&#8211; TROTRX E-SCOOT FS 24&#8243; (BATER\u00cdA 23,4Ah\/2 RUEDAS MOTORAS\/500W)<\/p>\n<p>&#8211; TROTRX E-SCOOT FS 24&#8243; (BATER\u00cdA INTEGRADA 25Ah\/MONO MOTOR\/500W)<\/p>\n<p>&#8211; TROTRX E-SCOOT FS 24&#8243; (BATER\u00cdA INTEGRADA 25Ah\/MONO MOTOR\/750W)<\/p>\n<p>&#8211; TROTRX E-SCOOT FS 24&#8243; (BATER\u00cdA INTEGRADA 25Ah\/2 RUEDAS MOTORAS\/500W)<\/p>\n<p>&#8211; TROTRX E-SCOOT FS 24&#8243; (BATER\u00cdA INTEGRADA 25Ah\/2 RUEDAS MOTORAS\/750W)<\/p>\n","protected":false},"excerpt":{"rendered":"<p>Taco trasero est\u00e1ndar.<br \/>Adecuado para modelos vendidos despu\u00e9s de 2019.<br \/>Empaquetado por pares.<\/p>\n","protected":false},"featured_media":5639,"template":"","meta":[],"product_brand":[],"product_cat":[125],"product_tag":[],"class_list":{"0":"post-15807","1":"product","2":"type-product","3":"status-publish","4":"has-post-thumbnail","6":"product_cat-componentes-es","8":"first","9":"instock","10":"taxable","11":"shipping-taxable","12":"purchasable","13":"product-type-simple"},"yoast_head":"<!-- This site is optimized with the Yoast SEO plugin v27.3 - https:\/\/yoast.com\/product\/yoast-seo-wordpress\/ -->\n<title>ALMOHADA TRASERA x2 (MODELOS 2019+) - TROTRX - Trottinettes &eacute;lectriques tout-terrain \u26a1\ufe0f\ud83d\udef4<\/title>\n<meta name=\"description\" content=\"Tet\u00f3n trasero est\u00e1ndar. Adecuado para modelos vendidos despu\u00e9s de 2019. Empaquetado por pares.\" \/>\n<meta name=\"robots\" content=\"index, follow, max-snippet:-1, max-image-preview:large, max-video-preview:-1\" \/>\n<link rel=\"canonical\" href=\"https:\/\/trotrx.com\/es\/product\/almohada-trasera-x2-modelos-2019\/\" \/>\n<meta property=\"og:locale\" content=\"es_ES\" \/>\n<meta property=\"og:type\" content=\"article\" \/>\n<meta property=\"og:title\" content=\"ALMOHADA TRASERA x2 (MODELOS 2019+) - TROTRX - Trottinettes &eacute;lectriques tout-terrain \u26a1\ufe0f\ud83d\udef4\" \/>\n<meta property=\"og:description\" content=\"Tet\u00f3n trasero est\u00e1ndar. Adecuado para modelos vendidos despu\u00e9s de 2019. Empaquetado por pares.\" \/>\n<meta property=\"og:url\" content=\"https:\/\/trotrx.com\/es\/product\/almohada-trasera-x2-modelos-2019\/\" \/>\n<meta property=\"og:site_name\" content=\"TROTRX - Trottinettes &eacute;lectriques tout-terrain \u26a1\ufe0f\ud83d\udef4\" \/>\n<meta property=\"article:modified_time\" content=\"2026-01-06T07:37:26+00:00\" \/>\n<meta name=\"twitter:card\" content=\"summary_large_image\" \/>\n<meta name=\"twitter:label1\" content=\"Tiempo de lectura\" \/>\n\t<meta name=\"twitter:data1\" content=\"1 minuto\" \/>\n<script type=\"application\/ld+json\" class=\"yoast-schema-graph\">{\"@context\":\"https:\\\/\\\/schema.org\",\"@graph\":[{\"@type\":\"WebPage\",\"@id\":\"https:\\\/\\\/trotrx.com\\\/es\\\/product\\\/almohada-trasera-x2-modelos-2019\\\/\",\"url\":\"https:\\\/\\\/trotrx.com\\\/es\\\/product\\\/almohada-trasera-x2-modelos-2019\\\/\",\"name\":\"ALMOHADA TRASERA x2 (MODELOS 2019+) - TROTRX - Trottinettes &eacute;lectriques tout-terrain \u26a1\ufe0f\ud83d\udef4\",\"isPartOf\":{\"@id\":\"https:\\\/\\\/trotrx.com\\\/es\\\/#website\"},\"primaryImageOfPage\":{\"@id\":\"https:\\\/\\\/trotrx.com\\\/es\\\/product\\\/almohada-trasera-x2-modelos-2019\\\/#primaryimage\"},\"image\":{\"@id\":\"https:\\\/\\\/trotrx.com\\\/es\\\/product\\\/almohada-trasera-x2-modelos-2019\\\/#primaryimage\"},\"thumbnailUrl\":\"https:\\\/\\\/trotrx.com\\\/wp-content\\\/uploads\\\/2024\\\/10\\\/PATTE-ARRIERE-x2-MODELES-2019.avif\",\"datePublished\":\"2025-01-06T13:35:10+00:00\",\"dateModified\":\"2026-01-06T07:37:26+00:00\",\"description\":\"Tet\u00f3n trasero est\u00e1ndar. Adecuado para modelos vendidos despu\u00e9s de 2019. Empaquetado por pares.\",\"breadcrumb\":{\"@id\":\"https:\\\/\\\/trotrx.com\\\/es\\\/product\\\/almohada-trasera-x2-modelos-2019\\\/#breadcrumb\"},\"inLanguage\":\"es\",\"potentialAction\":[{\"@type\":\"ReadAction\",\"target\":[\"https:\\\/\\\/trotrx.com\\\/es\\\/product\\\/almohada-trasera-x2-modelos-2019\\\/\"]}]},{\"@type\":\"ImageObject\",\"inLanguage\":\"es\",\"@id\":\"https:\\\/\\\/trotrx.com\\\/es\\\/product\\\/almohada-trasera-x2-modelos-2019\\\/#primaryimage\",\"url\":\"https:\\\/\\\/trotrx.com\\\/wp-content\\\/uploads\\\/2024\\\/10\\\/PATTE-ARRIERE-x2-MODELES-2019.avif\",\"contentUrl\":\"https:\\\/\\\/trotrx.com\\\/wp-content\\\/uploads\\\/2024\\\/10\\\/PATTE-ARRIERE-x2-MODELES-2019.avif\",\"width\":1080,\"height\":1080},{\"@type\":\"BreadcrumbList\",\"@id\":\"https:\\\/\\\/trotrx.com\\\/es\\\/product\\\/almohada-trasera-x2-modelos-2019\\\/#breadcrumb\",\"itemListElement\":[{\"@type\":\"ListItem\",\"position\":1,\"name\":\"Inicio\",\"item\":\"https:\\\/\\\/trotrx.com\\\/es\\\/inicio\\\/\"},{\"@type\":\"ListItem\",\"position\":2,\"name\":\"Tienda\",\"item\":\"https:\\\/\\\/trotrx.com\\\/es\\\/tienda\\\/\"},{\"@type\":\"ListItem\",\"position\":3,\"name\":\"ALMOHADA TRASERA x2 (MODELOS 2019+)\"}]},{\"@type\":\"WebSite\",\"@id\":\"https:\\\/\\\/trotrx.com\\\/es\\\/#website\",\"url\":\"https:\\\/\\\/trotrx.com\\\/es\\\/\",\"name\":\"TROTRX - Trottinettes \u00e9lectriques tout-terrain ! \u26a1\ufe0f\ud83d\udef4\",\"description\":\"TROTRX - La trottinette &eacute;lectrique tout-terrain depuis 2008\",\"publisher\":{\"@id\":\"https:\\\/\\\/trotrx.com\\\/es\\\/#organization\"},\"alternateName\":\"TROTRX \u26a1\ufe0f\ud83d\udef4\",\"potentialAction\":[{\"@type\":\"SearchAction\",\"target\":{\"@type\":\"EntryPoint\",\"urlTemplate\":\"https:\\\/\\\/trotrx.com\\\/es\\\/?s={search_term_string}\"},\"query-input\":{\"@type\":\"PropertyValueSpecification\",\"valueRequired\":true,\"valueName\":\"search_term_string\"}}],\"inLanguage\":\"es\"},{\"@type\":\"Organization\",\"@id\":\"https:\\\/\\\/trotrx.com\\\/es\\\/#organization\",\"name\":\"TROTRX - Trottinettes \u00e9lectriques tout-terrain ! \u26a1\ufe0f\ud83d\udef4\",\"url\":\"https:\\\/\\\/trotrx.com\\\/es\\\/\",\"logo\":{\"@type\":\"ImageObject\",\"inLanguage\":\"es\",\"@id\":\"https:\\\/\\\/trotrx.com\\\/es\\\/#\\\/schema\\\/logo\\\/image\\\/\",\"url\":\"https:\\\/\\\/trotrx.com\\\/wp-content\\\/uploads\\\/2024\\\/10\\\/Design-sans-titre-2025-02-24T111129.185-e1740391936319.png\",\"contentUrl\":\"https:\\\/\\\/trotrx.com\\\/wp-content\\\/uploads\\\/2024\\\/10\\\/Design-sans-titre-2025-02-24T111129.185-e1740391936319.png\",\"width\":1920,\"height\":370,\"caption\":\"TROTRX - Trottinettes \u00e9lectriques tout-terrain ! \u26a1\ufe0f\ud83d\udef4\"},\"image\":{\"@id\":\"https:\\\/\\\/trotrx.com\\\/es\\\/#\\\/schema\\\/logo\\\/image\\\/\"}}]}<\/script>\n<!-- \/ Yoast SEO plugin. -->","yoast_head_json":{"title":"ALMOHADA TRASERA x2 (MODELOS 2019+) - TROTRX - Trottinettes &eacute;lectriques tout-terrain \u26a1\ufe0f\ud83d\udef4","description":"Tet\u00f3n trasero est\u00e1ndar. Adecuado para modelos vendidos despu\u00e9s de 2019. Empaquetado por pares.","robots":{"index":"index","follow":"follow","max-snippet":"max-snippet:-1","max-image-preview":"max-image-preview:large","max-video-preview":"max-video-preview:-1"},"canonical":"https:\/\/trotrx.com\/es\/product\/almohada-trasera-x2-modelos-2019\/","og_locale":"es_ES","og_type":"article","og_title":"ALMOHADA TRASERA x2 (MODELOS 2019+) - TROTRX - Trottinettes &eacute;lectriques tout-terrain \u26a1\ufe0f\ud83d\udef4","og_description":"Tet\u00f3n trasero est\u00e1ndar. Adecuado para modelos vendidos despu\u00e9s de 2019. Empaquetado por pares.","og_url":"https:\/\/trotrx.com\/es\/product\/almohada-trasera-x2-modelos-2019\/","og_site_name":"TROTRX - Trottinettes &eacute;lectriques tout-terrain \u26a1\ufe0f\ud83d\udef4","article_modified_time":"2026-01-06T07:37:26+00:00","twitter_card":"summary_large_image","twitter_misc":{"Tiempo de lectura":"1 minuto"},"schema":{"@context":"https:\/\/schema.org","@graph":[{"@type":"WebPage","@id":"https:\/\/trotrx.com\/es\/product\/almohada-trasera-x2-modelos-2019\/","url":"https:\/\/trotrx.com\/es\/product\/almohada-trasera-x2-modelos-2019\/","name":"ALMOHADA TRASERA x2 (MODELOS 2019+) - TROTRX - Trottinettes &eacute;lectriques tout-terrain \u26a1\ufe0f\ud83d\udef4","isPartOf":{"@id":"https:\/\/trotrx.com\/es\/#website"},"primaryImageOfPage":{"@id":"https:\/\/trotrx.com\/es\/product\/almohada-trasera-x2-modelos-2019\/#primaryimage"},"image":{"@id":"https:\/\/trotrx.com\/es\/product\/almohada-trasera-x2-modelos-2019\/#primaryimage"},"thumbnailUrl":"https:\/\/trotrx.com\/wp-content\/uploads\/2024\/10\/PATTE-ARRIERE-x2-MODELES-2019.avif","datePublished":"2025-01-06T13:35:10+00:00","dateModified":"2026-01-06T07:37:26+00:00","description":"Tet\u00f3n trasero est\u00e1ndar. Adecuado para modelos vendidos despu\u00e9s de 2019. Empaquetado por pares.","breadcrumb":{"@id":"https:\/\/trotrx.com\/es\/product\/almohada-trasera-x2-modelos-2019\/#breadcrumb"},"inLanguage":"es","potentialAction":[{"@type":"ReadAction","target":["https:\/\/trotrx.com\/es\/product\/almohada-trasera-x2-modelos-2019\/"]}]},{"@type":"ImageObject","inLanguage":"es","@id":"https:\/\/trotrx.com\/es\/product\/almohada-trasera-x2-modelos-2019\/#primaryimage","url":"https:\/\/trotrx.com\/wp-content\/uploads\/2024\/10\/PATTE-ARRIERE-x2-MODELES-2019.avif","contentUrl":"https:\/\/trotrx.com\/wp-content\/uploads\/2024\/10\/PATTE-ARRIERE-x2-MODELES-2019.avif","width":1080,"height":1080},{"@type":"BreadcrumbList","@id":"https:\/\/trotrx.com\/es\/product\/almohada-trasera-x2-modelos-2019\/#breadcrumb","itemListElement":[{"@type":"ListItem","position":1,"name":"Inicio","item":"https:\/\/trotrx.com\/es\/inicio\/"},{"@type":"ListItem","position":2,"name":"Tienda","item":"https:\/\/trotrx.com\/es\/tienda\/"},{"@type":"ListItem","position":3,"name":"ALMOHADA TRASERA x2 (MODELOS 2019+)"}]},{"@type":"WebSite","@id":"https:\/\/trotrx.com\/es\/#website","url":"https:\/\/trotrx.com\/es\/","name":"TROTRX - Trottinettes \u00e9lectriques tout-terrain ! \u26a1\ufe0f\ud83d\udef4","description":"TROTRX - La trottinette &eacute;lectrique tout-terrain depuis 2008","publisher":{"@id":"https:\/\/trotrx.com\/es\/#organization"},"alternateName":"TROTRX \u26a1\ufe0f\ud83d\udef4","potentialAction":[{"@type":"SearchAction","target":{"@type":"EntryPoint","urlTemplate":"https:\/\/trotrx.com\/es\/?s={search_term_string}"},"query-input":{"@type":"PropertyValueSpecification","valueRequired":true,"valueName":"search_term_string"}}],"inLanguage":"es"},{"@type":"Organization","@id":"https:\/\/trotrx.com\/es\/#organization","name":"TROTRX - Trottinettes \u00e9lectriques tout-terrain ! \u26a1\ufe0f\ud83d\udef4","url":"https:\/\/trotrx.com\/es\/","logo":{"@type":"ImageObject","inLanguage":"es","@id":"https:\/\/trotrx.com\/es\/#\/schema\/logo\/image\/","url":"https:\/\/trotrx.com\/wp-content\/uploads\/2024\/10\/Design-sans-titre-2025-02-24T111129.185-e1740391936319.png","contentUrl":"https:\/\/trotrx.com\/wp-content\/uploads\/2024\/10\/Design-sans-titre-2025-02-24T111129.185-e1740391936319.png","width":1920,"height":370,"caption":"TROTRX - Trottinettes \u00e9lectriques tout-terrain ! \u26a1\ufe0f\ud83d\udef4"},"image":{"@id":"https:\/\/trotrx.com\/es\/#\/schema\/logo\/image\/"}}]}},"_links":{"self":[{"href":"https:\/\/trotrx.com\/es\/wp-json\/wp\/v2\/product\/15807","targetHints":{"allow":["GET"]}}],"collection":[{"href":"https:\/\/trotrx.com\/es\/wp-json\/wp\/v2\/product"}],"about":[{"href":"https:\/\/trotrx.com\/es\/wp-json\/wp\/v2\/types\/product"}],"version-history":[{"count":1,"href":"https:\/\/trotrx.com\/es\/wp-json\/wp\/v2\/product\/15807\/revisions"}],"predecessor-version":[{"id":22732,"href":"https:\/\/trotrx.com\/es\/wp-json\/wp\/v2\/product\/15807\/revisions\/22732"}],"wp:featuredmedia":[{"embeddable":true,"href":"https:\/\/trotrx.com\/es\/wp-json\/wp\/v2\/media\/5639"}],"wp:attachment":[{"href":"https:\/\/trotrx.com\/es\/wp-json\/wp\/v2\/media?parent=15807"}],"wp:term":[{"taxonomy":"product_brand","embeddable":true,"href":"https:\/\/trotrx.com\/es\/wp-json\/wp\/v2\/product_brand?post=15807"},{"taxonomy":"product_cat","embeddable":true,"href":"https:\/\/trotrx.com\/es\/wp-json\/wp\/v2\/product_cat?post=15807"},{"taxonomy":"product_tag","embeddable":true,"href":"https:\/\/trotrx.com\/es\/wp-json\/wp\/v2\/product_tag?post=15807"}],"curies":[{"name":"wp","href":"https:\/\/api.w.org\/{rel}","templated":true}]}}