{"id":23412,"date":"2025-01-06T13:36:21","date_gmt":"2025-01-06T13:36:21","guid":{"rendered":"https:\/\/trotrx.com\/product\/trotrx-e-scoot-fs-20-1x750w-7\/"},"modified":"2025-01-06T13:36:21","modified_gmt":"2025-01-06T13:36:21","slug":"trotrx-e-scoot-fs-20-1x750w-7","status":"publish","type":"product","link":"https:\/\/trotrx.com\/de\/product\/trotrx-e-scoot-fs-20-1x750w-7\/","title":{"rendered":"TROTRX E-SCOOT FS 20&#8243; 1x750W"},"content":{"rendered":"<p><strong><u>TECHNISCHE MERKMALE<\/u><\/strong><\/p>\n<ul>\n<li><strong>Verst\u00e4rkter, manuell TIG-geschwei\u00dfter Aluminiumrahmen mit blau eloxiertem Finish<\/strong><\/li>\n<\/ul>\n<p style=\"padding-left: 40px;\">Wir verwenden ein spezielles Eloxalverfahren ohne Lackierung, um eine optimale Sto\u00df- und Sonnenbest\u00e4ndigkeit und eine bessere Haltbarkeit im Laufe der Zeit zu erreichen.<\/p>\n<ul>\n<li><strong>Eingebaute Batterie<\/strong>: Lithium-Ionen 48v 25Ah &#8211; 1200Wh &#8211; Samsung 21700-50-S Zellen, ausgestattet mit 3 Sicherungen.<\/li>\n<\/ul>\n<p style=\"padding-left: 40px;\">*Es besteht die M\u00f6glichkeit, eine zus\u00e4tzliche Rucksackbatterie (48V 23.4Ah) zu verwenden, um die Laufzeit zu verl\u00e4ngern.<\/p>\n<ul>\n<li><strong>R\u00e4der 20\u2033 &#8211; FAT-Reifen 20\u00d74.00<\/strong><\/li>\n<\/ul>\n<p style=\"padding-left: 40px;\">Die 20&#8242;-R\u00e4der sorgen f\u00fcr eine sehr wendige und nerv\u00f6se Version. Sie erfordert mehr Aufmerksamkeit bei technischen Passagen und steinigen Abfahrten. <\/p>\n<ul>\n<li><strong>Motor<\/strong>: 48v 750w <u>reduziert*<\/u>.<\/li>\n<\/ul>\n<p style=\"padding-left: 40px;\"><em>*Reduziert: Auf dem Markt gibt es 2 Arten von Motoren:  <\/em><\/p>\n<p style=\"padding-left: 40px;\"><strong><em>Reduzierter Motor :  <\/em><\/strong><em>Mit einem Untersetzungsgetriebe ausgestattet: Wenn das Rad eine Umdrehung macht, macht der Motor anderthalb Umdrehungen, wodurch das Drehmoment erheblich gesteigert wird. Ideal f\u00fcr das Anfahren am Berg und\/oder   <\/em><em>bei Gel\u00e4ndefahrten, w\u00e4hrend der Batterieverbrauch gesenkt wird. Dieser Motor ist bei gleicher Leistung <strong>um ca. 3 kg<\/strong> leichter als ein Direktantriebsmotor (siehe unten). <\/em><\/p>\n<p style=\"padding-left: 40px;\"><strong><em>Motor<\/em><\/strong><strong><em> mit Direktantrieb (direct drive): <\/em><\/strong><em>Im Gegensatz zum gedrosselten Motor ist hier ein st\u00e4rkerer Controller erforderlich, der die Batterie \u00fcberm\u00e4\u00dfig belastet, um die mangelnde Reaktionsf\u00e4higkeit auszugleichen.<\/em><\/p>\n<p>&nbsp;<\/p>\n<p>Wie bei Fahrr\u00e4dern ist auch beim Scooter eine unterschiedliche Lenkerh\u00f6he erforderlich, die von der K\u00f6rpergr\u00f6\u00dfe des Benutzers abh\u00e4ngt. Sie haben die Wahl zwischen drei verschiedenen Lenkerh\u00f6hen. Die g\u00e4ngigste ist 130 mm, die f\u00fcr Personen mit einer K\u00f6rpergr\u00f6\u00dfe zwischen 1,50 m und 1,80 m geeignet ist. <\/p>\n<ul>\n<li>80 mm<\/li>\n<li>130 mm<\/li>\n<li>180 mm<\/li>\n<\/ul>\n<p>&nbsp;<\/p>\n<ul>\n<li><strong>Bremsen<\/strong><\/li>\n<\/ul>\n<p style=\"padding-left: 40px;\">Bengal 180mm hydraulische Scheibenbremsen vorne und hinten f\u00fcr optimale Bremsleistung unter allen Bedingungen.<\/p>\n<ul>\n<li><strong>Fu\u00dfmarsch (Huf) Vielseitig einsetzbar<\/strong><\/li>\n<\/ul>\n<p style=\"padding-left: 40px;\">Ergonomischer und breiter im hinteren Teil, so dass Sie Ihre Position zwischen flachen Abschnitten und technischen Passagen anpassen k\u00f6nnen.<\/p>\n<ul>\n<li><strong>Spezifikation f\u00fcr das Hinterrad :<\/strong><\/li>\n<\/ul>\n<p style=\"padding-left: 40px;\">Der von uns vor einigen Jahren entwickelte abnehmbare Hinterbau erm\u00f6glicht die Montage und Demontage des Hinterrades mit nur einem 6er Inbusschl\u00fcssel, wobei sich das Rad automatisch zentriert.<\/p>\n<ul>\n<li><strong>Mehrere zus\u00e4tzliche Zubeh\u00f6rteile sind verf\u00fcgbar<\/strong>\n<ul>\n<li>Kotfl\u00fcgel vorne\/hinten<\/li>\n<li>Gep\u00e4cktr\u00e4ger<\/li>\n<li>Seitentaschen<\/li>\n<li>Lenkertaschen<\/li>\n<\/ul>\n<\/li>\n<li><strong><em>Alle Komponenten werden aufgrund ihrer Qualit\u00e4t und Haltbarkeit ausgew\u00e4hlt. Sie sind so konzipiert, dass sie mehrere Jahre intensiver Nutzung \u00fcberstehen. <\/em><\/strong><em>  (Ausgenommen sind Verschlei\u00dfteile, Reifen, Bremsbel\u00e4ge, etc.)<\/em><\/li>\n<\/ul>\n<p>&nbsp;<\/p>\n<hr>\n<p>&nbsp;<\/p>\n<p><strong><u>AUF DEM FELD<\/u><\/strong><\/p>\n<p>Diese Version hat sich als sehr zuverl\u00e4ssig erwiesen, ist schnell und einfach zu bedienen und sehr vielseitig.<\/p>\n<p>Sie k\u00f6nnen ihn f\u00fcr Ihre Freizeit, Entdeckungsreisen, Sporttouren, aber auch als Nutzfahrzeug oder Arbeitsger\u00e4t verwenden, indem Sie unseren verst\u00e4rkten Gep\u00e4cktr\u00e4ger anbringen. Dieser erm\u00f6glicht es Ihnen, einen Topcase, eine Kiste oder auch Transporttaschen zu befestigen.* (Rollerverkehr): zu vektorisieren<\/p>\n<p>Der im Rahmen integrierte Akku bietet mehr Freiheit. Der etwas l\u00e4ngere Rahmen bietet mehr Sicherheit bei Abfahrten und schnellen Abschnitten. <\/p>\n<p>&nbsp;<\/p>\n<hr>\n<p>&nbsp;<\/p>\n<p><strong><u>SPEZIFIKATIONEN<\/u><\/strong><\/p>\n<p><strong>Rahmen<\/strong>: Verst\u00e4rktes TIG-geschwei\u00dftes Aluminium, blau eloxiert.<\/p>\n<p><strong>Gabel<\/strong>: Hydraulische Trotrx 140 Upside-Down-Gabel.<\/p>\n<p><strong>Sto\u00dfd\u00e4mpfer<\/strong>: DNM 200\u00d760<\/p>\n<p><strong>Bremsen<\/strong>: BENGAL Hydraulisch, 180mm Scheibe<\/p>\n<p><strong>Lenker<\/strong>: Aluminium, 130 mm x 780 mm (Standard) oder 80 mm oder 180 mm (Option)<\/p>\n<p><strong>Vorbau<\/strong>: Aluminium 60mm<\/p>\n<p><strong>Steuersatz<\/strong>: FSA Taper mit Kugeln<\/p>\n<p><strong>Felgen<\/strong>: TROTRX\u2122 verst\u00e4rkt doppelwandig 36T<\/p>\n<p><strong>Reifen<\/strong>: FAT INNOVA 20\u00d74.00<\/p>\n<p><strong>Motorisierung<\/strong>: 1x750w Reduziert<\/p>\n<p><strong>Controller<\/strong>: 1x25Ah<\/p>\n<p><strong>Eingebauter Akku<\/strong>: Lithium-Ionen 48v 25Ah &#8211; 1200Wh &#8211; Samsung 21700-50-S Zellen, ausgestattet mit 3 Sicherungen<\/p>\n<p><strong>Ladeger\u00e4t<\/strong>: 5Ah<\/p>\n<p><strong>Geschwindigkeit<\/strong>: Beschr\u00e4nkt auf 25 km\/h.<\/p>\n<p><strong>Gewicht <\/strong>: 30,5 kg<\/p>\n<p><strong>L\u00e4nge <\/strong>: 1m84<\/p>\n<p><strong>Reparaturf\u00e4higkeitsindex<\/strong>: 10 Jahre<\/p>\n<p><strong>Gesetzliche Garantie<\/strong>: 2 Jahre<\/p>\n<p><strong>Kommerzielle Garantie <\/strong>: 5 Jahre auf den Rahmen<\/p>\n<p>&nbsp;<\/p>\n<hr>\n<p>&nbsp;<\/p>\n<p><strong><em>Unsere Modelle werden vollst\u00e4ndig in unserem B\u00fcro in Venasque 84210 &#8211; Vaucluse, S\u00fcdfrankreich, entworfen, entwickelt und zusammengebaut.<\/em><\/strong><\/p>\n<p>Die Nutzung von Tretrollern ist geregelt und unterscheidet sich in jedem Land und\/oder jeder Region.<\/p>\n<p><a href=\"https:\/\/trotrx.com\/wp-content\/uploads\/2025\/01\/edpm-2024.pdf\">Klicken Sie hier, um mehr zu erfahren.<\/a><\/p>\n<p>Bitte z\u00f6gern Sie nicht, uns f\u00fcr weitere Informationen zu kontaktieren.<\/p>\n","protected":false},"excerpt":{"rendered":"<p>CT Concept pr\u00e4sentiert eine leistungsst\u00e4rkere Version des E-Scoot FS 20&#8243; mit einem 750W Motor f\u00fcr noch mehr Power! Mit seiner 25Ah Batterie und dem einzigartigen 750W Motor wird der E-Scoot FS 20&#8243; Sie auf lange Fahrten mitnehmen, selbst auf den anspruchsvollsten Terrains.  <strong>\u26a0\ufe0f <\/strong><u><strong>ERH\u00c4LTLICH AB JUNI<\/strong><\/u><\/p>\n","protected":false},"featured_media":0,"template":"","meta":[],"product_brand":[],"product_cat":[113],"product_tag":[],"class_list":{"0":"post-23412","1":"product","2":"type-product","3":"status-publish","5":"product_cat-non-classe","7":"first","8":"instock","9":"taxable","10":"shipping-taxable","11":"product-type-simple"},"yoast_head":"<!-- This site is optimized with the Yoast SEO plugin v27.5 - https:\/\/yoast.com\/product\/yoast-seo-wordpress\/ -->\n<title>TROTRX E-SCOOT FS 20&quot; 1x750W - TROTRX - Trottinettes &eacute;lectriques tout-terrain \u26a1\ufe0f\ud83d\udef4<\/title>\n<meta name=\"robots\" content=\"index, follow, max-snippet:-1, max-image-preview:large, max-video-preview:-1\" \/>\n<link rel=\"canonical\" href=\"https:\/\/trotrx.com\/de\/product\/trotrx-e-scoot-fs-20-1x750w-7\/\" \/>\n<meta property=\"og:locale\" content=\"de_DE\" \/>\n<meta property=\"og:type\" content=\"article\" \/>\n<meta property=\"og:title\" content=\"TROTRX E-SCOOT FS 20&quot; 1x750W - TROTRX - Trottinettes &eacute;lectriques tout-terrain \u26a1\ufe0f\ud83d\udef4\" \/>\n<meta property=\"og:description\" content=\"CT Concept pr\u00e4sentiert eine leistungsst\u00e4rkere Version des E-Scoot FS 20&quot; mit einem 750W Motor f\u00fcr noch mehr Power! Mit seiner 25Ah Batterie und dem einzigartigen 750W Motor wird der E-Scoot FS 20&quot; Sie auf lange Fahrten mitnehmen, selbst auf den anspruchsvollsten Terrains. \u26a0\ufe0f ERH\u00c4LTLICH AB JUNI\" \/>\n<meta property=\"og:url\" content=\"https:\/\/trotrx.com\/de\/product\/trotrx-e-scoot-fs-20-1x750w-7\/\" \/>\n<meta property=\"og:site_name\" content=\"TROTRX - Trottinettes &eacute;lectriques tout-terrain \u26a1\ufe0f\ud83d\udef4\" \/>\n<meta name=\"twitter:card\" content=\"summary_large_image\" \/>\n<meta name=\"twitter:label1\" content=\"Gesch\u00e4tzte Lesezeit\" \/>\n\t<meta name=\"twitter:data1\" content=\"3\u00a0Minute\" \/>\n<script type=\"application\/ld+json\" class=\"yoast-schema-graph\">{\"@context\":\"https:\\\/\\\/schema.org\",\"@graph\":[{\"@type\":\"WebPage\",\"@id\":\"https:\\\/\\\/trotrx.com\\\/de\\\/product\\\/trotrx-e-scoot-fs-20-1x750w-7\\\/\",\"url\":\"https:\\\/\\\/trotrx.com\\\/de\\\/product\\\/trotrx-e-scoot-fs-20-1x750w-7\\\/\",\"name\":\"TROTRX E-SCOOT FS 20\\\" 1x750W - TROTRX - Trottinettes &eacute;lectriques tout-terrain \u26a1\ufe0f\ud83d\udef4\",\"isPartOf\":{\"@id\":\"https:\\\/\\\/trotrx.com\\\/de\\\/#website\"},\"datePublished\":\"2025-01-06T13:36:21+00:00\",\"breadcrumb\":{\"@id\":\"https:\\\/\\\/trotrx.com\\\/de\\\/product\\\/trotrx-e-scoot-fs-20-1x750w-7\\\/#breadcrumb\"},\"inLanguage\":\"de\",\"potentialAction\":[{\"@type\":\"ReadAction\",\"target\":[\"https:\\\/\\\/trotrx.com\\\/de\\\/product\\\/trotrx-e-scoot-fs-20-1x750w-7\\\/\"]}]},{\"@type\":\"BreadcrumbList\",\"@id\":\"https:\\\/\\\/trotrx.com\\\/de\\\/product\\\/trotrx-e-scoot-fs-20-1x750w-7\\\/#breadcrumb\",\"itemListElement\":[{\"@type\":\"ListItem\",\"position\":1,\"name\":\"Startseite\",\"item\":\"https:\\\/\\\/trotrx.com\\\/de\\\/startseite\\\/\"},{\"@type\":\"ListItem\",\"position\":2,\"name\":\"Shop\",\"item\":\"https:\\\/\\\/trotrx.com\\\/boutique\\\/\"},{\"@type\":\"ListItem\",\"position\":3,\"name\":\"TROTRX E-SCOOT FS 20&#8243; 1x750W\"}]},{\"@type\":\"WebSite\",\"@id\":\"https:\\\/\\\/trotrx.com\\\/de\\\/#website\",\"url\":\"https:\\\/\\\/trotrx.com\\\/de\\\/\",\"name\":\"TROTRX - Trottinettes \u00e9lectriques tout-terrain ! \u26a1\ufe0f\ud83d\udef4\",\"description\":\"TROTRX - La trottinette &eacute;lectrique tout-terrain depuis 2008\",\"publisher\":{\"@id\":\"https:\\\/\\\/trotrx.com\\\/de\\\/#organization\"},\"alternateName\":\"TROTRX \u26a1\ufe0f\ud83d\udef4\",\"potentialAction\":[{\"@type\":\"SearchAction\",\"target\":{\"@type\":\"EntryPoint\",\"urlTemplate\":\"https:\\\/\\\/trotrx.com\\\/de\\\/?s={search_term_string}\"},\"query-input\":{\"@type\":\"PropertyValueSpecification\",\"valueRequired\":true,\"valueName\":\"search_term_string\"}}],\"inLanguage\":\"de\"},{\"@type\":\"Organization\",\"@id\":\"https:\\\/\\\/trotrx.com\\\/de\\\/#organization\",\"name\":\"TROTRX - Trottinettes \u00e9lectriques tout-terrain ! \u26a1\ufe0f\ud83d\udef4\",\"url\":\"https:\\\/\\\/trotrx.com\\\/de\\\/\",\"logo\":{\"@type\":\"ImageObject\",\"inLanguage\":\"de\",\"@id\":\"https:\\\/\\\/trotrx.com\\\/de\\\/#\\\/schema\\\/logo\\\/image\\\/\",\"url\":\"https:\\\/\\\/trotrx.com\\\/wp-content\\\/uploads\\\/2024\\\/10\\\/Design-sans-titre-2025-02-24T111129.185-e1740391936319.png\",\"contentUrl\":\"https:\\\/\\\/trotrx.com\\\/wp-content\\\/uploads\\\/2024\\\/10\\\/Design-sans-titre-2025-02-24T111129.185-e1740391936319.png\",\"width\":1920,\"height\":370,\"caption\":\"TROTRX - Trottinettes \u00e9lectriques tout-terrain ! \u26a1\ufe0f\ud83d\udef4\"},\"image\":{\"@id\":\"https:\\\/\\\/trotrx.com\\\/de\\\/#\\\/schema\\\/logo\\\/image\\\/\"}}]}<\/script>\n<!-- \/ Yoast SEO plugin. -->","yoast_head_json":{"title":"TROTRX E-SCOOT FS 20\" 1x750W - TROTRX - Trottinettes &eacute;lectriques tout-terrain \u26a1\ufe0f\ud83d\udef4","robots":{"index":"index","follow":"follow","max-snippet":"max-snippet:-1","max-image-preview":"max-image-preview:large","max-video-preview":"max-video-preview:-1"},"canonical":"https:\/\/trotrx.com\/de\/product\/trotrx-e-scoot-fs-20-1x750w-7\/","og_locale":"de_DE","og_type":"article","og_title":"TROTRX E-SCOOT FS 20\" 1x750W - TROTRX - Trottinettes &eacute;lectriques tout-terrain \u26a1\ufe0f\ud83d\udef4","og_description":"CT Concept pr\u00e4sentiert eine leistungsst\u00e4rkere Version des E-Scoot FS 20\" mit einem 750W Motor f\u00fcr noch mehr Power! Mit seiner 25Ah Batterie und dem einzigartigen 750W Motor wird der E-Scoot FS 20\" Sie auf lange Fahrten mitnehmen, selbst auf den anspruchsvollsten Terrains. \u26a0\ufe0f ERH\u00c4LTLICH AB JUNI","og_url":"https:\/\/trotrx.com\/de\/product\/trotrx-e-scoot-fs-20-1x750w-7\/","og_site_name":"TROTRX - Trottinettes &eacute;lectriques tout-terrain \u26a1\ufe0f\ud83d\udef4","twitter_card":"summary_large_image","twitter_misc":{"Gesch\u00e4tzte Lesezeit":"3\u00a0Minute"},"schema":{"@context":"https:\/\/schema.org","@graph":[{"@type":"WebPage","@id":"https:\/\/trotrx.com\/de\/product\/trotrx-e-scoot-fs-20-1x750w-7\/","url":"https:\/\/trotrx.com\/de\/product\/trotrx-e-scoot-fs-20-1x750w-7\/","name":"TROTRX E-SCOOT FS 20\" 1x750W - TROTRX - Trottinettes &eacute;lectriques tout-terrain \u26a1\ufe0f\ud83d\udef4","isPartOf":{"@id":"https:\/\/trotrx.com\/de\/#website"},"datePublished":"2025-01-06T13:36:21+00:00","breadcrumb":{"@id":"https:\/\/trotrx.com\/de\/product\/trotrx-e-scoot-fs-20-1x750w-7\/#breadcrumb"},"inLanguage":"de","potentialAction":[{"@type":"ReadAction","target":["https:\/\/trotrx.com\/de\/product\/trotrx-e-scoot-fs-20-1x750w-7\/"]}]},{"@type":"BreadcrumbList","@id":"https:\/\/trotrx.com\/de\/product\/trotrx-e-scoot-fs-20-1x750w-7\/#breadcrumb","itemListElement":[{"@type":"ListItem","position":1,"name":"Startseite","item":"https:\/\/trotrx.com\/de\/startseite\/"},{"@type":"ListItem","position":2,"name":"Shop","item":"https:\/\/trotrx.com\/boutique\/"},{"@type":"ListItem","position":3,"name":"TROTRX E-SCOOT FS 20&#8243; 1x750W"}]},{"@type":"WebSite","@id":"https:\/\/trotrx.com\/de\/#website","url":"https:\/\/trotrx.com\/de\/","name":"TROTRX - Trottinettes \u00e9lectriques tout-terrain ! \u26a1\ufe0f\ud83d\udef4","description":"TROTRX - La trottinette &eacute;lectrique tout-terrain depuis 2008","publisher":{"@id":"https:\/\/trotrx.com\/de\/#organization"},"alternateName":"TROTRX \u26a1\ufe0f\ud83d\udef4","potentialAction":[{"@type":"SearchAction","target":{"@type":"EntryPoint","urlTemplate":"https:\/\/trotrx.com\/de\/?s={search_term_string}"},"query-input":{"@type":"PropertyValueSpecification","valueRequired":true,"valueName":"search_term_string"}}],"inLanguage":"de"},{"@type":"Organization","@id":"https:\/\/trotrx.com\/de\/#organization","name":"TROTRX - Trottinettes \u00e9lectriques tout-terrain ! \u26a1\ufe0f\ud83d\udef4","url":"https:\/\/trotrx.com\/de\/","logo":{"@type":"ImageObject","inLanguage":"de","@id":"https:\/\/trotrx.com\/de\/#\/schema\/logo\/image\/","url":"https:\/\/trotrx.com\/wp-content\/uploads\/2024\/10\/Design-sans-titre-2025-02-24T111129.185-e1740391936319.png","contentUrl":"https:\/\/trotrx.com\/wp-content\/uploads\/2024\/10\/Design-sans-titre-2025-02-24T111129.185-e1740391936319.png","width":1920,"height":370,"caption":"TROTRX - Trottinettes \u00e9lectriques tout-terrain ! \u26a1\ufe0f\ud83d\udef4"},"image":{"@id":"https:\/\/trotrx.com\/de\/#\/schema\/logo\/image\/"}}]}},"_links":{"self":[{"href":"https:\/\/trotrx.com\/de\/wp-json\/wp\/v2\/product\/23412","targetHints":{"allow":["GET"]}}],"collection":[{"href":"https:\/\/trotrx.com\/de\/wp-json\/wp\/v2\/product"}],"about":[{"href":"https:\/\/trotrx.com\/de\/wp-json\/wp\/v2\/types\/product"}],"version-history":[{"count":0,"href":"https:\/\/trotrx.com\/de\/wp-json\/wp\/v2\/product\/23412\/revisions"}],"wp:attachment":[{"href":"https:\/\/trotrx.com\/de\/wp-json\/wp\/v2\/media?parent=23412"}],"wp:term":[{"taxonomy":"product_brand","embeddable":true,"href":"https:\/\/trotrx.com\/de\/wp-json\/wp\/v2\/product_brand?post=23412"},{"taxonomy":"product_cat","embeddable":true,"href":"https:\/\/trotrx.com\/de\/wp-json\/wp\/v2\/product_cat?post=23412"},{"taxonomy":"product_tag","embeddable":true,"href":"https:\/\/trotrx.com\/de\/wp-json\/wp\/v2\/product_tag?post=23412"}],"curies":[{"name":"wp","href":"https:\/\/api.w.org\/{rel}","templated":true}]}}