{"id":17004,"date":"2025-01-06T13:35:32","date_gmt":"2025-01-06T13:35:32","guid":{"rendered":"https:\/\/trotrx.com\/product\/trotrx-scoot-fs-20\/"},"modified":"2026-03-16T15:13:45","modified_gmt":"2026-03-16T15:13:45","slug":"trotrx-scoot-fs-20","status":"publish","type":"product","link":"https:\/\/trotrx.com\/de\/product\/trotrx-scoot-fs-20\/","title":{"rendered":"TROTRX SCOOT 20&#8243; DH"},"content":{"rendered":"<p>CT CONCEPT pr\u00e4sentiert Ihnen die neue Version des Scoot 20&#8243; DH :<\/p>\n<p>Neue hydraulische TROTRX-Upside-Down-Gabel mit 140 mm Federweg, QR15. Einstellbar Luftdruck\/Zugkraft. <\/p>\n<p>Lenker in 130 mm H\u00f6he.<\/p>\n<p>Hydraulische 4-Kolben-Scheibenbremsen, 200 mm gro\u00dfe Scheiben.<\/p>\n<p>Der Rahmen ist erweiterbar und Sie k\u00f6nnen eines Tages, wenn Sie m\u00f6chten, 24-Zoll-R\u00e4der und\/oder einen elektrischen Antrieb anbringen.<\/p>\n<p>Verst\u00e4rkte doppelwandige Alufelgen.<\/p>\n<p>Der Rahmen ist aus eloxiertem Aluminium (nicht lackiert) und auf wasserdichten Ringlagern montiert.<\/p>\n<p>Die Vorder- und Hinterradaufh\u00e4ngung ist in der Zug- und Druckstufe einstellbar, so dass Sie den SCOOT 20&#8243; auf Ihr Gewicht und Ihre Art der Nutzung einstellen k\u00f6nnen.<\/p>\n<p>&nbsp;<\/p>\n<hr>\n<p>&nbsp;<\/p>\n<p><span style=\"text-decoration: underline;\"><strong>AUF DEM FELD<\/strong><\/span><\/p>\n<p>Mit einem etwas l\u00e4ngeren Radstand als das Vorg\u00e4ngermodell ist der Scoot 24&#8220; DH noch stabiler und kann sowohl von Teenagern als auch von Erwachsenen gefahren werden.<br \/>\nDank der neuen Vorderradaufh\u00e4ngung ist das Fahren auf unebenem Gel\u00e4nde so komfortabel wie nie zuvor.<br \/>\nUnsere hochwertigen Komponenten m\u00fcssen nicht von Jahr zu Jahr gewechselt werden, denn unser Ziel ist es, jedes Produkt so zuverl\u00e4ssig wie m\u00f6glich zu machen, damit es viele Jahre lang h\u00e4lt und h\u00e4lt.<\/p>\n<p>&nbsp;<\/p>\n<hr>\n<p>&nbsp;<\/p>\n<p><span style=\"text-decoration: underline;\"><strong>SPECS<\/strong><\/span><\/p>\n<p><strong>Schutzschuh<\/strong> aus Aluminium, abnehmbar, eloxiert.<\/p>\n<p>Verst\u00e4rkte doppelwandige <strong>Aluminiumfelgen<\/strong>, 36T.<\/p>\n<p><strong>Hydraulische Scheibenbremsen<\/strong> vorne und hinten mit 4 Kolben BENGAL 200 mm.<\/p>\n<p><strong>Verst\u00e4rkte Reifen<\/strong> in 20 X 2.50.<\/p>\n<p>50 mm DH <strong>Aluminiumvorbau<\/strong>.<\/p>\n<p>Hochgezogener <strong>Aluminiumlenker<\/strong> 780 mm Rize 130 mm.<\/p>\n<p>Hydraulische TROTRX <strong>Upside-Down-Gabel<\/strong> 140mm QR15 &#8211; Luftdruck- und Zugstufeneinstellung<\/p>\n<p><strong>Sto\u00dfd\u00e4mpfer<\/strong> DNM 220&#215;65<\/p>\n<p><strong>Gewicht<\/strong> 13,6 kg<\/p>\n<p><strong>Verst\u00e4rkter Aluminiumrahmen<\/strong> mit 140 mm Hinterradaufh\u00e4ngung, eloxiert.<\/p>\n<p><strong>Gesetzliche Garantie<\/strong>: 2 Jahre<\/p>\n<p><strong>Kommerzielle Garantie <\/strong>: 5 Jahre auf den Rahmen<\/p>\n<p><em>Unsere Modelle werden vollst\u00e4ndig in unserem B\u00fcro in Venasque 84210 &#8211; Vaucluse, S\u00fcdfrankreich, entworfen, entwickelt und zusammengebaut.<\/em><\/p>\n","protected":false},"excerpt":{"rendered":"<p>CT Concept pr\u00e4sentiert die neue Version des &#8222;SCOOT 20&#8243; DH&#8220; mit der neuen hydraulischen 140mm TROTRX Upside-Down-Gabel (einstellbar in Zug- und Druckstufe) und neuen hydraulischen 200mm 4-Kolben Scheibenbremsen.<\/p>\n<p>Der Rahmen ist ausbauf\u00e4hig: Sie k\u00f6nnen 24&#8243; R\u00e4der anbringen, wenn Sie m\u00f6chten.<\/p>\n","protected":false},"featured_media":6665,"template":"","meta":[],"product_brand":[],"product_cat":[159],"product_tag":[],"class_list":{"0":"post-17004","1":"product","2":"type-product","3":"status-publish","4":"has-post-thumbnail","6":"product_cat-dh-roller","7":"product_shipping_class-roller","9":"first","10":"instock","11":"taxable","12":"shipping-taxable","13":"purchasable","14":"product-type-simple"},"yoast_head":"<!-- This site is optimized with the Yoast SEO plugin v27.4 - https:\/\/yoast.com\/product\/yoast-seo-wordpress\/ -->\n<title>TROTRX SCOOT 20&quot; DH - TROTRX - Trottinettes &eacute;lectriques tout-terrain \u26a1\ufe0f\ud83d\udef4<\/title>\n<meta name=\"description\" content=\"CT Concept pr\u00e4sentiert den Scooter Scoot 20&quot; FS TrotRX. Mit seinem robusten Aluminiumrahmen und den gezackten Reifen sind Sie bereit, die Wege und Singletrails in Ihrer Umgebung zu bezwingen! Der Rahmen ist erweiterbar: Sie k\u00f6nnen 24&quot;-R\u00e4der anbringen, wenn Sie m\u00f6chten.\" \/>\n<meta name=\"robots\" content=\"index, follow, max-snippet:-1, max-image-preview:large, max-video-preview:-1\" \/>\n<link rel=\"canonical\" href=\"https:\/\/trotrx.com\/de\/product\/trotrx-scoot-fs-20\/\" \/>\n<meta property=\"og:locale\" content=\"de_DE\" \/>\n<meta property=\"og:type\" content=\"article\" \/>\n<meta property=\"og:title\" content=\"TROTRX SCOOT 20&quot; DH - TROTRX - Trottinettes &eacute;lectriques tout-terrain \u26a1\ufe0f\ud83d\udef4\" \/>\n<meta property=\"og:description\" content=\"CT Concept pr\u00e4sentiert den Scooter Scoot 20&quot; FS TrotRX. Mit seinem robusten Aluminiumrahmen und den gezackten Reifen sind Sie bereit, die Wege und Singletrails in Ihrer Umgebung zu bezwingen! Der Rahmen ist erweiterbar: Sie k\u00f6nnen 24&quot;-R\u00e4der anbringen, wenn Sie m\u00f6chten.\" \/>\n<meta property=\"og:url\" content=\"https:\/\/trotrx.com\/de\/product\/trotrx-scoot-fs-20\/\" \/>\n<meta property=\"og:site_name\" content=\"TROTRX - Trottinettes &eacute;lectriques tout-terrain \u26a1\ufe0f\ud83d\udef4\" \/>\n<meta property=\"article:modified_time\" content=\"2026-03-16T15:13:45+00:00\" \/>\n<meta name=\"twitter:card\" content=\"summary_large_image\" \/>\n<meta name=\"twitter:label1\" content=\"Gesch\u00e4tzte Lesezeit\" \/>\n\t<meta name=\"twitter:data1\" content=\"1\u00a0Minute\" \/>\n<script type=\"application\/ld+json\" class=\"yoast-schema-graph\">{\"@context\":\"https:\\\/\\\/schema.org\",\"@graph\":[{\"@type\":\"WebPage\",\"@id\":\"https:\\\/\\\/trotrx.com\\\/de\\\/product\\\/trotrx-scoot-fs-20\\\/\",\"url\":\"https:\\\/\\\/trotrx.com\\\/de\\\/product\\\/trotrx-scoot-fs-20\\\/\",\"name\":\"TROTRX SCOOT 20\\\" DH - TROTRX - Trottinettes &eacute;lectriques tout-terrain \u26a1\ufe0f\ud83d\udef4\",\"isPartOf\":{\"@id\":\"https:\\\/\\\/trotrx.com\\\/de\\\/#website\"},\"primaryImageOfPage\":{\"@id\":\"https:\\\/\\\/trotrx.com\\\/de\\\/product\\\/trotrx-scoot-fs-20\\\/#primaryimage\"},\"image\":{\"@id\":\"https:\\\/\\\/trotrx.com\\\/de\\\/product\\\/trotrx-scoot-fs-20\\\/#primaryimage\"},\"thumbnailUrl\":\"https:\\\/\\\/trotrx.com\\\/wp-content\\\/uploads\\\/2024\\\/10\\\/TROTRX-SCOOT-FS-20.avif\",\"datePublished\":\"2025-01-06T13:35:32+00:00\",\"dateModified\":\"2026-03-16T15:13:45+00:00\",\"description\":\"CT Concept pr\u00e4sentiert den Scooter Scoot 20\\\" FS TrotRX. Mit seinem robusten Aluminiumrahmen und den gezackten Reifen sind Sie bereit, die Wege und Singletrails in Ihrer Umgebung zu bezwingen! Der Rahmen ist erweiterbar: Sie k\u00f6nnen 24\\\"-R\u00e4der anbringen, wenn Sie m\u00f6chten.\",\"breadcrumb\":{\"@id\":\"https:\\\/\\\/trotrx.com\\\/de\\\/product\\\/trotrx-scoot-fs-20\\\/#breadcrumb\"},\"inLanguage\":\"de\",\"potentialAction\":[{\"@type\":\"ReadAction\",\"target\":[\"https:\\\/\\\/trotrx.com\\\/de\\\/product\\\/trotrx-scoot-fs-20\\\/\"]}]},{\"@type\":\"ImageObject\",\"inLanguage\":\"de\",\"@id\":\"https:\\\/\\\/trotrx.com\\\/de\\\/product\\\/trotrx-scoot-fs-20\\\/#primaryimage\",\"url\":\"https:\\\/\\\/trotrx.com\\\/wp-content\\\/uploads\\\/2024\\\/10\\\/TROTRX-SCOOT-FS-20.avif\",\"contentUrl\":\"https:\\\/\\\/trotrx.com\\\/wp-content\\\/uploads\\\/2024\\\/10\\\/TROTRX-SCOOT-FS-20.avif\",\"width\":1080,\"height\":1080,\"caption\":\"TROTRX SCOOT FS 20\"},{\"@type\":\"BreadcrumbList\",\"@id\":\"https:\\\/\\\/trotrx.com\\\/de\\\/product\\\/trotrx-scoot-fs-20\\\/#breadcrumb\",\"itemListElement\":[{\"@type\":\"ListItem\",\"position\":1,\"name\":\"Startseite\",\"item\":\"https:\\\/\\\/trotrx.com\\\/de\\\/startseite\\\/\"},{\"@type\":\"ListItem\",\"position\":2,\"name\":\"Shop\",\"item\":\"https:\\\/\\\/trotrx.com\\\/boutique\\\/\"},{\"@type\":\"ListItem\",\"position\":3,\"name\":\"TROTRX SCOOT 20&#8243; DH\"}]},{\"@type\":\"WebSite\",\"@id\":\"https:\\\/\\\/trotrx.com\\\/de\\\/#website\",\"url\":\"https:\\\/\\\/trotrx.com\\\/de\\\/\",\"name\":\"TROTRX - Trottinettes \u00e9lectriques tout-terrain ! \u26a1\ufe0f\ud83d\udef4\",\"description\":\"TROTRX - La trottinette &eacute;lectrique tout-terrain depuis 2008\",\"publisher\":{\"@id\":\"https:\\\/\\\/trotrx.com\\\/de\\\/#organization\"},\"alternateName\":\"TROTRX \u26a1\ufe0f\ud83d\udef4\",\"potentialAction\":[{\"@type\":\"SearchAction\",\"target\":{\"@type\":\"EntryPoint\",\"urlTemplate\":\"https:\\\/\\\/trotrx.com\\\/de\\\/?s={search_term_string}\"},\"query-input\":{\"@type\":\"PropertyValueSpecification\",\"valueRequired\":true,\"valueName\":\"search_term_string\"}}],\"inLanguage\":\"de\"},{\"@type\":\"Organization\",\"@id\":\"https:\\\/\\\/trotrx.com\\\/de\\\/#organization\",\"name\":\"TROTRX - Trottinettes \u00e9lectriques tout-terrain ! \u26a1\ufe0f\ud83d\udef4\",\"url\":\"https:\\\/\\\/trotrx.com\\\/de\\\/\",\"logo\":{\"@type\":\"ImageObject\",\"inLanguage\":\"de\",\"@id\":\"https:\\\/\\\/trotrx.com\\\/de\\\/#\\\/schema\\\/logo\\\/image\\\/\",\"url\":\"https:\\\/\\\/trotrx.com\\\/wp-content\\\/uploads\\\/2024\\\/10\\\/Design-sans-titre-2025-02-24T111129.185-e1740391936319.png\",\"contentUrl\":\"https:\\\/\\\/trotrx.com\\\/wp-content\\\/uploads\\\/2024\\\/10\\\/Design-sans-titre-2025-02-24T111129.185-e1740391936319.png\",\"width\":1920,\"height\":370,\"caption\":\"TROTRX - Trottinettes \u00e9lectriques tout-terrain ! \u26a1\ufe0f\ud83d\udef4\"},\"image\":{\"@id\":\"https:\\\/\\\/trotrx.com\\\/de\\\/#\\\/schema\\\/logo\\\/image\\\/\"}}]}<\/script>\n<!-- \/ Yoast SEO plugin. -->","yoast_head_json":{"title":"TROTRX SCOOT 20\" DH - TROTRX - Trottinettes &eacute;lectriques tout-terrain \u26a1\ufe0f\ud83d\udef4","description":"CT Concept pr\u00e4sentiert den Scooter Scoot 20\" FS TrotRX. Mit seinem robusten Aluminiumrahmen und den gezackten Reifen sind Sie bereit, die Wege und Singletrails in Ihrer Umgebung zu bezwingen! Der Rahmen ist erweiterbar: Sie k\u00f6nnen 24\"-R\u00e4der anbringen, wenn Sie m\u00f6chten.","robots":{"index":"index","follow":"follow","max-snippet":"max-snippet:-1","max-image-preview":"max-image-preview:large","max-video-preview":"max-video-preview:-1"},"canonical":"https:\/\/trotrx.com\/de\/product\/trotrx-scoot-fs-20\/","og_locale":"de_DE","og_type":"article","og_title":"TROTRX SCOOT 20\" DH - TROTRX - Trottinettes &eacute;lectriques tout-terrain \u26a1\ufe0f\ud83d\udef4","og_description":"CT Concept pr\u00e4sentiert den Scooter Scoot 20\" FS TrotRX. Mit seinem robusten Aluminiumrahmen und den gezackten Reifen sind Sie bereit, die Wege und Singletrails in Ihrer Umgebung zu bezwingen! Der Rahmen ist erweiterbar: Sie k\u00f6nnen 24\"-R\u00e4der anbringen, wenn Sie m\u00f6chten.","og_url":"https:\/\/trotrx.com\/de\/product\/trotrx-scoot-fs-20\/","og_site_name":"TROTRX - Trottinettes &eacute;lectriques tout-terrain \u26a1\ufe0f\ud83d\udef4","article_modified_time":"2026-03-16T15:13:45+00:00","twitter_card":"summary_large_image","twitter_misc":{"Gesch\u00e4tzte Lesezeit":"1\u00a0Minute"},"schema":{"@context":"https:\/\/schema.org","@graph":[{"@type":"WebPage","@id":"https:\/\/trotrx.com\/de\/product\/trotrx-scoot-fs-20\/","url":"https:\/\/trotrx.com\/de\/product\/trotrx-scoot-fs-20\/","name":"TROTRX SCOOT 20\" DH - TROTRX - Trottinettes &eacute;lectriques tout-terrain \u26a1\ufe0f\ud83d\udef4","isPartOf":{"@id":"https:\/\/trotrx.com\/de\/#website"},"primaryImageOfPage":{"@id":"https:\/\/trotrx.com\/de\/product\/trotrx-scoot-fs-20\/#primaryimage"},"image":{"@id":"https:\/\/trotrx.com\/de\/product\/trotrx-scoot-fs-20\/#primaryimage"},"thumbnailUrl":"https:\/\/trotrx.com\/wp-content\/uploads\/2024\/10\/TROTRX-SCOOT-FS-20.avif","datePublished":"2025-01-06T13:35:32+00:00","dateModified":"2026-03-16T15:13:45+00:00","description":"CT Concept pr\u00e4sentiert den Scooter Scoot 20\" FS TrotRX. Mit seinem robusten Aluminiumrahmen und den gezackten Reifen sind Sie bereit, die Wege und Singletrails in Ihrer Umgebung zu bezwingen! Der Rahmen ist erweiterbar: Sie k\u00f6nnen 24\"-R\u00e4der anbringen, wenn Sie m\u00f6chten.","breadcrumb":{"@id":"https:\/\/trotrx.com\/de\/product\/trotrx-scoot-fs-20\/#breadcrumb"},"inLanguage":"de","potentialAction":[{"@type":"ReadAction","target":["https:\/\/trotrx.com\/de\/product\/trotrx-scoot-fs-20\/"]}]},{"@type":"ImageObject","inLanguage":"de","@id":"https:\/\/trotrx.com\/de\/product\/trotrx-scoot-fs-20\/#primaryimage","url":"https:\/\/trotrx.com\/wp-content\/uploads\/2024\/10\/TROTRX-SCOOT-FS-20.avif","contentUrl":"https:\/\/trotrx.com\/wp-content\/uploads\/2024\/10\/TROTRX-SCOOT-FS-20.avif","width":1080,"height":1080,"caption":"TROTRX SCOOT FS 20"},{"@type":"BreadcrumbList","@id":"https:\/\/trotrx.com\/de\/product\/trotrx-scoot-fs-20\/#breadcrumb","itemListElement":[{"@type":"ListItem","position":1,"name":"Startseite","item":"https:\/\/trotrx.com\/de\/startseite\/"},{"@type":"ListItem","position":2,"name":"Shop","item":"https:\/\/trotrx.com\/boutique\/"},{"@type":"ListItem","position":3,"name":"TROTRX SCOOT 20&#8243; DH"}]},{"@type":"WebSite","@id":"https:\/\/trotrx.com\/de\/#website","url":"https:\/\/trotrx.com\/de\/","name":"TROTRX - Trottinettes \u00e9lectriques tout-terrain ! \u26a1\ufe0f\ud83d\udef4","description":"TROTRX - La trottinette &eacute;lectrique tout-terrain depuis 2008","publisher":{"@id":"https:\/\/trotrx.com\/de\/#organization"},"alternateName":"TROTRX \u26a1\ufe0f\ud83d\udef4","potentialAction":[{"@type":"SearchAction","target":{"@type":"EntryPoint","urlTemplate":"https:\/\/trotrx.com\/de\/?s={search_term_string}"},"query-input":{"@type":"PropertyValueSpecification","valueRequired":true,"valueName":"search_term_string"}}],"inLanguage":"de"},{"@type":"Organization","@id":"https:\/\/trotrx.com\/de\/#organization","name":"TROTRX - Trottinettes \u00e9lectriques tout-terrain ! \u26a1\ufe0f\ud83d\udef4","url":"https:\/\/trotrx.com\/de\/","logo":{"@type":"ImageObject","inLanguage":"de","@id":"https:\/\/trotrx.com\/de\/#\/schema\/logo\/image\/","url":"https:\/\/trotrx.com\/wp-content\/uploads\/2024\/10\/Design-sans-titre-2025-02-24T111129.185-e1740391936319.png","contentUrl":"https:\/\/trotrx.com\/wp-content\/uploads\/2024\/10\/Design-sans-titre-2025-02-24T111129.185-e1740391936319.png","width":1920,"height":370,"caption":"TROTRX - Trottinettes \u00e9lectriques tout-terrain ! \u26a1\ufe0f\ud83d\udef4"},"image":{"@id":"https:\/\/trotrx.com\/de\/#\/schema\/logo\/image\/"}}]}},"_links":{"self":[{"href":"https:\/\/trotrx.com\/de\/wp-json\/wp\/v2\/product\/17004","targetHints":{"allow":["GET"]}}],"collection":[{"href":"https:\/\/trotrx.com\/de\/wp-json\/wp\/v2\/product"}],"about":[{"href":"https:\/\/trotrx.com\/de\/wp-json\/wp\/v2\/types\/product"}],"version-history":[{"count":6,"href":"https:\/\/trotrx.com\/de\/wp-json\/wp\/v2\/product\/17004\/revisions"}],"predecessor-version":[{"id":23454,"href":"https:\/\/trotrx.com\/de\/wp-json\/wp\/v2\/product\/17004\/revisions\/23454"}],"wp:featuredmedia":[{"embeddable":true,"href":"https:\/\/trotrx.com\/de\/wp-json\/wp\/v2\/media\/6665"}],"wp:attachment":[{"href":"https:\/\/trotrx.com\/de\/wp-json\/wp\/v2\/media?parent=17004"}],"wp:term":[{"taxonomy":"product_brand","embeddable":true,"href":"https:\/\/trotrx.com\/de\/wp-json\/wp\/v2\/product_brand?post=17004"},{"taxonomy":"product_cat","embeddable":true,"href":"https:\/\/trotrx.com\/de\/wp-json\/wp\/v2\/product_cat?post=17004"},{"taxonomy":"product_tag","embeddable":true,"href":"https:\/\/trotrx.com\/de\/wp-json\/wp\/v2\/product_tag?post=17004"}],"curies":[{"name":"wp","href":"https:\/\/api.w.org\/{rel}","templated":true}]}}