{"id":16991,"date":"2025-01-06T13:35:32","date_gmt":"2025-01-06T13:35:32","guid":{"rendered":"https:\/\/trotrx.com\/product\/trotrx-scoot-fs-24\/"},"modified":"2026-03-16T15:14:29","modified_gmt":"2026-03-16T15:14:29","slug":"trotrx-scoot-fs-24","status":"publish","type":"product","link":"https:\/\/trotrx.com\/de\/product\/trotrx-scoot-fs-24\/","title":{"rendered":"TROTRX SCOOT 24&#8243; DH"},"content":{"rendered":"<p>CT CONCEPT stellt Ihnen die neue Version des Scoot 24&#8243; DH vor:<\/p>\n<p>Neue hydraulische TROTRX-Upside-Down-Gabel mit 140 mm Federweg, QR15. Einstellbar Luftdruck\/Zugkraft. <\/p>\n<p>Lenker in 130 mm H\u00f6he.<\/p>\n<p>Hydraulische 4-Kolben-Scheibenbremsen, 200 mm gro\u00dfe Scheiben.<\/p>\n<p>Verst\u00e4rkte doppelwandige Alufelgen.<\/p>\n<p>Der Rahmen ist aus eloxiertem Aluminium (nicht lackiert) und auf wasserdichten Ringlagern montiert.<\/p>\n<p>Die Vorder- und Hinterradaufh\u00e4ngung ist in der Zug- und Druckstufe einstellbar, so dass Sie den 24&#8243; SCOOT auf Ihr Gewicht und Ihre Art der Nutzung einstellen k\u00f6nnen.<\/p>\n<hr>\n<p><strong>AUF DEM FELD<\/strong><\/p>\n<p>Mit einem etwas l\u00e4ngeren Radstand als das Vorg\u00e4ngermodell gewinnt der Scoot 24&#8220; DH noch mehr an Stabilit\u00e4t und kann sowohl von Teenagern als auch von Erwachsenen genutzt werden.<\/p>\n<p>Dank der neuen Vorderradaufh\u00e4ngung ist das Fahren auf unebenem Gel\u00e4nde so angenehm wie noch nie.<\/p>\n<p>Unsere hochwertigen Komponenten m\u00fcssen nicht von Jahr zu Jahr gewechselt werden, da es unser Ziel ist, jedes Produkt so zuverl\u00e4ssig wie m\u00f6glich zu machen, damit es \u00fcber viele Jahre hinweg h\u00e4lt und h\u00e4lt.<\/p>\n<hr>\n<p><strong>SPECS<\/strong><\/p>\n<p><strong>Schutzschuh<\/strong> aus Aluminium, abnehmbar, eloxiert.<\/p>\n<p><strong>Verst\u00e4rkte<\/strong> doppelwandige <strong>Aluminiumfelgen<\/strong>, 36T.<\/p>\n<p><strong>Hydraulische Scheibenbremsen<\/strong> vorne und hinten mit 4 Kolben BENGAL 200 mm.<\/p>\n<p><strong>Verst\u00e4rkte Reifen<\/strong> in 24 X 3.00.<\/p>\n<p>50 mm DH <strong>Aluminiumvorbau<\/strong>.<\/p>\n<p>Hochgezogener <strong>Aluminiumlenker<\/strong> 780 mm Rize 130 mm.<\/p>\n<p>Hydraulische TROTRX <strong>Upside-Down-Gabel<\/strong> 140mm QR15 &#8211; Luftdruck- und Zugstufeneinstellung<\/p>\n<p><strong>Sto\u00dfd\u00e4mpfer<\/strong> DNM 210&#215;65<\/p>\n<p><strong>Gewicht<\/strong> 14,6 kg<\/p>\n<p><strong>Verst\u00e4rkter Aluminiumrahmen<\/strong>, eloxiert.<\/p>\n<p><strong>Gesetzliche Garantie<\/strong>: 2 Jahre<\/p>\n<p><strong>Kommerzielle Garantie <\/strong>: 5 Jahre auf den Rahmen<\/p>\n<p><em>Unsere Modelle werden vollst\u00e4ndig in unserem B\u00fcro in Venasque 84210 &#8211; Vaucluse, S\u00fcdfrankreich, entworfen, entwickelt und zusammengebaut.<\/em><\/p>\n","protected":false},"excerpt":{"rendered":"<p>CT Concept pr\u00e4sentiert die neue Version des &#8222;SCOOT 24&#8243; DH&#8220; mit der neuen hydraulischen 140mm TROTRX Upside-Down-Gabel (einstellbar in Zugstufe und Luftdruck) und neuen hydraulischen 4-Kolben Scheibenbremsen (200mm).<\/p>\n","protected":false},"featured_media":20639,"template":"","meta":[],"product_brand":[],"product_cat":[159],"product_tag":[217],"class_list":{"0":"post-16991","1":"product","2":"type-product","3":"status-publish","4":"has-post-thumbnail","6":"product_cat-dh-roller","7":"product_tag-schwarzer-dezember","8":"product_shipping_class-roller","10":"first","11":"instock","12":"taxable","13":"shipping-taxable","14":"purchasable","15":"product-type-simple"},"yoast_head":"<!-- This site is optimized with the Yoast SEO plugin v27.4 - https:\/\/yoast.com\/product\/yoast-seo-wordpress\/ -->\n<title>TROTRX SCOOT 24&quot; DH - TROTRX - Trottinettes &eacute;lectriques tout-terrain \u26a1\ufe0f\ud83d\udef4<\/title>\n<meta name=\"description\" content=\"CT Concept pr\u00e4sentiert die 24&quot;-Version des FS TrotRX Scooters, die eine bessere Stabilit\u00e4t und eine gr\u00f6\u00dfere H\u00f6he bietet. Da er auch mit motorisierten R\u00e4dern kompatibel ist, werden auch die steilsten Wege kein Hindernis mehr sein!\" \/>\n<meta name=\"robots\" content=\"index, follow, max-snippet:-1, max-image-preview:large, max-video-preview:-1\" \/>\n<link rel=\"canonical\" href=\"https:\/\/trotrx.com\/de\/product\/trotrx-scoot-fs-24\/\" \/>\n<meta property=\"og:locale\" content=\"de_DE\" \/>\n<meta property=\"og:type\" content=\"article\" \/>\n<meta property=\"og:title\" content=\"TROTRX SCOOT 24&quot; DH - TROTRX - Trottinettes &eacute;lectriques tout-terrain \u26a1\ufe0f\ud83d\udef4\" \/>\n<meta property=\"og:description\" content=\"CT Concept pr\u00e4sentiert die 24&quot;-Version des FS TrotRX Scooters, die eine bessere Stabilit\u00e4t und eine gr\u00f6\u00dfere H\u00f6he bietet. Da er auch mit motorisierten R\u00e4dern kompatibel ist, werden auch die steilsten Wege kein Hindernis mehr sein!\" \/>\n<meta property=\"og:url\" content=\"https:\/\/trotrx.com\/de\/product\/trotrx-scoot-fs-24\/\" \/>\n<meta property=\"og:site_name\" content=\"TROTRX - Trottinettes &eacute;lectriques tout-terrain \u26a1\ufe0f\ud83d\udef4\" \/>\n<meta property=\"article:modified_time\" content=\"2026-03-16T15:14:29+00:00\" \/>\n<meta property=\"og:image\" content=\"https:\/\/trotrx.com\/wp-content\/uploads\/2025\/10\/ESCOOT_DH24_1_1080.png\" \/>\n\t<meta property=\"og:image:width\" content=\"1080\" \/>\n\t<meta property=\"og:image:height\" content=\"1080\" \/>\n\t<meta property=\"og:image:type\" content=\"image\/png\" \/>\n<meta name=\"twitter:card\" content=\"summary_large_image\" \/>\n<meta name=\"twitter:label1\" content=\"Gesch\u00e4tzte Lesezeit\" \/>\n\t<meta name=\"twitter:data1\" content=\"1\u00a0Minute\" \/>\n<script type=\"application\/ld+json\" class=\"yoast-schema-graph\">{\"@context\":\"https:\\\/\\\/schema.org\",\"@graph\":[{\"@type\":\"WebPage\",\"@id\":\"https:\\\/\\\/trotrx.com\\\/de\\\/product\\\/trotrx-scoot-fs-24\\\/\",\"url\":\"https:\\\/\\\/trotrx.com\\\/de\\\/product\\\/trotrx-scoot-fs-24\\\/\",\"name\":\"TROTRX SCOOT 24\\\" DH - TROTRX - Trottinettes &eacute;lectriques tout-terrain \u26a1\ufe0f\ud83d\udef4\",\"isPartOf\":{\"@id\":\"https:\\\/\\\/trotrx.com\\\/de\\\/#website\"},\"primaryImageOfPage\":{\"@id\":\"https:\\\/\\\/trotrx.com\\\/de\\\/product\\\/trotrx-scoot-fs-24\\\/#primaryimage\"},\"image\":{\"@id\":\"https:\\\/\\\/trotrx.com\\\/de\\\/product\\\/trotrx-scoot-fs-24\\\/#primaryimage\"},\"thumbnailUrl\":\"https:\\\/\\\/trotrx.com\\\/wp-content\\\/uploads\\\/2025\\\/10\\\/ESCOOT_DH24_1_1080.png\",\"datePublished\":\"2025-01-06T13:35:32+00:00\",\"dateModified\":\"2026-03-16T15:14:29+00:00\",\"description\":\"CT Concept pr\u00e4sentiert die 24\\\"-Version des FS TrotRX Scooters, die eine bessere Stabilit\u00e4t und eine gr\u00f6\u00dfere H\u00f6he bietet. Da er auch mit motorisierten R\u00e4dern kompatibel ist, werden auch die steilsten Wege kein Hindernis mehr sein!\",\"breadcrumb\":{\"@id\":\"https:\\\/\\\/trotrx.com\\\/de\\\/product\\\/trotrx-scoot-fs-24\\\/#breadcrumb\"},\"inLanguage\":\"de\",\"potentialAction\":[{\"@type\":\"ReadAction\",\"target\":[\"https:\\\/\\\/trotrx.com\\\/de\\\/product\\\/trotrx-scoot-fs-24\\\/\"]}]},{\"@type\":\"ImageObject\",\"inLanguage\":\"de\",\"@id\":\"https:\\\/\\\/trotrx.com\\\/de\\\/product\\\/trotrx-scoot-fs-24\\\/#primaryimage\",\"url\":\"https:\\\/\\\/trotrx.com\\\/wp-content\\\/uploads\\\/2025\\\/10\\\/ESCOOT_DH24_1_1080.png\",\"contentUrl\":\"https:\\\/\\\/trotrx.com\\\/wp-content\\\/uploads\\\/2025\\\/10\\\/ESCOOT_DH24_1_1080.png\",\"width\":1080,\"height\":1080,\"caption\":\"ESCOOT_DH24_1_1080\"},{\"@type\":\"BreadcrumbList\",\"@id\":\"https:\\\/\\\/trotrx.com\\\/de\\\/product\\\/trotrx-scoot-fs-24\\\/#breadcrumb\",\"itemListElement\":[{\"@type\":\"ListItem\",\"position\":1,\"name\":\"Startseite\",\"item\":\"https:\\\/\\\/trotrx.com\\\/de\\\/startseite\\\/\"},{\"@type\":\"ListItem\",\"position\":2,\"name\":\"Shop\",\"item\":\"https:\\\/\\\/trotrx.com\\\/boutique\\\/\"},{\"@type\":\"ListItem\",\"position\":3,\"name\":\"TROTRX SCOOT 24&#8243; DH\"}]},{\"@type\":\"WebSite\",\"@id\":\"https:\\\/\\\/trotrx.com\\\/de\\\/#website\",\"url\":\"https:\\\/\\\/trotrx.com\\\/de\\\/\",\"name\":\"TROTRX - Trottinettes \u00e9lectriques tout-terrain ! \u26a1\ufe0f\ud83d\udef4\",\"description\":\"TROTRX - La trottinette &eacute;lectrique tout-terrain depuis 2008\",\"publisher\":{\"@id\":\"https:\\\/\\\/trotrx.com\\\/de\\\/#organization\"},\"alternateName\":\"TROTRX \u26a1\ufe0f\ud83d\udef4\",\"potentialAction\":[{\"@type\":\"SearchAction\",\"target\":{\"@type\":\"EntryPoint\",\"urlTemplate\":\"https:\\\/\\\/trotrx.com\\\/de\\\/?s={search_term_string}\"},\"query-input\":{\"@type\":\"PropertyValueSpecification\",\"valueRequired\":true,\"valueName\":\"search_term_string\"}}],\"inLanguage\":\"de\"},{\"@type\":\"Organization\",\"@id\":\"https:\\\/\\\/trotrx.com\\\/de\\\/#organization\",\"name\":\"TROTRX - Trottinettes \u00e9lectriques tout-terrain ! \u26a1\ufe0f\ud83d\udef4\",\"url\":\"https:\\\/\\\/trotrx.com\\\/de\\\/\",\"logo\":{\"@type\":\"ImageObject\",\"inLanguage\":\"de\",\"@id\":\"https:\\\/\\\/trotrx.com\\\/de\\\/#\\\/schema\\\/logo\\\/image\\\/\",\"url\":\"https:\\\/\\\/trotrx.com\\\/wp-content\\\/uploads\\\/2024\\\/10\\\/Design-sans-titre-2025-02-24T111129.185-e1740391936319.png\",\"contentUrl\":\"https:\\\/\\\/trotrx.com\\\/wp-content\\\/uploads\\\/2024\\\/10\\\/Design-sans-titre-2025-02-24T111129.185-e1740391936319.png\",\"width\":1920,\"height\":370,\"caption\":\"TROTRX - Trottinettes \u00e9lectriques tout-terrain ! \u26a1\ufe0f\ud83d\udef4\"},\"image\":{\"@id\":\"https:\\\/\\\/trotrx.com\\\/de\\\/#\\\/schema\\\/logo\\\/image\\\/\"}}]}<\/script>\n<!-- \/ Yoast SEO plugin. -->","yoast_head_json":{"title":"TROTRX SCOOT 24\" DH - TROTRX - Trottinettes &eacute;lectriques tout-terrain \u26a1\ufe0f\ud83d\udef4","description":"CT Concept pr\u00e4sentiert die 24\"-Version des FS TrotRX Scooters, die eine bessere Stabilit\u00e4t und eine gr\u00f6\u00dfere H\u00f6he bietet. Da er auch mit motorisierten R\u00e4dern kompatibel ist, werden auch die steilsten Wege kein Hindernis mehr sein!","robots":{"index":"index","follow":"follow","max-snippet":"max-snippet:-1","max-image-preview":"max-image-preview:large","max-video-preview":"max-video-preview:-1"},"canonical":"https:\/\/trotrx.com\/de\/product\/trotrx-scoot-fs-24\/","og_locale":"de_DE","og_type":"article","og_title":"TROTRX SCOOT 24\" DH - TROTRX - Trottinettes &eacute;lectriques tout-terrain \u26a1\ufe0f\ud83d\udef4","og_description":"CT Concept pr\u00e4sentiert die 24\"-Version des FS TrotRX Scooters, die eine bessere Stabilit\u00e4t und eine gr\u00f6\u00dfere H\u00f6he bietet. Da er auch mit motorisierten R\u00e4dern kompatibel ist, werden auch die steilsten Wege kein Hindernis mehr sein!","og_url":"https:\/\/trotrx.com\/de\/product\/trotrx-scoot-fs-24\/","og_site_name":"TROTRX - Trottinettes &eacute;lectriques tout-terrain \u26a1\ufe0f\ud83d\udef4","article_modified_time":"2026-03-16T15:14:29+00:00","og_image":[{"width":1080,"height":1080,"url":"https:\/\/trotrx.com\/wp-content\/uploads\/2025\/10\/ESCOOT_DH24_1_1080.png","type":"image\/png"}],"twitter_card":"summary_large_image","twitter_misc":{"Gesch\u00e4tzte Lesezeit":"1\u00a0Minute"},"schema":{"@context":"https:\/\/schema.org","@graph":[{"@type":"WebPage","@id":"https:\/\/trotrx.com\/de\/product\/trotrx-scoot-fs-24\/","url":"https:\/\/trotrx.com\/de\/product\/trotrx-scoot-fs-24\/","name":"TROTRX SCOOT 24\" DH - TROTRX - Trottinettes &eacute;lectriques tout-terrain \u26a1\ufe0f\ud83d\udef4","isPartOf":{"@id":"https:\/\/trotrx.com\/de\/#website"},"primaryImageOfPage":{"@id":"https:\/\/trotrx.com\/de\/product\/trotrx-scoot-fs-24\/#primaryimage"},"image":{"@id":"https:\/\/trotrx.com\/de\/product\/trotrx-scoot-fs-24\/#primaryimage"},"thumbnailUrl":"https:\/\/trotrx.com\/wp-content\/uploads\/2025\/10\/ESCOOT_DH24_1_1080.png","datePublished":"2025-01-06T13:35:32+00:00","dateModified":"2026-03-16T15:14:29+00:00","description":"CT Concept pr\u00e4sentiert die 24\"-Version des FS TrotRX Scooters, die eine bessere Stabilit\u00e4t und eine gr\u00f6\u00dfere H\u00f6he bietet. Da er auch mit motorisierten R\u00e4dern kompatibel ist, werden auch die steilsten Wege kein Hindernis mehr sein!","breadcrumb":{"@id":"https:\/\/trotrx.com\/de\/product\/trotrx-scoot-fs-24\/#breadcrumb"},"inLanguage":"de","potentialAction":[{"@type":"ReadAction","target":["https:\/\/trotrx.com\/de\/product\/trotrx-scoot-fs-24\/"]}]},{"@type":"ImageObject","inLanguage":"de","@id":"https:\/\/trotrx.com\/de\/product\/trotrx-scoot-fs-24\/#primaryimage","url":"https:\/\/trotrx.com\/wp-content\/uploads\/2025\/10\/ESCOOT_DH24_1_1080.png","contentUrl":"https:\/\/trotrx.com\/wp-content\/uploads\/2025\/10\/ESCOOT_DH24_1_1080.png","width":1080,"height":1080,"caption":"ESCOOT_DH24_1_1080"},{"@type":"BreadcrumbList","@id":"https:\/\/trotrx.com\/de\/product\/trotrx-scoot-fs-24\/#breadcrumb","itemListElement":[{"@type":"ListItem","position":1,"name":"Startseite","item":"https:\/\/trotrx.com\/de\/startseite\/"},{"@type":"ListItem","position":2,"name":"Shop","item":"https:\/\/trotrx.com\/boutique\/"},{"@type":"ListItem","position":3,"name":"TROTRX SCOOT 24&#8243; DH"}]},{"@type":"WebSite","@id":"https:\/\/trotrx.com\/de\/#website","url":"https:\/\/trotrx.com\/de\/","name":"TROTRX - Trottinettes \u00e9lectriques tout-terrain ! \u26a1\ufe0f\ud83d\udef4","description":"TROTRX - La trottinette &eacute;lectrique tout-terrain depuis 2008","publisher":{"@id":"https:\/\/trotrx.com\/de\/#organization"},"alternateName":"TROTRX \u26a1\ufe0f\ud83d\udef4","potentialAction":[{"@type":"SearchAction","target":{"@type":"EntryPoint","urlTemplate":"https:\/\/trotrx.com\/de\/?s={search_term_string}"},"query-input":{"@type":"PropertyValueSpecification","valueRequired":true,"valueName":"search_term_string"}}],"inLanguage":"de"},{"@type":"Organization","@id":"https:\/\/trotrx.com\/de\/#organization","name":"TROTRX - Trottinettes \u00e9lectriques tout-terrain ! \u26a1\ufe0f\ud83d\udef4","url":"https:\/\/trotrx.com\/de\/","logo":{"@type":"ImageObject","inLanguage":"de","@id":"https:\/\/trotrx.com\/de\/#\/schema\/logo\/image\/","url":"https:\/\/trotrx.com\/wp-content\/uploads\/2024\/10\/Design-sans-titre-2025-02-24T111129.185-e1740391936319.png","contentUrl":"https:\/\/trotrx.com\/wp-content\/uploads\/2024\/10\/Design-sans-titre-2025-02-24T111129.185-e1740391936319.png","width":1920,"height":370,"caption":"TROTRX - Trottinettes \u00e9lectriques tout-terrain ! \u26a1\ufe0f\ud83d\udef4"},"image":{"@id":"https:\/\/trotrx.com\/de\/#\/schema\/logo\/image\/"}}]}},"_links":{"self":[{"href":"https:\/\/trotrx.com\/de\/wp-json\/wp\/v2\/product\/16991","targetHints":{"allow":["GET"]}}],"collection":[{"href":"https:\/\/trotrx.com\/de\/wp-json\/wp\/v2\/product"}],"about":[{"href":"https:\/\/trotrx.com\/de\/wp-json\/wp\/v2\/types\/product"}],"version-history":[{"count":7,"href":"https:\/\/trotrx.com\/de\/wp-json\/wp\/v2\/product\/16991\/revisions"}],"predecessor-version":[{"id":22068,"href":"https:\/\/trotrx.com\/de\/wp-json\/wp\/v2\/product\/16991\/revisions\/22068"}],"wp:featuredmedia":[{"embeddable":true,"href":"https:\/\/trotrx.com\/de\/wp-json\/wp\/v2\/media\/20639"}],"wp:attachment":[{"href":"https:\/\/trotrx.com\/de\/wp-json\/wp\/v2\/media?parent=16991"}],"wp:term":[{"taxonomy":"product_brand","embeddable":true,"href":"https:\/\/trotrx.com\/de\/wp-json\/wp\/v2\/product_brand?post=16991"},{"taxonomy":"product_cat","embeddable":true,"href":"https:\/\/trotrx.com\/de\/wp-json\/wp\/v2\/product_cat?post=16991"},{"taxonomy":"product_tag","embeddable":true,"href":"https:\/\/trotrx.com\/de\/wp-json\/wp\/v2\/product_tag?post=16991"}],"curies":[{"name":"wp","href":"https:\/\/api.w.org\/{rel}","templated":true}]}}