{"id":16943,"date":"2025-01-06T13:35:09","date_gmt":"2025-01-06T13:35:09","guid":{"rendered":"https:\/\/trotrx.com\/product\/gepaecktraeger\/"},"modified":"2025-05-23T07:55:56","modified_gmt":"2025-05-23T07:55:56","slug":"gepaecktraeger","status":"publish","type":"product","link":"https:\/\/trotrx.com\/de\/product\/gepaecktraeger\/","title":{"rendered":"GEP\u00c4CKTR\u00c4GER"},"content":{"rendered":"<p>Aluminium-Gep\u00e4cktr\u00e4ger, der am hinteren Arm des Rahmens befestigt wird.<\/p>\n<p>Schwarz lackiert.<\/p>\n<p>Erm\u00f6glicht die Befestigung zahlreicher Ablagen: Topcase, Kiste, Koffer, Taschen.<\/p>\n<p>Geeignet f\u00fcr alle unsere Modelle, die NACH 2021 produziert werden.<\/p>\n<p>(Im Zweifelsfall wenden Sie sich bitte an unseren Kundenservice).<\/p>\n","protected":false},"excerpt":{"rendered":"<p>Gep\u00e4cktr\u00e4ger aus Aluminium.<br \/>\nSchwarz lackiert.<br \/>\nErm\u00f6glicht die Befestigung zahlreicher Ablagen: Topcase, Kiste, Koffer, Satteltaschen.<br \/>\nGeeignet f\u00fcr Modelle, die nach 2021 produziert werden.<\/p>\n","protected":false},"featured_media":20054,"template":"","meta":[],"product_brand":[],"product_cat":[150],"product_tag":[],"class_list":{"0":"post-16943","1":"product","2":"type-product","3":"status-publish","4":"has-post-thumbnail","6":"product_cat-zubehor","8":"first","9":"instock","10":"taxable","11":"shipping-taxable","12":"purchasable","13":"product-type-simple"},"yoast_head":"<!-- This site is optimized with the Yoast SEO plugin v27.4 - https:\/\/yoast.com\/product\/yoast-seo-wordpress\/ -->\n<title>GEP\u00c4CKTR\u00c4GER - TROTRX - Trottinettes &eacute;lectriques tout-terrain \u26a1\ufe0f\ud83d\udef4<\/title>\n<meta name=\"description\" content=\"Gep\u00e4cktr\u00e4ger aus Aluminium. In schwarz lackiert. Erm\u00f6glicht die Befestigung zahlreicher Aufbewahrungsm\u00f6glichkeiten: Topcase, Kiste, Koffer, Satteltaschen. Geeignet f\u00fcr Modelle, die nach 2021 produziert werden.\" \/>\n<meta name=\"robots\" content=\"index, follow, max-snippet:-1, max-image-preview:large, max-video-preview:-1\" \/>\n<link rel=\"canonical\" href=\"https:\/\/trotrx.com\/de\/product\/gepaecktraeger\/\" \/>\n<meta property=\"og:locale\" content=\"de_DE\" \/>\n<meta property=\"og:type\" content=\"article\" \/>\n<meta property=\"og:title\" content=\"GEP\u00c4CKTR\u00c4GER - TROTRX - Trottinettes &eacute;lectriques tout-terrain \u26a1\ufe0f\ud83d\udef4\" \/>\n<meta property=\"og:description\" content=\"Gep\u00e4cktr\u00e4ger aus Aluminium. In schwarz lackiert. Erm\u00f6glicht die Befestigung zahlreicher Aufbewahrungsm\u00f6glichkeiten: Topcase, Kiste, Koffer, Satteltaschen. Geeignet f\u00fcr Modelle, die nach 2021 produziert werden.\" \/>\n<meta property=\"og:url\" content=\"https:\/\/trotrx.com\/de\/product\/gepaecktraeger\/\" \/>\n<meta property=\"og:site_name\" content=\"TROTRX - Trottinettes &eacute;lectriques tout-terrain \u26a1\ufe0f\ud83d\udef4\" \/>\n<meta property=\"article:modified_time\" content=\"2025-05-23T07:55:56+00:00\" \/>\n<meta property=\"og:image\" content=\"https:\/\/trotrx.com\/wp-content\/uploads\/2025\/09\/11.png\" \/>\n\t<meta property=\"og:image:width\" content=\"1080\" \/>\n\t<meta property=\"og:image:height\" content=\"1080\" \/>\n\t<meta property=\"og:image:type\" content=\"image\/png\" \/>\n<meta name=\"twitter:card\" content=\"summary_large_image\" \/>\n<script type=\"application\/ld+json\" class=\"yoast-schema-graph\">{\"@context\":\"https:\\\/\\\/schema.org\",\"@graph\":[{\"@type\":\"WebPage\",\"@id\":\"https:\\\/\\\/trotrx.com\\\/de\\\/product\\\/gepaecktraeger\\\/\",\"url\":\"https:\\\/\\\/trotrx.com\\\/de\\\/product\\\/gepaecktraeger\\\/\",\"name\":\"GEP\u00c4CKTR\u00c4GER - TROTRX - Trottinettes &eacute;lectriques tout-terrain \u26a1\ufe0f\ud83d\udef4\",\"isPartOf\":{\"@id\":\"https:\\\/\\\/trotrx.com\\\/de\\\/#website\"},\"primaryImageOfPage\":{\"@id\":\"https:\\\/\\\/trotrx.com\\\/de\\\/product\\\/gepaecktraeger\\\/#primaryimage\"},\"image\":{\"@id\":\"https:\\\/\\\/trotrx.com\\\/de\\\/product\\\/gepaecktraeger\\\/#primaryimage\"},\"thumbnailUrl\":\"https:\\\/\\\/trotrx.com\\\/wp-content\\\/uploads\\\/2025\\\/09\\\/11.png\",\"datePublished\":\"2025-01-06T13:35:09+00:00\",\"dateModified\":\"2025-05-23T07:55:56+00:00\",\"description\":\"Gep\u00e4cktr\u00e4ger aus Aluminium. In schwarz lackiert. Erm\u00f6glicht die Befestigung zahlreicher Aufbewahrungsm\u00f6glichkeiten: Topcase, Kiste, Koffer, Satteltaschen. Geeignet f\u00fcr Modelle, die nach 2021 produziert werden.\",\"breadcrumb\":{\"@id\":\"https:\\\/\\\/trotrx.com\\\/de\\\/product\\\/gepaecktraeger\\\/#breadcrumb\"},\"inLanguage\":\"de\",\"potentialAction\":[{\"@type\":\"ReadAction\",\"target\":[\"https:\\\/\\\/trotrx.com\\\/de\\\/product\\\/gepaecktraeger\\\/\"]}]},{\"@type\":\"ImageObject\",\"inLanguage\":\"de\",\"@id\":\"https:\\\/\\\/trotrx.com\\\/de\\\/product\\\/gepaecktraeger\\\/#primaryimage\",\"url\":\"https:\\\/\\\/trotrx.com\\\/wp-content\\\/uploads\\\/2025\\\/09\\\/11.png\",\"contentUrl\":\"https:\\\/\\\/trotrx.com\\\/wp-content\\\/uploads\\\/2025\\\/09\\\/11.png\",\"width\":1080,\"height\":1080},{\"@type\":\"BreadcrumbList\",\"@id\":\"https:\\\/\\\/trotrx.com\\\/de\\\/product\\\/gepaecktraeger\\\/#breadcrumb\",\"itemListElement\":[{\"@type\":\"ListItem\",\"position\":1,\"name\":\"Startseite\",\"item\":\"https:\\\/\\\/trotrx.com\\\/de\\\/startseite\\\/\"},{\"@type\":\"ListItem\",\"position\":2,\"name\":\"Shop\",\"item\":\"https:\\\/\\\/trotrx.com\\\/boutique\\\/\"},{\"@type\":\"ListItem\",\"position\":3,\"name\":\"GEP\u00c4CKTR\u00c4GER\"}]},{\"@type\":\"WebSite\",\"@id\":\"https:\\\/\\\/trotrx.com\\\/de\\\/#website\",\"url\":\"https:\\\/\\\/trotrx.com\\\/de\\\/\",\"name\":\"TROTRX - Trottinettes \u00e9lectriques tout-terrain ! \u26a1\ufe0f\ud83d\udef4\",\"description\":\"TROTRX - La trottinette &eacute;lectrique tout-terrain depuis 2008\",\"publisher\":{\"@id\":\"https:\\\/\\\/trotrx.com\\\/de\\\/#organization\"},\"alternateName\":\"TROTRX \u26a1\ufe0f\ud83d\udef4\",\"potentialAction\":[{\"@type\":\"SearchAction\",\"target\":{\"@type\":\"EntryPoint\",\"urlTemplate\":\"https:\\\/\\\/trotrx.com\\\/de\\\/?s={search_term_string}\"},\"query-input\":{\"@type\":\"PropertyValueSpecification\",\"valueRequired\":true,\"valueName\":\"search_term_string\"}}],\"inLanguage\":\"de\"},{\"@type\":\"Organization\",\"@id\":\"https:\\\/\\\/trotrx.com\\\/de\\\/#organization\",\"name\":\"TROTRX - Trottinettes \u00e9lectriques tout-terrain ! \u26a1\ufe0f\ud83d\udef4\",\"url\":\"https:\\\/\\\/trotrx.com\\\/de\\\/\",\"logo\":{\"@type\":\"ImageObject\",\"inLanguage\":\"de\",\"@id\":\"https:\\\/\\\/trotrx.com\\\/de\\\/#\\\/schema\\\/logo\\\/image\\\/\",\"url\":\"https:\\\/\\\/trotrx.com\\\/wp-content\\\/uploads\\\/2024\\\/10\\\/Design-sans-titre-2025-02-24T111129.185-e1740391936319.png\",\"contentUrl\":\"https:\\\/\\\/trotrx.com\\\/wp-content\\\/uploads\\\/2024\\\/10\\\/Design-sans-titre-2025-02-24T111129.185-e1740391936319.png\",\"width\":1920,\"height\":370,\"caption\":\"TROTRX - Trottinettes \u00e9lectriques tout-terrain ! \u26a1\ufe0f\ud83d\udef4\"},\"image\":{\"@id\":\"https:\\\/\\\/trotrx.com\\\/de\\\/#\\\/schema\\\/logo\\\/image\\\/\"}}]}<\/script>\n<!-- \/ Yoast SEO plugin. -->","yoast_head_json":{"title":"GEP\u00c4CKTR\u00c4GER - TROTRX - Trottinettes &eacute;lectriques tout-terrain \u26a1\ufe0f\ud83d\udef4","description":"Gep\u00e4cktr\u00e4ger aus Aluminium. In schwarz lackiert. Erm\u00f6glicht die Befestigung zahlreicher Aufbewahrungsm\u00f6glichkeiten: Topcase, Kiste, Koffer, Satteltaschen. Geeignet f\u00fcr Modelle, die nach 2021 produziert werden.","robots":{"index":"index","follow":"follow","max-snippet":"max-snippet:-1","max-image-preview":"max-image-preview:large","max-video-preview":"max-video-preview:-1"},"canonical":"https:\/\/trotrx.com\/de\/product\/gepaecktraeger\/","og_locale":"de_DE","og_type":"article","og_title":"GEP\u00c4CKTR\u00c4GER - TROTRX - Trottinettes &eacute;lectriques tout-terrain \u26a1\ufe0f\ud83d\udef4","og_description":"Gep\u00e4cktr\u00e4ger aus Aluminium. In schwarz lackiert. Erm\u00f6glicht die Befestigung zahlreicher Aufbewahrungsm\u00f6glichkeiten: Topcase, Kiste, Koffer, Satteltaschen. Geeignet f\u00fcr Modelle, die nach 2021 produziert werden.","og_url":"https:\/\/trotrx.com\/de\/product\/gepaecktraeger\/","og_site_name":"TROTRX - Trottinettes &eacute;lectriques tout-terrain \u26a1\ufe0f\ud83d\udef4","article_modified_time":"2025-05-23T07:55:56+00:00","og_image":[{"width":1080,"height":1080,"url":"https:\/\/trotrx.com\/wp-content\/uploads\/2025\/09\/11.png","type":"image\/png"}],"twitter_card":"summary_large_image","schema":{"@context":"https:\/\/schema.org","@graph":[{"@type":"WebPage","@id":"https:\/\/trotrx.com\/de\/product\/gepaecktraeger\/","url":"https:\/\/trotrx.com\/de\/product\/gepaecktraeger\/","name":"GEP\u00c4CKTR\u00c4GER - TROTRX - Trottinettes &eacute;lectriques tout-terrain \u26a1\ufe0f\ud83d\udef4","isPartOf":{"@id":"https:\/\/trotrx.com\/de\/#website"},"primaryImageOfPage":{"@id":"https:\/\/trotrx.com\/de\/product\/gepaecktraeger\/#primaryimage"},"image":{"@id":"https:\/\/trotrx.com\/de\/product\/gepaecktraeger\/#primaryimage"},"thumbnailUrl":"https:\/\/trotrx.com\/wp-content\/uploads\/2025\/09\/11.png","datePublished":"2025-01-06T13:35:09+00:00","dateModified":"2025-05-23T07:55:56+00:00","description":"Gep\u00e4cktr\u00e4ger aus Aluminium. In schwarz lackiert. Erm\u00f6glicht die Befestigung zahlreicher Aufbewahrungsm\u00f6glichkeiten: Topcase, Kiste, Koffer, Satteltaschen. Geeignet f\u00fcr Modelle, die nach 2021 produziert werden.","breadcrumb":{"@id":"https:\/\/trotrx.com\/de\/product\/gepaecktraeger\/#breadcrumb"},"inLanguage":"de","potentialAction":[{"@type":"ReadAction","target":["https:\/\/trotrx.com\/de\/product\/gepaecktraeger\/"]}]},{"@type":"ImageObject","inLanguage":"de","@id":"https:\/\/trotrx.com\/de\/product\/gepaecktraeger\/#primaryimage","url":"https:\/\/trotrx.com\/wp-content\/uploads\/2025\/09\/11.png","contentUrl":"https:\/\/trotrx.com\/wp-content\/uploads\/2025\/09\/11.png","width":1080,"height":1080},{"@type":"BreadcrumbList","@id":"https:\/\/trotrx.com\/de\/product\/gepaecktraeger\/#breadcrumb","itemListElement":[{"@type":"ListItem","position":1,"name":"Startseite","item":"https:\/\/trotrx.com\/de\/startseite\/"},{"@type":"ListItem","position":2,"name":"Shop","item":"https:\/\/trotrx.com\/boutique\/"},{"@type":"ListItem","position":3,"name":"GEP\u00c4CKTR\u00c4GER"}]},{"@type":"WebSite","@id":"https:\/\/trotrx.com\/de\/#website","url":"https:\/\/trotrx.com\/de\/","name":"TROTRX - Trottinettes \u00e9lectriques tout-terrain ! \u26a1\ufe0f\ud83d\udef4","description":"TROTRX - La trottinette &eacute;lectrique tout-terrain depuis 2008","publisher":{"@id":"https:\/\/trotrx.com\/de\/#organization"},"alternateName":"TROTRX \u26a1\ufe0f\ud83d\udef4","potentialAction":[{"@type":"SearchAction","target":{"@type":"EntryPoint","urlTemplate":"https:\/\/trotrx.com\/de\/?s={search_term_string}"},"query-input":{"@type":"PropertyValueSpecification","valueRequired":true,"valueName":"search_term_string"}}],"inLanguage":"de"},{"@type":"Organization","@id":"https:\/\/trotrx.com\/de\/#organization","name":"TROTRX - Trottinettes \u00e9lectriques tout-terrain ! \u26a1\ufe0f\ud83d\udef4","url":"https:\/\/trotrx.com\/de\/","logo":{"@type":"ImageObject","inLanguage":"de","@id":"https:\/\/trotrx.com\/de\/#\/schema\/logo\/image\/","url":"https:\/\/trotrx.com\/wp-content\/uploads\/2024\/10\/Design-sans-titre-2025-02-24T111129.185-e1740391936319.png","contentUrl":"https:\/\/trotrx.com\/wp-content\/uploads\/2024\/10\/Design-sans-titre-2025-02-24T111129.185-e1740391936319.png","width":1920,"height":370,"caption":"TROTRX - Trottinettes \u00e9lectriques tout-terrain ! \u26a1\ufe0f\ud83d\udef4"},"image":{"@id":"https:\/\/trotrx.com\/de\/#\/schema\/logo\/image\/"}}]}},"_links":{"self":[{"href":"https:\/\/trotrx.com\/de\/wp-json\/wp\/v2\/product\/16943","targetHints":{"allow":["GET"]}}],"collection":[{"href":"https:\/\/trotrx.com\/de\/wp-json\/wp\/v2\/product"}],"about":[{"href":"https:\/\/trotrx.com\/de\/wp-json\/wp\/v2\/types\/product"}],"version-history":[{"count":2,"href":"https:\/\/trotrx.com\/de\/wp-json\/wp\/v2\/product\/16943\/revisions"}],"predecessor-version":[{"id":18279,"href":"https:\/\/trotrx.com\/de\/wp-json\/wp\/v2\/product\/16943\/revisions\/18279"}],"wp:featuredmedia":[{"embeddable":true,"href":"https:\/\/trotrx.com\/de\/wp-json\/wp\/v2\/media\/20054"}],"wp:attachment":[{"href":"https:\/\/trotrx.com\/de\/wp-json\/wp\/v2\/media?parent=16943"}],"wp:term":[{"taxonomy":"product_brand","embeddable":true,"href":"https:\/\/trotrx.com\/de\/wp-json\/wp\/v2\/product_brand?post=16943"},{"taxonomy":"product_cat","embeddable":true,"href":"https:\/\/trotrx.com\/de\/wp-json\/wp\/v2\/product_cat?post=16943"},{"taxonomy":"product_tag","embeddable":true,"href":"https:\/\/trotrx.com\/de\/wp-json\/wp\/v2\/product_tag?post=16943"}],"curies":[{"name":"wp","href":"https:\/\/api.w.org\/{rel}","templated":true}]}}