{"id":16825,"date":"2025-01-06T13:35:12","date_gmt":"2025-01-06T13:35:12","guid":{"rendered":"https:\/\/trotrx.com\/product\/tannus-flap-24\/"},"modified":"2026-02-02T07:55:38","modified_gmt":"2026-02-02T07:55:38","slug":"tannus-flap-24","status":"publish","type":"product","link":"https:\/\/trotrx.com\/de\/product\/tannus-flap-24\/","title":{"rendered":"Tannus-Flap 24&#8243;."},"content":{"rendered":"<p>Tannus Armour Schlauchschutzeinsatz f\u00fcr 24&#8243; R\u00e4der.<\/p>\n<p>Geeignet f\u00fcr Reifenbreiten von 3.0&#8243; und 4.0&#8243; (Fat Tire).<\/p>\n<p>Verkauf pro St\u00fcck.<\/p>\n","protected":false},"excerpt":{"rendered":"<p>Tannus Armour Luftkammerschutzeinsatz f\u00fcr 24&#8243;-R\u00e4der.<\/p>\n","protected":false},"featured_media":14034,"template":"","meta":[],"product_brand":[],"product_cat":[135],"product_tag":[],"class_list":{"0":"post-16825","1":"product","2":"type-product","3":"status-publish","4":"has-post-thumbnail","6":"product_cat-rader-felgen","8":"first","9":"instock","10":"taxable","11":"shipping-taxable","12":"purchasable","13":"product-type-simple"},"yoast_head":"<!-- This site is optimized with the Yoast SEO plugin v27.4 - https:\/\/yoast.com\/product\/yoast-seo-wordpress\/ -->\n<title>Tannus-Flap 24&quot;. - TROTRX - Trottinettes &eacute;lectriques tout-terrain \u26a1\ufe0f\ud83d\udef4<\/title>\n<meta name=\"description\" content=\"Tannus Armour Schlauchschutzeinsatz f\u00fcr 24&quot;-R\u00e4der. Geeignet f\u00fcr Reifenbreiten von 3.0&quot; und 4.0&quot; (Fat Tire). Verkauf pro St\u00fcck.\" \/>\n<meta name=\"robots\" content=\"index, follow, max-snippet:-1, max-image-preview:large, max-video-preview:-1\" \/>\n<link rel=\"canonical\" href=\"https:\/\/trotrx.com\/de\/product\/tannus-flap-24\/\" \/>\n<meta property=\"og:locale\" content=\"de_DE\" \/>\n<meta property=\"og:type\" content=\"article\" \/>\n<meta property=\"og:title\" content=\"Tannus-Flap 24&quot;. - TROTRX - Trottinettes &eacute;lectriques tout-terrain \u26a1\ufe0f\ud83d\udef4\" \/>\n<meta property=\"og:description\" content=\"Tannus Armour Schlauchschutzeinsatz f\u00fcr 24&quot;-R\u00e4der. Geeignet f\u00fcr Reifenbreiten von 3.0&quot; und 4.0&quot; (Fat Tire). Verkauf pro St\u00fcck.\" \/>\n<meta property=\"og:url\" content=\"https:\/\/trotrx.com\/de\/product\/tannus-flap-24\/\" \/>\n<meta property=\"og:site_name\" content=\"TROTRX - Trottinettes &eacute;lectriques tout-terrain \u26a1\ufe0f\ud83d\udef4\" \/>\n<meta property=\"article:modified_time\" content=\"2026-02-02T07:55:38+00:00\" \/>\n<meta name=\"twitter:card\" content=\"summary_large_image\" \/>\n<script type=\"application\/ld+json\" class=\"yoast-schema-graph\">{\"@context\":\"https:\\\/\\\/schema.org\",\"@graph\":[{\"@type\":\"WebPage\",\"@id\":\"https:\\\/\\\/trotrx.com\\\/de\\\/product\\\/tannus-flap-24\\\/\",\"url\":\"https:\\\/\\\/trotrx.com\\\/de\\\/product\\\/tannus-flap-24\\\/\",\"name\":\"Tannus-Flap 24\\\". - TROTRX - Trottinettes &eacute;lectriques tout-terrain \u26a1\ufe0f\ud83d\udef4\",\"isPartOf\":{\"@id\":\"https:\\\/\\\/trotrx.com\\\/de\\\/#website\"},\"primaryImageOfPage\":{\"@id\":\"https:\\\/\\\/trotrx.com\\\/de\\\/product\\\/tannus-flap-24\\\/#primaryimage\"},\"image\":{\"@id\":\"https:\\\/\\\/trotrx.com\\\/de\\\/product\\\/tannus-flap-24\\\/#primaryimage\"},\"thumbnailUrl\":\"https:\\\/\\\/trotrx.com\\\/wp-content\\\/uploads\\\/2024\\\/11\\\/FLAP-TANNUS-24.avif\",\"datePublished\":\"2025-01-06T13:35:12+00:00\",\"dateModified\":\"2026-02-02T07:55:38+00:00\",\"description\":\"Tannus Armour Schlauchschutzeinsatz f\u00fcr 24\\\"-R\u00e4der. Geeignet f\u00fcr Reifenbreiten von 3.0\\\" und 4.0\\\" (Fat Tire). Verkauf pro St\u00fcck.\",\"breadcrumb\":{\"@id\":\"https:\\\/\\\/trotrx.com\\\/de\\\/product\\\/tannus-flap-24\\\/#breadcrumb\"},\"inLanguage\":\"de\",\"potentialAction\":[{\"@type\":\"ReadAction\",\"target\":[\"https:\\\/\\\/trotrx.com\\\/de\\\/product\\\/tannus-flap-24\\\/\"]}]},{\"@type\":\"ImageObject\",\"inLanguage\":\"de\",\"@id\":\"https:\\\/\\\/trotrx.com\\\/de\\\/product\\\/tannus-flap-24\\\/#primaryimage\",\"url\":\"https:\\\/\\\/trotrx.com\\\/wp-content\\\/uploads\\\/2024\\\/11\\\/FLAP-TANNUS-24.avif\",\"contentUrl\":\"https:\\\/\\\/trotrx.com\\\/wp-content\\\/uploads\\\/2024\\\/11\\\/FLAP-TANNUS-24.avif\",\"width\":1080,\"height\":1080},{\"@type\":\"BreadcrumbList\",\"@id\":\"https:\\\/\\\/trotrx.com\\\/de\\\/product\\\/tannus-flap-24\\\/#breadcrumb\",\"itemListElement\":[{\"@type\":\"ListItem\",\"position\":1,\"name\":\"Startseite\",\"item\":\"https:\\\/\\\/trotrx.com\\\/de\\\/startseite\\\/\"},{\"@type\":\"ListItem\",\"position\":2,\"name\":\"Shop\",\"item\":\"https:\\\/\\\/trotrx.com\\\/boutique\\\/\"},{\"@type\":\"ListItem\",\"position\":3,\"name\":\"Tannus-Flap 24&#8243;.\"}]},{\"@type\":\"WebSite\",\"@id\":\"https:\\\/\\\/trotrx.com\\\/de\\\/#website\",\"url\":\"https:\\\/\\\/trotrx.com\\\/de\\\/\",\"name\":\"TROTRX - Trottinettes \u00e9lectriques tout-terrain ! \u26a1\ufe0f\ud83d\udef4\",\"description\":\"TROTRX - La trottinette &eacute;lectrique tout-terrain depuis 2008\",\"publisher\":{\"@id\":\"https:\\\/\\\/trotrx.com\\\/de\\\/#organization\"},\"alternateName\":\"TROTRX \u26a1\ufe0f\ud83d\udef4\",\"potentialAction\":[{\"@type\":\"SearchAction\",\"target\":{\"@type\":\"EntryPoint\",\"urlTemplate\":\"https:\\\/\\\/trotrx.com\\\/de\\\/?s={search_term_string}\"},\"query-input\":{\"@type\":\"PropertyValueSpecification\",\"valueRequired\":true,\"valueName\":\"search_term_string\"}}],\"inLanguage\":\"de\"},{\"@type\":\"Organization\",\"@id\":\"https:\\\/\\\/trotrx.com\\\/de\\\/#organization\",\"name\":\"TROTRX - Trottinettes \u00e9lectriques tout-terrain ! \u26a1\ufe0f\ud83d\udef4\",\"url\":\"https:\\\/\\\/trotrx.com\\\/de\\\/\",\"logo\":{\"@type\":\"ImageObject\",\"inLanguage\":\"de\",\"@id\":\"https:\\\/\\\/trotrx.com\\\/de\\\/#\\\/schema\\\/logo\\\/image\\\/\",\"url\":\"https:\\\/\\\/trotrx.com\\\/wp-content\\\/uploads\\\/2024\\\/10\\\/Design-sans-titre-2025-02-24T111129.185-e1740391936319.png\",\"contentUrl\":\"https:\\\/\\\/trotrx.com\\\/wp-content\\\/uploads\\\/2024\\\/10\\\/Design-sans-titre-2025-02-24T111129.185-e1740391936319.png\",\"width\":1920,\"height\":370,\"caption\":\"TROTRX - Trottinettes \u00e9lectriques tout-terrain ! \u26a1\ufe0f\ud83d\udef4\"},\"image\":{\"@id\":\"https:\\\/\\\/trotrx.com\\\/de\\\/#\\\/schema\\\/logo\\\/image\\\/\"}}]}<\/script>\n<!-- \/ Yoast SEO plugin. -->","yoast_head_json":{"title":"Tannus-Flap 24\". - TROTRX - Trottinettes &eacute;lectriques tout-terrain \u26a1\ufe0f\ud83d\udef4","description":"Tannus Armour Schlauchschutzeinsatz f\u00fcr 24\"-R\u00e4der. Geeignet f\u00fcr Reifenbreiten von 3.0\" und 4.0\" (Fat Tire). Verkauf pro St\u00fcck.","robots":{"index":"index","follow":"follow","max-snippet":"max-snippet:-1","max-image-preview":"max-image-preview:large","max-video-preview":"max-video-preview:-1"},"canonical":"https:\/\/trotrx.com\/de\/product\/tannus-flap-24\/","og_locale":"de_DE","og_type":"article","og_title":"Tannus-Flap 24\". - TROTRX - Trottinettes &eacute;lectriques tout-terrain \u26a1\ufe0f\ud83d\udef4","og_description":"Tannus Armour Schlauchschutzeinsatz f\u00fcr 24\"-R\u00e4der. Geeignet f\u00fcr Reifenbreiten von 3.0\" und 4.0\" (Fat Tire). Verkauf pro St\u00fcck.","og_url":"https:\/\/trotrx.com\/de\/product\/tannus-flap-24\/","og_site_name":"TROTRX - Trottinettes &eacute;lectriques tout-terrain \u26a1\ufe0f\ud83d\udef4","article_modified_time":"2026-02-02T07:55:38+00:00","twitter_card":"summary_large_image","schema":{"@context":"https:\/\/schema.org","@graph":[{"@type":"WebPage","@id":"https:\/\/trotrx.com\/de\/product\/tannus-flap-24\/","url":"https:\/\/trotrx.com\/de\/product\/tannus-flap-24\/","name":"Tannus-Flap 24\". - TROTRX - Trottinettes &eacute;lectriques tout-terrain \u26a1\ufe0f\ud83d\udef4","isPartOf":{"@id":"https:\/\/trotrx.com\/de\/#website"},"primaryImageOfPage":{"@id":"https:\/\/trotrx.com\/de\/product\/tannus-flap-24\/#primaryimage"},"image":{"@id":"https:\/\/trotrx.com\/de\/product\/tannus-flap-24\/#primaryimage"},"thumbnailUrl":"https:\/\/trotrx.com\/wp-content\/uploads\/2024\/11\/FLAP-TANNUS-24.avif","datePublished":"2025-01-06T13:35:12+00:00","dateModified":"2026-02-02T07:55:38+00:00","description":"Tannus Armour Schlauchschutzeinsatz f\u00fcr 24\"-R\u00e4der. Geeignet f\u00fcr Reifenbreiten von 3.0\" und 4.0\" (Fat Tire). Verkauf pro St\u00fcck.","breadcrumb":{"@id":"https:\/\/trotrx.com\/de\/product\/tannus-flap-24\/#breadcrumb"},"inLanguage":"de","potentialAction":[{"@type":"ReadAction","target":["https:\/\/trotrx.com\/de\/product\/tannus-flap-24\/"]}]},{"@type":"ImageObject","inLanguage":"de","@id":"https:\/\/trotrx.com\/de\/product\/tannus-flap-24\/#primaryimage","url":"https:\/\/trotrx.com\/wp-content\/uploads\/2024\/11\/FLAP-TANNUS-24.avif","contentUrl":"https:\/\/trotrx.com\/wp-content\/uploads\/2024\/11\/FLAP-TANNUS-24.avif","width":1080,"height":1080},{"@type":"BreadcrumbList","@id":"https:\/\/trotrx.com\/de\/product\/tannus-flap-24\/#breadcrumb","itemListElement":[{"@type":"ListItem","position":1,"name":"Startseite","item":"https:\/\/trotrx.com\/de\/startseite\/"},{"@type":"ListItem","position":2,"name":"Shop","item":"https:\/\/trotrx.com\/boutique\/"},{"@type":"ListItem","position":3,"name":"Tannus-Flap 24&#8243;."}]},{"@type":"WebSite","@id":"https:\/\/trotrx.com\/de\/#website","url":"https:\/\/trotrx.com\/de\/","name":"TROTRX - Trottinettes \u00e9lectriques tout-terrain ! \u26a1\ufe0f\ud83d\udef4","description":"TROTRX - La trottinette &eacute;lectrique tout-terrain depuis 2008","publisher":{"@id":"https:\/\/trotrx.com\/de\/#organization"},"alternateName":"TROTRX \u26a1\ufe0f\ud83d\udef4","potentialAction":[{"@type":"SearchAction","target":{"@type":"EntryPoint","urlTemplate":"https:\/\/trotrx.com\/de\/?s={search_term_string}"},"query-input":{"@type":"PropertyValueSpecification","valueRequired":true,"valueName":"search_term_string"}}],"inLanguage":"de"},{"@type":"Organization","@id":"https:\/\/trotrx.com\/de\/#organization","name":"TROTRX - Trottinettes \u00e9lectriques tout-terrain ! \u26a1\ufe0f\ud83d\udef4","url":"https:\/\/trotrx.com\/de\/","logo":{"@type":"ImageObject","inLanguage":"de","@id":"https:\/\/trotrx.com\/de\/#\/schema\/logo\/image\/","url":"https:\/\/trotrx.com\/wp-content\/uploads\/2024\/10\/Design-sans-titre-2025-02-24T111129.185-e1740391936319.png","contentUrl":"https:\/\/trotrx.com\/wp-content\/uploads\/2024\/10\/Design-sans-titre-2025-02-24T111129.185-e1740391936319.png","width":1920,"height":370,"caption":"TROTRX - Trottinettes \u00e9lectriques tout-terrain ! \u26a1\ufe0f\ud83d\udef4"},"image":{"@id":"https:\/\/trotrx.com\/de\/#\/schema\/logo\/image\/"}}]}},"_links":{"self":[{"href":"https:\/\/trotrx.com\/de\/wp-json\/wp\/v2\/product\/16825","targetHints":{"allow":["GET"]}}],"collection":[{"href":"https:\/\/trotrx.com\/de\/wp-json\/wp\/v2\/product"}],"about":[{"href":"https:\/\/trotrx.com\/de\/wp-json\/wp\/v2\/types\/product"}],"version-history":[{"count":1,"href":"https:\/\/trotrx.com\/de\/wp-json\/wp\/v2\/product\/16825\/revisions"}],"predecessor-version":[{"id":17739,"href":"https:\/\/trotrx.com\/de\/wp-json\/wp\/v2\/product\/16825\/revisions\/17739"}],"wp:featuredmedia":[{"embeddable":true,"href":"https:\/\/trotrx.com\/de\/wp-json\/wp\/v2\/media\/14034"}],"wp:attachment":[{"href":"https:\/\/trotrx.com\/de\/wp-json\/wp\/v2\/media?parent=16825"}],"wp:term":[{"taxonomy":"product_brand","embeddable":true,"href":"https:\/\/trotrx.com\/de\/wp-json\/wp\/v2\/product_brand?post=16825"},{"taxonomy":"product_cat","embeddable":true,"href":"https:\/\/trotrx.com\/de\/wp-json\/wp\/v2\/product_cat?post=16825"},{"taxonomy":"product_tag","embeddable":true,"href":"https:\/\/trotrx.com\/de\/wp-json\/wp\/v2\/product_tag?post=16825"}],"curies":[{"name":"wp","href":"https:\/\/api.w.org\/{rel}","templated":true}]}}