{"id":16418,"date":"2025-01-06T13:34:28","date_gmt":"2025-01-06T13:34:28","guid":{"rendered":"https:\/\/trotrx.com\/product\/trotrx-e-scoot-fs-20-2x750w\/"},"modified":"2025-05-20T09:40:32","modified_gmt":"2025-05-20T09:40:32","slug":"trotrx-e-scoot-fs-20-2x750w","status":"publish","type":"product","link":"https:\/\/trotrx.com\/de\/product\/trotrx-e-scoot-fs-20-2x750w\/","title":{"rendered":"TROTRX E-SCOOT FS 20&#8243; 2x750W"},"content":{"rendered":"<p><strong><u>TECHNISCHE MERKMALE<\/u><\/strong><\/p>\n<ul>\n<li>Verst\u00e4rkter, manuell TIG-geschwei\u00dfter <strong>Aluminiumrahmen <\/strong>mit blau eloxiertem Finish<\/li>\n<\/ul>\n<p style=\"padding-left: 40px;\">Wir verwenden ein spezielles Eloxalverfahren ohne Lackierung, um eine optimale Sto\u00df- und Sonnenbest\u00e4ndigkeit und eine bessere Haltbarkeit im Laufe der Zeit zu erreichen.<\/p>\n<ul>\n<li>Integrierter, herausnehmbarer 48V 25Ah &#8211; 1200Wh <strong>Akku <\/strong>mit Samsung 21700-50-S Zellen, ausgestattet mit 3 Schmelzsicherungen<\/li>\n<\/ul>\n<p style=\"padding-left: 40px;\">* Es besteht die M\u00f6glichkeit, eine zus\u00e4tzliche Rucksackbatterie (48V 23.4Ah) zu verwenden, um die Laufzeit zu verl\u00e4ngern.<\/p>\n<ul>\n<li><strong>R\u00e4der 20\u2033 &#8211; FAT-Reifen 20\u00d74.00<\/strong><\/li>\n<\/ul>\n<p style=\"padding-left: 40px;\">Die 20&#8220;-R\u00e4der sorgen f\u00fcr eine sehr handliche und nerv\u00f6se Version. Sie erfordert mehr Aufmerksamkeit bei technischen Passagen und steinigen Abfahrten als die 24&#8220;-Version. <\/p>\n<ul>\n<li>48V 750W reduzierter <strong>Motor* <\/strong>.<\/li>\n<\/ul>\n<p style=\"padding-left: 40px;\"><em>*Reduziert: Auf dem Markt gibt es 2 Arten von Motoren:  <\/em><\/p>\n<p style=\"padding-left: 40px;\"><strong><em>Reduzierter Motor :  <\/em><\/strong><em>Mit einem Untersetzungsgetriebe ausgestattet: Wenn das Rad eine Umdrehung macht, macht der Motor anderthalb Umdrehungen, wodurch das Drehmoment erheblich gesteigert wird. Ideal f\u00fcr das Anfahren am Berg und\/oder   <\/em><em>bei Gel\u00e4ndefahrten, w\u00e4hrend der Batterieverbrauch gesenkt wird. Dieser Motor ist bei gleicher Leistung <strong>um ca. 3 kg<\/strong> leichter als ein Direktantriebsmotor (siehe unten). <\/em><\/p>\n<p style=\"padding-left: 40px;\"><strong><em>Motor<\/em><\/strong><strong><em> mit Direktantrieb (direct drive): <\/em><\/strong><em>Im Gegensatz zum gedrosselten Motor ist hier ein st\u00e4rkerer Controller erforderlich, der die Batterie \u00fcberm\u00e4\u00dfig belastet, um die mangelnde Reaktionsf\u00e4higkeit auszugleichen. <\/em> <\/p>\n<p>&nbsp;<\/p>\n<ul>\n<li>Wie bei Fahrr\u00e4dern ist auch beim Scooter eine unterschiedliche Lenkerh\u00f6he erforderlich, die von der K\u00f6rpergr\u00f6\u00dfe des Benutzers abh\u00e4ngt. Sie haben die Wahl zwischen drei verschiedenen Lenkerh\u00f6hen. Die g\u00e4ngigste ist 130 mm, die f\u00fcr Personen mit einer K\u00f6rpergr\u00f6\u00dfe zwischen 1,50 m und 1,80 m geeignet ist. <\/li>\n<li>80 mm<\/li>\n<li>130 mm<\/li>\n<li>180 mm<\/li>\n<\/ul>\n<p>&nbsp;<\/p>\n<ul>\n<li><strong>Bremsen<\/strong><\/li>\n<\/ul>\n<p style=\"padding-left: 40px;\">Bengal 180mm hydraulische Scheibenbremsen vorne und hinten f\u00fcr optimale Bremsleistung unter allen Bedingungen.<\/p>\n<ul>\n<li><strong>Fu\u00dfmarsch (Huf) Vielseitig einsetzbar<\/strong><\/li>\n<\/ul>\n<p style=\"padding-left: 40px;\">Ergonomischer und breiter im hinteren Teil, so dass Sie Ihre Position zwischen flachen Abschnitten und technischen Passagen anpassen k\u00f6nnen.<\/p>\n<ul>\n<li><strong>Spezifikation f\u00fcr das Hinterrad :<\/strong><\/li>\n<\/ul>\n<p style=\"padding-left: 40px;\">Der abnehmbare Hinterbau wurde von uns vor mehreren Jahren entwickelt und erm\u00f6glicht das Einsetzen des Rades, das sich dann automatisch zentriert, sowie die einfache und schnelle Demontage mit einem einzigen 6er Inbusschl\u00fcssel.<\/p>\n<ul>\n<li><strong>Mehrere zus\u00e4tzliche Zubeh\u00f6rteile sind verf\u00fcgbar<\/strong>\n<ul>\n<li>Kotfl\u00fcgel vorne\/hinten<\/li>\n<li>Gep\u00e4cktr\u00e4ger<\/li>\n<li>Seitentaschen<\/li>\n<li>Lenkertaschen<\/li>\n<\/ul>\n<\/li>\n<li><strong><em>Alle Komponenten werden aufgrund ihrer Qualit\u00e4t und Haltbarkeit ausgew\u00e4hlt. Sie sind so konzipiert, dass sie mehrere Jahre intensiver Nutzung \u00fcberstehen. <\/em><\/strong><em>  (au\u00dfer Verschlei\u00dfteile, Reifen, Bremsbel\u00e4ge, usw.)<\/em><\/li>\n<\/ul>\n<p>&nbsp;<\/p>\n<hr>\n<p>&nbsp;<\/p>\n<p><strong><u>AUF DEM FELD<\/u><\/strong><\/p>\n<p>Diese Version mit Zweiradantrieb ist sehr zuverl\u00e4ssig und l\u00e4sst sich schnell und einfach bedienen. Sie ist sehr vielseitig und erm\u00f6glicht es auch schwereren Personen, das gleiche Fahrgef\u00fchl wie bei der Version mit einem Motor zu erleben. Der zus\u00e4tzliche Motor erleichtert das Bew\u00e4ltigen von gro\u00dfen H\u00f6henunterschieden. <\/p>\n<p>Sie k\u00f6nnen es f\u00fcr Ihre Freizeit, Entdeckungsreisen, Sporttouren, aber auch als Nutzfahrzeug oder Arbeitsger\u00e4t verwenden, indem Sie unseren verst\u00e4rkten Gep\u00e4cktr\u00e4ger anbringen. Mit diesem Tr\u00e4ger k\u00f6nnen Sie eine Topcase, eine Kiste oder auch Transporttaschen befestigen. <\/p>\n<p>Der im Rahmen integrierte Akku bietet mehr Freiheit. Der etwas l\u00e4ngere Rahmen bietet mehr Sicherheit bei Abfahrten und schnellen Abschnitten. <\/p>\n<p>&nbsp;<\/p>\n<hr>\n<p>&nbsp;<\/p>\n<p><strong><u>SPEZIFIKATIONEN<\/u><\/strong><\/p>\n<p><strong>Rahmen<\/strong>: Verst\u00e4rktes TIG-geschwei\u00dftes Aluminium, blau eloxiert.<\/p>\n<p><strong>Gabel<\/strong>: RST GUIDE 120 mm Gabel<\/p>\n<p><strong>Sto\u00dfd\u00e4mpfer<\/strong>: DNM 200\u00d760<\/p>\n<p><strong>Bremsen<\/strong>: BENGAL Hydraulisch, 180mm Scheibe<\/p>\n<p><strong>Lenker<\/strong>: Aluminium, 130 mm x 780 mm (Standard) oder 80 mm oder 180 mm f\u00fcr Personen mit einer K\u00f6rpergr\u00f6\u00dfe von 1,85 m oder mehr.<\/p>\n<p><strong>Vorbau<\/strong>: Aluminium 60mm<\/p>\n<p><strong>Steuersatz<\/strong>: FSA Taper mit Kugeln<\/p>\n<p><strong>Felgen<\/strong>: TROTRX\u2122 verst\u00e4rkt doppelwandig 36T<\/p>\n<p><strong>Reifen<\/strong>: FAT INNOVA 20\u00d74.00<\/p>\n<p><strong>Motorisierung<\/strong>: 2x750w Reduziert*.<\/p>\n<p><strong>Eingebauter Akku<\/strong>: Lithium-Ionen 48v 25Ah &#8211; 1200Wh &#8211; Samsung 21700-50-S Zellen, ausgestattet mit 3 Sicherungen<\/p>\n<p><strong>Controller<\/strong>: 2x25Ah<\/p>\n<p><strong>Ladeger\u00e4t<\/strong>: 5Ah<\/p>\n<p><strong>Geschwindigkeit<\/strong>: Beschr\u00e4nkt auf 25 km\/h.<\/p>\n<p><strong>Gewicht <\/strong>: 34.8 kg<\/p>\n<p><strong>L\u00e4nge <\/strong>: 1m84<\/p>\n<p><strong>Reparaturf\u00e4higkeitsindex<\/strong>: 10 Jahre<\/p>\n<p><strong>Gesetzliche Garantie<\/strong>: 2 Jahre<\/p>\n<p><strong>Kommerzielle Garantie <\/strong>: 5 Jahre auf den Rahmen<\/p>\n<p>&nbsp;<\/p>\n<hr>\n<p>&nbsp;<\/p>\n<p><strong><em>Unsere Modelle werden vollst\u00e4ndig in unserem B\u00fcro in Venasque 84210 &#8211; Vaucluse, S\u00fcdfrankreich, entworfen, entwickelt und zusammengebaut.<\/em><\/strong><\/p>\n<p>Die Nutzung von Tretrollern ist geregelt und unterscheidet sich in jedem Land und\/oder jeder Region.<\/p>\n<p><a href=\"https:\/\/trotrx.com\/wp-content\/uploads\/2025\/01\/edpm-2024.pdf\">Klicken Sie hier, um mehr zu erfahren.<\/a><\/p>\n<p>Bitte z\u00f6gern Sie nicht, uns f\u00fcr weitere Informationen zu kontaktieren.<\/p>\n","protected":false},"excerpt":{"rendered":"<p>CT Concept pr\u00e4sentiert die neueste Version des E-Scoot FS 20&#8243; in seiner leistungsst\u00e4rksten Konfiguration. Mit zwei 750W-Motoren und einer integrierten 25Ah-Batterie wird er Ihr Verb\u00fcndeter auf den anspruchsvollsten Wegen sein und bietet eine h\u00f6here Reaktionsf\u00e4higkeit und Reichweite als andere Modelle.   <strong>\u26a0\ufe0f <\/strong><u><strong>ERH\u00c4LTLICH AB JUNI<\/strong><\/u> <\/p>\n","protected":false},"featured_media":6375,"template":"","meta":[],"product_brand":[],"product_cat":[119],"product_tag":[],"class_list":{"0":"post-16418","1":"product","2":"type-product","3":"status-publish","4":"has-post-thumbnail","6":"product_cat-roller","7":"product_shipping_class-roller","9":"first","10":"outofstock","11":"taxable","12":"shipping-taxable","13":"purchasable","14":"product-type-simple"},"yoast_head":"<!-- This site is optimized with the Yoast SEO plugin v27.4 - https:\/\/yoast.com\/product\/yoast-seo-wordpress\/ -->\n<title>TROTRX E-SCOOT FS 20&quot; 2x750W - TROTRX - Trottinettes &eacute;lectriques tout-terrain \u26a1\ufe0f\ud83d\udef4<\/title>\n<meta name=\"description\" content=\"CT Concept pr\u00e4sentiert die neueste Version des E-Scoot FS 20&quot; in seiner leistungsst\u00e4rksten Konfiguration. Mit zwei 750W-Motoren und einer integrierten 25Ah-Batterie wird er Ihr Verb\u00fcndeter auf den anspruchsvollsten Wegen sein und bietet eine h\u00f6here Reaktionsf\u00e4higkeit und Reichweite als andere Modelle.\" \/>\n<meta name=\"robots\" content=\"index, follow, max-snippet:-1, max-image-preview:large, max-video-preview:-1\" \/>\n<link rel=\"canonical\" href=\"https:\/\/trotrx.com\/de\/product\/trotrx-e-scoot-fs-20-2x750w\/\" \/>\n<meta property=\"og:locale\" content=\"de_DE\" \/>\n<meta property=\"og:type\" content=\"article\" \/>\n<meta property=\"og:title\" content=\"TROTRX E-SCOOT FS 20&quot; 2x750W - TROTRX - Trottinettes &eacute;lectriques tout-terrain \u26a1\ufe0f\ud83d\udef4\" \/>\n<meta property=\"og:description\" content=\"CT Concept pr\u00e4sentiert die neueste Version des E-Scoot FS 20&quot; in seiner leistungsst\u00e4rksten Konfiguration. Mit zwei 750W-Motoren und einer integrierten 25Ah-Batterie wird er Ihr Verb\u00fcndeter auf den anspruchsvollsten Wegen sein und bietet eine h\u00f6here Reaktionsf\u00e4higkeit und Reichweite als andere Modelle.\" \/>\n<meta property=\"og:url\" content=\"https:\/\/trotrx.com\/de\/product\/trotrx-e-scoot-fs-20-2x750w\/\" \/>\n<meta property=\"og:site_name\" content=\"TROTRX - Trottinettes &eacute;lectriques tout-terrain \u26a1\ufe0f\ud83d\udef4\" \/>\n<meta property=\"article:modified_time\" content=\"2025-05-20T09:40:32+00:00\" \/>\n<meta name=\"twitter:card\" content=\"summary_large_image\" \/>\n<meta name=\"twitter:label1\" content=\"Gesch\u00e4tzte Lesezeit\" \/>\n\t<meta name=\"twitter:data1\" content=\"3\u00a0Minute\" \/>\n<script type=\"application\/ld+json\" class=\"yoast-schema-graph\">{\"@context\":\"https:\\\/\\\/schema.org\",\"@graph\":[{\"@type\":\"WebPage\",\"@id\":\"https:\\\/\\\/trotrx.com\\\/de\\\/product\\\/trotrx-e-scoot-fs-20-2x750w\\\/\",\"url\":\"https:\\\/\\\/trotrx.com\\\/de\\\/product\\\/trotrx-e-scoot-fs-20-2x750w\\\/\",\"name\":\"TROTRX E-SCOOT FS 20\\\" 2x750W - TROTRX - Trottinettes &eacute;lectriques tout-terrain \u26a1\ufe0f\ud83d\udef4\",\"isPartOf\":{\"@id\":\"https:\\\/\\\/trotrx.com\\\/de\\\/#website\"},\"primaryImageOfPage\":{\"@id\":\"https:\\\/\\\/trotrx.com\\\/de\\\/product\\\/trotrx-e-scoot-fs-20-2x750w\\\/#primaryimage\"},\"image\":{\"@id\":\"https:\\\/\\\/trotrx.com\\\/de\\\/product\\\/trotrx-e-scoot-fs-20-2x750w\\\/#primaryimage\"},\"thumbnailUrl\":\"https:\\\/\\\/trotrx.com\\\/wp-content\\\/uploads\\\/2024\\\/10\\\/TROTRX-E-SCOOT-FS-20_-BATTERIE-INTEGREE-25Ah_2-ROUES-MOTRICES_500W-2.avif\",\"datePublished\":\"2025-01-06T13:34:28+00:00\",\"dateModified\":\"2025-05-20T09:40:32+00:00\",\"description\":\"CT Concept pr\u00e4sentiert die neueste Version des E-Scoot FS 20\\\" in seiner leistungsst\u00e4rksten Konfiguration. Mit zwei 750W-Motoren und einer integrierten 25Ah-Batterie wird er Ihr Verb\u00fcndeter auf den anspruchsvollsten Wegen sein und bietet eine h\u00f6here Reaktionsf\u00e4higkeit und Reichweite als andere Modelle.\",\"breadcrumb\":{\"@id\":\"https:\\\/\\\/trotrx.com\\\/de\\\/product\\\/trotrx-e-scoot-fs-20-2x750w\\\/#breadcrumb\"},\"inLanguage\":\"de\",\"potentialAction\":[{\"@type\":\"ReadAction\",\"target\":[\"https:\\\/\\\/trotrx.com\\\/de\\\/product\\\/trotrx-e-scoot-fs-20-2x750w\\\/\"]}]},{\"@type\":\"ImageObject\",\"inLanguage\":\"de\",\"@id\":\"https:\\\/\\\/trotrx.com\\\/de\\\/product\\\/trotrx-e-scoot-fs-20-2x750w\\\/#primaryimage\",\"url\":\"https:\\\/\\\/trotrx.com\\\/wp-content\\\/uploads\\\/2024\\\/10\\\/TROTRX-E-SCOOT-FS-20_-BATTERIE-INTEGREE-25Ah_2-ROUES-MOTRICES_500W-2.avif\",\"contentUrl\":\"https:\\\/\\\/trotrx.com\\\/wp-content\\\/uploads\\\/2024\\\/10\\\/TROTRX-E-SCOOT-FS-20_-BATTERIE-INTEGREE-25Ah_2-ROUES-MOTRICES_500W-2.avif\",\"width\":1080,\"height\":1080,\"caption\":\"TROTRX E-SCOOT FS 20_ (25Ah INTEGRIERTE BATTERIE_2 R\u00c4DER_500W) 2\"},{\"@type\":\"BreadcrumbList\",\"@id\":\"https:\\\/\\\/trotrx.com\\\/de\\\/product\\\/trotrx-e-scoot-fs-20-2x750w\\\/#breadcrumb\",\"itemListElement\":[{\"@type\":\"ListItem\",\"position\":1,\"name\":\"Startseite\",\"item\":\"https:\\\/\\\/trotrx.com\\\/de\\\/startseite\\\/\"},{\"@type\":\"ListItem\",\"position\":2,\"name\":\"Shop\",\"item\":\"https:\\\/\\\/trotrx.com\\\/boutique\\\/\"},{\"@type\":\"ListItem\",\"position\":3,\"name\":\"TROTRX E-SCOOT FS 20&Prime; 2x750W\"}]},{\"@type\":\"WebSite\",\"@id\":\"https:\\\/\\\/trotrx.com\\\/de\\\/#website\",\"url\":\"https:\\\/\\\/trotrx.com\\\/de\\\/\",\"name\":\"TROTRX - Trottinettes \u00e9lectriques tout-terrain ! \u26a1\ufe0f\ud83d\udef4\",\"description\":\"TROTRX - La trottinette &eacute;lectrique tout-terrain depuis 2008\",\"publisher\":{\"@id\":\"https:\\\/\\\/trotrx.com\\\/de\\\/#organization\"},\"alternateName\":\"TROTRX \u26a1\ufe0f\ud83d\udef4\",\"potentialAction\":[{\"@type\":\"SearchAction\",\"target\":{\"@type\":\"EntryPoint\",\"urlTemplate\":\"https:\\\/\\\/trotrx.com\\\/de\\\/?s={search_term_string}\"},\"query-input\":{\"@type\":\"PropertyValueSpecification\",\"valueRequired\":true,\"valueName\":\"search_term_string\"}}],\"inLanguage\":\"de\"},{\"@type\":\"Organization\",\"@id\":\"https:\\\/\\\/trotrx.com\\\/de\\\/#organization\",\"name\":\"TROTRX - Trottinettes \u00e9lectriques tout-terrain ! \u26a1\ufe0f\ud83d\udef4\",\"url\":\"https:\\\/\\\/trotrx.com\\\/de\\\/\",\"logo\":{\"@type\":\"ImageObject\",\"inLanguage\":\"de\",\"@id\":\"https:\\\/\\\/trotrx.com\\\/de\\\/#\\\/schema\\\/logo\\\/image\\\/\",\"url\":\"https:\\\/\\\/trotrx.com\\\/wp-content\\\/uploads\\\/2024\\\/10\\\/Design-sans-titre-2025-02-24T111129.185-e1740391936319.png\",\"contentUrl\":\"https:\\\/\\\/trotrx.com\\\/wp-content\\\/uploads\\\/2024\\\/10\\\/Design-sans-titre-2025-02-24T111129.185-e1740391936319.png\",\"width\":1920,\"height\":370,\"caption\":\"TROTRX - Trottinettes \u00e9lectriques tout-terrain ! \u26a1\ufe0f\ud83d\udef4\"},\"image\":{\"@id\":\"https:\\\/\\\/trotrx.com\\\/de\\\/#\\\/schema\\\/logo\\\/image\\\/\"}}]}<\/script>\n<!-- \/ Yoast SEO plugin. -->","yoast_head_json":{"title":"TROTRX E-SCOOT FS 20\" 2x750W - TROTRX - Trottinettes &eacute;lectriques tout-terrain \u26a1\ufe0f\ud83d\udef4","description":"CT Concept pr\u00e4sentiert die neueste Version des E-Scoot FS 20\" in seiner leistungsst\u00e4rksten Konfiguration. Mit zwei 750W-Motoren und einer integrierten 25Ah-Batterie wird er Ihr Verb\u00fcndeter auf den anspruchsvollsten Wegen sein und bietet eine h\u00f6here Reaktionsf\u00e4higkeit und Reichweite als andere Modelle.","robots":{"index":"index","follow":"follow","max-snippet":"max-snippet:-1","max-image-preview":"max-image-preview:large","max-video-preview":"max-video-preview:-1"},"canonical":"https:\/\/trotrx.com\/de\/product\/trotrx-e-scoot-fs-20-2x750w\/","og_locale":"de_DE","og_type":"article","og_title":"TROTRX E-SCOOT FS 20\" 2x750W - TROTRX - Trottinettes &eacute;lectriques tout-terrain \u26a1\ufe0f\ud83d\udef4","og_description":"CT Concept pr\u00e4sentiert die neueste Version des E-Scoot FS 20\" in seiner leistungsst\u00e4rksten Konfiguration. Mit zwei 750W-Motoren und einer integrierten 25Ah-Batterie wird er Ihr Verb\u00fcndeter auf den anspruchsvollsten Wegen sein und bietet eine h\u00f6here Reaktionsf\u00e4higkeit und Reichweite als andere Modelle.","og_url":"https:\/\/trotrx.com\/de\/product\/trotrx-e-scoot-fs-20-2x750w\/","og_site_name":"TROTRX - Trottinettes &eacute;lectriques tout-terrain \u26a1\ufe0f\ud83d\udef4","article_modified_time":"2025-05-20T09:40:32+00:00","twitter_card":"summary_large_image","twitter_misc":{"Gesch\u00e4tzte Lesezeit":"3\u00a0Minute"},"schema":{"@context":"https:\/\/schema.org","@graph":[{"@type":"WebPage","@id":"https:\/\/trotrx.com\/de\/product\/trotrx-e-scoot-fs-20-2x750w\/","url":"https:\/\/trotrx.com\/de\/product\/trotrx-e-scoot-fs-20-2x750w\/","name":"TROTRX E-SCOOT FS 20\" 2x750W - TROTRX - Trottinettes &eacute;lectriques tout-terrain \u26a1\ufe0f\ud83d\udef4","isPartOf":{"@id":"https:\/\/trotrx.com\/de\/#website"},"primaryImageOfPage":{"@id":"https:\/\/trotrx.com\/de\/product\/trotrx-e-scoot-fs-20-2x750w\/#primaryimage"},"image":{"@id":"https:\/\/trotrx.com\/de\/product\/trotrx-e-scoot-fs-20-2x750w\/#primaryimage"},"thumbnailUrl":"https:\/\/trotrx.com\/wp-content\/uploads\/2024\/10\/TROTRX-E-SCOOT-FS-20_-BATTERIE-INTEGREE-25Ah_2-ROUES-MOTRICES_500W-2.avif","datePublished":"2025-01-06T13:34:28+00:00","dateModified":"2025-05-20T09:40:32+00:00","description":"CT Concept pr\u00e4sentiert die neueste Version des E-Scoot FS 20\" in seiner leistungsst\u00e4rksten Konfiguration. Mit zwei 750W-Motoren und einer integrierten 25Ah-Batterie wird er Ihr Verb\u00fcndeter auf den anspruchsvollsten Wegen sein und bietet eine h\u00f6here Reaktionsf\u00e4higkeit und Reichweite als andere Modelle.","breadcrumb":{"@id":"https:\/\/trotrx.com\/de\/product\/trotrx-e-scoot-fs-20-2x750w\/#breadcrumb"},"inLanguage":"de","potentialAction":[{"@type":"ReadAction","target":["https:\/\/trotrx.com\/de\/product\/trotrx-e-scoot-fs-20-2x750w\/"]}]},{"@type":"ImageObject","inLanguage":"de","@id":"https:\/\/trotrx.com\/de\/product\/trotrx-e-scoot-fs-20-2x750w\/#primaryimage","url":"https:\/\/trotrx.com\/wp-content\/uploads\/2024\/10\/TROTRX-E-SCOOT-FS-20_-BATTERIE-INTEGREE-25Ah_2-ROUES-MOTRICES_500W-2.avif","contentUrl":"https:\/\/trotrx.com\/wp-content\/uploads\/2024\/10\/TROTRX-E-SCOOT-FS-20_-BATTERIE-INTEGREE-25Ah_2-ROUES-MOTRICES_500W-2.avif","width":1080,"height":1080,"caption":"TROTRX E-SCOOT FS 20_ (25Ah INTEGRIERTE BATTERIE_2 R\u00c4DER_500W) 2"},{"@type":"BreadcrumbList","@id":"https:\/\/trotrx.com\/de\/product\/trotrx-e-scoot-fs-20-2x750w\/#breadcrumb","itemListElement":[{"@type":"ListItem","position":1,"name":"Startseite","item":"https:\/\/trotrx.com\/de\/startseite\/"},{"@type":"ListItem","position":2,"name":"Shop","item":"https:\/\/trotrx.com\/boutique\/"},{"@type":"ListItem","position":3,"name":"TROTRX E-SCOOT FS 20&Prime; 2x750W"}]},{"@type":"WebSite","@id":"https:\/\/trotrx.com\/de\/#website","url":"https:\/\/trotrx.com\/de\/","name":"TROTRX - Trottinettes \u00e9lectriques tout-terrain ! \u26a1\ufe0f\ud83d\udef4","description":"TROTRX - La trottinette &eacute;lectrique tout-terrain depuis 2008","publisher":{"@id":"https:\/\/trotrx.com\/de\/#organization"},"alternateName":"TROTRX \u26a1\ufe0f\ud83d\udef4","potentialAction":[{"@type":"SearchAction","target":{"@type":"EntryPoint","urlTemplate":"https:\/\/trotrx.com\/de\/?s={search_term_string}"},"query-input":{"@type":"PropertyValueSpecification","valueRequired":true,"valueName":"search_term_string"}}],"inLanguage":"de"},{"@type":"Organization","@id":"https:\/\/trotrx.com\/de\/#organization","name":"TROTRX - Trottinettes \u00e9lectriques tout-terrain ! \u26a1\ufe0f\ud83d\udef4","url":"https:\/\/trotrx.com\/de\/","logo":{"@type":"ImageObject","inLanguage":"de","@id":"https:\/\/trotrx.com\/de\/#\/schema\/logo\/image\/","url":"https:\/\/trotrx.com\/wp-content\/uploads\/2024\/10\/Design-sans-titre-2025-02-24T111129.185-e1740391936319.png","contentUrl":"https:\/\/trotrx.com\/wp-content\/uploads\/2024\/10\/Design-sans-titre-2025-02-24T111129.185-e1740391936319.png","width":1920,"height":370,"caption":"TROTRX - Trottinettes \u00e9lectriques tout-terrain ! \u26a1\ufe0f\ud83d\udef4"},"image":{"@id":"https:\/\/trotrx.com\/de\/#\/schema\/logo\/image\/"}}]}},"_links":{"self":[{"href":"https:\/\/trotrx.com\/de\/wp-json\/wp\/v2\/product\/16418","targetHints":{"allow":["GET"]}}],"collection":[{"href":"https:\/\/trotrx.com\/de\/wp-json\/wp\/v2\/product"}],"about":[{"href":"https:\/\/trotrx.com\/de\/wp-json\/wp\/v2\/types\/product"}],"version-history":[{"count":1,"href":"https:\/\/trotrx.com\/de\/wp-json\/wp\/v2\/product\/16418\/revisions"}],"predecessor-version":[{"id":17919,"href":"https:\/\/trotrx.com\/de\/wp-json\/wp\/v2\/product\/16418\/revisions\/17919"}],"wp:featuredmedia":[{"embeddable":true,"href":"https:\/\/trotrx.com\/de\/wp-json\/wp\/v2\/media\/6375"}],"wp:attachment":[{"href":"https:\/\/trotrx.com\/de\/wp-json\/wp\/v2\/media?parent=16418"}],"wp:term":[{"taxonomy":"product_brand","embeddable":true,"href":"https:\/\/trotrx.com\/de\/wp-json\/wp\/v2\/product_brand?post=16418"},{"taxonomy":"product_cat","embeddable":true,"href":"https:\/\/trotrx.com\/de\/wp-json\/wp\/v2\/product_cat?post=16418"},{"taxonomy":"product_tag","embeddable":true,"href":"https:\/\/trotrx.com\/de\/wp-json\/wp\/v2\/product_tag?post=16418"}],"curies":[{"name":"wp","href":"https:\/\/api.w.org\/{rel}","templated":true}]}}