{"id":15804,"date":"2025-01-06T13:35:10","date_gmt":"2025-01-06T13:35:10","guid":{"rendered":"https:\/\/trotrx.com\/product\/hintergriff-x2-modelle-2019\/"},"modified":"2026-01-06T07:37:23","modified_gmt":"2026-01-06T07:37:23","slug":"hintergriff-x2-modelle-2019","status":"publish","type":"product","link":"https:\/\/trotrx.com\/de\/product\/hintergriff-x2-modelle-2019\/","title":{"rendered":"HINTERGRIFF x2 (MODELLE 2019+)"},"content":{"rendered":"<p>Hintere Rahmenlasche f\u00fcr motorisierte Modelle.<\/p>\n<p>Hergestellt aus Aluminium.<\/p>\n<p>Verkauft in einem Set von 2 St\u00fcck.<\/p>\n<p>Geeignet f\u00fcr die Modelle :<\/p>\n<p>&#8211; TROTRX E-SCOOT FS 20&#8243; (BATTERIE 23.4Ah\/MONO MOTOR\/500W)<\/p>\n<p>&#8211; TROTRX E-SCOOT FS 20&#8243; (BATTERIE 23.4Ah\/2 ANTRIEBSR\u00c4DER\/500W)<\/p>\n<p>&#8211; TROTRX E-SCOOT FS 20&#8243; (25Ah INTEGRIERTE BATTERIE\/MONO MOTOR\/500W)<\/p>\n<p>&#8211; TROTRX E-SCOOT FS 20&#8243; (25Ah INTEGRIERTE BATTERIE\/MONO MOTOR\/750W)<\/p>\n<p>&#8211; TROTRX E-SCOOT FS 20&#8243; (EINGEBAUTE BATTERIE 25Ah\/2 R\u00c4DER\/500W)<\/p>\n<p>&#8211; TROTRX E-SCOOT FS 20&#8243; (EINGEBAUTE BATTERIE 25Ah\/2 R\u00c4DER\/750W)<\/p>\n<p>&#8211; TROTRX E-SCOOT FS 24&#8243; (BATTERIE 23.4Ah\/EINZELMOTOR\/500W)<\/p>\n<p>&#8211; TROTRX E-SCOOT FS 24&#8243; (BATTERIE 23.4Ah\/2 ANTRIEBSR\u00c4DER\/500W)<\/p>\n<p>&#8211; TROTRX E-SCOOT FS 24&#8243; (25Ah INTEGRIERTE BATTERIE\/MONO MOTOR\/500W)<\/p>\n<p>&#8211; TROTRX E-SCOOT FS 24&#8243; (25Ah INTEGRIERTE BATTERIE\/MONO MOTOR\/750W)<\/p>\n<p>&#8211; TROTRX E-SCOOT FS 24&#8243; (EINGEBAUTE BATTERIE 25Ah\/2 R\u00c4DER\/500W)<\/p>\n<p>&#8211; TROTRX E-SCOOT FS 24&#8243; (EINGEBAUTE BATTERIE 25Ah\/2 R\u00c4DER\/750W)<\/p>\n","protected":false},"excerpt":{"rendered":"<p>Standard-Hecklasche.<br \/>Geeignet f\u00fcr Modelle, die nach 2019 verkauft werden.<br \/>Verpackt in Paaren.<\/p>\n","protected":false},"featured_media":5632,"template":"","meta":[],"product_brand":[],"product_cat":[121],"product_tag":[],"class_list":{"0":"post-15804","1":"product","2":"type-product","3":"status-publish","4":"has-post-thumbnail","6":"product_cat-komponenten","8":"first","9":"instock","10":"taxable","11":"shipping-taxable","12":"purchasable","13":"product-type-simple"},"yoast_head":"<!-- This site is optimized with the Yoast SEO plugin v27.3 - https:\/\/yoast.com\/product\/yoast-seo-wordpress\/ -->\n<title>HINTERGRIFF x2 (MODELLE 2019+) - TROTRX - Trottinettes &eacute;lectriques tout-terrain \u26a1\ufe0f\ud83d\udef4<\/title>\n<meta name=\"description\" content=\"Standardm\u00e4\u00dfige hintere Lasche. Geeignet f\u00fcr Modelle, die nach 2019 verkauft werden. Verpackt als Paar.\" \/>\n<meta name=\"robots\" content=\"index, follow, max-snippet:-1, max-image-preview:large, max-video-preview:-1\" \/>\n<link rel=\"canonical\" href=\"https:\/\/trotrx.com\/de\/product\/hintergriff-x2-modelle-2019\/\" \/>\n<meta property=\"og:locale\" content=\"de_DE\" \/>\n<meta property=\"og:type\" content=\"article\" \/>\n<meta property=\"og:title\" content=\"HINTERGRIFF x2 (MODELLE 2019+) - TROTRX - Trottinettes &eacute;lectriques tout-terrain \u26a1\ufe0f\ud83d\udef4\" \/>\n<meta property=\"og:description\" content=\"Standardm\u00e4\u00dfige hintere Lasche. Geeignet f\u00fcr Modelle, die nach 2019 verkauft werden. Verpackt als Paar.\" \/>\n<meta property=\"og:url\" content=\"https:\/\/trotrx.com\/de\/product\/hintergriff-x2-modelle-2019\/\" \/>\n<meta property=\"og:site_name\" content=\"TROTRX - Trottinettes &eacute;lectriques tout-terrain \u26a1\ufe0f\ud83d\udef4\" \/>\n<meta property=\"article:modified_time\" content=\"2026-01-06T07:37:23+00:00\" \/>\n<meta name=\"twitter:card\" content=\"summary_large_image\" \/>\n<meta name=\"twitter:label1\" content=\"Gesch\u00e4tzte Lesezeit\" \/>\n\t<meta name=\"twitter:data1\" content=\"1\u00a0Minute\" \/>\n<script type=\"application\/ld+json\" class=\"yoast-schema-graph\">{\"@context\":\"https:\\\/\\\/schema.org\",\"@graph\":[{\"@type\":\"WebPage\",\"@id\":\"https:\\\/\\\/trotrx.com\\\/de\\\/product\\\/hintergriff-x2-modelle-2019\\\/\",\"url\":\"https:\\\/\\\/trotrx.com\\\/de\\\/product\\\/hintergriff-x2-modelle-2019\\\/\",\"name\":\"HINTERGRIFF x2 (MODELLE 2019+) - TROTRX - Trottinettes &eacute;lectriques tout-terrain \u26a1\ufe0f\ud83d\udef4\",\"isPartOf\":{\"@id\":\"https:\\\/\\\/trotrx.com\\\/de\\\/#website\"},\"primaryImageOfPage\":{\"@id\":\"https:\\\/\\\/trotrx.com\\\/de\\\/product\\\/hintergriff-x2-modelle-2019\\\/#primaryimage\"},\"image\":{\"@id\":\"https:\\\/\\\/trotrx.com\\\/de\\\/product\\\/hintergriff-x2-modelle-2019\\\/#primaryimage\"},\"thumbnailUrl\":\"https:\\\/\\\/trotrx.com\\\/wp-content\\\/uploads\\\/2024\\\/10\\\/PATTE-ARRIERE-x2-MODELES-2019.avif\",\"datePublished\":\"2025-01-06T13:35:10+00:00\",\"dateModified\":\"2026-01-06T07:37:23+00:00\",\"description\":\"Standardm\u00e4\u00dfige hintere Lasche. Geeignet f\u00fcr Modelle, die nach 2019 verkauft werden. Verpackt als Paar.\",\"breadcrumb\":{\"@id\":\"https:\\\/\\\/trotrx.com\\\/de\\\/product\\\/hintergriff-x2-modelle-2019\\\/#breadcrumb\"},\"inLanguage\":\"de\",\"potentialAction\":[{\"@type\":\"ReadAction\",\"target\":[\"https:\\\/\\\/trotrx.com\\\/de\\\/product\\\/hintergriff-x2-modelle-2019\\\/\"]}]},{\"@type\":\"ImageObject\",\"inLanguage\":\"de\",\"@id\":\"https:\\\/\\\/trotrx.com\\\/de\\\/product\\\/hintergriff-x2-modelle-2019\\\/#primaryimage\",\"url\":\"https:\\\/\\\/trotrx.com\\\/wp-content\\\/uploads\\\/2024\\\/10\\\/PATTE-ARRIERE-x2-MODELES-2019.avif\",\"contentUrl\":\"https:\\\/\\\/trotrx.com\\\/wp-content\\\/uploads\\\/2024\\\/10\\\/PATTE-ARRIERE-x2-MODELES-2019.avif\",\"width\":1080,\"height\":1080},{\"@type\":\"BreadcrumbList\",\"@id\":\"https:\\\/\\\/trotrx.com\\\/de\\\/product\\\/hintergriff-x2-modelle-2019\\\/#breadcrumb\",\"itemListElement\":[{\"@type\":\"ListItem\",\"position\":1,\"name\":\"Startseite\",\"item\":\"https:\\\/\\\/trotrx.com\\\/de\\\/startseite\\\/\"},{\"@type\":\"ListItem\",\"position\":2,\"name\":\"Shop\",\"item\":\"https:\\\/\\\/trotrx.com\\\/boutique\\\/\"},{\"@type\":\"ListItem\",\"position\":3,\"name\":\"HINTERGRIFF x2 (MODELLE 2019+)\"}]},{\"@type\":\"WebSite\",\"@id\":\"https:\\\/\\\/trotrx.com\\\/de\\\/#website\",\"url\":\"https:\\\/\\\/trotrx.com\\\/de\\\/\",\"name\":\"TROTRX - Trottinettes \u00e9lectriques tout-terrain ! \u26a1\ufe0f\ud83d\udef4\",\"description\":\"TROTRX - La trottinette &eacute;lectrique tout-terrain depuis 2008\",\"publisher\":{\"@id\":\"https:\\\/\\\/trotrx.com\\\/de\\\/#organization\"},\"alternateName\":\"TROTRX \u26a1\ufe0f\ud83d\udef4\",\"potentialAction\":[{\"@type\":\"SearchAction\",\"target\":{\"@type\":\"EntryPoint\",\"urlTemplate\":\"https:\\\/\\\/trotrx.com\\\/de\\\/?s={search_term_string}\"},\"query-input\":{\"@type\":\"PropertyValueSpecification\",\"valueRequired\":true,\"valueName\":\"search_term_string\"}}],\"inLanguage\":\"de\"},{\"@type\":\"Organization\",\"@id\":\"https:\\\/\\\/trotrx.com\\\/de\\\/#organization\",\"name\":\"TROTRX - Trottinettes \u00e9lectriques tout-terrain ! \u26a1\ufe0f\ud83d\udef4\",\"url\":\"https:\\\/\\\/trotrx.com\\\/de\\\/\",\"logo\":{\"@type\":\"ImageObject\",\"inLanguage\":\"de\",\"@id\":\"https:\\\/\\\/trotrx.com\\\/de\\\/#\\\/schema\\\/logo\\\/image\\\/\",\"url\":\"https:\\\/\\\/trotrx.com\\\/wp-content\\\/uploads\\\/2024\\\/10\\\/Design-sans-titre-2025-02-24T111129.185-e1740391936319.png\",\"contentUrl\":\"https:\\\/\\\/trotrx.com\\\/wp-content\\\/uploads\\\/2024\\\/10\\\/Design-sans-titre-2025-02-24T111129.185-e1740391936319.png\",\"width\":1920,\"height\":370,\"caption\":\"TROTRX - Trottinettes \u00e9lectriques tout-terrain ! \u26a1\ufe0f\ud83d\udef4\"},\"image\":{\"@id\":\"https:\\\/\\\/trotrx.com\\\/de\\\/#\\\/schema\\\/logo\\\/image\\\/\"}}]}<\/script>\n<!-- \/ Yoast SEO plugin. -->","yoast_head_json":{"title":"HINTERGRIFF x2 (MODELLE 2019+) - TROTRX - Trottinettes &eacute;lectriques tout-terrain \u26a1\ufe0f\ud83d\udef4","description":"Standardm\u00e4\u00dfige hintere Lasche. Geeignet f\u00fcr Modelle, die nach 2019 verkauft werden. Verpackt als Paar.","robots":{"index":"index","follow":"follow","max-snippet":"max-snippet:-1","max-image-preview":"max-image-preview:large","max-video-preview":"max-video-preview:-1"},"canonical":"https:\/\/trotrx.com\/de\/product\/hintergriff-x2-modelle-2019\/","og_locale":"de_DE","og_type":"article","og_title":"HINTERGRIFF x2 (MODELLE 2019+) - TROTRX - Trottinettes &eacute;lectriques tout-terrain \u26a1\ufe0f\ud83d\udef4","og_description":"Standardm\u00e4\u00dfige hintere Lasche. Geeignet f\u00fcr Modelle, die nach 2019 verkauft werden. Verpackt als Paar.","og_url":"https:\/\/trotrx.com\/de\/product\/hintergriff-x2-modelle-2019\/","og_site_name":"TROTRX - Trottinettes &eacute;lectriques tout-terrain \u26a1\ufe0f\ud83d\udef4","article_modified_time":"2026-01-06T07:37:23+00:00","twitter_card":"summary_large_image","twitter_misc":{"Gesch\u00e4tzte Lesezeit":"1\u00a0Minute"},"schema":{"@context":"https:\/\/schema.org","@graph":[{"@type":"WebPage","@id":"https:\/\/trotrx.com\/de\/product\/hintergriff-x2-modelle-2019\/","url":"https:\/\/trotrx.com\/de\/product\/hintergriff-x2-modelle-2019\/","name":"HINTERGRIFF x2 (MODELLE 2019+) - TROTRX - Trottinettes &eacute;lectriques tout-terrain \u26a1\ufe0f\ud83d\udef4","isPartOf":{"@id":"https:\/\/trotrx.com\/de\/#website"},"primaryImageOfPage":{"@id":"https:\/\/trotrx.com\/de\/product\/hintergriff-x2-modelle-2019\/#primaryimage"},"image":{"@id":"https:\/\/trotrx.com\/de\/product\/hintergriff-x2-modelle-2019\/#primaryimage"},"thumbnailUrl":"https:\/\/trotrx.com\/wp-content\/uploads\/2024\/10\/PATTE-ARRIERE-x2-MODELES-2019.avif","datePublished":"2025-01-06T13:35:10+00:00","dateModified":"2026-01-06T07:37:23+00:00","description":"Standardm\u00e4\u00dfige hintere Lasche. Geeignet f\u00fcr Modelle, die nach 2019 verkauft werden. Verpackt als Paar.","breadcrumb":{"@id":"https:\/\/trotrx.com\/de\/product\/hintergriff-x2-modelle-2019\/#breadcrumb"},"inLanguage":"de","potentialAction":[{"@type":"ReadAction","target":["https:\/\/trotrx.com\/de\/product\/hintergriff-x2-modelle-2019\/"]}]},{"@type":"ImageObject","inLanguage":"de","@id":"https:\/\/trotrx.com\/de\/product\/hintergriff-x2-modelle-2019\/#primaryimage","url":"https:\/\/trotrx.com\/wp-content\/uploads\/2024\/10\/PATTE-ARRIERE-x2-MODELES-2019.avif","contentUrl":"https:\/\/trotrx.com\/wp-content\/uploads\/2024\/10\/PATTE-ARRIERE-x2-MODELES-2019.avif","width":1080,"height":1080},{"@type":"BreadcrumbList","@id":"https:\/\/trotrx.com\/de\/product\/hintergriff-x2-modelle-2019\/#breadcrumb","itemListElement":[{"@type":"ListItem","position":1,"name":"Startseite","item":"https:\/\/trotrx.com\/de\/startseite\/"},{"@type":"ListItem","position":2,"name":"Shop","item":"https:\/\/trotrx.com\/boutique\/"},{"@type":"ListItem","position":3,"name":"HINTERGRIFF x2 (MODELLE 2019+)"}]},{"@type":"WebSite","@id":"https:\/\/trotrx.com\/de\/#website","url":"https:\/\/trotrx.com\/de\/","name":"TROTRX - Trottinettes \u00e9lectriques tout-terrain ! \u26a1\ufe0f\ud83d\udef4","description":"TROTRX - La trottinette &eacute;lectrique tout-terrain depuis 2008","publisher":{"@id":"https:\/\/trotrx.com\/de\/#organization"},"alternateName":"TROTRX \u26a1\ufe0f\ud83d\udef4","potentialAction":[{"@type":"SearchAction","target":{"@type":"EntryPoint","urlTemplate":"https:\/\/trotrx.com\/de\/?s={search_term_string}"},"query-input":{"@type":"PropertyValueSpecification","valueRequired":true,"valueName":"search_term_string"}}],"inLanguage":"de"},{"@type":"Organization","@id":"https:\/\/trotrx.com\/de\/#organization","name":"TROTRX - Trottinettes \u00e9lectriques tout-terrain ! \u26a1\ufe0f\ud83d\udef4","url":"https:\/\/trotrx.com\/de\/","logo":{"@type":"ImageObject","inLanguage":"de","@id":"https:\/\/trotrx.com\/de\/#\/schema\/logo\/image\/","url":"https:\/\/trotrx.com\/wp-content\/uploads\/2024\/10\/Design-sans-titre-2025-02-24T111129.185-e1740391936319.png","contentUrl":"https:\/\/trotrx.com\/wp-content\/uploads\/2024\/10\/Design-sans-titre-2025-02-24T111129.185-e1740391936319.png","width":1920,"height":370,"caption":"TROTRX - Trottinettes \u00e9lectriques tout-terrain ! \u26a1\ufe0f\ud83d\udef4"},"image":{"@id":"https:\/\/trotrx.com\/de\/#\/schema\/logo\/image\/"}}]}},"_links":{"self":[{"href":"https:\/\/trotrx.com\/de\/wp-json\/wp\/v2\/product\/15804","targetHints":{"allow":["GET"]}}],"collection":[{"href":"https:\/\/trotrx.com\/de\/wp-json\/wp\/v2\/product"}],"about":[{"href":"https:\/\/trotrx.com\/de\/wp-json\/wp\/v2\/types\/product"}],"version-history":[{"count":1,"href":"https:\/\/trotrx.com\/de\/wp-json\/wp\/v2\/product\/15804\/revisions"}],"predecessor-version":[{"id":22729,"href":"https:\/\/trotrx.com\/de\/wp-json\/wp\/v2\/product\/15804\/revisions\/22729"}],"wp:featuredmedia":[{"embeddable":true,"href":"https:\/\/trotrx.com\/de\/wp-json\/wp\/v2\/media\/5632"}],"wp:attachment":[{"href":"https:\/\/trotrx.com\/de\/wp-json\/wp\/v2\/media?parent=15804"}],"wp:term":[{"taxonomy":"product_brand","embeddable":true,"href":"https:\/\/trotrx.com\/de\/wp-json\/wp\/v2\/product_brand?post=15804"},{"taxonomy":"product_cat","embeddable":true,"href":"https:\/\/trotrx.com\/de\/wp-json\/wp\/v2\/product_cat?post=15804"},{"taxonomy":"product_tag","embeddable":true,"href":"https:\/\/trotrx.com\/de\/wp-json\/wp\/v2\/product_tag?post=15804"}],"curies":[{"name":"wp","href":"https:\/\/api.w.org\/{rel}","templated":true}]}}