{"id":20944,"date":"2025-10-10T10:11:42","date_gmt":"2025-10-10T10:11:42","guid":{"rendered":"https:\/\/trotrx.com\/startseite\/verkehr-von-rollern\/"},"modified":"2025-10-14T11:19:21","modified_gmt":"2025-10-14T11:19:21","slug":"verkehr-von-rollern","status":"publish","type":"page","link":"https:\/\/trotrx.com\/de\/startseite\/verkehr-von-rollern\/","title":{"rendered":"Verkehr von Rollern"},"content":{"rendered":"\t\t<div data-elementor-type=\"wp-page\" data-elementor-id=\"20944\" class=\"elementor elementor-20944 elementor-20758\" data-elementor-post-type=\"page\">\n\t\t\t\t<div data-marvy_enable_gradient_animation=\"false\" data-marvy_enable_snow_animation=\"false\" class=\"elementor-element elementor-element-b6d2237 e-con-full e-flex e-con e-parent\" data-id=\"b6d2237\" data-element_type=\"container\" data-e-type=\"container\" data-settings=\"{&quot;background_background&quot;:&quot;classic&quot;}\">\n\t\t<div data-marvy_enable_gradient_animation=\"false\" data-marvy_enable_snow_animation=\"false\" class=\"elementor-element elementor-element-42a6c88 e-flex e-con-boxed e-con e-child\" data-id=\"42a6c88\" data-element_type=\"container\" data-e-type=\"container\">\n\t\t\t\t\t<div class=\"e-con-inner\">\n\t\t<div data-marvy_enable_gradient_animation=\"false\" data-marvy_enable_snow_animation=\"false\" class=\"elementor-element elementor-element-c259b21 e-con-full e-flex e-con e-child\" data-id=\"c259b21\" data-element_type=\"container\" data-e-type=\"container\" data-settings=\"{&quot;background_background&quot;:&quot;classic&quot;}\">\n\t\t<div data-marvy_enable_gradient_animation=\"false\" data-marvy_enable_snow_animation=\"false\" class=\"elementor-element elementor-element-4aa2cad e-con-full e-flex e-con e-child\" data-id=\"4aa2cad\" data-element_type=\"container\" data-e-type=\"container\">\n\t\t<div data-marvy_enable_gradient_animation=\"false\" data-marvy_enable_snow_animation=\"false\" class=\"elementor-element elementor-element-ff7a792 e-con-full e-flex e-con e-child\" data-id=\"ff7a792\" data-element_type=\"container\" data-e-type=\"container\">\n\t\t<div data-marvy_enable_gradient_animation=\"false\" data-marvy_enable_snow_animation=\"false\" class=\"elementor-element elementor-element-453db4a e-con-full e-flex e-con e-child\" data-id=\"453db4a\" data-element_type=\"container\" data-e-type=\"container\">\n\t\t\t\t<div class=\"elementor-element elementor-element-0e2efff elementor-widget elementor-widget-heading\" data-id=\"0e2efff\" data-element_type=\"widget\" data-e-type=\"widget\" data-widget_type=\"heading.default\">\n\t\t\t\t<div class=\"elementor-widget-container\">\n\t\t\t\t\t<p class=\"elementor-heading-title elementor-size-default\">Verkehr von Rollern auf \u00f6ffentlichen Stra\u00dfen<\/p>\t\t\t\t<\/div>\n\t\t\t\t<\/div>\n\t\t\t\t<\/div>\n\t\t\t\t<\/div>\n\t\t\t\t<\/div>\n\t\t\t\t<\/div>\n\t\t\t\t\t<\/div>\n\t\t\t\t<\/div>\n\t\t\t\t<\/div>\n\t\t<div data-marvy_enable_gradient_animation=\"false\" data-marvy_enable_snow_animation=\"false\" class=\"elementor-element elementor-element-d3553cf e-flex e-con-boxed e-con e-parent\" data-id=\"d3553cf\" data-element_type=\"container\" data-e-type=\"container\">\n\t\t\t\t\t<div class=\"e-con-inner\">\n\t\t\t\t<div class=\"elementor-element elementor-element-ea49a4a elementor-widget elementor-widget-text-editor\" data-id=\"ea49a4a\" data-element_type=\"widget\" data-e-type=\"widget\" data-widget_type=\"text-editor.default\">\n\t\t\t\t<div class=\"elementor-widget-container\">\n\t\t\t\t\t\t\t\t\t<h2>\ud83d\udef4 Regulierung von Elektro-Rollern in Europa* (2025)<\/h2>\n<div>\n<div>\n<table>\n<thead>\n<tr>\n<th>\ud83c\uddea\ud83c\uddfa <strong>Land<\/strong><\/th>\n<th>\ud83d\udea6 <strong>Max. Geschwindigkeit<\/strong><\/th>\n<th>\ud83e\uddd2 <strong>Mindestalter<\/strong><\/th>\n<th>\ud83e\ude96 <strong>Kopfh\u00f6rer<\/strong><\/th>\n<th>\ud83d\udeab <strong>Gehwege<\/strong><\/th>\n<th>\ud83d\udccf <strong>Max. zul\u00e4ssige L\u00e4nge<\/strong><\/th>\n<\/tr>\n<\/thead>\n<tbody>\n<tr>\n<td>\ud83c\uddeb\ud83c\uddf7 Frankreich<\/td>\n<td>25 km\/h<\/td>\n<td>14 Jahre<\/td>\n<td>Obligatorisch au\u00dferhalb von Ortschaften<\/td>\n<td>Verboten mit Ausnahme von Ausnahmen<\/td>\n<td><strong>1,65 m<\/strong><\/td>\n<\/tr>\n<tr>\n<td>\ud83c\udde9\ud83c\uddea Deutschland<\/td>\n<td>20 km\/h<\/td>\n<td>14 Jahre<\/td>\n<td>Empfohlen<\/td>\n<td>Verboten<\/td>\n<td><strong>2,00 m<\/strong><\/td>\n<\/tr>\n<tr>\n<td>\ud83c\uddea\ud83c\uddf8 Spanien<\/td>\n<td>25 km\/h<\/td>\n<td>16 Jahre<\/td>\n<td>Obligatorisch f\u00fcr Minderj\u00e4hrige<\/td>\n<td>Verboten<\/td>\n<td><strong>2,00 m<\/strong><\/td>\n<\/tr>\n<tr>\n<td>\ud83c\uddee\ud83c\uddf9 Italien<\/td>\n<td>20 km\/h<\/td>\n<td>14 Jahre<\/td>\n<td>Obligatorisch &lt; 18 Jahre<\/td>\n<td>Verboten<\/td>\n<td><strong>2,00 m<\/strong><\/td>\n<\/tr>\n<tr>\n<td>\ud83c\udde7\ud83c\uddea Belgien<\/td>\n<td>25 km\/h<\/td>\n<td>16 Jahre<\/td>\n<td>Empfohlen<\/td>\n<td>Verboten<\/td>\n<td><strong>2,00 m<\/strong><\/td>\n<\/tr>\n<tr>\n<td>\ud83c\udde8\ud83c\udded Schweiz<\/td>\n<td>20 km\/h<\/td>\n<td>14 Jahre<\/td>\n<td>Empfohlen<\/td>\n<td>Verboten<\/td>\n<td><strong>2,00 m<\/strong><\/td>\n<\/tr>\n<tr>\n<td>\ud83c\udde6\ud83c\udde9 Andorra<\/td>\n<td>25 km\/h<\/td>\n<td>14 Jahre<\/td>\n<td>Obligatorisch f\u00fcr Minderj\u00e4hrige<\/td>\n<td>Verboten<\/td>\n<td><strong>2,00 m<\/strong><\/td>\n<\/tr>\n<\/tbody>\n<\/table>\n<\/div>\n<\/div>\n<div><em>* Beachten Sie die geltenden Gesetze in Ihrem Land.<\/em><\/div>\n<div>&nbsp;<\/div>\n<h3>\ud83d\udcdd Wichtige Hinweise:<\/h3>\n<ul>\n<li>\n<p>Die <strong>maximale L\u00e4nge<\/strong> bezieht sich auf Roller, die <strong>f\u00fcr \u00f6ffentliche Stra\u00dfen zugelassen<\/strong> sind.<\/p>\n<\/li>\n<li>\n<p>Bei \u00dcberschreitung dieser Abmessungen k\u00f6nnen sie als <strong>Moped<\/strong> oder <strong>Sonderfahrzeug<\/strong> eingestuft werden.<\/p>\n<\/li>\n<li>\n<p>Die Regeln k\u00f6nnen auf lokaler Ebene (St\u00e4dte, Kantone, Bundesl\u00e4nder) variieren.<\/p>\n<\/li>\n<li>\n<p>Helm, Beleuchtung, Bremsen und eine reflektierende Weste sind h\u00e4ufig <strong>vorgeschrieben oder werden dringend empfohlen<\/strong>.<\/p>\n<\/li>\n<\/ul>\n<div>\n<ul>\n<li>\n<p>Die <strong>maximale L\u00e4nge<\/strong> ist in den meisten europ\u00e4ischen L\u00e4ndern auf <strong>2 Meter<\/strong> festgelegt. <b>Nur Frankreich<\/b> hat eine Grenze von 1,65 m festgelegt, um auf \u00f6ffentlichen Stra\u00dfen fahren zu d\u00fcrfen.&nbsp; &nbsp;<\/p>\n<\/li>\n<\/ul>\n<\/div>\t\t\t\t\t\t\t\t<\/div>\n\t\t\t\t<\/div>\n\t\t\t\t<div class=\"elementor-element elementor-element-e7a66fa elementor-widget elementor-widget-spacer\" data-id=\"e7a66fa\" data-element_type=\"widget\" data-e-type=\"widget\" data-widget_type=\"spacer.default\">\n\t\t\t\t<div class=\"elementor-widget-container\">\n\t\t\t\t\t\t\t<div class=\"elementor-spacer\">\n\t\t\t<div class=\"elementor-spacer-inner\"><\/div>\n\t\t<\/div>\n\t\t\t\t\t\t<\/div>\n\t\t\t\t<\/div>\n\t\t\t\t\t<\/div>\n\t\t\t\t<\/div>\n\t\t<div data-marvy_enable_gradient_animation=\"false\" data-marvy_enable_snow_animation=\"false\" class=\"elementor-element elementor-element-a126ba9 e-flex e-con-boxed e-con e-parent\" data-id=\"a126ba9\" data-element_type=\"container\" data-e-type=\"container\">\n\t\t\t\t\t<div class=\"e-con-inner\">\n\t\t\t\t<div class=\"elementor-element elementor-element-ecb67a1 elementor-align-left elementor-widget elementor-widget-button\" data-id=\"ecb67a1\" data-element_type=\"widget\" data-e-type=\"widget\" data-widget_type=\"button.default\">\n\t\t\t\t<div class=\"elementor-widget-container\">\n\t\t\t\t\t\t\t\t\t<div class=\"elementor-button-wrapper\">\n\t\t\t\t\t<a class=\"elementor-button elementor-button-link elementor-size-sm\" href=\"https:\/\/trotrx.com\/wp-content\/uploads\/2025\/01\/edpm-2024.pdf\">\n\t\t\t\t\t\t<span class=\"elementor-button-content-wrapper\">\n\t\t\t\t\t\t\t\t\t<span class=\"elementor-button-text\">PDF - Wie man sich in Frankreich richtig bewegt \ud83c\uddeb\ud83c\uddf7<\/span>\n\t\t\t\t\t<\/span>\n\t\t\t\t\t<\/a>\n\t\t\t\t<\/div>\n\t\t\t\t\t\t\t\t<\/div>\n\t\t\t\t<\/div>\n\t\t\t\t\t<\/div>\n\t\t\t\t<\/div>\n\t\t<div data-marvy_enable_gradient_animation=\"false\" data-marvy_enable_snow_animation=\"false\" class=\"elementor-element elementor-element-0c6b11b e-flex e-con-boxed e-con e-parent\" data-id=\"0c6b11b\" data-element_type=\"container\" data-e-type=\"container\">\n\t\t\t\t\t<div class=\"e-con-inner\">\n\t\t\t\t<div class=\"elementor-element elementor-element-0205b9a elementor-widget elementor-widget-spacer\" data-id=\"0205b9a\" data-element_type=\"widget\" data-e-type=\"widget\" data-widget_type=\"spacer.default\">\n\t\t\t\t<div class=\"elementor-widget-container\">\n\t\t\t\t\t\t\t<div class=\"elementor-spacer\">\n\t\t\t<div class=\"elementor-spacer-inner\"><\/div>\n\t\t<\/div>\n\t\t\t\t\t\t<\/div>\n\t\t\t\t<\/div>\n\t\t\t\t\t<\/div>\n\t\t\t\t<\/div>\n\t\t\t\t<\/div>\n\t\t","protected":false},"excerpt":{"rendered":"<p>Verkehr von Rollern auf \u00f6ffentlichen Stra\u00dfen \ud83d\udef4 Regulierung von Elektro-Rollern in Europa* (2025) \ud83c\uddea\ud83c\uddfa Land \ud83d\udea6 Max. Geschwindigkeit \ud83e\uddd2 Mindestalter \ud83e\ude96 Kopfh\u00f6rer \ud83d\udeab Gehwege \ud83d\udccf Max. zul\u00e4ssige L\u00e4nge \ud83c\uddeb\ud83c\uddf7 Frankreich 25 km\/h 14 Jahre Obligatorisch au\u00dferhalb von Ortschaften Verboten mit Ausnahme von Ausnahmen 1,65 m \ud83c\udde9\ud83c\uddea Deutschland 20 km\/h 14 Jahre Empfohlen Verboten 2,00 m [&hellip;]<\/p>\n","protected":false},"author":1124,"featured_media":0,"parent":15596,"menu_order":0,"comment_status":"closed","ping_status":"closed","template":"","meta":{"footnotes":""},"class_list":["post-20944","page","type-page","status-publish","hentry"],"yoast_head":"<!-- This site is optimized with the Yoast SEO plugin v27.4 - https:\/\/yoast.com\/product\/yoast-seo-wordpress\/ -->\n<title>Verkehr von Rollern - TROTRX - Trottinettes &eacute;lectriques tout-terrain \u26a1\ufe0f\ud83d\udef4<\/title>\n<meta name=\"robots\" content=\"index, follow, max-snippet:-1, max-image-preview:large, max-video-preview:-1\" \/>\n<link rel=\"canonical\" href=\"https:\/\/trotrx.com\/de\/startseite\/verkehr-von-rollern\/\" \/>\n<meta property=\"og:locale\" content=\"de_DE\" \/>\n<meta property=\"og:type\" content=\"article\" \/>\n<meta property=\"og:title\" content=\"Verkehr von Rollern - TROTRX - Trottinettes &eacute;lectriques tout-terrain \u26a1\ufe0f\ud83d\udef4\" \/>\n<meta property=\"og:description\" content=\"Verkehr von Rollern auf \u00f6ffentlichen Stra\u00dfen \ud83d\udef4 Regulierung von Elektro-Rollern in Europa* (2025) \ud83c\uddea\ud83c\uddfa Land \ud83d\udea6 Max. Geschwindigkeit \ud83e\uddd2 Mindestalter \ud83e\ude96 Kopfh\u00f6rer \ud83d\udeab Gehwege \ud83d\udccf Max. zul\u00e4ssige L\u00e4nge \ud83c\uddeb\ud83c\uddf7 Frankreich 25 km\/h 14 Jahre Obligatorisch au\u00dferhalb von Ortschaften Verboten mit Ausnahme von Ausnahmen 1,65 m \ud83c\udde9\ud83c\uddea Deutschland 20 km\/h 14 Jahre Empfohlen Verboten 2,00 m [&hellip;]\" \/>\n<meta property=\"og:url\" content=\"https:\/\/trotrx.com\/de\/startseite\/verkehr-von-rollern\/\" \/>\n<meta property=\"og:site_name\" content=\"TROTRX - Trottinettes &eacute;lectriques tout-terrain \u26a1\ufe0f\ud83d\udef4\" \/>\n<meta property=\"article:modified_time\" content=\"2025-10-14T11:19:21+00:00\" \/>\n<meta name=\"twitter:card\" content=\"summary_large_image\" \/>\n<meta name=\"twitter:label1\" content=\"Gesch\u00e4tzte Lesezeit\" \/>\n\t<meta name=\"twitter:data1\" content=\"1\u00a0Minute\" \/>\n<script type=\"application\/ld+json\" class=\"yoast-schema-graph\">{\"@context\":\"https:\\\/\\\/schema.org\",\"@graph\":[{\"@type\":\"WebPage\",\"@id\":\"https:\\\/\\\/trotrx.com\\\/de\\\/startseite\\\/verkehr-von-rollern\\\/\",\"url\":\"https:\\\/\\\/trotrx.com\\\/de\\\/startseite\\\/verkehr-von-rollern\\\/\",\"name\":\"Verkehr von Rollern - TROTRX - Trottinettes &eacute;lectriques tout-terrain \u26a1\ufe0f\ud83d\udef4\",\"isPartOf\":{\"@id\":\"https:\\\/\\\/trotrx.com\\\/de\\\/#website\"},\"datePublished\":\"2025-10-10T10:11:42+00:00\",\"dateModified\":\"2025-10-14T11:19:21+00:00\",\"breadcrumb\":{\"@id\":\"https:\\\/\\\/trotrx.com\\\/de\\\/startseite\\\/verkehr-von-rollern\\\/#breadcrumb\"},\"inLanguage\":\"de\",\"potentialAction\":[{\"@type\":\"ReadAction\",\"target\":[\"https:\\\/\\\/trotrx.com\\\/de\\\/startseite\\\/verkehr-von-rollern\\\/\"]}]},{\"@type\":\"BreadcrumbList\",\"@id\":\"https:\\\/\\\/trotrx.com\\\/de\\\/startseite\\\/verkehr-von-rollern\\\/#breadcrumb\",\"itemListElement\":[{\"@type\":\"ListItem\",\"position\":1,\"name\":\"Startseite\",\"item\":\"https:\\\/\\\/trotrx.com\\\/de\\\/startseite\\\/\"},{\"@type\":\"ListItem\",\"position\":2,\"name\":\"Startseite\",\"item\":\"https:\\\/\\\/trotrx.com\\\/de\\\/startseite\\\/\"},{\"@type\":\"ListItem\",\"position\":3,\"name\":\"Verkehr von Rollern\"}]},{\"@type\":\"WebSite\",\"@id\":\"https:\\\/\\\/trotrx.com\\\/de\\\/#website\",\"url\":\"https:\\\/\\\/trotrx.com\\\/de\\\/\",\"name\":\"TROTRX - Trottinettes \u00e9lectriques tout-terrain ! \u26a1\ufe0f\ud83d\udef4\",\"description\":\"TROTRX - La trottinette &eacute;lectrique tout-terrain depuis 2008\",\"publisher\":{\"@id\":\"https:\\\/\\\/trotrx.com\\\/de\\\/#organization\"},\"alternateName\":\"TROTRX \u26a1\ufe0f\ud83d\udef4\",\"potentialAction\":[{\"@type\":\"SearchAction\",\"target\":{\"@type\":\"EntryPoint\",\"urlTemplate\":\"https:\\\/\\\/trotrx.com\\\/de\\\/?s={search_term_string}\"},\"query-input\":{\"@type\":\"PropertyValueSpecification\",\"valueRequired\":true,\"valueName\":\"search_term_string\"}}],\"inLanguage\":\"de\"},{\"@type\":\"Organization\",\"@id\":\"https:\\\/\\\/trotrx.com\\\/de\\\/#organization\",\"name\":\"TROTRX - Trottinettes \u00e9lectriques tout-terrain ! \u26a1\ufe0f\ud83d\udef4\",\"url\":\"https:\\\/\\\/trotrx.com\\\/de\\\/\",\"logo\":{\"@type\":\"ImageObject\",\"inLanguage\":\"de\",\"@id\":\"https:\\\/\\\/trotrx.com\\\/de\\\/#\\\/schema\\\/logo\\\/image\\\/\",\"url\":\"https:\\\/\\\/trotrx.com\\\/wp-content\\\/uploads\\\/2024\\\/10\\\/Design-sans-titre-2025-02-24T111129.185-e1740391936319.png\",\"contentUrl\":\"https:\\\/\\\/trotrx.com\\\/wp-content\\\/uploads\\\/2024\\\/10\\\/Design-sans-titre-2025-02-24T111129.185-e1740391936319.png\",\"width\":1920,\"height\":370,\"caption\":\"TROTRX - Trottinettes \u00e9lectriques tout-terrain ! \u26a1\ufe0f\ud83d\udef4\"},\"image\":{\"@id\":\"https:\\\/\\\/trotrx.com\\\/de\\\/#\\\/schema\\\/logo\\\/image\\\/\"}}]}<\/script>\n<!-- \/ Yoast SEO plugin. -->","yoast_head_json":{"title":"Verkehr von Rollern - TROTRX - Trottinettes &eacute;lectriques tout-terrain \u26a1\ufe0f\ud83d\udef4","robots":{"index":"index","follow":"follow","max-snippet":"max-snippet:-1","max-image-preview":"max-image-preview:large","max-video-preview":"max-video-preview:-1"},"canonical":"https:\/\/trotrx.com\/de\/startseite\/verkehr-von-rollern\/","og_locale":"de_DE","og_type":"article","og_title":"Verkehr von Rollern - TROTRX - Trottinettes &eacute;lectriques tout-terrain \u26a1\ufe0f\ud83d\udef4","og_description":"Verkehr von Rollern auf \u00f6ffentlichen Stra\u00dfen \ud83d\udef4 Regulierung von Elektro-Rollern in Europa* (2025) \ud83c\uddea\ud83c\uddfa Land \ud83d\udea6 Max. Geschwindigkeit \ud83e\uddd2 Mindestalter \ud83e\ude96 Kopfh\u00f6rer \ud83d\udeab Gehwege \ud83d\udccf Max. zul\u00e4ssige L\u00e4nge \ud83c\uddeb\ud83c\uddf7 Frankreich 25 km\/h 14 Jahre Obligatorisch au\u00dferhalb von Ortschaften Verboten mit Ausnahme von Ausnahmen 1,65 m \ud83c\udde9\ud83c\uddea Deutschland 20 km\/h 14 Jahre Empfohlen Verboten 2,00 m [&hellip;]","og_url":"https:\/\/trotrx.com\/de\/startseite\/verkehr-von-rollern\/","og_site_name":"TROTRX - Trottinettes &eacute;lectriques tout-terrain \u26a1\ufe0f\ud83d\udef4","article_modified_time":"2025-10-14T11:19:21+00:00","twitter_card":"summary_large_image","twitter_misc":{"Gesch\u00e4tzte Lesezeit":"1\u00a0Minute"},"schema":{"@context":"https:\/\/schema.org","@graph":[{"@type":"WebPage","@id":"https:\/\/trotrx.com\/de\/startseite\/verkehr-von-rollern\/","url":"https:\/\/trotrx.com\/de\/startseite\/verkehr-von-rollern\/","name":"Verkehr von Rollern - TROTRX - Trottinettes &eacute;lectriques tout-terrain \u26a1\ufe0f\ud83d\udef4","isPartOf":{"@id":"https:\/\/trotrx.com\/de\/#website"},"datePublished":"2025-10-10T10:11:42+00:00","dateModified":"2025-10-14T11:19:21+00:00","breadcrumb":{"@id":"https:\/\/trotrx.com\/de\/startseite\/verkehr-von-rollern\/#breadcrumb"},"inLanguage":"de","potentialAction":[{"@type":"ReadAction","target":["https:\/\/trotrx.com\/de\/startseite\/verkehr-von-rollern\/"]}]},{"@type":"BreadcrumbList","@id":"https:\/\/trotrx.com\/de\/startseite\/verkehr-von-rollern\/#breadcrumb","itemListElement":[{"@type":"ListItem","position":1,"name":"Startseite","item":"https:\/\/trotrx.com\/de\/startseite\/"},{"@type":"ListItem","position":2,"name":"Startseite","item":"https:\/\/trotrx.com\/de\/startseite\/"},{"@type":"ListItem","position":3,"name":"Verkehr von Rollern"}]},{"@type":"WebSite","@id":"https:\/\/trotrx.com\/de\/#website","url":"https:\/\/trotrx.com\/de\/","name":"TROTRX - Trottinettes \u00e9lectriques tout-terrain ! \u26a1\ufe0f\ud83d\udef4","description":"TROTRX - La trottinette &eacute;lectrique tout-terrain depuis 2008","publisher":{"@id":"https:\/\/trotrx.com\/de\/#organization"},"alternateName":"TROTRX \u26a1\ufe0f\ud83d\udef4","potentialAction":[{"@type":"SearchAction","target":{"@type":"EntryPoint","urlTemplate":"https:\/\/trotrx.com\/de\/?s={search_term_string}"},"query-input":{"@type":"PropertyValueSpecification","valueRequired":true,"valueName":"search_term_string"}}],"inLanguage":"de"},{"@type":"Organization","@id":"https:\/\/trotrx.com\/de\/#organization","name":"TROTRX - Trottinettes \u00e9lectriques tout-terrain ! \u26a1\ufe0f\ud83d\udef4","url":"https:\/\/trotrx.com\/de\/","logo":{"@type":"ImageObject","inLanguage":"de","@id":"https:\/\/trotrx.com\/de\/#\/schema\/logo\/image\/","url":"https:\/\/trotrx.com\/wp-content\/uploads\/2024\/10\/Design-sans-titre-2025-02-24T111129.185-e1740391936319.png","contentUrl":"https:\/\/trotrx.com\/wp-content\/uploads\/2024\/10\/Design-sans-titre-2025-02-24T111129.185-e1740391936319.png","width":1920,"height":370,"caption":"TROTRX - Trottinettes \u00e9lectriques tout-terrain ! \u26a1\ufe0f\ud83d\udef4"},"image":{"@id":"https:\/\/trotrx.com\/de\/#\/schema\/logo\/image\/"}}]}},"_links":{"self":[{"href":"https:\/\/trotrx.com\/de\/wp-json\/wp\/v2\/pages\/20944","targetHints":{"allow":["GET"]}}],"collection":[{"href":"https:\/\/trotrx.com\/de\/wp-json\/wp\/v2\/pages"}],"about":[{"href":"https:\/\/trotrx.com\/de\/wp-json\/wp\/v2\/types\/page"}],"author":[{"embeddable":true,"href":"https:\/\/trotrx.com\/de\/wp-json\/wp\/v2\/users\/1124"}],"replies":[{"embeddable":true,"href":"https:\/\/trotrx.com\/de\/wp-json\/wp\/v2\/comments?post=20944"}],"version-history":[{"count":1,"href":"https:\/\/trotrx.com\/de\/wp-json\/wp\/v2\/pages\/20944\/revisions"}],"predecessor-version":[{"id":20946,"href":"https:\/\/trotrx.com\/de\/wp-json\/wp\/v2\/pages\/20944\/revisions\/20946"}],"up":[{"embeddable":true,"href":"https:\/\/trotrx.com\/de\/wp-json\/wp\/v2\/pages\/15596"}],"wp:attachment":[{"href":"https:\/\/trotrx.com\/de\/wp-json\/wp\/v2\/media?parent=20944"}],"curies":[{"name":"wp","href":"https:\/\/api.w.org\/{rel}","templated":true}]}}